{"id":2961,"date":"2025-11-22T13:55:10","date_gmt":"2025-11-22T13:55:10","guid":{"rendered":"https:\/\/rfid-laundry-tag.com\/?post_type=product&#038;p=2961"},"modified":"2025-11-22T13:55:11","modified_gmt":"2025-11-22T13:55:11","slug":"laundry-rfid-tags-top-5-manufacturer","status":"publish","type":"product","link":"https:\/\/rfid-laundry-tag.com\/bs\/laundry-rfid-tags-top-5-manufacturer\/","title":{"rendered":"RFID etikete za pranje rublja TOP 5 proizvo\u0111a\u010da"},"content":{"rendered":"<p><a href=\"https:\/\/rfid-laundry-tag.com\/bs\/uhf-rfid-laundry-tags\/\"><strong>RFID oznake za ve\u0161<\/strong><\/a>\u00a0Predstavljaju najsavremenije rje\u0161enje za pra\u0107enje i upravljanje tekstilnom imovinom tokom cijelog njihovog \u017eivotnog ciklusa. Ovi izdr\u017eljivi, fleksibilni RFID transponderi izra\u0111eni su od tkanine koja mo\u017ee izdr\u017eati toplinu, pritisak i istezanje, \u0161to ih \u010dini idealnim za pra\u0107enje predmeta poput radne odje\u0107e, uniformi i posteljine. Opremljeni jedinstvenim identifikatorom, ovi RFID transponderi za posteljinu olak\u0161avaju beskontaktno upravljanje pranjem rublja i pobolj\u0161avaju digitalnu transparentnost. Kada se integri\u0161e sa IT sistemima upravljanja, RFID tehnologija omogu\u0107ava besprijekorno pra\u0107enje tekstila od prikupljanja prljav\u0161tine do pranja i distribucije.<\/p>\n<table class=\"has-title is-zebra hight-light-first-column all magic-19\">\n<tbody>\n<tr>\n<td colspan=\"1\" rowspan=\"1\">\n<div class=\"magic-20\"><strong><span class=\"magic-21\">Stavka<\/span><\/strong><\/div>\n<\/td>\n<td colspan=\"1\" rowspan=\"1\">\n<div class=\"magic-22\">\u00a0RFID oznake za ve\u0161<\/div>\n<\/td>\n<\/tr>\n<tr>\n<td colspan=\"1\" rowspan=\"1\">\n<div class=\"magic-20\"><span class=\"magic-21\">Veli\u010dina<\/span><\/div>\n<\/td>\n<td colspan=\"1\" rowspan=\"1\">\n<div class=\"magic-22\"><span class=\"magic-21\">55 x 12 mm, 70 x 15 mm, 87 x 17 mm<\/span><\/div>\n<\/td>\n<\/tr>\n<tr>\n<td colspan=\"1\" rowspan=\"1\">\n<div class=\"magic-20\"><span class=\"magic-21\">Radna frekvencija<\/span><\/div>\n<\/td>\n<td colspan=\"1\" rowspan=\"1\">\n<div class=\"magic-22\"><span class=\"magic-21\" data-spm-anchor-id=\"a2700.details.0.i69.56bf53e8OmNXev\">865-928 MHz<\/span><\/div>\n<\/td>\n<\/tr>\n<tr>\n<td colspan=\"1\" rowspan=\"1\">\n<div class=\"magic-20\"><span class=\"magic-21\">Materijal za oznake<\/span><\/div>\n<\/td>\n<td colspan=\"1\" rowspan=\"1\">\n<div class=\"magic-22\"><span class=\"magic-21\">Poliester\u00a0<\/span><\/div>\n<\/td>\n<\/tr>\n<tr>\n<td colspan=\"1\" rowspan=\"1\">\n<div class=\"magic-20\"><span class=\"magic-21\">\u010cips<\/span><\/div>\n<\/td>\n<td colspan=\"1\" rowspan=\"1\">\n<div class=\"magic-22\"><span class=\"magic-21\">U8, U9, itd.<\/span><\/div>\n<\/td>\n<\/tr>\n<tr>\n<td colspan=\"1\" rowspan=\"1\">\n<div class=\"magic-20\"><span class=\"magic-21\">Garancija za oznaku<\/span><\/div>\n<\/td>\n<td colspan=\"1\" rowspan=\"1\">\n<div class=\"magic-22\"><span class=\"magic-21\">Prvih 200 ili 300 ciklusa pranja ili 3 godine od datuma isporuke<\/span><\/div>\n<\/td>\n<\/tr>\n<tr>\n<td colspan=\"1\" rowspan=\"1\">\n<div class=\"magic-20\"><span class=\"magic-21\">Pro\u010ditajte udaljenost<\/span><\/div>\n<\/td>\n<td colspan=\"1\" rowspan=\"1\">\n<div class=\"magic-22\"><span class=\"magic-21\">Do 8 metara (do 9 stopa), potrebno je testirati sa va\u0161im \u010dita\u010dem<\/span><\/div>\n<\/td>\n<\/tr>\n<tr>\n<td colspan=\"1\" rowspan=\"1\">\n<div class=\"magic-20\"><span class=\"magic-21\">Temperatura skladi\u0161tenja<\/span><\/div>\n<\/td>\n<td colspan=\"1\" rowspan=\"1\">\n<div class=\"magic-22\"><span class=\"magic-21\">-40\u2103 do+120\u2103(-40\u2109 do +248\u2109)<\/span><\/div>\n<\/td>\n<\/tr>\n<tr>\n<td colspan=\"1\" rowspan=\"1\">\n<div class=\"magic-20\"><span class=\"magic-21\">Irroner<\/span><\/div>\n<\/td>\n<td colspan=\"1\" rowspan=\"1\">\n<div class=\"magic-22\"><span class=\"magic-21\">+195\u2103(+383 F) 30 sekundi &lt;18 bara<\/span><\/div>\n<\/td>\n<\/tr>\n<tr>\n<td colspan=\"1\" rowspan=\"1\">\n<div class=\"magic-20\"><span class=\"magic-21\">Ekstraktor vode<\/span><\/div>\n<\/td>\n<td colspan=\"1\" rowspan=\"1\">\n<div class=\"magic-22\"><span class=\"magic-21\">60 taktova, 80 sekundi<\/span><\/div>\n<\/td>\n<\/tr>\n<tr>\n<td colspan=\"1\" rowspan=\"1\">\n<div class=\"magic-20\"><span class=\"magic-21\">Autoklav<\/span><\/div>\n<\/td>\n<td colspan=\"1\" rowspan=\"1\">\n<div class=\"magic-22\"><span class=\"magic-21\">Uklanjanje zraka: +100\u00b0C (+212\u00b0F), 5 minuta, 0,1 bar,<\/span><\/div>\n<\/td>\n<\/tr>\n<tr>\n<td colspan=\"1\" rowspan=\"1\">\n<div class=\"magic-20\"><span class=\"magic-21\">Su\u0161enje<\/span><\/div>\n<\/td>\n<td colspan=\"1\" rowspan=\"1\">\n<div class=\"magic-22\"><span class=\"magic-21\">+45\u2103(+113\u2109), 0,15 minuta, 0,2 bara<\/span><\/div>\n<\/td>\n<\/tr>\n<tr>\n<td colspan=\"1\" rowspan=\"1\">\n<div class=\"magic-20\"><span class=\"magic-21\">Otpornost na hemikalije<\/span><\/div>\n<\/td>\n<td colspan=\"1\" rowspan=\"1\">\n<div class=\"magic-22\" data-spm-anchor-id=\"a2700.details.0.i68.56bf53e8OmNXev\"><span class=\"magic-21\">Sve hemikalije uobi\u010dajene za proces pranja<\/span><\/div>\n<\/td>\n<\/tr>\n<\/tbody>\n<\/table>\n<div>\n<figure id=\"attachment_2928\" class=\"wp-caption alignnone\" aria-describedby=\"caption-attachment-2928\"><a href=\"https:\/\/rfid-laundry-tag.com\/bs\/uhf-rfid-laundry-tags\/\"><img fetchpriority=\"high\" decoding=\"async\" class=\"size-full wp-image-2928\" title=\"RFID etikete za pranje rublja TOP 5 proizvo\u0111a\u010da 4\" src=\"https:\/\/www.rfidtaglaundry.com\/wp-content\/uploads\/2024\/11\/6_H39416607c5cf4905b542e69b55e844a5b.jpg\" sizes=\"(max-width: 800px) 100vw, 800px\" srcset=\"https:\/\/www.rfidtaglaundry.com\/wp-content\/uploads\/2024\/11\/6_H39416607c5cf4905b542e69b55e844a5b.jpg 800w, https:\/\/www.rfidtaglaundry.com\/wp-content\/uploads\/2024\/11\/6_H39416607c5cf4905b542e69b55e844a5b-300x300.jpg 300w, https:\/\/www.rfidtaglaundry.com\/wp-content\/uploads\/2024\/11\/6_H39416607c5cf4905b542e69b55e844a5b-150x150.jpg 150w, https:\/\/www.rfidtaglaundry.com\/wp-content\/uploads\/2024\/11\/6_H39416607c5cf4905b542e69b55e844a5b-768x768.jpg 768w, https:\/\/www.rfidtaglaundry.com\/wp-content\/uploads\/2024\/11\/6_H39416607c5cf4905b542e69b55e844a5b-12x12.jpg 12w, https:\/\/www.rfidtaglaundry.com\/wp-content\/uploads\/2024\/11\/6_H39416607c5cf4905b542e69b55e844a5b-600x600.jpg 600w, https:\/\/www.rfidtaglaundry.com\/wp-content\/uploads\/2024\/11\/6_H39416607c5cf4905b542e69b55e844a5b-100x100.jpg 100w\" alt=\"Laundry RFID Tags\" width=\"800\" height=\"800\" \/><\/a><figcaption id=\"caption-attachment-2928\" class=\"wp-caption-text\">RFID oznake za ve\u0161<\/figcaption><\/figure>\n<\/div>\n<div>\n<h3>\u010cesto postavljana pitanja (FAQ) o RFID oznakama za pranje rublja<\/h3>\n<p><strong>P1: Koje probleme rje\u0161avaju RFID oznake za rublje tokom procesa pranja?<\/strong><br \/>\n<strong>A1:<\/strong>\u00a0Jedan od glavnih problema je \u0161to se etikete lako mogu o\u0161tetiti, \u0161to dovodi do gubitka podataka. Na\u0161e rje\u0161enje koristi poliester industrijskog kvaliteta i tehnologiju su\u0161enja na visokim temperaturama, \u0161to omogu\u0107ava etiketama da izdr\u017ee peglanje na 195\u00b0C i pritisak vode od 60 bara, \u0161to je savr\u0161eno pogodno za procese sterilizacije hotelskog rublja. Na\u0161 jedinstveni premaz otporan na hemikalije \u0161titi od izbjeljiva\u010da i jakih alkalnih deterd\u017eenata, osiguravaju\u0107i nulto o\u0161te\u0107enje U8 \u010dipa tokom 300 pranja, uz 15 godina iskustva.<\/p>\n<p><strong>P2: Kako va\u0161e oznake pobolj\u0161avaju efikasnost sortiranja?<\/strong><br \/>\n<strong>A2:<\/strong>\u00a0Tradicionalne oznake \u010desto imaju kratke udaljenosti o\u010ditavanja, \u0161to mo\u017ee ometati efikasnost sortiranja. Na\u0161a RFID tehnologija nudi impresivan domet o\u010ditavanja od 9 metara, u pore\u0111enju sa prosjekom u industriji od 5 metara. U kombinaciji sa usmjerenim antenama, ovo pobolj\u0161ava skeniranje serija na transportnim trakama za pranje rublja, pobolj\u0161avaju\u0107i efikasnost sortiranja za 60%. Na\u0161e oznake tako\u0111er podr\u017eavaju puni frekvencijski raspon od 865-928MHz i kompatibilne su s vode\u0107im RFID ure\u0111ajima \u0161irom svijeta.<\/p>\n<p><strong>P3: Kako va\u0161e oznake smanjuju operativne tro\u0161kove?<\/strong><br \/>\n<strong>A3:<\/strong>\u00a0\u010cesta zamjena etiketa pove\u0107ava operativne tro\u0161kove. Nudimo pionirsku dvostruku garanciju od \u201c3 godine ili 300 pranja\u201d, smanjuju\u0107i tro\u0161kove \u017eivotnog ciklusa za 42% u pore\u0111enju sa standardnim etiketama. Na\u0161 modularni dizajn \u010dipa podr\u017eava besprijekorne nadogradnje sa U8 na U9 verzije, sprje\u010davaju\u0107i potrebu za potpunom zamjenom etiketa zbog promjena opreme. Na\u0161e etikete su certificirane kroz 2000 industrijskih testova pranja, \u0161to ih \u010dini idealnim za scenarije visoke frekvencije zamjene u preduze\u0107ima za iznajmljivanje posteljine.<\/p>\n<p><strong>Prednost fabrike:<\/strong>\u00a0Kao jedan od 5 vode\u0107ih globalnih proizvo\u0111a\u010da RFID etiketa za ve\u0161 sa 15 godina iskustva u RF tehnologiji, pru\u017eamo sveobuhvatna rje\u0161enja, od pakovanja \u010dipova do testiranja razli\u010ditih scenarija. Isporu\u010dili smo preko 200 miliona specijalizovanih etiketa za ve\u0161 klijentima poput Hiltona i klinike Mayo, uz podr\u0161ku profesionalnog tima za prilago\u0111eni razvoj.<\/p>\n<\/div>\n<div class=\"auto-hide-last-sibling-br paragraph_1252f paragraph-element\">\n<p>&nbsp;<\/p>\n<h2>Varijabilni podaci za RFID oznake za pranje rublja<\/h2>\n<p>Svaki<a href=\"https:\/\/rfid-laundry-tag.com\/bs\/uhf-rfid-laundry-tags\/\">\u00a0RFID oznaka za ve\u0161<\/a>\u00a0opremljen je varijabilnim podacima, uklju\u010duju\u0107i:<\/p>\n<ul>\n<li><strong>Informacije od\u0161tampane laserom<\/strong>Ovo uklju\u010duje EPC kodove, 1D i 2D barkodove, QR kodove i logotipe.<\/li>\n<li><strong>Programiranje podataka RFID \u010dipa<\/strong>Oznake se mogu programirati EPC kodiranjem i zaklju\u010dati lozinkom za pristup.<\/li>\n<li><strong>Sveobuhvatno testiranje<\/strong>Svi podaci, uklju\u010duju\u0107i EPC kodiranje i TID, testirani su prema 100% standardu kako bi se osiguralo ta\u010dno podudaranje za svaku specifi\u010dnu oznaku.<\/li>\n<\/ul>\n<h2>Metode instalacije<\/h2>\n<ul>\n<li><strong>Stitch Tagging<\/strong>Idealno za u\u0161ivanje u rub tekstila, osiguravaju\u0107i da su etikete postavljene dalje od linija pregiba za optimalnu izdr\u017eljivost.<\/li>\n<li><strong>Heat Sealing<\/strong>Etikete se mogu termi\u010dki zalijepiti direktno na tekstil na +200\u00b0C (392\u00b0F) u trajanju od 12 do 14 sekundi.<\/li>\n<li><strong>U torbici<\/strong>Sli\u010dno standardnim etiketama za njegu, ove etikete se mogu u\u0161iti u vre\u0107icu, \u0161to ih \u010dini sigurnima i lako dostupnima.<\/li>\n<\/ul>\n<h2>Primjena RFID etiketa za pranje rublja<\/h2>\n<p>RFID oznake za pranje rublja su svestrane i mogu se koristiti u raznim industrijama za pra\u0107enje tekstilne imovine, uklju\u010duju\u0107i:<\/p>\n<ul>\n<li><strong>Zdravstvo<\/strong>Pra\u0107enje posteljine, uniformi, maski i krpa za brisanje.<\/li>\n<li><strong>Hospitality<\/strong>Upravljanje posteljinom i uniformama za hotele i restorane.<\/li>\n<li><strong>Modna odje\u0107a<\/strong>Pobolj\u0161anje upravljanja i pra\u0107enja zaliha odje\u0107e i modnih dodataka.<\/li>\n<\/ul>\n<p>Kako se modna i odjevna industrija razvijaju, raste i potra\u017enja za naprednim tehnolo\u0161kim rje\u0161enjima. RFID tehnologija se pojavila kao vitalni alat za pobolj\u0161anje operativne efikasnosti, pobolj\u0161anje korisni\u010dkog iskustva i podr\u0161ku inicijativama odr\u017eivosti. Implementacija\u00a0<strong>RFID oznake za ve\u0161<\/strong>\u00a0u upravljanju odje\u0107om i tekstilom transformirao je na\u010din na koji organizacije nadgledaju svoje operacije pranja rublja, omogu\u0107avaju\u0107i pra\u0107enje u stvarnom vremenu, pobolj\u0161ano upravljanje zalihama, pobolj\u0161anu vidljivost lanca snabdijevanja i ve\u0107u odr\u017eivost.<\/p>\n<p>Usvajanjem ovih inovativnih rje\u0161enja, preduze\u0107a mogu pojednostaviti svoje procese i zadovoljiti rastu\u0107e zahtjeve dinami\u010dnog tr\u017ei\u0161ta.<\/p>\n<\/div>","protected":false},"excerpt":{"rendered":"<p>Kao vode\u0107i globalni proizvo\u0111a\u010d RFID etiketa, specijalizirani smo za <strong>RFID oznake za ve\u0161<\/strong>, pru\u017eaju\u0107i prilago\u0111ena rje\u0161enja potkrijepljena 15-godi\u0161njim iskustvom i preko 200 miliona isporu\u010denih oznaka.<\/p>","protected":false},"featured_media":2964,"template":"","meta":{"_kad_post_transparent":"default","_kad_post_title":"","_kad_post_layout":"default","_kad_post_sidebar_id":"","_kad_post_content_style":"default","_kad_post_vertical_padding":"default","_kad_post_feature":"","_kad_post_feature_position":"","_kad_post_header":false,"_kad_post_footer":false,"_kad_post_classname":""},"product_brand":[],"product_cat":[16,19],"product_tag":[24,367,342,339,65,30],"class_list":{"0":"post-2961","1":"product","2":"type-product","3":"status-publish","4":"has-post-thumbnail","6":"product_cat-uhf-rfid-laundry-tags","7":"product_cat-textile-rfid-laundry-tag","8":"product_tag-laundry-rfid-tags","9":"product_tag-laundry-rfid-tags-top-5-manufacturer","10":"product_tag-rfid-laundry-tags","11":"product_tag-rfid-washable-tags","12":"product_tag-textile-rfid-laundry-tags","13":"product_tag-uhf-rfid-laundry-tag","15":"first","16":"instock","17":"featured","18":"shipping-taxable","19":"product-type-simple","20":"entry","21":"content-bg","22":"loop-entry"},"_links":{"self":[{"href":"https:\/\/rfid-laundry-tag.com\/bs\/wp-json\/wp\/v2\/product\/2961","targetHints":{"allow":["GET"]}}],"collection":[{"href":"https:\/\/rfid-laundry-tag.com\/bs\/wp-json\/wp\/v2\/product"}],"about":[{"href":"https:\/\/rfid-laundry-tag.com\/bs\/wp-json\/wp\/v2\/types\/product"}],"version-history":[{"count":1,"href":"https:\/\/rfid-laundry-tag.com\/bs\/wp-json\/wp\/v2\/product\/2961\/revisions"}],"predecessor-version":[{"id":2966,"href":"https:\/\/rfid-laundry-tag.com\/bs\/wp-json\/wp\/v2\/product\/2961\/revisions\/2966"}],"wp:featuredmedia":[{"embeddable":true,"href":"https:\/\/rfid-laundry-tag.com\/bs\/wp-json\/wp\/v2\/media\/2964"}],"wp:attachment":[{"href":"https:\/\/rfid-laundry-tag.com\/bs\/wp-json\/wp\/v2\/media?parent=2961"}],"wp:term":[{"taxonomy":"product_brand","embeddable":true,"href":"https:\/\/rfid-laundry-tag.com\/bs\/wp-json\/wp\/v2\/product_brand?post=2961"},{"taxonomy":"product_cat","embeddable":true,"href":"https:\/\/rfid-laundry-tag.com\/bs\/wp-json\/wp\/v2\/product_cat?post=2961"},{"taxonomy":"product_tag","embeddable":true,"href":"https:\/\/rfid-laundry-tag.com\/bs\/wp-json\/wp\/v2\/product_tag?post=2961"}],"curies":[{"name":"radni list","href":"https:\/\/api.w.org\/{rel}","templated":true}]}}