{"id":2942,"date":"2025-10-27T13:54:59","date_gmt":"2025-10-27T13:54:59","guid":{"rendered":"https:\/\/rfid-laundry-tag.com\/?post_type=product&#038;p=2942"},"modified":"2025-10-27T14:13:32","modified_gmt":"2025-10-27T14:13:32","slug":"iron-heating-sealed-rfid-laundry-tag","status":"publish","type":"product","link":"https:\/\/rfid-laundry-tag.com\/bs\/iron-heating-sealed-rfid-laundry-tag\/","title":{"rendered":"RFID etiketa za pranje rublja sa grijanjem pegle"},"content":{"rendered":"<div>\n<div class=\"auto-hide-last-sibling-br paragraph_1252f paragraph-element\">\n<h2 data-start=\"0\" data-end=\"75\"><strong data-start=\"0\" data-end=\"75\">RFID etiketa za pranje rublja sa grijanjem pegle \u2013 izdr\u017eljiva, efikasna i pouzdana<\/strong><\/h2>\n<p data-start=\"77\" data-end=\"443\">The <strong data-start=\"81\" data-end=\"121\">RFID etiketa za pranje rublja sa grijanjem pegle<\/strong> je visokou\u010dinkovito rje\u0161enje za identifikaciju i pra\u0107enje tekstila, posebno dizajnirano za sektore industrijskog pranja rublja, zdravstva i upravljanja uniformama. Zahvaljuju\u0107i svojoj vrhunskoj izdr\u017eljivosti, izvrsno se snalazi u te\u0161kim uvjetima pranja rublja, osiguravaju\u0107i dugoro\u010dno i besprijekorno pra\u0107enje odjevnih predmeta \u0161irom Evrope, SAD-a i Kanade.<\/p>\n<h3 data-start=\"445\" data-end=\"462\">Klju\u010dne prednosti:<\/h3>\n<ul data-start=\"463\" data-end=\"937\">\n<li data-start=\"463\" data-end=\"616\">\n<p data-start=\"465\" data-end=\"616\"><strong data-start=\"465\" data-end=\"496\">Vodootporno i otporno na toplinu<\/strong>Otporan na deterd\u017eente, izbjeljiva\u010d i visoke temperature, osiguravaju\u0107i trajnost u industrijskim procesima pranja rublja.<\/p>\n<\/li>\n<li data-start=\"617\" data-end=\"731\">\n<p data-start=\"619\" data-end=\"731\"><strong data-start=\"619\" data-end=\"647\">Dugotrajne performanse<\/strong>Izdr\u017eava do <strong data-start=\"663\" data-end=\"685\">200 ciklusa pranja<\/strong> ili <strong data-start=\"689\" data-end=\"703\">300 pranja<\/strong>, \u0161to garantuje produ\u017eenu upotrebu.<\/p>\n<\/li>\n<li data-start=\"732\" data-end=\"829\">\n<p data-start=\"734\" data-end=\"829\"><strong data-start=\"734\" data-end=\"757\">Superiorni domet \u010ditanja<\/strong>Nudi udaljenost \u010ditanja od <strong data-start=\"785\" data-end=\"800\">8-12 metara<\/strong> za brzo i precizno skeniranje.<\/p>\n<\/li>\n<li data-start=\"830\" data-end=\"937\">\n<p data-start=\"832\" data-end=\"937\"><strong data-start=\"832\" data-end=\"852\">Brzi obrt<\/strong>Brzo vrijeme isporuke od samo <strong data-start=\"877\" data-end=\"887\">3 dana<\/strong>, osiguravaju\u0107i da dobijete ono \u0161to vam treba kada vam treba.<\/p>\n<\/li>\n<\/ul>\n<h3 data-start=\"939\" data-end=\"956\">Klju\u010dne karakteristike:<\/h3>\n<ul data-start=\"957\" data-end=\"1499\">\n<li data-start=\"957\" data-end=\"1123\">\n<p data-start=\"959\" data-end=\"1123\"><strong data-start=\"959\" data-end=\"990\">Otpornost na hemikalije i vodu<\/strong>Napravljena da bude otporna na deterd\u017eente, omek\u0161iva\u010de, izbjeljiva\u010de i alkalne tretmane, ova RFID etiketa ostaje operativna i u zahtjevnim uslovima.<\/p>\n<\/li>\n<li data-start=\"1124\" data-end=\"1248\">\n<p data-start=\"1126\" data-end=\"1248\"><strong data-start=\"1126\" data-end=\"1152\">Tehnologija termi\u010dkog zatvaranja<\/strong>Lako se integrira sa ma\u0161inama za termi\u010dko zavarivanje, omogu\u0107avaju\u0107i \u010dvrsto i trajno pri\u010dvr\u0161\u0107ivanje za tkanine.<\/p>\n<\/li>\n<li data-start=\"1249\" data-end=\"1388\">\n<p data-start=\"1251\" data-end=\"1388\"><strong data-start=\"1251\" data-end=\"1272\">Mo\u017ee se peglati i \u0161ivati<\/strong>Fleksibilna primjena putem termi\u010dke prese ili metoda \u0161ivanja, idealno za ugradnju etiketa u rubove tekstila ili etikete za njegu.<\/p>\n<\/li>\n<li data-start=\"1389\" data-end=\"1499\">\n<p data-start=\"1391\" data-end=\"1499\"><strong data-start=\"1391\" data-end=\"1421\">Otporno na visoke temperature<\/strong>Dizajnirano da izdr\u017ei intenzivnu toplotu i mehani\u010dka optere\u0107enja u industrijskom pranju rublja.<\/p>\n<\/li>\n<\/ul>\n<h3 data-start=\"1501\" data-end=\"1530\">Tehni\u010dke specifikacije:<\/h3>\n<ul data-start=\"1531\" data-end=\"2169\">\n<li data-start=\"1531\" data-end=\"1653\">\n<p data-start=\"1533\" data-end=\"1653\"><strong data-start=\"1533\" data-end=\"1549\">Opcije veli\u010dine<\/strong>35mm x 15mm, 58mm x 15mm, 70mm x 10mm, 70mm x 15mm, 75mm x 12mm, 75mm x 15mm (dostupne su i prilago\u0111ene veli\u010dine).<\/p>\n<\/li>\n<li data-start=\"1654\" data-end=\"1710\">\n<p data-start=\"1656\" data-end=\"1710\"><strong data-start=\"1656\" data-end=\"1674\">RFID standardi<\/strong>ISO\/IEC 18000-6 Tip C (EPC Gen2).<\/p>\n<\/li>\n<li data-start=\"1711\" data-end=\"1770\">\n<p data-start=\"1713\" data-end=\"1770\"><strong data-start=\"1713\" data-end=\"1729\">Opcije \u010dipa<\/strong>NXP U CODE 9, Alien H9, itd.<\/p>\n<\/li>\n<li data-start=\"1771\" data-end=\"1813\">\n<p data-start=\"1773\" data-end=\"1813\"><strong data-start=\"1773\" data-end=\"1783\">Memorija<\/strong>EPC 128 bita, Korisnik 512 bita.<\/p>\n<\/li>\n<li data-start=\"1814\" data-end=\"1852\">\n<p data-start=\"1816\" data-end=\"1852\"><strong data-start=\"1816\" data-end=\"1830\">Read Range<\/strong>8M \u2013 10M (FCC\/ETSI).<\/p>\n<\/li>\n<li data-start=\"1853\" data-end=\"1927\">\n<p data-start=\"1855\" data-end=\"1927\"><strong data-start=\"1855\" data-end=\"1874\">Metode ozna\u010davanja<\/strong>Toplinsko zatvaranje, vru\u0107e \u0161tancanje ljepila ili bu\u0161enje rupa.<\/p>\n<\/li>\n<li data-start=\"1928\" data-end=\"2042\">\n<p data-start=\"1930\" data-end=\"2042\"><strong data-start=\"1930\" data-end=\"1956\">Temperatura i vla\u017enost<\/strong>Radi izme\u0111u <strong data-start=\"1975\" data-end=\"1993\">-20\u00b0C do 110\u00b0C<\/strong>; raspon skladi\u0161tenja <strong data-start=\"2009\" data-end=\"2027\">-40\u00b0C do 110\u00b0C<\/strong> sa 8-95% desnom rukom.<\/p>\n<\/li>\n<li data-start=\"2043\" data-end=\"2169\">\n<p data-start=\"2045\" data-end=\"2169\"><strong data-start=\"2045\" data-end=\"2072\">Pranje i sterilizacija<\/strong>Podnosi temperature pranja do <strong data-start=\"2111\" data-end=\"2119\">90\u00b0C<\/strong> i sterilizacija u <strong data-start=\"2141\" data-end=\"2168\">135\u00b0C tokom 15-20 minuta<\/strong>.<\/p>\n<\/li>\n<\/ul>\n<\/div>\n<\/div>\n<h2 data-start=\"2812\" data-end=\"3015\"><strong>Tehni\u010dki list<\/strong><\/h2>\n<div>\n<div class=\"auto-hide-last-sibling-br paragraph_1252f paragraph-element\">\n<div>\n<table width=\"637\">\n<tbody>\n<tr>\n<td width=\"328\">Naziv artikla:<\/td>\n<td width=\"309\">RFID etiketa za pranje rublja sa grijanjem pegle<\/td>\n<\/tr>\n<tr>\n<td width=\"328\">RFID standard:<\/td>\n<td width=\"309\">ISO\/IEC 18000-6 TypeC (EPC Gen2)<\/td>\n<\/tr>\n<tr>\n<td width=\"328\">Veli\u010dina i te\u017eina:<\/td>\n<td width=\"309\">\u00a035 mm x 15 mm; 58 mm x 15 mm; 70 mm x 10 mm, 70 x 15 mm, 75 x 12 mm, 75 x 15 mm ili prilago\u0111eno<\/td>\n<\/tr>\n<tr>\n<td width=\"328\">Vrsta \u010dipa:<\/td>\n<td width=\"309\">Monza 4QT, NXP U CODE 9, Alien H9 itd.<\/td>\n<\/tr>\n<tr>\n<td width=\"328\">EPC memorija:<\/td>\n<td width=\"309\">128bita<\/td>\n<\/tr>\n<tr>\n<td width=\"328\">Korisni\u010dka memorija:<\/td>\n<td width=\"309\">512bita<\/td>\n<\/tr>\n<tr>\n<td width=\"328\">Opseg o\u010ditavanja (2W ERP FCC):<\/td>\n<td width=\"309\">8M~10M<\/td>\n<\/tr>\n<tr>\n<td width=\"328\">Opseg o\u010ditavanja (2W ERP ETSI):<\/td>\n<td width=\"309\">8M~10M<\/td>\n<\/tr>\n<tr>\n<td width=\"328\">Ozna\u010davanje:<\/td>\n<td width=\"309\">Ljepilo za vru\u0107e \u0161tancanje, zagrijavanje zaptiva\u010da, rupa itd.<\/td>\n<\/tr>\n<tr>\n<td width=\"328\">Procijenjeni vijek trajanja:<\/td>\n<td width=\"309\">200 ciklusa pranja ili 300 puta<\/td>\n<\/tr>\n<tr>\n<td width=\"328\">Na\u010din pranja:<\/td>\n<td width=\"309\">Praonica rublja, Kemijsko \u010di\u0161\u0107enje<\/td>\n<\/tr>\n<tr>\n<td width=\"328\">Pritisak ekstrakcije vode:<\/td>\n<td width=\"309\">60 bara<\/td>\n<\/tr>\n<tr>\n<td width=\"328\">Otpornost na vodu:<\/td>\n<td width=\"309\">Otporan na vodu<\/td>\n<\/tr>\n<tr>\n<td width=\"328\">Hemijska otpornost:<\/td>\n<td width=\"309\">Deterd\u017eent, omek\u0161iva\u010d, izbjeljiva\u010d (kiseonik\/hlor), lu\u017eina<\/td>\n<\/tr>\n<tr>\n<td width=\"328\">Prethodno su\u0161enje u su\u0161ilici:<\/td>\n<td width=\"309\">125 \u00baC 15-20 minuta<\/td>\n<\/tr>\n<tr>\n<td width=\"328\">Temperatura sterilizacije:<\/td>\n<td width=\"309\">135\u00b0C 15-20 minuta<\/td>\n<\/tr>\n<tr>\n<td width=\"328\">Temperatura pranja:<\/td>\n<td width=\"309\">90\u00b0C, do 15 min.<\/td>\n<\/tr>\n<tr>\n<td width=\"328\">Vla\u017enost\/temperatura - rad:<\/td>\n<td width=\"309\">-20 do 110\u00b0C, 8 do 95%RH<\/td>\n<\/tr>\n<tr>\n<td width=\"328\">Vla\u017enost\/temperatura-skladi\u0161tenje:<\/td>\n<td width=\"309\">-40 do 110\u00b0C, 8 do 95%RH<\/td>\n<\/tr>\n<\/tbody>\n<\/table>\n<\/div>\n<\/div>\n<\/div>\n<div><\/div>\n<div class=\"auto-hide-last-sibling-br paragraph_1252f paragraph-element\"><span class=\"AnswerParser_TextContainer__z_Iiv\" data-testid=\"youchat-text\"><strong>RFID UHF oznake za ve\u0161<\/strong> su vrhunsko rje\u0161enje za efikasno upravljanje radnom odje\u0107om, hotelskim pe\u0161kirima i bolni\u010dkom posteljinom. Ove izdr\u017eljive oznake su dizajnirane da izdr\u017ee visoke temperature i jake hemikalije koje se obi\u010dno koriste u industrijskim procesima pranja. Njihova robusna konstrukcija osigurava da ostanu funkcionalni \u010dak i nakon vi\u0161e ciklusa pranja, \u0161to ih \u010dini neprocjenjivim sredstvom u svakoj operaciji pranja.<\/span><span class=\"AnswerParser_TextContainer__z_Iiv\" data-testid=\"youchat-text\">Integracijom RFID tehnologije u va\u0161 sistem upravljanja ve\u0161om mo\u017eete zna\u010dajno smanjiti tro\u0161kove rukovanja. RFID gateway i broja\u010di pojednostavljuju proces pra\u0107enja, omogu\u0107avaju\u0107i vam da brzo locirate i identifikujete predmete za pranje ve\u0161a. Ovo ne samo da \u0161tedi vrijeme, ve\u0107 i pobolj\u0161ava ta\u010dnost inventara, omogu\u0107avaju\u0107i vam da s lako\u0107om pratite cikluse pranja. Sa RFID UHF oznakama za ve\u0161, pobolj\u0161a\u0107ete svoju operativnu efikasnost i osigurati da se va\u0161i predmeti za pranje uvek ra\u010dunaju.<\/span><\/div>\n<div><\/div>\n<div>\n<h3 data-start=\"2171\" data-end=\"2219\">Optimizovano za industrijske praonice rublja:<\/h3>\n<p data-start=\"2220\" data-end=\"2515\">RFID UHF etikete za pranje rublja omogu\u0107avaju efikasno upravljanje imovinom za radne uniforme, hotelsku posteljinu, bolni\u010dki tekstil i jo\u0161 mnogo toga. Zahvaljuju\u0107i sposobnosti da izdr\u017ee visoke temperature i jake hemikalije, ostaju funkcionalne \u010dak i nakon vi\u0161e ciklusa pranja, osiguravaju\u0107i nesmetan rad va\u0161e praonice.<\/p>\n<p data-start=\"2517\" data-end=\"2583\">Integracijom RFID-a u va\u0161 sistem upravljanja pranjem rublja, dobijate:<\/p>\n<ul data-start=\"2584\" data-end=\"2810\">\n<li data-start=\"2584\" data-end=\"2675\">\n<p data-start=\"2586\" data-end=\"2675\"><strong data-start=\"2586\" data-end=\"2609\">Pobolj\u0161ana efikasnost<\/strong>Br\u017ee i preciznije pra\u0107enje zaliha smanjuje tro\u0161kove rukovanja.<\/p>\n<\/li>\n<li data-start=\"2676\" data-end=\"2810\">\n<p data-start=\"2678\" data-end=\"2810\"><strong data-start=\"2678\" data-end=\"2699\">Pobolj\u0161ana preciznost<\/strong>RFID tehnologija osigurava precizno pra\u0107enje lokacije, smanjuju\u0107i gre\u0161ke i osiguravaju\u0107i da se artikli evidentiraju.<\/p>\n<\/li>\n<\/ul>\n<p data-start=\"2812\" data-end=\"3015\"><strong data-start=\"2812\" data-end=\"2853\">RFID oznake za pranje rublja za grijanje pegle<\/strong> U\u010dinite svoje pranje rublja br\u017eim, pouzdanijim i isplativijim, pojednostavljuju\u0107i va\u0161 radni proces i osiguravaju\u0107i da se va\u0161i artikli mogu pratiti kroz svako pranje.<\/p>\n<\/div>\n<div data-spm-anchor-id=\"a2700.details.0.i57.23b419c7xXORP0\"><\/div>\n<div class=\"auto-hide-last-sibling-br paragraph_1252f paragraph-element\"><\/div>\n<div class=\"auto-hide-last-sibling-br paragraph_1252f paragraph-element\"><\/div>","protected":false},"excerpt":{"rendered":"<p>Mi smo 5 najboljih proizvo\u0111a\u010da RFID etiketa za pranje rublja s grijanjem pegle.<strong>.RFID etiketa za pranje rublja<\/strong>\u00a0Osigurava izdr\u017eljivo pra\u0107enje tekstila u zdravstvu, praonicama rublja i uniformama \u0161irom Evrope, SAD-a i Kanade - otporno na agresivne cikluse pranja.<\/p>","protected":false},"featured_media":2943,"template":"","meta":{"_kad_post_transparent":"default","_kad_post_title":"","_kad_post_layout":"default","_kad_post_sidebar_id":"","_kad_post_content_style":"default","_kad_post_vertical_padding":"default","_kad_post_feature":"","_kad_post_feature_position":"","_kad_post_header":false,"_kad_post_footer":false,"_kad_post_classname":""},"product_brand":[],"product_cat":[16],"product_tag":[364,363,338,342,339,65,30],"class_list":{"0":"post-2942","1":"product","2":"type-product","3":"status-publish","4":"has-post-thumbnail","6":"product_cat-uhf-rfid-laundry-tags","7":"product_tag-heating-sealed-rfid-laundry-tag","8":"product_tag-iron-heating-sealed-rfid-laundry-tag","9":"product_tag-rfid-chips-for-uniforms","10":"product_tag-rfid-laundry-tags","11":"product_tag-rfid-washable-tags","12":"product_tag-textile-rfid-laundry-tags","13":"product_tag-uhf-rfid-laundry-tag","15":"first","16":"instock","17":"featured","18":"shipping-taxable","19":"product-type-simple","20":"entry","21":"content-bg","22":"loop-entry"},"_links":{"self":[{"href":"https:\/\/rfid-laundry-tag.com\/bs\/wp-json\/wp\/v2\/product\/2942","targetHints":{"allow":["GET"]}}],"collection":[{"href":"https:\/\/rfid-laundry-tag.com\/bs\/wp-json\/wp\/v2\/product"}],"about":[{"href":"https:\/\/rfid-laundry-tag.com\/bs\/wp-json\/wp\/v2\/types\/product"}],"version-history":[{"count":2,"href":"https:\/\/rfid-laundry-tag.com\/bs\/wp-json\/wp\/v2\/product\/2942\/revisions"}],"predecessor-version":[{"id":2948,"href":"https:\/\/rfid-laundry-tag.com\/bs\/wp-json\/wp\/v2\/product\/2942\/revisions\/2948"}],"wp:featuredmedia":[{"embeddable":true,"href":"https:\/\/rfid-laundry-tag.com\/bs\/wp-json\/wp\/v2\/media\/2943"}],"wp:attachment":[{"href":"https:\/\/rfid-laundry-tag.com\/bs\/wp-json\/wp\/v2\/media?parent=2942"}],"wp:term":[{"taxonomy":"product_brand","embeddable":true,"href":"https:\/\/rfid-laundry-tag.com\/bs\/wp-json\/wp\/v2\/product_brand?post=2942"},{"taxonomy":"product_cat","embeddable":true,"href":"https:\/\/rfid-laundry-tag.com\/bs\/wp-json\/wp\/v2\/product_cat?post=2942"},{"taxonomy":"product_tag","embeddable":true,"href":"https:\/\/rfid-laundry-tag.com\/bs\/wp-json\/wp\/v2\/product_tag?post=2942"}],"curies":[{"name":"radni list","href":"https:\/\/api.w.org\/{rel}","templated":true}]}}