{"id":2860,"date":"2024-11-05T13:06:31","date_gmt":"2024-11-05T13:06:31","guid":{"rendered":"https:\/\/rfid-laundry-tag.com\/?post_type=product&#038;p=2860"},"modified":"2024-11-05T13:13:50","modified_gmt":"2024-11-05T13:13:50","slug":"rfid-keyfobs-abs-iso14443a","status":"publish","type":"product","link":"https:\/\/rfid-laundry-tag.com\/bs\/rfid-keyfobs-abs-iso14443a\/","title":{"rendered":"RFID Keyfobs ABS ISO14443A"},"content":{"rendered":"<h2>RFID Keyfobs ABS ISO14443A<\/h2>\n<table class=\"has-title all magic-13\">\n<tbody>\n<tr>\n<td colspan=\"1\" rowspan=\"2\">\n<div class=\"magic-14\">materijal<\/div>\n<\/td>\n<td colspan=\"1\" rowspan=\"1\">\n<div class=\"magic-15\">Materijal antene: Aluminijumska folija<\/div>\n<\/td>\n<\/tr>\n<tr>\n<td colspan=\"1\" rowspan=\"1\">\n<div class=\"magic-15\" data-spm-anchor-id=\"a2700.details.0.i43.3c939b1b0qFtg1\">materijal povr\u0161ine: ABS\/ko\u017ea\/drvo<\/div>\n<\/td>\n<\/tr>\n<tr>\n<td colspan=\"1\" rowspan=\"1\">\n<div class=\"magic-17\">veli\u010dina<\/div>\n<\/td>\n<td colspan=\"1\" rowspan=\"1\">\n<div class=\"magic-15\" data-spm-anchor-id=\"a2700.details.0.i41.3c939b1b0qFtg1\">40,38 * 31,5 mm, 35,5 * 28 mm, 51,5 * 32 mm., ili prilago\u0111eno<\/div>\n<\/td>\n<\/tr>\n<tr>\n<td colspan=\"1\" rowspan=\"1\">\n<div class=\"magic-17\">Customzied Crafts<\/div>\n<\/td>\n<td colspan=\"1\" rowspan=\"1\">\n<div class=\"magic-15\">logo Sitotisak\/UID kod, serijski kod ili prilago\u0111eno<\/div>\n<\/td>\n<\/tr>\n<tr>\n<td colspan=\"1\" rowspan=\"1\">\n<div class=\"magic-17\">Radna temperatura<\/div>\n<\/td>\n<td colspan=\"1\" rowspan=\"1\">\n<div class=\"magic-15\">-20\u00b0C~+90\u00b0C<\/div>\n<\/td>\n<\/tr>\n<tr>\n<td colspan=\"1\" rowspan=\"1\">\n<div class=\"magic-17\">kodirati<\/div>\n<\/td>\n<td colspan=\"1\" rowspan=\"1\">\n<div class=\"magic-15\">Dostupan \u010dip za upisivanje<\/div>\n<\/td>\n<\/tr>\n<tr>\n<td colspan=\"1\" rowspan=\"1\">\n<div class=\"magic-17\">opcije boja<\/div>\n<\/td>\n<td colspan=\"1\" rowspan=\"1\">\n<div class=\"magic-15\" data-spm-anchor-id=\"a2700.details.0.i42.3c939b1b0qFtg1\">Crvena, plava, crna, ljubi\u010dasta, narand\u017easta, \u017euta, (mo\u017ee se prilagoditi)<\/div>\n<\/td>\n<\/tr>\n<tr>\n<td colspan=\"1\" rowspan=\"1\">\n<div class=\"magic-17\">udaljenost \u010ditanja<\/div>\n<\/td>\n<td colspan=\"1\" rowspan=\"1\">\n<div class=\"magic-15\">1~10 cm (zavisi od \u010ditaoca)<\/div>\n<\/td>\n<\/tr>\n<tr>\n<td colspan=\"1\" rowspan=\"1\">\n<div class=\"magic-17\">aplikacije<\/div>\n<\/td>\n<td colspan=\"1\" rowspan=\"1\">\n<div class=\"magic-15\" data-spm-anchor-id=\"a2700.details.0.i40.3c939b1b0qFtg1\">sistem \u010dlanstva\/teretana\/kontrola pristupa\/pla\u0107anje itd.<\/div>\n<\/td>\n<\/tr>\n<\/tbody>\n<\/table>\n<p><strong>RFID privjesci za klju\u010deve<\/strong> su na \u010delu sigurnog i prakti\u010dnog upravljanja pristupom. Koriste se ovi mali, lagani ure\u0111aji <strong>radiofrekventna identifikacija<\/strong> (RFID) tehnologija koja omogu\u0107ava brz i nesmetan ulazak u za\u0161ti\u0107ena podru\u010dja. Obi\u010dno se koriste u razli\u010ditim industrijama, uklju\u010duju\u0107i ugostiteljstvo, poslovne zgrade i stambene objekte, za sigurne sisteme kontrole pristupa.<\/p>\n<p>U ovom opisu proizvoda \u0107emo istra\u017eiti karakteristike i prednosti <strong>RFID privjesci za klju\u010deve<\/strong>, fokusiraju\u0107i se na <strong>ABS ISO14443A<\/strong> specifikacija. Razgovarat \u0107emo o tome za\u0161to su ovi fobovi preferirani izbor i za kompanije i za pojedince koji tra\u017ee efikasna, sigurna i jednostavna rje\u0161enja pristupa.<\/p>\n<p><strong>RFID privjesci za klju\u010deve<\/strong> su na \u010delu sigurnog i prakti\u010dnog upravljanja pristupom. Koriste se ovi mali, lagani ure\u0111aji <strong>radiofrekventna identifikacija<\/strong> (RFID) tehnologija koja omogu\u0107ava brz i nesmetan ulazak u za\u0161ti\u0107ena podru\u010dja. Obi\u010dno se koriste u razli\u010ditim industrijama, uklju\u010duju\u0107i ugostiteljstvo, poslovne zgrade i stambene objekte, za sigurne sisteme kontrole pristupa.<\/p>\n<h2><strong>\u0160ta je RFID privezak za klju\u010deve?<\/strong><\/h2>\n<p>An <strong>RFID privezak za klju\u010deve<\/strong> je kompaktan, prenosiv ure\u0111aj koji komunicira sa <strong>RFID \u010dita\u010d<\/strong> da omogu\u0107i pristup sigurnom podru\u010dju. Obi\u010dno sadr\u017ei mali mikro\u010dip i antenu ugra\u0111enu u izdr\u017eljivi <strong>ABS ku\u0107i\u0161te<\/strong>. The <strong>Frekvencija 13,56 MHz<\/strong> koje koriste ISO14443A RFID privjesci za klju\u010deve osiguravaju pouzdanu i brzu detekciju, \u0161to ih \u010dini vrlo efikasnim rje\u0161enjem za sisteme kontrole pristupa.<\/p>\n<p>Za razliku od tradicionalnih klju\u010deva ili kartica, an <strong>RFID privezak za klju\u010deve<\/strong> ne zahteva fizi\u010dki kontakt sa \u010ditaocem; radi na <strong>beskontaktno<\/strong> principima, \u0161to ga \u010dini sigurnijim i prakti\u010dnijim. Korisnici mogu jednostavno da dodirnu svoj fob u blizini \u010dita\u010da da bi dobili pristup, elimini\u0161u\u0107i potrebu za ru\u010dnim otklju\u010davanjem ili PIN kodovima.<\/p>\n<hr \/>\n<h2><strong>Klju\u010dne karakteristike RFID privjesaka<\/strong><\/h2>\n<h3><strong>1. Sigurnosna kontrola pristupa<\/strong><\/h3>\n<p>Jedna od najve\u0107ih prednosti kori\u0161tenja <strong>RFID privjesci za klju\u010deve<\/strong> je pobolj\u0161ana sigurnost. Ovi ure\u0111aji nude vi\u0161e slojeva za\u0161tite, uklju\u010duju\u0107i protokole za \u0161ifriranje, spre\u010davaju\u0107i neovla\u0161tene korisnike da dobiju pristup. The <strong>13,56 MHz<\/strong> frekvencija koju koristi <strong>ISO14443A privjesci za klju\u010deve<\/strong> osigurava visoku kompatibilnost sa raznim <strong>sistemi kontrole pristupa<\/strong>, od hotelskih brava do ulaznih vrata ureda.<\/p>\n<p>Kori\u0161\u0107enjem RFID tehnologije, <strong>RFID privjesci za klju\u010deve<\/strong> ponuda <strong>ulaz bez klju\u010da<\/strong>, smanjuju\u0107i rizik od branja brave ili neovla\u0161tenog umno\u017eavanja. Kada se integri\u0161e u <strong>kontrola pristupa<\/strong> sistema, ovi fobovi slu\u017ee kao siguran token za verifikaciju i autentifikaciju korisnika uz minimalan napor.<\/p>\n<h3><strong>2. Izdr\u017eljiva ABS konstrukcija<\/strong><\/h3>\n<p>Izgradnja <strong>RFID privjesci za klju\u010deve<\/strong> jednako va\u017ean kao i njihova funkcionalnost. Ovi fobovi su napravljeni od <strong>ABS plastika<\/strong>, koji je izdr\u017eljiv, lagan materijal koji mo\u017ee izdr\u017eati razli\u010dite uvjete okoline. Bilo da ih koristite u uredskom okru\u017eenju ili ih nosite na privjesku za klju\u010deve, ovi privjesci su napravljeni da traju.<\/p>\n<p>The <strong>ABS ku\u0107i\u0161te<\/strong> ne samo da \u0161titi unutra\u0161nje komponente ve\u0107 i osigurava da fob ostane u funkciji \u010dak i nakon du\u017ee upotrebe. Njihova kompaktna veli\u010dina i robustan dizajn \u010dine ih otpornim na habanje, osiguravaju\u0107i dugotrajno rje\u0161enje za potrebe kontrole pristupa.<\/p>\n<h3><strong>3. Jednostavna integracija sa RFID sistemima<\/strong><\/h3>\n<p><strong>RFID privjesci za klju\u010deve<\/strong> potpuno su kompatibilni sa ve\u0107inom <strong>RFID sistemi<\/strong>. Bilo da vr\u0161ite nadogradnju sa tradicionalnih kartica klju\u010deva ili instalirate potpuno novi sistem kontrole pristupa, ovi privjesci se neprimjetno integriraju s postoje\u0107om infrastrukturom. The <strong>ISO14443A<\/strong> Standard je \u0161iroko priznat i koristi se u raznim industrijama, osiguravaju\u0107i kompatibilnost sa \u010dita\u010dima i softverom.<\/p>\n<p>\u0160tavi\u0161e, mnogi <strong>RFID privjesci za klju\u010deve<\/strong> su <strong>rewritable<\/strong>, omogu\u0107avaju\u0107i preduze\u0107ima da po potrebi mijenjaju pristupne vjerodajnice bez kupovine novih fobova. Ovo <strong>fleksibilnost<\/strong> \u010dini RFID privezke odli\u010dnom dugoro\u010dnom investicijom za organizacije koje tra\u017ee skalabilna rje\u0161enja pristupa.<\/p>\n<hr \/>\n<h2><strong>Za\u0161to odabrati ISO14443A RFID privezke?<\/strong><\/h2>\n<h3><strong>4. Visoka frekvencija za br\u017ei odgovor<\/strong><\/h3>\n<p><strong>13,56 MHz RFID privjesci za klju\u010deve<\/strong>, poput <strong>ISO14443A<\/strong>, nude visokofrekventni opseg koji omogu\u0107ava <strong>brzo otkrivanje<\/strong> i komunikacija sa RFID \u010dita\u010dem. Ovaj raspon visoke frekvencije osigurava da se pristup odobrava brzo i efikasno, pobolj\u0161avaju\u0107i korisni\u010dko iskustvo.<\/p>\n<p>Kada dr\u017eite fob blizu \u010dita\u010da, sistem brzo identifikuje akreditive pohranjene u fob-u, omogu\u0107avaju\u0107i pristup u djeli\u0107u sekunde. Ovo brzo vrijeme odgovora je posebno va\u017eno u podru\u010djima s velikim prometom, osiguravaju\u0107i da se ne formiraju redovi i da ljudi mogu u\u0107i i iza\u0107i bez odlaganja.<\/p>\n<h3><strong>5. Svestranost u vi\u0161e aplikacija<\/strong><\/h3>\n<p><strong>RFID privjesci za klju\u010deve<\/strong> su veoma raznovrsni i mogu se koristiti u raznim aplikacijama osim brava na vratima. Neke uobi\u010dajene upotrebe za <strong>RFID privjesci za klju\u010deve<\/strong> uklju\u010duju:<\/p>\n<ul>\n<li><strong>Pristup hotelskoj sobi:<\/strong> Gosti mogu koristiti svoj fob za otklju\u010davanje vrata svoje hotelske sobe.<\/li>\n<li><strong>Sigurnost na radnom mjestu:<\/strong> Zaposleni mogu koristiti fob za pristup kancelarijama, server sobama ili ograni\u010denim podru\u010djima.<\/li>\n<li><strong>Pla\u0107anje i identifikacija:<\/strong> Sigurno <strong>RFID privjesci za klju\u010deve<\/strong> mo\u017ee se koristiti i za pla\u0107anje ili za identifikaciju u programima \u010dlanstva.<\/li>\n<\/ul>\n<p>Zahvaljuju\u0107i svojoj maloj veli\u010dini i prenosivosti, ovi fobovi su prakti\u010dno rje\u0161enje za \u0161irok raspon industrija.<\/p>\n<h3><strong>6. Beskontaktna tehnologija za udobnost i higijenu<\/strong><\/h3>\n<p>u dana\u0161njem svijetu, <strong>beskontaktna tehnologija<\/strong> je stekao zna\u010dajnu pa\u017enju zbog higijenskih prednosti koje pru\u017ea. <strong>RFID privjesci za klju\u010deve<\/strong> su beskontaktni, \u0161to zna\u010di da korisnici ne moraju fizi\u010dki dodirivati bravu ili \u010dita\u010d. Ovo smanjuje rizik od prijenosa klica i bakterija, \u0161to ga \u010dini idealnim izborom za okru\u017eenja poput bolnica, \u0161kola i ureda gdje je higijena kriti\u010dna.<\/p>\n<p>\u0160tavi\u0161e, ovo <strong>ulaz bez klju\u010da<\/strong> sistem dodaje udobnost. Korisnici ne moraju da tra\u017ee klju\u010deve ili pamte PIN-ove \u2013 mogu jednostavno da ih nose <strong>RFID privezak za klju\u010deve<\/strong> na privjesku za klju\u010deve ili u d\u017eepu, spremni za kori\u0161tenje kad god zatreba.<\/p>\n<p>Ove <strong>RFID privjesci za klju\u010deve<\/strong> rade u a <strong>Frekvencija 13,56 MHz<\/strong>, \u0161to ih \u010dini kompatibilnim sa ve\u0107inom <strong>RFID \u010dita\u010di<\/strong> koristi se u savremenim sistemima kontrole pristupa. Fobovi su izra\u0111eni od visokokvalitetnog materijala <strong>ABS plastika<\/strong>, osiguravaju\u0107i izdr\u017eljiv i lagan dizajn koji je prenosiv i dugotrajan.<\/p>\n<hr \/>\n<h2><strong>Uticaj na \u017eivotnu sredinu i odr\u017eivost<\/strong><\/h2>\n<p>Kako se organizacije kre\u0107u prema <strong>beskontaktnog pristupa<\/strong> i sigurnosnih rje\u0161enja, va\u017eno je uzeti u obzir utjecaj ovih proizvoda na okoli\u0161. The <strong>ABS plastika<\/strong> koristi se u <strong>RFID privjesci za klju\u010deve<\/strong> je materijal koji se \u0161iroko mo\u017ee reciklirati. Osim toga, <strong>RFID sistemi<\/strong> sami poma\u017eu da se smanji potreba za fizi\u010dkim klju\u010devima i tradicionalnim bravama, dodatno smanjuju\u0107i ukupni otisak na okoli\u0161.<\/p>\n<p>\u0160tavi\u0161e, mnogi <strong>RFID privjesci za klju\u010deve<\/strong> mo\u017ee biti <strong>prepisano<\/strong>, \u0161to zna\u010di da nema potrebe za stalnom zamjenom. Ovo smanjuje elektronski otpad, \u0161to ih \u010dini odr\u017eivim izborom za kompanije i pojedince koji tra\u017ee ekolo\u0161ki prihvatljiva rje\u0161enja.<\/p>\n<hr \/>\n<h2><strong>Recenzije i povratne informacije kupaca<\/strong><\/h2>\n<p>Mnogi kupci cijene prakti\u010dnost i sigurnost <strong>RFID privjesci za klju\u010deve<\/strong> obezbediti. Evo kratkog sa\u017eetka uobi\u010dajenih povratnih informacija:<\/p>\n<ul>\n<li><strong>\u201cPogodan i brz pristup!\u201d<\/strong> \u2013 Mnogi korisnici isti\u010du brzinu i efikasnost <strong>RFID privjesci za klju\u010deve<\/strong>. Brzo vrijeme odziva \u010dini ih idealnim izborom za prometna okru\u017eenja poput poslovnih zgrada i hotela.<\/li>\n<li><strong>\u201cIzdr\u017eljiv i pouzdan\u201d<\/strong> \u2013 Kupci tako\u0111e cijene <strong>izdr\u017eljiva konstrukcija<\/strong> privjesaka, pri \u010demu mnogi isti\u010du da su izdr\u017eali mjesece ili godine svakodnevne upotrebe.<\/li>\n<li><strong>\u201cOdli\u010dno za hotele\u201d<\/strong> \u2013 Ugostiteljska preduze\u0107a u\u017eivaju u jednostavnosti kori\u0161\u0107enja <strong>RFID privjesci za klju\u010deve<\/strong> za pristup gostiju, elimini\u0161u\u0107i potrebu za tradicionalnim klju\u010devima sobe.<\/li>\n<\/ul>\n<hr \/>\n<h2><strong>FAQs<\/strong><\/h2>\n<h3><strong>1. Da li se RFID privjesci za klju\u010deve mogu programirati?<\/strong><\/h3>\n<p>Da, mnogi <strong>RFID privjesci za klju\u010deve<\/strong> su <strong>rewritable<\/strong>, \u0161to zna\u010di da mo\u017eete promijeniti podatke pohranjene na njima, kao \u0161to su vjerodajnice za pristup.<\/p>\n<h3><strong>2. Koliko daleko RFID privezak mo\u017ee prenositi?<\/strong><\/h3>\n<p>Raspon an <strong>RFID privezak za klju\u010deve<\/strong> obi\u010dno se prote\u017ee od <strong>0 do 10 cm<\/strong> zavisno od \u010ditaoca i uslova okoline.<\/p>\n<h3><strong>3. Da li su RFID privjesci sigurni?<\/strong><\/h3>\n<p>da, <strong>RFID privjesci za klju\u010deve<\/strong> su veoma sigurni. \u010cesto uklju\u010duju enkripciju i druge za\u0161titne zna\u010dajke za sprje\u010davanje neovla\u0161tenog pristupa.<\/p>\n<h3><strong>4. Koje industrije koriste RFID privjeske za klju\u010deve?<\/strong><\/h3>\n<p><strong>RFID privjesci za klju\u010deve<\/strong> se koriste u raznim industrijama, uklju\u010duju\u0107i ugostiteljstvo, zdravstvo, korporativne urede, pa \u010dak i za klju\u010deve od automobila.<\/p>\n<hr \/>\n<h2><strong>Zaklju\u010dak: Za\u0161to kupiti RFID privjeske?<\/strong><\/h2>\n<p>Ulaganje u <strong>RFID privjesci za klju\u010deve<\/strong> pru\u017ea pobolj\u0161anu sigurnost, prakti\u010dnost i izdr\u017eljivost za preduze\u0107a i pojedince. Bilo da \u017eelite da pojednostavite svoj <strong>sistem kontrole pristupa<\/strong>, implementirati <strong>ulaz bez klju\u010da<\/strong> u va\u0161em hotelu, ili pobolj\u0161ajte sigurnost u va\u0161oj kancelariji, <strong>RFID privjesci za klju\u010deve<\/strong> su prakti\u010dno rje\u0161enje koje je istovremeno isplativo i pouzdano.<\/p>\n<p>Uz njihovu naprednu tehnologiju, laku integraciju sa <strong>RFID sistemi<\/strong>, i dugotrajne gradnje, <strong>RFID privjesci za klju\u010deve<\/strong> predstavljaju budu\u0107e rje\u0161enje za dana\u0161nje sigurnosne izazove.<\/p>\n<p>&nbsp;<\/p>","protected":false},"excerpt":{"rendered":"<p><strong>RFID Keyfobs<\/strong> ABS ISO14443A nudi opcije dvostruke frekvencije (13,56MHz\/125KHz), izdr\u017eljiv dizajn, programabilni UID i napredne sigurnosne funkcije kao \u0161to su anti-kloniranje i \u0161ifrirana komunikacija.<\/p>","protected":false},"featured_media":2861,"template":"","meta":{"_kad_post_transparent":"default","_kad_post_title":"","_kad_post_layout":"default","_kad_post_sidebar_id":"","_kad_post_content_style":"default","_kad_post_vertical_padding":"default","_kad_post_feature":"","_kad_post_feature_position":"","_kad_post_header":false,"_kad_post_footer":false,"_kad_post_classname":""},"product_brand":[],"product_cat":[54],"product_tag":[346,344,345,343,351,350],"class_list":{"0":"post-2860","1":"product","2":"type-product","3":"status-publish","4":"has-post-thumbnail","6":"product_cat-hot-selling-rfid-tags","7":"product_tag-nfc-key-tag","8":"product_tag-nfc-keychain","9":"product_tag-rfid-fob","10":"product_tag-rfid-keyfobs","11":"product_tag-rfid-keyfobs-abs","12":"product_tag-rfid-keyfobs-iso14443a","14":"first","15":"instock","16":"shipping-taxable","17":"product-type-simple","18":"entry","19":"content-bg","20":"loop-entry"},"_links":{"self":[{"href":"https:\/\/rfid-laundry-tag.com\/bs\/wp-json\/wp\/v2\/product\/2860","targetHints":{"allow":["GET"]}}],"collection":[{"href":"https:\/\/rfid-laundry-tag.com\/bs\/wp-json\/wp\/v2\/product"}],"about":[{"href":"https:\/\/rfid-laundry-tag.com\/bs\/wp-json\/wp\/v2\/types\/product"}],"version-history":[{"count":2,"href":"https:\/\/rfid-laundry-tag.com\/bs\/wp-json\/wp\/v2\/product\/2860\/revisions"}],"predecessor-version":[{"id":2863,"href":"https:\/\/rfid-laundry-tag.com\/bs\/wp-json\/wp\/v2\/product\/2860\/revisions\/2863"}],"wp:featuredmedia":[{"embeddable":true,"href":"https:\/\/rfid-laundry-tag.com\/bs\/wp-json\/wp\/v2\/media\/2861"}],"wp:attachment":[{"href":"https:\/\/rfid-laundry-tag.com\/bs\/wp-json\/wp\/v2\/media?parent=2860"}],"wp:term":[{"taxonomy":"product_brand","embeddable":true,"href":"https:\/\/rfid-laundry-tag.com\/bs\/wp-json\/wp\/v2\/product_brand?post=2860"},{"taxonomy":"product_cat","embeddable":true,"href":"https:\/\/rfid-laundry-tag.com\/bs\/wp-json\/wp\/v2\/product_cat?post=2860"},{"taxonomy":"product_tag","embeddable":true,"href":"https:\/\/rfid-laundry-tag.com\/bs\/wp-json\/wp\/v2\/product_tag?post=2860"}],"curies":[{"name":"radni list","href":"https:\/\/api.w.org\/{rel}","templated":true}]}}