{"id":2853,"date":"2024-11-05T12:54:13","date_gmt":"2024-11-05T12:54:13","guid":{"rendered":"https:\/\/rfid-laundry-tag.com\/?post_type=product&#038;p=2853"},"modified":"2024-11-05T13:04:21","modified_gmt":"2024-11-05T13:04:21","slug":"proximity-abs-tk4100-key-fob","status":"publish","type":"product","link":"https:\/\/rfid-laundry-tag.com\/bs\/proximity-abs-tk4100-key-fob\/","title":{"rendered":"Privezak za klju\u010deve Blizina ABS TK4100"},"content":{"rendered":"<h2>Privezak za klju\u010deve Blizina ABS TK4100<\/h2>\n<table class=\"has-title all magic-13\">\n<tbody>\n<tr>\n<td colspan=\"1\" rowspan=\"2\">\n<div class=\"magic-14\">materijal<\/div>\n<\/td>\n<td colspan=\"1\" rowspan=\"1\">\n<div class=\"magic-15\">Materijal antene: Aluminijumska folija<\/div>\n<\/td>\n<\/tr>\n<tr>\n<td colspan=\"1\" rowspan=\"1\">\n<div class=\"magic-15\">materijal povr\u0161ine: ABS\/ko\u017ea\/drvo<\/div>\n<\/td>\n<\/tr>\n<tr>\n<td colspan=\"1\" rowspan=\"1\">\n<div class=\"magic-17\">veli\u010dina<\/div>\n<\/td>\n<td colspan=\"1\" rowspan=\"1\">\n<div class=\"magic-15\" data-spm-anchor-id=\"a2700.details.0.i41.3c939b1b0qFtg1\">40,38 * 31,5 mm, 35,5 * 28 mm, 51,5 * 32 mm., ili prilago\u0111eno<\/div>\n<\/td>\n<\/tr>\n<tr>\n<td colspan=\"1\" rowspan=\"1\">\n<div class=\"magic-17\">Customzied Crafts<\/div>\n<\/td>\n<td colspan=\"1\" rowspan=\"1\">\n<div class=\"magic-15\">logo Sitotisak\/UID kod, serijski kod ili prilago\u0111eno<\/div>\n<\/td>\n<\/tr>\n<tr>\n<td colspan=\"1\" rowspan=\"1\">\n<div class=\"magic-17\">Radna temperatura<\/div>\n<\/td>\n<td colspan=\"1\" rowspan=\"1\">\n<div class=\"magic-15\">-20\u00b0C~+90\u00b0C<\/div>\n<\/td>\n<\/tr>\n<tr>\n<td colspan=\"1\" rowspan=\"1\">\n<div class=\"magic-17\">kodirati<\/div>\n<\/td>\n<td colspan=\"1\" rowspan=\"1\">\n<div class=\"magic-15\">Dostupan \u010dip za upisivanje<\/div>\n<\/td>\n<\/tr>\n<tr>\n<td colspan=\"1\" rowspan=\"1\">\n<div class=\"magic-17\">opcije boja<\/div>\n<\/td>\n<td colspan=\"1\" rowspan=\"1\">\n<div class=\"magic-15\">Crvena, plava, crna, ljubi\u010dasta, narand\u017easta, \u017euta, (mo\u017ee se prilagoditi)<\/div>\n<\/td>\n<\/tr>\n<tr>\n<td colspan=\"1\" rowspan=\"1\">\n<div class=\"magic-17\">udaljenost \u010ditanja<\/div>\n<\/td>\n<td colspan=\"1\" rowspan=\"1\">\n<div class=\"magic-15\">1~10 cm (zavisi od \u010ditaoca)<\/div>\n<\/td>\n<\/tr>\n<tr>\n<td colspan=\"1\" rowspan=\"1\">\n<div class=\"magic-17\">aplikacije<\/div>\n<\/td>\n<td colspan=\"1\" rowspan=\"1\">\n<div class=\"magic-15\" data-spm-anchor-id=\"a2700.details.0.i40.3c939b1b0qFtg1\">sistem \u010dlanstva\/teretana\/kontrola pristupa\/pla\u0107anje itd.<\/div>\n<\/td>\n<\/tr>\n<\/tbody>\n<\/table>\n<p>&nbsp;<\/p>\n<p>Svaki <strong>Privezak za klju\u010deve Blizina ABS TK4100<\/strong> dolazi unaprijed programiran s jedinstvenim cifranim ID brojem, \u0161to ga \u010dini idealnim izborom za kori\u0161tenje u RFID-u <strong>Sistemi kontrole pristupa u blizini<\/strong>. Ovi privjesci za klju\u010deve dizajnirani su da se neprimjetno integriraju sa sistemima koji upravljaju pristupom vratima, elektri\u010dnim bravama, pa \u010dak i video portafonima, osiguravaju\u0107i sigurne i pouzdane mogu\u0107nosti otklju\u010davanja.<\/p>\n<p>Privjesci za klju\u010deve su izra\u0111eni od izdr\u017eljive <strong>ABS materijal<\/strong>, ponuda <strong>vodootporan<\/strong> za\u0161tita koja osigurava dugotrajne performanse u razli\u010ditim okru\u017eenjima. Svaki privezak za klju\u010deve je pri\u010dvr\u0161\u0107en za a <strong>metalni privezak za klju\u010deve<\/strong>, \u0161to ga \u010dini lakim za no\u0161enje i pri\u010dvr\u0161\u0107ivanje na privjeske za klju\u010deve ili trakice. To ih \u010dini pogodnim za korisnike, a istovremeno odr\u017eavaju njihovu funkcionalnost u te\u0161kim uvjetima.<\/p>\n<p>Ovi privjesci za klju\u010deve se \u0161iroko koriste u <strong>sistemi kontrole pristupa<\/strong>, omogu\u0107avaju\u0107i funkcije kao \u0161to su otklju\u010davanje vrata, upravljanje lozinkama i dozvole pristupa. Jesu <strong>kompatibilan sa standardnim EM ID pristupnim ure\u0111ajima<\/strong> ili <strong>ID \u010dita\u010di<\/strong>, \u0161to ih \u010dini veoma raznovrsnim za razli\u010dite aplikacije kontrole pristupa.<\/p>","protected":false},"excerpt":{"rendered":"<p>The <strong>Privezak za klju\u010deve Blizina ABS TK4100<\/strong> je visoko pouzdan, izdr\u017eljiv i siguran RFID privezak za klju\u010deve pogodan za razli\u010dite sisteme kontrole pristupa. Unaprijed programiran s jedinstvenim ID-om, na\u0161iroko se koristi za <strong>otklju\u010davanje vrata<\/strong>, <strong>upravljanje lozinkama<\/strong>, i vi\u0161e. Napravljen od vodootpornog ABS materijala sa metalnim privjeskom za klju\u010deve, idealan je za unutra\u0161nju i vanjsku upotrebu.<\/p>","protected":false},"featured_media":2855,"template":"","meta":{"_kad_post_transparent":"default","_kad_post_title":"","_kad_post_layout":"default","_kad_post_sidebar_id":"","_kad_post_content_style":"default","_kad_post_vertical_padding":"default","_kad_post_feature":"","_kad_post_feature_position":"","_kad_post_header":false,"_kad_post_footer":false,"_kad_post_classname":""},"product_brand":[],"product_cat":[54],"product_tag":[348,346,349,344,345,343],"class_list":{"0":"post-2853","1":"product","2":"type-product","3":"status-publish","4":"has-post-thumbnail","6":"product_cat-hot-selling-rfid-tags","7":"product_tag-nfc-key-fobs-ntag213","8":"product_tag-nfc-key-tag","9":"product_tag-nfc-key-tags","10":"product_tag-nfc-keychain","11":"product_tag-rfid-fob","12":"product_tag-rfid-keyfobs","14":"first","15":"instock","16":"shipping-taxable","17":"product-type-simple","18":"entry","19":"content-bg","20":"loop-entry"},"_links":{"self":[{"href":"https:\/\/rfid-laundry-tag.com\/bs\/wp-json\/wp\/v2\/product\/2853","targetHints":{"allow":["GET"]}}],"collection":[{"href":"https:\/\/rfid-laundry-tag.com\/bs\/wp-json\/wp\/v2\/product"}],"about":[{"href":"https:\/\/rfid-laundry-tag.com\/bs\/wp-json\/wp\/v2\/types\/product"}],"version-history":[{"count":2,"href":"https:\/\/rfid-laundry-tag.com\/bs\/wp-json\/wp\/v2\/product\/2853\/revisions"}],"predecessor-version":[{"id":2859,"href":"https:\/\/rfid-laundry-tag.com\/bs\/wp-json\/wp\/v2\/product\/2853\/revisions\/2859"}],"wp:featuredmedia":[{"embeddable":true,"href":"https:\/\/rfid-laundry-tag.com\/bs\/wp-json\/wp\/v2\/media\/2855"}],"wp:attachment":[{"href":"https:\/\/rfid-laundry-tag.com\/bs\/wp-json\/wp\/v2\/media?parent=2853"}],"wp:term":[{"taxonomy":"product_brand","embeddable":true,"href":"https:\/\/rfid-laundry-tag.com\/bs\/wp-json\/wp\/v2\/product_brand?post=2853"},{"taxonomy":"product_cat","embeddable":true,"href":"https:\/\/rfid-laundry-tag.com\/bs\/wp-json\/wp\/v2\/product_cat?post=2853"},{"taxonomy":"product_tag","embeddable":true,"href":"https:\/\/rfid-laundry-tag.com\/bs\/wp-json\/wp\/v2\/product_tag?post=2853"}],"curies":[{"name":"radni list","href":"https:\/\/api.w.org\/{rel}","templated":true}]}}