{"id":2850,"date":"2024-11-05T12:42:51","date_gmt":"2024-11-05T12:42:51","guid":{"rendered":"https:\/\/rfid-laundry-tag.com\/?post_type=product&#038;p=2850"},"modified":"2024-11-05T12:49:55","modified_gmt":"2024-11-05T12:49:55","slug":"nfc-key-fobs-ntag213","status":"publish","type":"product","link":"https:\/\/rfid-laundry-tag.com\/bs\/nfc-key-fobs-ntag213\/","title":{"rendered":"NFC privjesci za klju\u010deve Ntag213"},"content":{"rendered":"<h2>NFC privjesci za klju\u010deve Ntag213<\/h2>\n<p>NFC privjesci za klju\u010deve, kao \u0161to je Ntag213, revolucioniraju na\u010din na koji komuniciramo s na\u0161im okru\u017eenjima, nude\u0107i sigurna, beskontaktna rje\u0161enja za kontrolu pristupa, identifikaciju i jo\u0161 mnogo toga. Bilo da vam je potreban sistem za ulazak bez klju\u010da za va\u0161u kancelariju, hotel ili li\u010dno vozilo, Ntag213 NFC privezak za klju\u010deve pru\u017ea besprekorno i pouzdano iskustvo. Ovaj opis proizvoda bavi se prednostima, karakteristikama i upotrebom Ntag213 NFC privezka za klju\u010deve, nude\u0107i sveobuhvatne detalje za one koji razmi\u0161ljaju o ovoj naprednoj tehnologiji.<\/p>\n<hr \/>\n<h2>Pregled proizvoda<\/h2>\n<p>The <strong>NFC privezak za klju\u010deve Ntag213<\/strong> je beskontaktni ure\u0111aj visokih performansi koji koristi tehnologiju komunikacije bliskog polja (NFC). Dizajniran da bude kompaktan, siguran i lak za upotrebu, ovaj privezak za klju\u010deve omogu\u0107ava \u0161irok spektar aplikacija uklju\u010duju\u0107i kontrolu pristupa, sisteme pla\u0107anja i autentifikaciju proizvoda. Sa fokusom na sigurnost, jednostavnost upotrebe i efikasnost, Ntag213 privezak za klju\u010deve pru\u017ea vrhunsku funkcionalnost za preduze\u0107a, hotele, ku\u0107e i \u0161ire.<\/p>\n<h3>Za\u0161to kupiti Ntag213 NFC privezak za klju\u010deve?<\/h3>\n<p>Ntag213 je vi\u0161e od samo privezka za klju\u010deve\u2014to je pouzdano i sigurno pristupno rje\u0161enje. Nude\u0107i kombinaciju visokokvalitetnih performansi, lako\u0107e integracije i kompatibilnosti sa postoje\u0107im sistemima, idealan je izbor za preduze\u0107a koja \u017eele da unaprede svoje bezbednosne mere ili pojedince koji tra\u017ee efikasniji na\u010din upravljanja svojim pristupom. Evo za\u0161to se isplati ulo\u017eiti:<\/p>\n<ul>\n<li><strong>Pouzdana sigurnost:<\/strong> Uz ugra\u0111enu enkripciju i jedinstveni identifikator (UID), ovaj privezak za klju\u010deve osigurava siguran pristup bez rizika od dupliciranja ili neovla\u0161tene upotrebe.<\/li>\n<li><strong>Dugotrajna trajnost:<\/strong> Dizajniran za svakodnevnu upotrebu, Ntag213 NFC privezak za klju\u010deve mo\u017ee se pohvaliti dugim vijekom trajanja sa do 100.000 ciklusa pisanja i vremenom zadr\u017eavanja podataka od 10 godina.<\/li>\n<li><strong>Svestrana kompatibilnost:<\/strong> Njegova kompatibilnost sa oba <strong>13,56 MHz RFID sistemi<\/strong> i <strong>Ure\u0111aji koji podr\u017eavaju NFC<\/strong> \u010dini ga svestranim rje\u0161enjem za razne primjene.<\/li>\n<\/ul>\n<p>Zaronimo dublje u klju\u010dne karakteristike i prednosti Ntag213 NFC privezka za klju\u010deve.<\/p>\n<hr \/>\n<h2>NFC tehnologija: okosnica modernih sigurnosnih rje\u0161enja<\/h2>\n<p>NFC (Near-Field Communication) tehnologija je pokreta\u010dka snaga beskontaktnih pristupnih sistema. <strong>Ntag213<\/strong> je jedna od najpopularnijih NFC oznaka koju je razvio <strong>NXP\u00ae Semiconductors<\/strong>, pridr\u017eavaju\u0107i se <strong>NFC Forum Tip 2 oznake<\/strong> standard. Ova uskla\u0111enost osigurava da ure\u0111aj besprijekorno radi sa pametnim telefonima, tabletima i namjenskim NFC \u010dita\u010dima koji podr\u017eavaju NFC.<\/p>\n<h3>Besprekorna integracija sa sistemima kontrole pristupa<\/h3>\n<p>Bilo da je a <strong>sistem ulaska u hotel<\/strong>, <strong>kancelarijski ulaz bez klju\u010da<\/strong>, ili li\u010dni sistem kontrole pristupa, NFC tehnologija pojednostavljuje proces. The <strong>Ntag213 NFC privezak za klju\u010deve<\/strong> je kriti\u010dna komponenta modernih pristupnih rje\u0161enja, koja nudi a <strong>siguran, beskontaktni metod<\/strong> za otklju\u010davanje vrata, pristup zabranjenim podru\u010djima, pa \u010dak i pla\u0107anje. Sa svojim intuitivnim funkcijama blizine, korisnici mogu otklju\u010dati vrata jednostavnim dr\u017eanjem fob-a u blizini \u010dita\u010da koji podr\u017eava NFC.<\/p>\n<h3>Pove\u0107ana udobnost korisnika<\/h3>\n<p>NFC tehnologija elimini\u0161e potrebu za tradicionalnim klju\u010devima ili fizi\u010dkim karticama, omogu\u0107avaju\u0107i br\u017ei i efikasniji pristup. The <strong>udaljenost \u010ditanja<\/strong> do 100 mm (u zavisnosti od geometrije antene) osigurava da se privezak za klju\u010deve mo\u017ee lako skenirati bez potrebe za direktnim kontaktom. Ova funkcija pru\u017ea dodatnu pogodnost i vlasnicima preduze\u0107a i korisnicima.<\/p>\n<hr \/>\n<h2>Klju\u010dne karakteristike Ntag213 NFC privezka za klju\u010deve<\/h2>\n<h3>1. <strong>Ugra\u0111ene sigurnosne funkcije za siguran pristup<\/strong><\/h3>\n<p>Sigurnost je glavni prioritet kada je u pitanju kontrola pristupa i <strong>Ntag213 NFC privezak za klju\u010deve<\/strong> pru\u017ea upravo to. Sa svojim <strong>jedinstveni 7-bajtni UID<\/strong>, ure\u0111aj osigurava da je svaki privjesak za klju\u010deve jedinstven, sprje\u010davaju\u0107i neovla\u0161teno umno\u017eavanje. The <strong>za\u0161tita lozinkom<\/strong> i <strong>Potpis originalnosti zasnovan na ECC-u<\/strong> dodatno za\u0161titite podatke i osigurajte da se fob ne mo\u017ee mijenjati.<\/p>\n<ul>\n<li><strong>Za\u0161tita lozinkom<\/strong>: Mogu\u0107nost konfigurisanja 32-bitne lozinke osigurava da samo ovla\u0161teni korisnici mogu pristupiti sistemu.<\/li>\n<li><strong>ECC potpis<\/strong>: The <strong>Potpis originalnosti zasnovan na ECC-u<\/strong> nudi dodatni nivo sigurnosti, \u0161to ote\u017eava prevarantima da krivotvore privezak za klju\u010deve.<\/li>\n<\/ul>\n<h3>2. <strong>Upotreba u vi\u0161e aplikacija<\/strong><\/h3>\n<p>Jedna od najzna\u010dajnijih prednosti <strong>Ntag213 NFC privezak za klju\u010deve<\/strong> je njegova svestranost. Mo\u017ee se koristiti za razli\u010dite aplikacije, uklju\u010duju\u0107i:<\/p>\n<ul>\n<li><strong>Kontrola pristupa:<\/strong> Koristi se za otklju\u010davanje vrata u uredima, hotelima ili domovima.<\/li>\n<li><strong>Sistemi pla\u0107anja:<\/strong> Sigurno, beskontaktno pla\u0107anje putem mobilne NFC integracije.<\/li>\n<li><strong>Autentifikacija proizvoda:<\/strong> Provjerite autenti\u010dnost vrhunskih proizvoda ili robe.<\/li>\n<li><strong>Pametno ogla\u0161avanje:<\/strong> Pobolj\u0161ajte marketin\u0161ke kampanje izvan ku\u0107e koriste\u0107i NFC oznake ugra\u0111ene u \u0161tampane medije.<\/li>\n<\/ul>\n<h3>3. <strong>Trajnost i dugove\u010dnost<\/strong><\/h3>\n<p>Sa a <strong>izdr\u017eljivost pisanja od 100.000 ciklusa<\/strong> i a <strong>vreme zadr\u017eavanja podataka od 10 godina<\/strong>, the <strong>Ntag213 NFC privezak za klju\u010deve<\/strong> je izgra\u0111en da traje. Bilo da se koristi svakodnevno u u\u017eurbanom uredskom okru\u017eenju ili kao dio aplikacije sa malim prometom, ovaj privjesak za klju\u010deve mo\u017ee izdr\u017eati dugotrajnu upotrebu bez pogor\u0161anja performansi.<\/p>\n<h3>4. <strong>Kompaktan i lagan dizajn<\/strong><\/h3>\n<p>Ntag213 privjesak za klju\u010deve je kompaktan i lagan, \u0161to ga \u010dini lakim za no\u0161enje. Jeste <strong>kompatibilan sa privjescima za klju\u010deve<\/strong>, omogu\u0107avaju\u0107i korisnicima da ga prika\u010de na svoje klju\u010deve radi lak\u0161eg pristupa. The <strong>mali otisak<\/strong> \u010dini ga idealnim za aplikacije koje zahtijevaju rje\u0161enja za u\u0161tedu prostora, kao \u0161to su ugra\u0111ene oznake u etikete proizvoda ili kartice za igre.<\/p>\n<hr \/>\n<h2>Uticaj na \u017eivotnu sredinu i odr\u017eivost<\/h2>\n<p>Kako preduze\u0107a i potro\u0161a\u010di nastavljaju da daju prioritet odr\u017eivosti, <strong>Ntag213 NFC privezak za klju\u010deve<\/strong> dizajnirana je s obzirom na ekolo\u0161ku odgovornost. Njegovo <strong>niska potro\u0161nja energije<\/strong> i dugotrajna izdr\u017eljivost doprinose smanjenju otpada i manjem broju zamjena tokom vremena. Pored toga, kao a <strong>pasivna RFID oznaka<\/strong>, Ntag213 ne zahteva bateriju da bi funkcionisao, \u0161to dodatno minimizira njegov uticaj na \u017eivotnu sredinu.<\/p>\n<hr \/>\n<h2>Kako koristiti Ntag213 NFC privezak za klju\u010deve<\/h2>\n<p>Koriste\u0107i <strong>Ntag213 NFC privezak za klju\u010deve<\/strong> je jednostavan i jasan:<\/p>\n<ol>\n<li><strong>Programiranje<\/strong>: Koristite kompatibilan NFC softver ili \u010dita\u010de da programirate privezak za klju\u010deve s potrebnim informacijama, kao \u0161to su pristupne vjerodajnice ili informacije o pla\u0107anju.<\/li>\n<li><strong>Integracija<\/strong>: Integrirajte fob sa NFC-omogu\u0107enim sistemom kontrole pristupa ili terminalom za pla\u0107anje.<\/li>\n<li><strong>Aktivacija<\/strong>: Dr\u017eite privezak za klju\u010deve blizu NFC \u010dita\u010da da biste dobili pristup ili dovr\u0161ili transakciju. The <strong>beskontaktno<\/strong> interakcija osigurava nesmetanu i efikasnu upotrebu.<\/li>\n<\/ol>\n<hr \/>\n<h2>Recenzije kupaca<\/h2>\n<p>Mnogi korisnici su pohvalili <strong>Ntag213 NFC privezak za klju\u010deve<\/strong> za svoje <strong>jednostavnost upotrebe<\/strong>, <strong>sigurnost<\/strong>, i <strong>pouzdanost<\/strong>. Evo nekoliko izjava zadovoljnih kupaca:<\/p>\n<ul>\n<li><strong>John D., menad\u017eer ureda<\/strong>: \u201eNtag213 je u\u010dinio pristup na\u0161oj poslovnoj zgradi lak\u0161im nego ikad. Bezbedan je, jednostavan za upotrebu i vi\u0161e ne moram da brinem o izgubljenim klju\u010devima.\u201d<\/li>\n<li><strong>Sarah T., vlasnica hotela<\/strong>: \u201eImplementirali smo Ntag213 za na\u0161 sistem hotelskih klju\u010deva i zna\u010dajno je pobolj\u0161ao zadovoljstvo gostiju. Brz je, siguran i vrlo zgodan.\u201d<\/li>\n<\/ul>\n<hr \/>\n<h2>FAQs<\/h2>\n<h3>P1: Mogu li sam programirati Ntag213 privjesak za klju\u010deve?<\/h3>\n<p>Da, Ntag213 privezak za klju\u010deve mo\u017eete programirati koriste\u0107i kompatibilne NFC \u010dita\u010de i softver. Ovo olak\u0161ava integraciju fob-a sa va\u0161im postoje\u0107im sistemima.<\/p>\n<h3>P2: Koliko dugo traje baterija Ntag213 privezka za klju\u010deve?<\/h3>\n<p>Ntag213 privezak za klju\u010deve ne zahtijeva bateriju jer radi pomo\u0107u <strong>pasivna RFID tehnologija<\/strong>, crpi energiju iz NFC \u010dita\u010da kada je u neposrednoj blizini.<\/p>\n<h3>P3: Koji je opseg \u010ditanja Ntag213 NFC privjeska?<\/h3>\n<p>Uobi\u010dajeni raspon o\u010ditavanja je do 100 mm, ovisno o faktorima kao \u0161to su <strong>dizajn antene za \u010ditanje<\/strong> i ja\u010dinu polja.<\/p>\n<hr \/>\n<h2>Zaklju\u010dak: Za\u0161to odabrati Ntag213 NFC privezak za klju\u010deve?<\/h2>\n<p>The <strong>Ntag213 NFC privezak za klju\u010deve<\/strong> nudi idealnu kombinaciju sigurnosti, pouzdanosti i pogodnosti za korisnika. Njegovo <strong>beskontaktna tehnologija<\/strong>, <strong>kompaktan dizajn<\/strong>, i <strong>svestranost u vi\u0161e aplikacija<\/strong> \u010dine ga savr\u0161enim izborom za moderne sisteme kontrole pristupa, pla\u0107anja i identifikacije. Bilo da ste kompanija koja \u017eeli da pobolj\u0161a svoju bezbednosnu infrastrukturu ili korisnik koji tra\u017ei pogodno, sigurno re\u0161enje za va\u0161e potrebe li\u010dnog pristupa, Ntag213 je mudra investicija.<\/p>\n<p>Osigurajte svoj pristup danas sa <strong>Ntag213 NFC privezak za klju\u010deve<\/strong>\u2014budu\u0107nost beskontaktne sigurnosti je tu.<\/p>","protected":false},"excerpt":{"rendered":"<p><strong>Ntag213 NFC privezak za klju\u010deve<\/strong> nudi idealnu kombinaciju sigurnosti, pouzdanosti i pogodnosti za korisnika. Njegovo <strong>beskontaktna tehnologija<\/strong>, <strong>kompaktan dizajn<\/strong>, i <strong>svestranost u vi\u0161e aplikacija<\/strong> \u010dine ga savr\u0161enim izborom za moderne sisteme kontrole pristupa, pla\u0107anja i identifikacije.<\/p>","protected":false},"featured_media":2845,"template":"","meta":{"_kad_post_transparent":"default","_kad_post_title":"","_kad_post_layout":"default","_kad_post_sidebar_id":"","_kad_post_content_style":"default","_kad_post_vertical_padding":"default","_kad_post_feature":"","_kad_post_feature_position":"","_kad_post_header":false,"_kad_post_footer":false,"_kad_post_classname":""},"product_brand":[],"product_cat":[54],"product_tag":[348,346,349,344,345,343],"class_list":{"0":"post-2850","1":"product","2":"type-product","3":"status-publish","4":"has-post-thumbnail","6":"product_cat-hot-selling-rfid-tags","7":"product_tag-nfc-key-fobs-ntag213","8":"product_tag-nfc-key-tag","9":"product_tag-nfc-key-tags","10":"product_tag-nfc-keychain","11":"product_tag-rfid-fob","12":"product_tag-rfid-keyfobs","14":"first","15":"instock","16":"shipping-taxable","17":"product-type-simple","18":"entry","19":"content-bg","20":"loop-entry"},"_links":{"self":[{"href":"https:\/\/rfid-laundry-tag.com\/bs\/wp-json\/wp\/v2\/product\/2850","targetHints":{"allow":["GET"]}}],"collection":[{"href":"https:\/\/rfid-laundry-tag.com\/bs\/wp-json\/wp\/v2\/product"}],"about":[{"href":"https:\/\/rfid-laundry-tag.com\/bs\/wp-json\/wp\/v2\/types\/product"}],"version-history":[{"count":2,"href":"https:\/\/rfid-laundry-tag.com\/bs\/wp-json\/wp\/v2\/product\/2850\/revisions"}],"predecessor-version":[{"id":2852,"href":"https:\/\/rfid-laundry-tag.com\/bs\/wp-json\/wp\/v2\/product\/2850\/revisions\/2852"}],"wp:featuredmedia":[{"embeddable":true,"href":"https:\/\/rfid-laundry-tag.com\/bs\/wp-json\/wp\/v2\/media\/2845"}],"wp:attachment":[{"href":"https:\/\/rfid-laundry-tag.com\/bs\/wp-json\/wp\/v2\/media?parent=2850"}],"wp:term":[{"taxonomy":"product_brand","embeddable":true,"href":"https:\/\/rfid-laundry-tag.com\/bs\/wp-json\/wp\/v2\/product_brand?post=2850"},{"taxonomy":"product_cat","embeddable":true,"href":"https:\/\/rfid-laundry-tag.com\/bs\/wp-json\/wp\/v2\/product_cat?post=2850"},{"taxonomy":"product_tag","embeddable":true,"href":"https:\/\/rfid-laundry-tag.com\/bs\/wp-json\/wp\/v2\/product_tag?post=2850"}],"curies":[{"name":"radni list","href":"https:\/\/api.w.org\/{rel}","templated":true}]}}