{"id":2843,"date":"2024-11-05T12:37:22","date_gmt":"2024-11-05T12:37:22","guid":{"rendered":"https:\/\/rfid-laundry-tag.com\/?post_type=product&#038;p=2843"},"modified":"2024-11-05T12:37:24","modified_gmt":"2024-11-05T12:37:24","slug":"rfid-keyfobs-mifare-s50-1k","status":"publish","type":"product","link":"https:\/\/rfid-laundry-tag.com\/bs\/rfid-keyfobs-mifare-s50-1k\/","title":{"rendered":"RFID privezak Mifare S50 1K"},"content":{"rendered":"<h2>RFID privezak Mifare S50 1K<\/h2>\n<p><span class=\"AnswerParser_TextContainer__z_Iiv\" data-testid=\"youchat-text\">Svestrani <strong>RFID privezak za klju\u010deve<\/strong> predstavlja savr\u0161en spoj pogodnosti i sigurnosti za moderne sisteme kontrole pristupa. Dostupni na frekvencijama od 13,56MHz i 125KHz, ovi kompaktni ure\u0111aji nude pouzdanu identifikaciju i neometano upravljanje pristupom za razli\u010dite aplikacije.<\/span><\/p>\n<p>NXP<sup>\u00ae<\/sup>\u00a0je razvio MIFARE<sup>\u00ae<\/sup>\u00a0MF1ICS50 za kori\u0161tenje u beskontaktnoj pametnoj kartici prema ISO\/IEC 14443 tip-A.<\/p>\n<p>MIFARE MF1ICS50 IC se koristi u aplikacijama kao \u0161to je izdavanje karata u javnom prevozu gde su veliki gradovi usvojili MIFARE kao svoje re\u0161enje za e-karte po izboru.<\/p>\n<p>Inteligentna funkcija protiv sudara omogu\u0107ava rad sa vi\u0161e od jedne kartice na terenu istovremeno. Algoritam protiv kolizije odabire svaku karticu pojedina\u010dno i osigurava da se izvr\u0161enje transakcije s odabranom karticom izvr\u0161i ispravno bez o\u0161te\u0107enja podataka koja bi bila posljedica drugih kartica na terenu.<\/p>\n<p>MF1ICS50 je dizajniran za jednostavnu integraciju i prakti\u010dnost korisnika. \u0160to bi moglo omogu\u0107iti da se kompletne transakcije tiketinga obra\u0111uju za manje od 100 ms. Dakle, korisnik kartice MF1ICS50 nije primoran da se zaustavlja kod \u010dita\u010da \u0161to dovodi do velike propusnosti na kapiji i smanjenog vremena ulaska u autobuse. MIFARE kartica zasnovana na proizvodu tako\u0111e mo\u017ee ostati u nov\u010daniku tokom transakcije, \u010dak i ako u njoj ima nov\u010di\u0107a.<\/p>\n<h3>Karakteristike Mifare S50 1K \u010dipa<\/h3>\n<div id=\"featuresXsp\" class=\"features-list\">\n<div class=\"features-xsp\">\n<div class=\"collapse-mobile ste-list\">\n<h3>MIFARE, RF su\u010delje (ISO\/IEC 14443 A)<\/h3>\n<ul class=\"boxes\">\n<li>Beskontaktni prijenos podataka i napajanje energijom (nije potrebna baterija)<\/li>\n<li>Radna udaljenost: do 100 mm (u zavisnosti od geometrije antene)<\/li>\n<li>Radna frekvencija: 13,56 MHz<\/li>\n<li>Prijenos podataka: 106 kbit\/s<\/li>\n<li>Integritet podataka: 16-bitni CRC, paritet, bitsko kodiranje, brojanje bitova<\/li>\n<li>Anti-sudar<\/li>\n<li>Tipi\u010dna transakcija tiketa: &lt; 100 ms (uklju\u010duju\u0107i upravljanje rezervnim kopijama)<\/li>\n<\/ul>\n<\/div>\n<div class=\"collapse-mobile ste-list\">\n<h3>EEPROM<\/h3>\n<ul class=\"boxes\">\n<li>1 kB \u2013 4 kB, organizovano u 16 sektora sa 4 bloka od po 16 bajtova (jedan blok se sastoji od 16 bajtova)<\/li>\n<li>Uslovi pristupa koje defini\u0161e korisnik za svaki memorijski blok<\/li>\n<li>Zadr\u017eavanje podataka 10 godina<\/li>\n<li>Izdr\u017eljivost pisanja 100.000 \u2013 200.000 ciklusa<\/li>\n<\/ul>\n<\/div>\n<div class=\"collapse-mobile ste-list\">\n<h3>Sigurnost<\/h3>\n<ul class=\"boxes\">\n<li>Me\u0111usobna autentifikacija u tri prolaza (ISO\/IEC DIS 9798-2)<\/li>\n<li>Individualni skup od dva klju\u010da po sektoru (po aplikaciji) za podr\u0161ku vi\u0161e aplikacija sa hijerarhijom klju\u010deva<\/li>\n<li>Jedinstveni serijski broj za svaki ure\u0111aj<\/li>\n<\/ul>\n<\/div>\n<div class=\"collapse-mobile ste-list\">\n<h3>Mogu\u0107nosti dostave<\/h3>\n<ul class=\"boxes\">\n<li>Umri na oblatni<\/li>\n<li>Naba\u010dena matrica na plo\u010dicu<\/li>\n<li>MOA4 ili MOA2 modul beskontaktne kartice<\/li>\n<\/ul>\n<\/div>\n<\/div>\n<\/div>\n<h2 class=\"AnswerParser_AnswerParserH2__SIHnF\">Pregled proizvoda i tehni\u010dke specifikacije<\/h2>\n<p><span class=\"AnswerParser_TextContainer__z_Iiv\" data-testid=\"youchat-text\">Karakteristike na\u0161ih RFID privjesaka za klju\u010deve:<\/span><\/p>\n<ul class=\"AnswerParser_AnswerParserUnorderedList__P_1FW\">\n<li class=\"AnswerParser_ListItem__XqLOV\" translate=\"yes\">Dvofrekventne opcije: 13,56MHz<\/li>\n<li class=\"AnswerParser_ListItem__XqLOV\" translate=\"yes\">Izdr\u017eljiva ABS ili ko\u017ena konstrukcija<\/li>\n<li class=\"AnswerParser_ListItem__XqLOV\" translate=\"yes\">Kompatibilan sa glavnim sistemima kontrole pristupa<\/li>\n<li class=\"AnswerParser_ListItem__XqLOV\" translate=\"yes\">Programabilni UID<\/li>\n<li class=\"AnswerParser_ListItem__XqLOV\" translate=\"yes\">Vodootporan dizajn<\/li>\n<li class=\"AnswerParser_ListItem__XqLOV\" translate=\"yes\">Za\u0161tita od blokiranja signala<\/li>\n<\/ul>\n<h2 class=\"AnswerParser_AnswerParserH2__SIHnF\">Napredne sigurnosne funkcije<\/h2>\n<p><span class=\"AnswerParser_TextContainer__z_Iiv\" data-testid=\"youchat-text\">Sigurnost je najva\u017enija u dizajnu na\u0161eg privjeska:<\/span><\/p>\n<ul class=\"AnswerParser_AnswerParserUnorderedList__P_1FW\">\n<li class=\"AnswerParser_ListItem__XqLOV\" translate=\"yes\"><strong>Tehnologija protiv kloniranja<\/strong>: Spre\u010dava neovla\u0161teno umno\u017eavanje<\/li>\n<li class=\"AnswerParser_ListItem__XqLOV\" translate=\"yes\"><strong>\u0160ifrovana komunikacija<\/strong>: Siguran prijenos podataka<\/li>\n<li class=\"AnswerParser_ListItem__XqLOV\" translate=\"yes\"><strong>Jedinstveni identifikator<\/strong>: Svaki privjesak ima poseban UID<\/li>\n<li class=\"AnswerParser_ListItem__XqLOV\" translate=\"yes\"><strong>Za\u0161tita signala<\/strong>: Opciona tehnologija Faraday kaveza dostupna<\/li>\n<\/ul>\n<h2 class=\"AnswerParser_AnswerParserH2__SIHnF\">Aplikacije i slu\u010dajevi upotrebe<\/h2>\n<p><span class=\"AnswerParser_TextContainer__z_Iiv\" data-testid=\"youchat-text\">Ove svestrane <strong>RFID privezak Mifare S50 1K<\/strong> izvrsni u:<\/span><\/p>\n<ul class=\"AnswerParser_AnswerParserUnorderedList__P_1FW\">\n<li class=\"AnswerParser_ListItem__XqLOV\" translate=\"yes\">Sistemi kontrole pristupa vratima<\/li>\n<li class=\"AnswerParser_ListItem__XqLOV\" translate=\"yes\">Pristup hotelskoj sobi<\/li>\n<li class=\"AnswerParser_ListItem__XqLOV\" translate=\"yes\">Ulaz u vozilo bez klju\u010da<\/li>\n<li class=\"AnswerParser_ListItem__XqLOV\" translate=\"yes\">Pra\u0107enje radnog vremena<\/li>\n<li class=\"AnswerParser_ListItem__XqLOV\" translate=\"yes\">Sistemi pla\u0107anja<\/li>\n<li class=\"AnswerParser_ListItem__XqLOV\" translate=\"yes\">Upravljanje \u010dlanstvom u klubu\/SPA<\/li>\n<li class=\"AnswerParser_ListItem__XqLOV\" translate=\"yes\">Kontrola pristupa parkingu<\/li>\n<\/ul>\n<h2 class=\"AnswerParser_AnswerParserH2__SIHnF\">Dizajn i izdr\u017eljivost<\/h2>\n<p><span class=\"AnswerParser_TextContainer__z_Iiv\" data-testid=\"youchat-text\">Na\u0161i privjesci za klju\u010deve dizajnirani su za dugovje\u010dnost:<\/span><\/p>\n<ul class=\"AnswerParser_AnswerParserUnorderedList__P_1FW\">\n<li class=\"AnswerParser_ListItem__XqLOV\" translate=\"yes\">ABS ku\u0107i\u0161te otporno na udarce<\/li>\n<li class=\"AnswerParser_ListItem__XqLOV\" translate=\"yes\">Izbor opcija vrhunske ko\u017ee<\/li>\n<li class=\"AnswerParser_ListItem__XqLOV\" translate=\"yes\">Oja\u010dani privjesak za klju\u010deve<\/li>\n<li class=\"AnswerParser_ListItem__XqLOV\" translate=\"yes\">Konstrukcija otporna na vremenske uslove<\/li>\n<li class=\"AnswerParser_ListItem__XqLOV\" translate=\"yes\">Dostupan u vi\u0161e boja<\/li>\n<\/ul>\n<h2 class=\"AnswerParser_AnswerParserH2__SIHnF\">Tabela tehni\u010dkih specifikacija<\/h2>\n<div class=\"AnswerParser_TableContainer__Erb6v\" data-testid=\"table-container\">\n<table>\n<thead>\n<tr>\n<th style=\"text-align: left;\">Feature<\/th>\n<th style=\"text-align: left;\">Specifikacija<\/th>\n<\/tr>\n<\/thead>\n<tbody>\n<tr>\n<td>Opcije frekvencije<\/td>\n<td>13.56MHz<\/td>\n<\/tr>\n<tr>\n<td>Read Range<\/td>\n<td>Do 5 cm<\/td>\n<\/tr>\n<tr>\n<td>Memorija<\/td>\n<td>1K (Mifare S50)<\/td>\n<\/tr>\n<tr>\n<td>Materijal<\/td>\n<td>ABS ili ko\u017ea<\/td>\n<\/tr>\n<tr>\n<td>Veli\u010dina<\/td>\n<td>40mm x 30mm x 6mm<\/td>\n<\/tr>\n<tr>\n<td>Radna temperatura<\/td>\n<td>-20\u00b0C do +70\u00b0C<\/td>\n<\/tr>\n<\/tbody>\n<\/table>\n<\/div>\n<h2 class=\"AnswerParser_AnswerParserH2__SIHnF\">Opcije prilago\u0111avanja<\/h2>\n<p><span class=\"AnswerParser_TextContainer__z_Iiv\" data-testid=\"youchat-text\">Nudimo opse\u017eno prilago\u0111avanje:<\/span><\/p>\n<ul class=\"AnswerParser_AnswerParserUnorderedList__P_1FW\">\n<li class=\"AnswerParser_ListItem__XqLOV\" translate=\"yes\">\u0160tampanje logotipa<\/li>\n<li class=\"AnswerParser_ListItem__XqLOV\" translate=\"yes\">Prilago\u0111ene boje<\/li>\n<li class=\"AnswerParser_ListItem__XqLOV\" translate=\"yes\">Kodiranje serijskog broja<\/li>\n<li class=\"AnswerParser_ListItem__XqLOV\" translate=\"yes\">Specijalno pakovanje<\/li>\n<li class=\"AnswerParser_ListItem__XqLOV\" translate=\"yes\">Dostupne velike koli\u010dine<\/li>\n<\/ul>\n<h3 class=\"AnswerParser_AnswerParserH3__Mpe4s\">Klju\u010dne prednosti:<\/h3>\n<ol class=\"AnswerParser_AnswerParserOrderedList__kl_2Y\">\n<li class=\"AnswerParser_ListItem__XqLOV\" translate=\"yes\"><strong>Pogodnost<\/strong>: Jednostavan za no\u0161enje i kori\u0161tenje<\/li>\n<li class=\"AnswerParser_ListItem__XqLOV\" translate=\"yes\"><strong>Trajnost<\/strong>: Napravljen da traje<\/li>\n<li class=\"AnswerParser_ListItem__XqLOV\" translate=\"yes\"><strong>Svestranost<\/strong>: Vi\u0161e aplikacija<\/li>\n<li class=\"AnswerParser_ListItem__XqLOV\" translate=\"yes\"><strong>Sigurnost<\/strong>: Napredno \u0161ifriranje<\/li>\n<li class=\"AnswerParser_ListItem__XqLOV\" translate=\"yes\"><strong>Prilagodba<\/strong>: Fleksibilne opcije<\/li>\n<\/ol>\n<blockquote><p><span class=\"AnswerParser_TextContainer__z_Iiv\" data-testid=\"youchat-text\">\u201cNa\u0161i RFID privjesci za klju\u010deve pru\u017eaju savr\u0161en balans sigurnosti i pogodnosti za potrebe moderne kontrole pristupa.\u201d<\/span><\/p><\/blockquote>\n<h2 class=\"AnswerParser_AnswerParserH2__SIHnF\">Instalacija i pode\u0161avanje<\/h2>\n<p><span class=\"AnswerParser_TextContainer__z_Iiv\" data-testid=\"youchat-text\">Jednostavan proces implementacije:<\/span><\/p>\n<ol class=\"AnswerParser_AnswerParserOrderedList__kl_2Y\">\n<li class=\"AnswerParser_ListItem__XqLOV\" translate=\"yes\">Odaberite vrstu frekvencije<\/li>\n<li class=\"AnswerParser_ListItem__XqLOV\" translate=\"yes\">Jedinstveni identifikatori programa<\/li>\n<li class=\"AnswerParser_ListItem__XqLOV\" translate=\"yes\">Registrirajte se sa sistemom kontrole pristupa<\/li>\n<li class=\"AnswerParser_ListItem__XqLOV\" translate=\"yes\">Testirajte funkcionalnost<\/li>\n<li class=\"AnswerParser_ListItem__XqLOV\" translate=\"yes\">Postavite korisnicima<\/li>\n<\/ol>\n<h2 class=\"AnswerParser_AnswerParserH2__SIHnF\">Informacije o naru\u010divanju<\/h2>\n<ul class=\"AnswerParser_AnswerParserUnorderedList__P_1FW\">\n<li class=\"AnswerParser_ListItem__XqLOV\" translate=\"yes\">Minimalna narud\u017eba: 200 komada<\/li>\n<li class=\"AnswerParser_ListItem__XqLOV\" translate=\"yes\">Dostupni su masovni popusti<\/li>\n<li class=\"AnswerParser_ListItem__XqLOV\" translate=\"yes\">Narud\u017ebe uzoraka dobrodo\u0161le<\/li>\n<li class=\"AnswerParser_ListItem__XqLOV\" translate=\"yes\">Brzi rokovi isporuke<\/li>\n<li class=\"AnswerParser_ListItem__XqLOV\" translate=\"yes\">Uklju\u010dena tehni\u010dka podr\u0161ka<\/li>\n<\/ul>\n<p><span class=\"AnswerParser_TextContainer__z_Iiv\" data-testid=\"youchat-text\">Kontaktirajte nas danas za cijene i razgovor o tome kako na\u0161i RFID privjesci za klju\u010deve mogu pobolj\u0161ati va\u0161 sistem kontrole pristupa. Prilago\u0111ena rje\u0161enja i koli\u010dinske cijene dostupne na zahtjev.<\/span><\/p>","protected":false},"excerpt":{"rendered":"<p>RFID privezak Mifare S50 1K ,na\u0161 <strong>RFID privjesci za klju\u010deve<\/strong> nude opcije dvostruke frekvencije (13,56MHz\/125KHz), izdr\u017eljiv dizajn, programabilni UID i napredne sigurnosne funkcije poput anti-kloniranja i \u0161ifrirane komunikacije.<\/p>","protected":false},"featured_media":2844,"template":"","meta":{"_kad_post_transparent":"default","_kad_post_title":"","_kad_post_layout":"default","_kad_post_sidebar_id":"","_kad_post_content_style":"default","_kad_post_vertical_padding":"default","_kad_post_feature":"","_kad_post_feature_position":"","_kad_post_header":false,"_kad_post_footer":false,"_kad_post_classname":""},"product_brand":[],"product_cat":[54],"product_tag":[347,346,344,345,343],"class_list":{"0":"post-2843","1":"product","2":"type-product","3":"status-publish","4":"has-post-thumbnail","6":"product_cat-hot-selling-rfid-tags","7":"product_tag-mifare-key-fobs","8":"product_tag-nfc-key-tag","9":"product_tag-nfc-keychain","10":"product_tag-rfid-fob","11":"product_tag-rfid-keyfobs","13":"first","14":"instock","15":"shipping-taxable","16":"product-type-simple","17":"entry","18":"content-bg","19":"loop-entry"},"_links":{"self":[{"href":"https:\/\/rfid-laundry-tag.com\/bs\/wp-json\/wp\/v2\/product\/2843","targetHints":{"allow":["GET"]}}],"collection":[{"href":"https:\/\/rfid-laundry-tag.com\/bs\/wp-json\/wp\/v2\/product"}],"about":[{"href":"https:\/\/rfid-laundry-tag.com\/bs\/wp-json\/wp\/v2\/types\/product"}],"version-history":[{"count":2,"href":"https:\/\/rfid-laundry-tag.com\/bs\/wp-json\/wp\/v2\/product\/2843\/revisions"}],"predecessor-version":[{"id":2849,"href":"https:\/\/rfid-laundry-tag.com\/bs\/wp-json\/wp\/v2\/product\/2843\/revisions\/2849"}],"wp:featuredmedia":[{"embeddable":true,"href":"https:\/\/rfid-laundry-tag.com\/bs\/wp-json\/wp\/v2\/media\/2844"}],"wp:attachment":[{"href":"https:\/\/rfid-laundry-tag.com\/bs\/wp-json\/wp\/v2\/media?parent=2843"}],"wp:term":[{"taxonomy":"product_brand","embeddable":true,"href":"https:\/\/rfid-laundry-tag.com\/bs\/wp-json\/wp\/v2\/product_brand?post=2843"},{"taxonomy":"product_cat","embeddable":true,"href":"https:\/\/rfid-laundry-tag.com\/bs\/wp-json\/wp\/v2\/product_cat?post=2843"},{"taxonomy":"product_tag","embeddable":true,"href":"https:\/\/rfid-laundry-tag.com\/bs\/wp-json\/wp\/v2\/product_tag?post=2843"}],"curies":[{"name":"radni list","href":"https:\/\/api.w.org\/{rel}","templated":true}]}}