{"id":2830,"date":"2024-11-04T15:27:11","date_gmt":"2024-11-04T15:27:11","guid":{"rendered":"https:\/\/rfid-laundry-tag.com\/?post_type=product&#038;p=2830"},"modified":"2024-11-04T15:36:34","modified_gmt":"2024-11-04T15:36:34","slug":"washable-laundry-rfid-tags-manufacturer","status":"publish","type":"product","link":"https:\/\/rfid-laundry-tag.com\/bs\/washable-laundry-rfid-tags-manufacturer\/","title":{"rendered":"Proizvo\u0111a\u010d RFID oznaka za pranje rublja"},"content":{"rendered":"<div>\n<div class=\"auto-hide-last-sibling-br paragraph_1252f paragraph-element\">\n<h1 class=\"AnswerParser_AnswerParserH1__6UNv6\">Proizvo\u0111a\u010d RFID oznaka za pranje rublja<\/h1>\n<h1 class=\"AnswerParser_AnswerParserH1__6UNv6\">RFID oznake za pranje ve\u0161a<\/h1>\n<table width=\"637\">\n<tbody>\n<tr>\n<td width=\"328\">Naziv artikla:<\/td>\n<td width=\"309\">RFID oznake za pranje ve\u0161a<\/td>\n<\/tr>\n<tr>\n<td width=\"328\">RFID standard:<\/td>\n<td width=\"309\">ISO\/IEC 18000-6 TypeC (EPC Gen2)<\/td>\n<\/tr>\n<tr>\n<td width=\"328\">Veli\u010dina i te\u017eina:<\/td>\n<td width=\"309\">70\u00d715 mm, 0,6 g<\/td>\n<\/tr>\n<tr>\n<td width=\"328\">Vrsta \u010dipa:<\/td>\n<td width=\"309\">Impinj Monza 4QT,NXP U KOD 8,NXP U KOD 9<\/td>\n<\/tr>\n<tr>\n<td width=\"328\">EPC memorija:<\/td>\n<td width=\"309\">128bita<\/td>\n<\/tr>\n<tr>\n<td width=\"328\">Korisni\u010dka memorija:<\/td>\n<td width=\"309\">512bita<\/td>\n<\/tr>\n<tr>\n<td width=\"328\">Opseg o\u010ditavanja (2W ERP FCC):<\/td>\n<td width=\"309\">8m<\/td>\n<\/tr>\n<tr>\n<td width=\"328\">Opseg o\u010ditavanja (2W ERP ETSI):<\/td>\n<td width=\"309\">8m<\/td>\n<\/tr>\n<tr>\n<td width=\"328\">Ozna\u010davanje:<\/td>\n<td width=\"309\">\u0160ivanje, Ljepilo za vru\u0107e \u0161tancanje<\/td>\n<\/tr>\n<tr>\n<td width=\"328\">Procijenjeni vijek trajanja:<\/td>\n<td width=\"309\">200 ciklusa pranja ili 3 godine, \u0161to god nastupi prije<\/td>\n<\/tr>\n<tr>\n<td width=\"328\">Na\u010din pranja:<\/td>\n<td width=\"309\">Praonica rublja, Kemijsko \u010di\u0161\u0107enje<\/td>\n<\/tr>\n<tr>\n<td width=\"328\">Pritisak ekstrakcije vode:<\/td>\n<td width=\"309\">60 bara<\/td>\n<\/tr>\n<tr>\n<td width=\"328\">Otpornost na vodu:<\/td>\n<td width=\"309\">Otporan na vodu<\/td>\n<\/tr>\n<tr>\n<td width=\"328\">Hemijska otpornost:<\/td>\n<td width=\"309\">Deterd\u017eent, omek\u0161iva\u010d, izbjeljiva\u010d (kiseonik\/hlor), lu\u017eina<\/td>\n<\/tr>\n<tr>\n<td width=\"328\">Prethodno su\u0161enje u su\u0161ilici:<\/td>\n<td width=\"309\">125 \u00baC 15-20 minuta<\/td>\n<\/tr>\n<tr>\n<td width=\"328\">Temperatura sterilizacije:<\/td>\n<td width=\"309\">135\u00b0C 15-20 minuta<\/td>\n<\/tr>\n<tr>\n<td width=\"328\">Temperatura pranja:<\/td>\n<td width=\"309\">90\u00b0C, do 15 min.<\/td>\n<\/tr>\n<tr>\n<td width=\"328\">Vla\u017enost\/temperatura - rad:<\/td>\n<td width=\"309\">-20 do 110\u00b0C, 8 do 95%RH<\/td>\n<\/tr>\n<tr>\n<td width=\"328\">Vla\u017enost\/temperatura-skladi\u0161tenje:<\/td>\n<td width=\"309\">-40 do 110\u00b0C, 8 do 95%RH<\/td>\n<\/tr>\n<\/tbody>\n<\/table>\n<\/div>\n<div class=\"auto-hide-last-sibling-br paragraph_1252f paragraph-element\"><\/div>\n<\/div>\n<div class=\"auto-hide-last-sibling-br paragraph_1252f paragraph-element\">\n<div data-spm-anchor-id=\"a2700.details.0.i57.23b419c7xXORP0\"><span class=\"AnswerParser_TextContainer__z_Iiv\" data-testid=\"youchat-text\"><strong>RFID oznake za ve\u0161 koje se mogu prati<\/strong>\u00a0revolucioniraju na\u010din na koji ove organizacije prate i upravljaju svojom posteljinom, uniformama i drugim odjevnim predmetima. Kao vode\u0107i proizvo\u0111a\u010d ovih inovativnih oznaka, nudimo visokokvalitetna, izdr\u017eljiva i pouzdana rje\u0161enja koja pobolj\u0161avaju operativnu efikasnost i smanjuju tro\u0161kove.<\/span><span class=\"AnswerParser_TextContainer__z_Iiv\" data-testid=\"youchat-text\">Na\u0161\u00a0<strong>vodootporne perive RFID oznake za ve\u0161<\/strong> dizajnirani su da izdr\u017ee strogost procesa industrijskog pranja, osiguravaju\u0107i da va\u0161i sistemi pra\u0107enja i upravljanja ostanu efikasni \u010dak i nakon vi\u0161e ciklusa pranja. Sa vijekom trajanja do 200 pranja ili tri godine, ove oznake su pametna investicija za bilo koju operaciju pranja rublja.<\/span><\/div>\n<\/div>\n<div data-spm-anchor-id=\"a2700.details.0.i57.23b419c7xXORP0\"><\/div>\n<div class=\"auto-hide-last-sibling-br paragraph_1252f paragraph-element\">\n<h2 class=\"AnswerParser_AnswerParserH2__SIHnF\">Pregled proizvoda<\/h2>\n<h3 class=\"AnswerParser_AnswerParserH3__Mpe4s\">1. \u0160ta su RFID oznake za pranje ve\u0161a?<\/h3>\n<p><span class=\"AnswerParser_TextContainer__z_Iiv\" data-testid=\"youchat-text\">RFID oznake za rublje koje se mogu prati su specijalizirane oznake dizajnirane za pra\u0107enje tekstila u operacijama pranja rublja. Oni koriste RFID tehnologiju za prijenos podataka do RFID \u010dita\u010da, omogu\u0107avaju\u0107i automatizirano pra\u0107enje i upravljanje predmetima za pranje rublja. Ove oznake su neophodne za industrije koje zahtijevaju preciznu kontrolu zaliha i efikasno upravljanje odjevnim predmetima.<\/span><\/p>\n<h3 class=\"AnswerParser_AnswerParserH3__Mpe4s\">2. Klju\u010dne karakteristike na\u0161ih RFID oznaka za pranje rublja<\/h3>\n<p><span class=\"AnswerParser_TextContainer__z_Iiv\" data-testid=\"youchat-text\">Na\u0161e RFID oznake za pranje rublja dolaze s nekoliko funkcija koje ih \u010dine idealnim za razli\u010dite primjene u pranju rublja. Izra\u0111eni su od izdr\u017eljivih materijala koji mogu izdr\u017eati visoke temperature i jake kemikalije, osiguravaju\u0107i dugovje\u010dnost i pouzdanost. Oznake su tako\u0111er dizajnirane da se \u0161iju ili lijepe za odje\u0107u, pru\u017eaju\u0107i fleksibilnost u na\u010dinu na koji se mogu koristiti.<\/span><\/p>\n<h3 class=\"AnswerParser_AnswerParserH3__Mpe4s\">3. Prednosti kori\u0161tenja RFID oznaka za perivo rublje<\/h3>\n<p><span class=\"AnswerParser_TextContainer__z_Iiv\" data-testid=\"youchat-text\">Uvo\u0111enje RFID oznaka za pranje rublja u va\u0161e poslovanje mo\u017ee dovesti do zna\u010dajnih prednosti, uklju\u010duju\u0107i pobolj\u0161anu ta\u010dnost inventara, smanjene tro\u0161kove rada i pobolj\u0161anu sigurnost. Automatizacijom procesa pra\u0107enja, preduze\u0107a mogu pojednostaviti upravljanje praonicama i fokusirati se na pru\u017eanje bolje usluge svojim klijentima.<\/span><\/p>\n<h3 class=\"AnswerParser_AnswerParserH3__Mpe4s\">4. Tehni\u010dke specifikacije<\/h3>\n<p><span class=\"AnswerParser_TextContainer__z_Iiv\" data-testid=\"youchat-text\">Na\u0161e vodootporne perive RFID oznake za ve\u0161 ispunjavaju standard ISO\/IEC 18000-6 Tip C (EPC Gen2). Evo nekoliko klju\u010dnih specifikacija:<\/span><\/p>\n<ul class=\"AnswerParser_AnswerParserUnorderedList__P_1FW\">\n<li class=\"AnswerParser_ListItem__XqLOV\" translate=\"yes\"><strong>Veli\u010dina i te\u017eina<\/strong>: 70\u00d715 mm, 0,6 g<\/li>\n<li class=\"AnswerParser_ListItem__XqLOV\" translate=\"yes\"><strong>Tip \u010dipa<\/strong>: Impinj Monza 4QT, NXP U CODE 8, NXP U CODE 9<\/li>\n<li class=\"AnswerParser_ListItem__XqLOV\" translate=\"yes\"><strong>EPC memorija<\/strong>: 128 bita<\/li>\n<li class=\"AnswerParser_ListItem__XqLOV\" translate=\"yes\"><strong>Korisni\u010dka memorija<\/strong>: 512 bita<\/li>\n<li class=\"AnswerParser_ListItem__XqLOV\" translate=\"yes\"><strong>Read Range<\/strong>: Do 8 metara<\/li>\n<li class=\"AnswerParser_ListItem__XqLOV\" translate=\"yes\"><strong>Procijenjeni vijek trajanja<\/strong>: 200 ciklusa pranja ili 3 godine<\/li>\n<\/ul>\n<h3 class=\"AnswerParser_AnswerParserH3__Mpe4s\">5. Uputstva za upotrebu<\/h3>\n<p><span class=\"AnswerParser_TextContainer__z_Iiv\" data-testid=\"youchat-text\">Kako biste osigurali optimalan u\u010dinak va\u0161ih RFID oznaka koje se mogu prati, slijedite ove upute za upotrebu:<\/span><\/p>\n<ul class=\"AnswerParser_AnswerParserUnorderedList__P_1FW\">\n<li class=\"AnswerParser_ListItem__XqLOV\" translate=\"yes\"><strong>Ozna\u010davanje<\/strong>: Oznake se mogu u\u0161iti u odjevne predmete ili pri\u010dvrstiti pomo\u0107u ljepila za vru\u0107e \u0161tancanje.<\/li>\n<li class=\"AnswerParser_ListItem__XqLOV\" translate=\"yes\"><strong>Pranje<\/strong>: Pogodno za procese pranja i hemijskog \u010di\u0161\u0107enja.<\/li>\n<li class=\"AnswerParser_ListItem__XqLOV\" translate=\"yes\"><strong>Otpornost na vodu<\/strong>: Dizajnirano da izdr\u017ei pritiske ekstrakcije vode do 60 bara.<\/li>\n<\/ul>\n<h3 class=\"AnswerParser_AnswerParserH3__Mpe4s\">6. Uticaj na \u017eivotnu sredinu<\/h3>\n<p><span class=\"AnswerParser_TextContainer__z_Iiv\" data-testid=\"youchat-text\">Na\u0161e RFID oznake za rublje dizajnirane su s obzirom na odr\u017eivost. Napravljeni su od materijala koji su otporni na uobi\u010dajene hemikalije za pranje rublja, smanjuju\u0107i potrebu za \u010destim zamjenama. Ovo ne samo da smanjuje otpad, ve\u0107 i doprinosi odr\u017eivijem radu pranja.<\/span><\/p>\n<h3 class=\"AnswerParser_AnswerParserH3__Mpe4s\">7. Recenzije kupaca<\/h3>\n<p><span class=\"AnswerParser_TextContainer__z_Iiv\" data-testid=\"youchat-text\">Na\u0161i kupci su stalno hvalili na\u0161e RFID oznake za ve\u0161 koje se mogu prati zbog njihove izdr\u017eljivosti i efikasnosti. Mnogi su prijavili zna\u010dajna pobolj\u0161anja u svojim procesima upravljanja ve\u0161om, navode\u0107i smanjene gubitke i pove\u0107anu efikasnost. Evo \u0161ta je rekao jedan od na\u0161ih klijenata:<\/span><\/p>\n<blockquote><p><span class=\"AnswerParser_TextContainer__z_Iiv\" data-testid=\"youchat-text\">\u201cOtkad smo po\u010deli koristiti ove RFID oznake, na\u0161a ta\u010dnost inventara se dramati\u010dno pobolj\u0161ala. Sada mo\u017eemo s lako\u0107om pratiti svaki odjevni predmet!\u201d<\/span><\/p><\/blockquote>\n<h3 class=\"AnswerParser_AnswerParserH3__Mpe4s\">8. \u010cesto postavljana pitanja<\/h3>\n<p><span class=\"AnswerParser_TextContainer__z_Iiv\" data-testid=\"youchat-text\"><strong>P: Koliko dugo traju RFID oznake za ve\u0161?<\/strong><br \/>\nO: Na\u0161e oznake su dizajnirane da traju do 200 ciklusa pranja ili tri godine, \u0161to god nastupi prije.<\/span><\/p>\n<p><span class=\"AnswerParser_TextContainer__z_Iiv\" data-testid=\"youchat-text\"><strong>P: Mogu li ove oznake izdr\u017eati visoke temperature?<\/strong><br \/>\nO: Da, na\u0161e RFID oznake za ve\u0161 mogu izdr\u017eati visoke temperature tokom procesa pranja i su\u0161enja.<\/span><\/p>\n<p><span class=\"AnswerParser_TextContainer__z_Iiv\" data-testid=\"youchat-text\"><strong>P: Kako da naru\u010dim ove oznake?<\/strong><br \/>\nO: Molimo vas da popunite donji obrazac za upit i javite nam koji tip RFID \u010dita\u010da ili antene vam je potreban.<\/span><\/p>\n<h3 class=\"AnswerParser_AnswerParserH3__Mpe4s\">9. Povezani proizvodi<\/h3>\n<p><span class=\"AnswerParser_TextContainer__z_Iiv\" data-testid=\"youchat-text\">Uz na\u0161e RFID oznake za rublje koje se mogu prati, nudimo niz srodnih proizvoda, uklju\u010duju\u0107i RFID \u010dita\u010de i antene, kako biste upotpunili va\u0161 sistem upravljanja pranjem. Na\u0161a rje\u0161enja su dizajnirana tako da besprijekorno rade zajedno, pru\u017eaju\u0107i vam sveobuhvatan sistem pra\u0107enja i upravljanja.<\/span><\/p>\n<h3 class=\"AnswerParser_AnswerParserH3__Mpe4s\">10. Kontaktirajte nas<\/h3>\n<p><span class=\"AnswerParser_TextContainer__z_Iiv\" data-testid=\"youchat-text\">Za vi\u0161e informacija o na\u0161im RFID oznakama za pranje rublja ili za razgovor o va\u0161im specifi\u010dnim potrebama, molimo\u00a0<strong>kontaktirajte nas<\/strong>. Na\u0161 tim je spreman pomo\u0107i vam u pronala\u017eenju najboljih rje\u0161enja za va\u0161e pranje rublja.<\/span><\/p>\n<hr \/>\n<p><span class=\"AnswerParser_TextContainer__z_Iiv\" data-testid=\"youchat-text\">Odabirom na\u0161e\u00a0<strong>RFID oznake za pranje ve\u0161a<\/strong>, ula\u017eete u rje\u0161enje koje ne samo da pobolj\u0161ava va\u0161u operativnu efikasnost ve\u0107 i doprinosi odr\u017eivijoj budu\u0107nosti. Uz na\u0161u posve\u0107enost kvalitetu i zadovoljstvu kupaca, mo\u017eete nam vjerovati da \u0107emo pru\u017eiti najbolja RFID rje\u0161enja za va\u0161e potrebe upravljanja praonicama. Ne ustru\u010davajte se kontaktirati i otkriti kako na\u0161i proizvodi mogu promijeniti va\u0161e poslovanje ve\u0107 danas!<\/span><\/p>\n<p>&nbsp;<\/p>\n<\/div>\n<div class=\"auto-hide-last-sibling-br paragraph_1252f paragraph-element\"><\/div>","protected":false},"excerpt":{"rendered":"<p>Otkrijte na\u0161e <strong>Perive RFID oznake za rublje<\/strong>! Savr\u0161en za pra\u0107enje posteljine i uniformi, izdr\u017eljiv, vodootporan i dizajniran za besprijekorno pranje rublja.<\/p>","protected":false},"featured_media":2825,"template":"","meta":{"_kad_post_transparent":"default","_kad_post_title":"","_kad_post_layout":"default","_kad_post_sidebar_id":"","_kad_post_content_style":"default","_kad_post_vertical_padding":"default","_kad_post_feature":"","_kad_post_feature_position":"","_kad_post_header":false,"_kad_post_footer":false,"_kad_post_classname":""},"product_brand":[],"product_cat":[16],"product_tag":[340,31,65,30,341],"class_list":{"0":"post-2830","1":"product","2":"type-product","3":"status-publish","4":"has-post-thumbnail","6":"product_cat-uhf-rfid-laundry-tags","7":"product_tag-rfid-chips","8":"product_tag-rfid-tag-for-linen-laundry","9":"product_tag-textile-rfid-laundry-tags","10":"product_tag-uhf-rfid-laundry-tag","11":"product_tag-washable-laundry-rfid-tags-manufacturer","13":"first","14":"instock","15":"featured","16":"shipping-taxable","17":"product-type-simple","18":"entry","19":"content-bg","20":"loop-entry"},"_links":{"self":[{"href":"https:\/\/rfid-laundry-tag.com\/bs\/wp-json\/wp\/v2\/product\/2830","targetHints":{"allow":["GET"]}}],"collection":[{"href":"https:\/\/rfid-laundry-tag.com\/bs\/wp-json\/wp\/v2\/product"}],"about":[{"href":"https:\/\/rfid-laundry-tag.com\/bs\/wp-json\/wp\/v2\/types\/product"}],"version-history":[{"count":2,"href":"https:\/\/rfid-laundry-tag.com\/bs\/wp-json\/wp\/v2\/product\/2830\/revisions"}],"predecessor-version":[{"id":2832,"href":"https:\/\/rfid-laundry-tag.com\/bs\/wp-json\/wp\/v2\/product\/2830\/revisions\/2832"}],"wp:featuredmedia":[{"embeddable":true,"href":"https:\/\/rfid-laundry-tag.com\/bs\/wp-json\/wp\/v2\/media\/2825"}],"wp:attachment":[{"href":"https:\/\/rfid-laundry-tag.com\/bs\/wp-json\/wp\/v2\/media?parent=2830"}],"wp:term":[{"taxonomy":"product_brand","embeddable":true,"href":"https:\/\/rfid-laundry-tag.com\/bs\/wp-json\/wp\/v2\/product_brand?post=2830"},{"taxonomy":"product_cat","embeddable":true,"href":"https:\/\/rfid-laundry-tag.com\/bs\/wp-json\/wp\/v2\/product_cat?post=2830"},{"taxonomy":"product_tag","embeddable":true,"href":"https:\/\/rfid-laundry-tag.com\/bs\/wp-json\/wp\/v2\/product_tag?post=2830"}],"curies":[{"name":"radni list","href":"https:\/\/api.w.org\/{rel}","templated":true}]}}