{"id":283,"date":"2024-06-26T10:23:21","date_gmt":"2024-06-26T10:23:21","guid":{"rendered":"https:\/\/rfid-laundry-tag.com\/?post_type=product&#038;p=283"},"modified":"2024-07-16T16:23:55","modified_gmt":"2024-07-16T16:23:55","slug":"uhf-rfid-inlay","status":"publish","type":"product","link":"https:\/\/rfid-laundry-tag.com\/bs\/uhf-rfid-inlay\/","title":{"rendered":"UHF RFID Inlay"},"content":{"rendered":"<div class=\"J_module\">\n<div class=\"ife-detail-decorate-table\">\n<table class=\"has-title is-zebra all magic-13\">\n<tbody>\n<tr>\n<td colspan=\"2\" rowspan=\"1\">\n<div class=\"magic-23\">\n<div class=\"magic-15\" data-spm-anchor-id=\"a2700.pc-decorate.0.i151.408c3333ouNNMP\"><span class=\"magic-24\" style=\"color: #2196ed;\"><b class=\"magic-25\" data-spm-anchor-id=\"a2700.pc-decorate.0.i28.5f51333385WVJq\">Mehani\u010dke specifikacije<\/b><\/span><\/div>\n<\/div>\n<\/td>\n<\/tr>\n<tr>\n<td colspan=\"1\" rowspan=\"1\">\n<div class=\"magic-28\">Osnovni materijal<\/div>\n<\/td>\n<td colspan=\"1\" rowspan=\"1\">\n<div class=\"magic-29\">PET<\/div>\n<\/td>\n<\/tr>\n<tr>\n<td colspan=\"1\" rowspan=\"1\">\n<div class=\"magic-28\">Liner Material<\/div>\n<\/td>\n<td colspan=\"1\" rowspan=\"1\">\n<div class=\"magic-29\">80g premazani papir<\/div>\n<\/td>\n<\/tr>\n<tr>\n<td colspan=\"1\" rowspan=\"1\">\n<div class=\"magic-28\">Materijal dna<\/div>\n<\/td>\n<td colspan=\"1\" rowspan=\"1\">\n<div class=\"magic-29\">Release Paper<\/div>\n<\/td>\n<\/tr>\n<tr>\n<td colspan=\"1\" rowspan=\"1\">\n<div class=\"magic-28\">Koli\u010dina<\/div>\n<\/td>\n<td colspan=\"1\" rowspan=\"1\">\n<div class=\"magic-29\">2500kom\/rolna (mo\u017ee se prilagoditi)<\/div>\n<\/td>\n<\/tr>\n<tr>\n<td colspan=\"1\" rowspan=\"1\">\n<div class=\"magic-28\">Unutarnji pre\u010dnik koluta<\/div>\n<\/td>\n<td colspan=\"1\" rowspan=\"1\">\n<div class=\"magic-29\">76,2 mm<\/div>\n<\/td>\n<\/tr>\n<tr>\n<td colspan=\"1\" rowspan=\"1\">\n<div class=\"magic-28\">Dimenzije oznake<\/div>\n<\/td>\n<td colspan=\"1\" rowspan=\"1\">\n<div class=\"magic-29\">98 * 15 mm<\/div>\n<\/td>\n<\/tr>\n<tr>\n<td colspan=\"1\" rowspan=\"1\">\n<div class=\"magic-28\">Dimenzije antene<\/div>\n<\/td>\n<td colspan=\"1\" rowspan=\"1\">\n<div class=\"magic-29\">95 * 8 mm<\/div>\n<\/td>\n<\/tr>\n<tr>\n<td colspan=\"2\" rowspan=\"1\">\n<div class=\"magic-23\">\n<div class=\"magic-15\" data-spm-anchor-id=\"a2700.pc-decorate.0.i158.408c3333ouNNMP\"><span class=\"magic-24\" style=\"color: #2196ed;\"><b data-spm-anchor-id=\"a2700.pc-decorate.0.i11.562b3333nh3oh1\">Elektri\u010dna specifikacija<\/b><\/span><\/div>\n<\/div>\n<\/td>\n<\/tr>\n<tr>\n<td colspan=\"1\" rowspan=\"1\">\n<div class=\"magic-28\">Air Interface Protocol<\/div>\n<\/td>\n<td colspan=\"1\" rowspan=\"1\">\n<div class=\"magic-29\">EPC Global Class1 Gen2 ISO18000-6C<\/div>\n<\/td>\n<\/tr>\n<tr>\n<td colspan=\"1\" rowspan=\"1\">\n<div class=\"magic-28\">Frekvencija<\/div>\n<\/td>\n<td colspan=\"1\" rowspan=\"1\">\n<div class=\"magic-29\">Globalni 860-960MHz<\/div>\n<\/td>\n<\/tr>\n<tr>\n<td colspan=\"1\" rowspan=\"1\">\n<div class=\"magic-28\">IC Type<\/div>\n<\/td>\n<td colspan=\"1\" rowspan=\"1\">\n<div class=\"magic-29\">NXP UCODE serija (Provjerite parametar \u010dipa)<\/div>\n<\/td>\n<\/tr>\n<tr>\n<td colspan=\"1\" rowspan=\"1\">\n<div class=\"magic-28\">lC Life<\/div>\n<\/td>\n<td colspan=\"1\" rowspan=\"1\">\n<div class=\"magic-29\">100.000 puta<\/div>\n<\/td>\n<\/tr>\n<tr>\n<td colspan=\"1\" rowspan=\"1\">\n<div class=\"magic-28\">Zadr\u017eavanje podataka<\/div>\n<\/td>\n<td colspan=\"1\" rowspan=\"1\">\n<div class=\"magic-29\">10 godina<\/div>\n<\/td>\n<\/tr>\n<tr>\n<td colspan=\"1\" rowspan=\"1\">\n<div class=\"magic-28\">Povr\u0161ina aplikacije<\/div>\n<\/td>\n<td colspan=\"1\" rowspan=\"1\">\n<div class=\"magic-29\">Nemetalna povr\u0161ina<\/div>\n<\/td>\n<\/tr>\n<tr>\n<td colspan=\"1\" rowspan=\"1\">\n<div class=\"magic-28\">Opseg \u010ditanja<\/div>\n<\/td>\n<td colspan=\"1\" rowspan=\"1\">\n<div class=\"magic-29\">Oko 12 m (ameri\u010dki standard, ru\u010dni 1W)<\/div>\n<\/td>\n<\/tr>\n<tr>\n<td colspan=\"2\" rowspan=\"1\">\n<div class=\"magic-23\">\n<div class=\"magic-15\" data-spm-anchor-id=\"a2700.pc-decorate.0.i165.408c3333ouNNMP\"><span class=\"magic-24\" style=\"color: #2196ed;\"><b data-spm-anchor-id=\"a2700.pc-decorate.0.i24.42813333eBT2Nf\">Otpornost na \u017eivotnu sredinu<\/b><\/span><\/div>\n<\/div>\n<\/td>\n<\/tr>\n<tr>\n<td colspan=\"1\" rowspan=\"1\">\n<div class=\"magic-28\">Radna temperatura<\/div>\n<\/td>\n<td colspan=\"1\" rowspan=\"1\">\n<div class=\"magic-29\">-20\u2103~80\u2103<\/div>\n<\/td>\n<\/tr>\n<tr>\n<td colspan=\"1\" rowspan=\"1\">\n<div class=\"magic-28\">Temperatura skladi\u0161tenja<\/div>\n<\/td>\n<td colspan=\"1\" rowspan=\"1\">\n<div class=\"magic-29\">-20\u00b0C~100\u00b0C<\/div>\n<\/td>\n<\/tr>\n<tr>\n<td colspan=\"1\" rowspan=\"1\">\n<div class=\"magic-28\">Vla\u017enost skladi\u0161tenja<\/div>\n<\/td>\n<td colspan=\"1\" rowspan=\"1\">\n<div class=\"magic-29\">20~90 % Relativna vla\u017enost<\/div>\n<\/td>\n<\/tr>\n<tr>\n<td colspan=\"1\" rowspan=\"1\">\n<div class=\"magic-28\">Rok trajanja<\/div>\n<\/td>\n<td colspan=\"1\" rowspan=\"1\">\n<div class=\"magic-29\">20\u00b0C\uff5e30\u00b0C, 40\uff5e60% Relate vla\u017enost, vi\u0161e od 2 godine;<\/div>\n<\/td>\n<\/tr>\n<\/tbody>\n<\/table>\n<\/div>\n<\/div>\n<div class=\"J_module\">\n<div class=\"ife-detail-decorate-table\">\n<table class=\"has-title is-zebra all magic-13\">\n<tbody>\n<tr>\n<td colspan=\"5\" rowspan=\"1\">\n<div class=\"magic-23\">\n<div class=\"magic-15\" data-spm-anchor-id=\"a2700.pc-decorate.0.i50.42813333eBT2Nf\"><b><span class=\"magic-24\" style=\"color: #2196ed;\">Parametar \u010dipa:\u00a0<\/span><span class=\"magic-24\" style=\"color: #2196ed;\">NXP UCODE<\/span><span class=\"magic-8\" style=\"color: #2196ed;\"><span class=\"magic-24\" data-spm-anchor-id=\"a2700.pc-decorate.0.i51.27d333338zw2ok\">Serija Chip<\/span><\/span><\/b><\/div>\n<\/div>\n<\/td>\n<\/tr>\n<tr>\n<td colspan=\"1\" rowspan=\"1\">\n<div class=\"magic-34\">\n<div class=\"magic-15\">Chip Parameter<\/div>\n<\/div>\n<\/td>\n<td colspan=\"1\" rowspan=\"1\">\n<div class=\"magic-30\">\n<div class=\"magic-15\" data-spm-anchor-id=\"a2700.pc-decorate.0.i11.4fe73333sMMc4J\">UCODE8<\/div>\n<\/div>\n<\/td>\n<td colspan=\"1\" rowspan=\"1\">\n<div class=\"magic-31\">\n<div class=\"magic-15\" data-spm-anchor-id=\"a2700.pc-decorate.0.i12.4fe73333sMMc4J\">UCODE 9<\/div>\n<\/div>\n<\/td>\n<td colspan=\"1\" rowspan=\"1\">\n<div class=\"magic-32\">\n<div class=\"magic-15\" data-spm-anchor-id=\"0.0.0.i9.20624f05xIYcLw\">UCODE 9xe<\/div>\n<\/div>\n<\/td>\n<td colspan=\"1\" rowspan=\"1\">\n<div class=\"magic-32\">\n<div class=\"magic-15\" data-spm-anchor-id=\"0.0.0.i11.20624f05xIYcLw\">UCODE 9xm<\/div>\n<\/div>\n<\/td>\n<\/tr>\n<tr>\n<td colspan=\"1\" rowspan=\"1\">\n<div class=\"magic-34\">\n<div class=\"magic-15\">EPC<\/div>\n<\/div>\n<\/td>\n<td colspan=\"1\" rowspan=\"1\">\n<div class=\"magic-30\">\n<div class=\"magic-15\">128 bita<\/div>\n<\/div>\n<\/td>\n<td colspan=\"1\" rowspan=\"1\">\n<div class=\"magic-31\">\n<div class=\"magic-15\">96 bita<\/div>\n<\/div>\n<\/td>\n<td colspan=\"1\" rowspan=\"1\">\n<div class=\"magic-32\">\n<div class=\"magic-15\">128 bita<\/div>\n<\/div>\n<\/td>\n<td colspan=\"1\" rowspan=\"1\">\n<div class=\"magic-32\">\n<div class=\"magic-15\" data-spm-anchor-id=\"a2700.pc-decorate.0.i22.4fe73333sMMc4J\">Maksimalno 496 bita<\/div>\n<\/div>\n<\/td>\n<\/tr>\n<tr>\n<td colspan=\"1\" rowspan=\"1\">\n<div class=\"magic-34\">\n<div class=\"magic-15\">TID<\/div>\n<\/div>\n<\/td>\n<td colspan=\"1\" rowspan=\"1\">\n<div class=\"magic-30\">\n<div class=\"magic-15\">96 bita<\/div>\n<\/div>\n<\/td>\n<td colspan=\"1\" rowspan=\"1\">\n<div class=\"magic-31\">\n<div class=\"magic-15\">96 bita<\/div>\n<\/div>\n<\/td>\n<td colspan=\"1\" rowspan=\"1\">\n<div class=\"magic-32\">\n<div class=\"magic-15\">96 bita<\/div>\n<\/div>\n<\/td>\n<td colspan=\"1\" rowspan=\"1\">\n<div class=\"magic-32\">\n<div class=\"magic-15\">96 bita<\/div>\n<\/div>\n<\/td>\n<\/tr>\n<tr>\n<td colspan=\"1\" rowspan=\"1\">\n<div class=\"magic-34\">\n<div class=\"magic-15\">Korisni\u010dko podru\u010dje<\/div>\n<\/div>\n<\/td>\n<td colspan=\"1\" rowspan=\"1\">\n<div class=\"magic-30\">\n<div class=\"magic-15\">0<\/div>\n<\/div>\n<\/td>\n<td colspan=\"1\" rowspan=\"1\">\n<div class=\"magic-31\">\n<div class=\"magic-15\" data-spm-anchor-id=\"a2700.pc-decorate.0.i18.4fe73333sMMc4J\">0<\/div>\n<\/div>\n<\/td>\n<td colspan=\"1\" rowspan=\"1\">\n<div class=\"magic-32\">\n<div class=\"magic-15\" data-spm-anchor-id=\"a2700.pc-decorate.0.i20.4fe73333sMMc4J\">0<\/div>\n<\/div>\n<\/td>\n<td colspan=\"1\" rowspan=\"1\">\n<div class=\"magic-32\">\n<div class=\"magic-15\" data-spm-anchor-id=\"a2700.pc-decorate.0.i21.4fe73333sMMc4J\">Maksimalno 752 bita<\/div>\n<\/div>\n<\/td>\n<\/tr>\n<\/tbody>\n<\/table>\n<\/div>\n<div><\/div>\n<div class=\"auto-hide-last-sibling-br paragraph_9dc5f paragraph-element\">UHF RFID mokri ulo\u0161ci su svestrani alati s primjenama u \u0161irokom spektru sektora, uklju\u010duju\u0107i:<\/div>\n<ol class=\"auto-hide-last-sibling-br\">\n<li>\n<div class=\"auto-hide-last-sibling-br paragraph_9dc5f paragraph-element\">Sistemi upravljanja zalihama: Ovi umetci, ugra\u0111eni u PET ili termo papirne naljepnice, mogu ozna\u010diti imovinu kako bi omogu\u0107ili pra\u0107enje i upravljanje u realnom vremenu.<\/div>\n<\/li>\n<li>\n<div class=\"auto-hide-last-sibling-br paragraph_9dc5f paragraph-element\">Upravljanje lancem snabdevanja: Sa RFID skenerima, ove oznake pri\u010dvr\u0161\u0107ene na imovinu omogu\u0107avaju pra\u0107enje robe u realnom vremenu u celom lancu snabdevanja, od proizvodnje preko distribucije do maloprodaje, pove\u0107avaju\u0107i transparentnost i operativnu efikasnost.<\/div>\n<\/li>\n<li>\n<div class=\"auto-hide-last-sibling-br paragraph_9dc5f paragraph-element\">Pra\u0107enje imovine: Pogodno za industrije kao \u0161to su gra\u0111evinarstvo, proizvodnja i logistika, omogu\u0107avaju pra\u0107enje imovine kao \u0161to su oprema, vozila i alati, optimiziraju\u0107i resurse i minimiziraju\u0107i gubitke.<\/div>\n<\/li>\n<li>\n<div class=\"auto-hide-last-sibling-br paragraph_9dc5f paragraph-element\">Maloprodaja: Zaglavljene na ambala\u017ei, ove oznake omogu\u0107avaju \u010dita\u010dima RFID u skladi\u0161tima da odmah shvate podatke o svakom artiklu. Integrisane sa sistemom za upravljanje zalihama, ove oznake mogu pomo\u0107i u pobolj\u0161anju ta\u010dnosti zaliha, smanjenju situacija van zaliha i pobolj\u0161anju iskustva kupovine za kupce.<\/div>\n<\/li>\n<li>\n<div class=\"auto-hide-last-sibling-br paragraph_9dc5f paragraph-element\">Kontrola pristupa: Idealno za osiguranje bezbednog pristupa zgradama, parkirali\u0161tima, doga\u0111ajima i raznim postavkama, ove oznake doprinose efikasnom i bezbednom sistemu upravljanja pristupom.<\/div>\n<\/li>\n<li>\n<div class=\"auto-hide-last-sibling-br paragraph_9dc5f paragraph-element\">Medicina i zdravstvena nega: Ove oznake tako\u0111e nalaze zna\u010dajnu primenu u pra\u0107enju medicinske opreme, kartona pacijenata i lekova u bolnicama i zdravstvenim ustanovama, \u0161to dovodi do pobolj\u0161ane nege pacijenata i superiornog upravljanja bolnicom.<\/div>\n<\/li>\n<\/ol>\n<div class=\"auto-hide-last-sibling-br paragraph_9dc5f paragraph-element\">Ukratko, UHF RFID mokri umetci donose pobolj\u0161anu operativnu efikasnost, ta\u010dnost i sigurnost u razli\u010ditim industrijama i okru\u017eenjima.<\/div>\n<\/div>","protected":false},"excerpt":{"rendered":"<div class=\"auto-hide-last-sibling-br paragraph_9dc5f paragraph-element\">UHF RFID ulo\u0161ci su vrsta RFID oznake koja radi u spektru ultra visokih frekvencija. Obi\u010dno se sastoje od dva dela:<\/div>\n<ol class=\"auto-hide-last-sibling-br\">\n<li>Integrirano kolo (poznato i kao \u010dip) u kojem se pohranjuju podaci.<\/li>\n<li>Antena koja se koristi za prijenos ovih podataka do RFID \u010dita\u010da.<\/li>\n<\/ol>","protected":false},"featured_media":284,"template":"","meta":{"_kad_post_transparent":"default","_kad_post_title":"","_kad_post_layout":"default","_kad_post_sidebar_id":"","_kad_post_content_style":"default","_kad_post_vertical_padding":"default","_kad_post_feature":"","_kad_post_feature_position":"","_kad_post_header":false,"_kad_post_footer":false,"_kad_post_classname":""},"product_brand":[],"product_cat":[54,189],"product_tag":[108,109],"class_list":{"0":"post-283","1":"product","2":"type-product","3":"status-publish","4":"has-post-thumbnail","6":"product_cat-hot-selling-rfid-tags","7":"product_cat-rfid-inlay","8":"product_tag-rfid-inlay","9":"product_tag-uhf-rfid-inlay","11":"first","12":"instock","13":"shipping-taxable","14":"product-type-simple","15":"entry","16":"content-bg","17":"loop-entry"},"_links":{"self":[{"href":"https:\/\/rfid-laundry-tag.com\/bs\/wp-json\/wp\/v2\/product\/283","targetHints":{"allow":["GET"]}}],"collection":[{"href":"https:\/\/rfid-laundry-tag.com\/bs\/wp-json\/wp\/v2\/product"}],"about":[{"href":"https:\/\/rfid-laundry-tag.com\/bs\/wp-json\/wp\/v2\/types\/product"}],"version-history":[{"count":1,"href":"https:\/\/rfid-laundry-tag.com\/bs\/wp-json\/wp\/v2\/product\/283\/revisions"}],"predecessor-version":[{"id":720,"href":"https:\/\/rfid-laundry-tag.com\/bs\/wp-json\/wp\/v2\/product\/283\/revisions\/720"}],"wp:featuredmedia":[{"embeddable":true,"href":"https:\/\/rfid-laundry-tag.com\/bs\/wp-json\/wp\/v2\/media\/284"}],"wp:attachment":[{"href":"https:\/\/rfid-laundry-tag.com\/bs\/wp-json\/wp\/v2\/media?parent=283"}],"wp:term":[{"taxonomy":"product_brand","embeddable":true,"href":"https:\/\/rfid-laundry-tag.com\/bs\/wp-json\/wp\/v2\/product_brand?post=283"},{"taxonomy":"product_cat","embeddable":true,"href":"https:\/\/rfid-laundry-tag.com\/bs\/wp-json\/wp\/v2\/product_cat?post=283"},{"taxonomy":"product_tag","embeddable":true,"href":"https:\/\/rfid-laundry-tag.com\/bs\/wp-json\/wp\/v2\/product_tag?post=283"}],"curies":[{"name":"radni list","href":"https:\/\/api.w.org\/{rel}","templated":true}]}}