{"id":2822,"date":"2024-11-04T14:49:24","date_gmt":"2024-11-04T14:49:24","guid":{"rendered":"https:\/\/rfid-laundry-tag.com\/?post_type=product&#038;p=2822"},"modified":"2024-11-04T15:12:28","modified_gmt":"2024-11-04T15:12:28","slug":"waterproof-washable-rfid-laundry-tag","status":"publish","type":"product","link":"https:\/\/rfid-laundry-tag.com\/bs\/waterproof-washable-rfid-laundry-tag\/","title":{"rendered":"Vodootporna periva RFID oznaka za rublje"},"content":{"rendered":"<div>\n<div class=\"auto-hide-last-sibling-br paragraph_1252f paragraph-element\">\n<h2>Vodootporna periva RFID oznaka za rublje<\/h2>\n<table width=\"637\">\n<tbody>\n<tr>\n<td width=\"328\">Naziv artikla:<\/td>\n<td width=\"309\">Vodootporna periva RFID oznaka za rublje<\/td>\n<\/tr>\n<tr>\n<td width=\"328\">RFID standard:<\/td>\n<td width=\"309\">ISO\/IEC 18000-6 TypeC (EPC Gen2)<\/td>\n<\/tr>\n<tr>\n<td width=\"328\">Veli\u010dina i te\u017eina:<\/td>\n<td width=\"309\">70\u00d715 mm, 0,6 g<\/td>\n<\/tr>\n<tr>\n<td width=\"328\">Vrsta \u010dipa:<\/td>\n<td width=\"309\">Impinj Monza 4QT,NXP U KOD 8,NXP U KOD 9<\/td>\n<\/tr>\n<tr>\n<td width=\"328\">EPC memorija:<\/td>\n<td width=\"309\">128bita<\/td>\n<\/tr>\n<tr>\n<td width=\"328\">Korisni\u010dka memorija:<\/td>\n<td width=\"309\">512bita<\/td>\n<\/tr>\n<tr>\n<td width=\"328\">Opseg o\u010ditavanja (2W ERP FCC):<\/td>\n<td width=\"309\">8m<\/td>\n<\/tr>\n<tr>\n<td width=\"328\">Opseg o\u010ditavanja (2W ERP ETSI):<\/td>\n<td width=\"309\">8m<\/td>\n<\/tr>\n<tr>\n<td width=\"328\">Ozna\u010davanje:<\/td>\n<td width=\"309\">\u0160ivanje, Ljepilo za vru\u0107e \u0161tancanje<\/td>\n<\/tr>\n<tr>\n<td width=\"328\">Procijenjeni vijek trajanja:<\/td>\n<td width=\"309\">200 ciklusa pranja ili 3 godine, \u0161to god nastupi prije<\/td>\n<\/tr>\n<tr>\n<td width=\"328\">Na\u010din pranja:<\/td>\n<td width=\"309\">Praonica rublja, Kemijsko \u010di\u0161\u0107enje<\/td>\n<\/tr>\n<tr>\n<td width=\"328\">Pritisak ekstrakcije vode:<\/td>\n<td width=\"309\">60 bara<\/td>\n<\/tr>\n<tr>\n<td width=\"328\">Otpornost na vodu:<\/td>\n<td width=\"309\">Otporan na vodu<\/td>\n<\/tr>\n<tr>\n<td width=\"328\">Hemijska otpornost:<\/td>\n<td width=\"309\">Deterd\u017eent, omek\u0161iva\u010d, izbjeljiva\u010d (kiseonik\/hlor), lu\u017eina<\/td>\n<\/tr>\n<tr>\n<td width=\"328\">Prethodno su\u0161enje u su\u0161ilici:<\/td>\n<td width=\"309\">125 \u00baC 15-20 minuta<\/td>\n<\/tr>\n<tr>\n<td width=\"328\">Temperatura sterilizacije:<\/td>\n<td width=\"309\">135\u00b0C 15-20 minuta<\/td>\n<\/tr>\n<tr>\n<td width=\"328\">Temperatura pranja:<\/td>\n<td width=\"309\">90\u00b0C, do 15 min.<\/td>\n<\/tr>\n<tr>\n<td width=\"328\">Vla\u017enost\/temperatura - rad:<\/td>\n<td width=\"309\">-20 do 110\u00b0C, 8 do 95%RH<\/td>\n<\/tr>\n<tr>\n<td width=\"328\">Vla\u017enost\/temperatura-skladi\u0161tenje:<\/td>\n<td width=\"309\">-40 do 110\u00b0C, 8 do 95%RH<\/td>\n<\/tr>\n<\/tbody>\n<\/table>\n<\/div>\n<div class=\"auto-hide-last-sibling-br paragraph_1252f paragraph-element\"><\/div>\n<\/div>\n<div class=\"auto-hide-last-sibling-br paragraph_1252f paragraph-element\">\n<div data-spm-anchor-id=\"a2700.details.0.i57.23b419c7xXORP0\"><span data-spm-anchor-id=\"a2700.details.0.i75.23b419c7xXORP0\"><b>Zna\u010dajka:<\/b><br \/>\n1) UHF tehnologija za \u010ditanje stotina oznaka istovremeno.<br \/>\n2) Vi\u0161e od 8 stopa za \u010ditanje udaljenosti.<br \/>\n3) Novi mehani\u010dki dizajn za pobolj\u0161ane performanse za ravnu posteljinu.<br \/>\n4) Pogodno za ekstraktore visokog pritiska do 60 bara.<br \/>\n5) Pogodno za sterilizaciju u autoklavu.<br \/>\n6) Mali, mekani, fleksibilni materijali idealni za tekstil, posteljinu, odje\u0107u i dodatke.<\/span><\/div>\n<\/div>\n<div data-spm-anchor-id=\"a2700.details.0.i57.23b419c7xXORP0\"><\/div>\n<div data-spm-anchor-id=\"a2700.details.0.i57.23b419c7xXORP0\"><span class=\"AnswerParser_TextContainer__z_Iiv\" data-testid=\"youchat-text\">The\u00a0<strong>Vodootporna periva RFID oznaka za rublje<\/strong>\u00a0je revolucionarno rje\u0161enje dizajnirano da pojednostavi pra\u0107enje i upravljanje odje\u0107om, posteljinom i uniformama. Ove oznake ne samo da pobolj\u0161avaju operativnu efikasnost ve\u0107 i daju zna\u010dajne u\u0161tede i pobolj\u0161anu kontrolu zaliha. Sa svojim izdr\u017eljivim dizajnom koji se mo\u017ee prati, idealni su za cikluse pranja na visokim temperaturama, \u0161to ih \u010dini pametnom investicijom za bilo koju operaciju pranja.<\/span><\/p>\n<h2 class=\"AnswerParser_AnswerParserH2__SIHnF\">Za\u0161to odabrati vodootporne perive RFID oznake za ve\u0161?<\/h2>\n<p><span class=\"AnswerParser_TextContainer__z_Iiv\" data-testid=\"youchat-text\">Prednosti kori\u0161tenja\u00a0<strong>RFID oznake za ve\u0161<\/strong>\u00a0su brojni. Omogu\u0107avaju automatsko pra\u0107enje predmeta za pranje, smanjuju\u0107i ru\u010dni rad i minimiziraju\u0107i gre\u0161ke. Ova tehnologija omogu\u0107ava upravljanje zalihama u realnom vremenu, osiguravaju\u0107i da se svaki odjevni predmet vodi ra\u010duna. Osim toga, vodootporne i perive karakteristike ovih oznaka osiguravaju dugovje\u010dnost i pouzdanost, \u010dak iu najzahtjevnijim okru\u017eenjima za pranje rublja. Ulaganjem u\u00a0<strong>RFID oznake za ve\u0161<\/strong>, preduze\u0107a mogu pobolj\u0161ati svoju operativnu efikasnost, pobolj\u0161ati zadovoljstvo kupaca i na kraju pove\u0107ati profitabilnost.<\/span><\/div>\n<h3 class=\"wp-block-heading\">Instalacija<\/h3>\n<p><strong>Stitch Tagging<\/strong>: Za u\u0161ivanje u rub tekstila. Za\u0161ijte etiketu za rublje dalje od preklopnih linija.<br \/>\n<strong>Heat Sealing<\/strong>: Za toplotno zavarivanje direktno na tekstil na +200\u00b0C (392\u00b0F), 12~14s.<br \/>\n<strong>U torbici<\/strong>: Za \u0161ivanje kao standardna etiketa za njegu. Za\u0161ijte etiketu za rublje dalje od preklopnih linija.<\/p>\n<div class=\"auto-hide-last-sibling-br paragraph_1252f paragraph-element\">\n<div><\/div>\n<p style=\"font-weight: 400;\"><span style=\"font-style: inherit; font-weight: inherit;\" data-spm-anchor-id=\"a2700.details.0.i52.7e74253fSAfL7T\">Kako <\/span><b><strong style=\"font-style: inherit;\">JAKO<\/strong><\/b><span style=\"font-style: inherit; font-weight: inherit;\"> oni su ?<\/span><\/p>\n<p><b><strong>\u2460<\/strong><\/b>.Da li se RFID \u010dipovi o\u0161te\u0107uju pod visokim temperaturama?<span style=\"font-style: inherit; font-weight: inherit;\"> \u2013<\/span><b><strong>\u2714 Na\u0161a RFID etiketa za pranje ve\u0161a dizajnirana je za upotrebu na 200 \u00b0C<\/strong><\/b><span style=\"font-style: inherit; font-weight: inherit;\">.<\/span><\/p>\n<p style=\"font-weight: 400;\"><b><strong>\u2461<\/strong><\/b>Koliko puta mo\u017eemo oprati etikete koje su pri\u010dvr\u0161\u0107ene za uniformne tekstilne proizvode? <b><strong>\u2013\u2714Na\u0161a RFID etiketa za tekstil mo\u017ee se prati vi\u0161e od 200 puta sa garancijom 2 godine nakon isporuke.<\/strong><\/b><\/p>\n<p style=\"font-weight: 400;\"><b><strong>\u2462<\/strong><\/b>Ho\u0107emo li potro\u0161iti presti\u017ene uniforme tekstilnih proizvoda, nastaviti raditi u slu\u010daju zgnje\u010denja? <b><strong>\u2013\u2714 Dizajnirali smo na\u0161u etiketu za ve\u0161 za tekstil da izdr\u017ei pritisak od 60 bara u procesu presovanja va\u0161ih tekstilnih proizvoda.<\/strong><\/b><\/p>\n<p style=\"font-weight: 400;\"><b><strong>\u2463<\/strong><\/b>Gdje postavljate RFID etikete za pranje rublja na tekstil za uniforme? <b><strong>\u2013 \u2714RFID etikete za pranje ve\u0161a se postavljaju prema dostupnosti uniformi.<\/strong><\/b><\/p>\n<h3 class=\"AnswerParser_AnswerParserH3__Mpe4s\">Zna\u010dajke vodootpornih perivih RFID oznaka za rublje<\/h3>\n<p><span class=\"AnswerParser_TextContainer__z_Iiv\" data-testid=\"youchat-text\">The\u00a0<strong>Vodootporna periva RFID oznaka za rublje<\/strong>\u00a0dizajniran je s nekoliko klju\u010dnih karakteristika koje ga \u010dine bitnim alatom za upravljanje pranjem. Ove oznake su napravljene od izdr\u017eljivih materijala koji izdr\u017eavaju visoke temperature i te\u0161ke uslove pranja. Opremljeni su UHF RFID tehnologijom koja omogu\u0107ava domet \u010ditanja do 6 metara, \u0161to je idealno za pra\u0107enje vi\u0161e stavki istovremeno.<\/span><span class=\"AnswerParser_TextContainer__z_Iiv\" data-testid=\"youchat-text\">\u0160tavi\u0161e, ove oznake su lagane, te\u017eine samo 0,6 grama, i dolaze u kompaktnoj veli\u010dini od 70\u00d715 mm, \u0161to ih \u010dini lakim za pri\u010dvr\u0161\u0107ivanje na razli\u010dite tekstile bez dodavanja ve\u0107e koli\u010dine. Oznake se mogu u\u0161iti u odjevne predmete ili pri\u010dvrstiti pomo\u0107u ljepila, pru\u017eaju\u0107i fleksibilnost u primjeni.<\/span><\/p>\n<h3 class=\"AnswerParser_AnswerParserH3__Mpe4s\">Tehni\u010dke specifikacije<\/h3>\n<p><span class=\"AnswerParser_TextContainer__z_Iiv\" data-testid=\"youchat-text\">Razumijevanje tehni\u010dkih specifikacija\u00a0<strong>RFID oznaka za ve\u0161<\/strong>\u00a0je klju\u010dno za kompanije koje \u017eele implementirati ovu tehnologiju. Oznake su uskla\u0111ene sa standardom ISO\/IEC 18000-6 Tip C (EPC Gen2), osiguravaju\u0107i kompatibilnost sa \u0161irokim spektrom RFID \u010dita\u010da.<\/span><\/p>\n<ul class=\"AnswerParser_AnswerParserUnorderedList__P_1FW\">\n<li class=\"AnswerParser_ListItem__XqLOV\" translate=\"yes\"><strong>Tip \u010dipa<\/strong>: Impinj Monza 4QT, NXP U CODE 8, NXP U CODE 9<\/li>\n<li class=\"AnswerParser_ListItem__XqLOV\" translate=\"yes\"><strong>EPC memorija<\/strong>: 128 bita<\/li>\n<li class=\"AnswerParser_ListItem__XqLOV\" translate=\"yes\"><strong>Korisni\u010dka memorija<\/strong>: 512 bita<\/li>\n<li class=\"AnswerParser_ListItem__XqLOV\" translate=\"yes\"><strong>Ciklusi pranja<\/strong>: Dizajnirano da izdr\u017ei preko 200 ciklusa pranja bez gubitka funkcionalnosti.<\/li>\n<\/ul>\n<p><span class=\"AnswerParser_TextContainer__z_Iiv\" data-testid=\"youchat-text\">Ove specifikacije isti\u010du izdr\u017eljivost i pouzdanost etikete, \u0161to je \u010dini pogodnom za razli\u010dite primjene u pranju rublja.<\/span><\/p>\n<h3 class=\"AnswerParser_AnswerParserH3__Mpe4s\">Prednosti kori\u0161tenja RFID oznaka za pranje rublja<\/h3>\n<p><span class=\"AnswerParser_TextContainer__z_Iiv\" data-testid=\"youchat-text\">Implementacija\u00a0<strong>RFID oznake za ve\u0161<\/strong>\u00a0nudi brojne pogodnosti za preduze\u0107a. Prvo, zna\u010dajno smanjuju vrijeme utro\u0161eno na upravljanje zalihama. Uz automatizirano pra\u0107enje, osoblje mo\u017ee brzo locirati i upravljati predmetima za pranje, \u0161to dovodi do pove\u0107ane produktivnosti.<\/span><span class=\"AnswerParser_TextContainer__z_Iiv\" data-testid=\"youchat-text\">Drugo, ove oznake pove\u0107avaju sigurnost spre\u010davaju\u0107i gubitak i kra\u0111u odjevnih predmeta. Mogu\u0107nost pra\u0107enja svake stavke u realnom vremenu osigurava da preduze\u0107a mogu odr\u017eavati ta\u010dne evidencije o svom inventaru. Na kraju, podaci prikupljeni od RFID sistema mogu pru\u017eiti vrijedan uvid u operacije pranja rublja, poma\u017eu\u0107i preduze\u0107ima da optimiziraju svoje procese i smanje tro\u0161kove.<\/span><\/p>\n<h3 class=\"AnswerParser_AnswerParserH3__Mpe4s\">Uticaj na \u017eivotnu sredinu<\/h3>\n<p><span class=\"AnswerParser_TextContainer__z_Iiv\" data-testid=\"youchat-text\">The\u00a0<strong>Vodootporna periva RFID oznaka za rublje<\/strong>\u00a0nije samo od koristi za preduze\u0107a ve\u0107 i za \u017eivotnu sredinu. Smanjenjem potrebe za ru\u010dnim pra\u0107enjem i minimiziranjem gre\u0161aka, ove oznake doprinose efikasnijim operacijama pranja rublja, \u0161to mo\u017ee dovesti do manje potro\u0161nje vode i energije.<\/span><span class=\"AnswerParser_TextContainer__z_Iiv\" data-testid=\"youchat-text\">Osim toga, izdr\u017eljivost ovih oznaka zna\u010di da ih ne treba \u010desto mijenjati, \u010dime se smanjuje otpad. Preduze\u0107a tako\u0111e mogu izabrati da implementiraju RFID sisteme koji su kompatibilni sa ekolo\u0161ki prihvatljivim praksama, \u010dime se dodatno pove\u0107avaju njihovi napori za odr\u017eivost.<\/span><\/p>\n<h3 class=\"AnswerParser_AnswerParserH3__Mpe4s\">Uputstva za upotrebu<\/h3>\n<p><span class=\"AnswerParser_TextContainer__z_Iiv\" data-testid=\"youchat-text\">Da bi se maksimizirala efikasnost\u00a0<strong>RFID oznake za ve\u0161<\/strong>, pravilna upotreba je neophodna. Evo nekoliko klju\u010dnih koraka za implementaciju:<\/span><\/p>\n<ol class=\"AnswerParser_AnswerParserOrderedList__kl_2Y\">\n<li class=\"AnswerParser_ListItem__XqLOV\" translate=\"yes\"><span class=\"AnswerParser_TextContainer__z_Iiv\" data-testid=\"youchat-text\"><strong>Ozna\u010davanje<\/strong>: Pri\u010dvrstite RFID oznake na odje\u0107u ili posteljinu koriste\u0107i metode \u0161ivanja ili lijepljenja. Uvjerite se da su oznake dobro pri\u010dvr\u0161\u0107ene kako bi izdr\u017eale pranje.<\/span><\/li>\n<li class=\"AnswerParser_ListItem__XqLOV\" translate=\"yes\"><span class=\"AnswerParser_TextContainer__z_Iiv\" data-testid=\"youchat-text\"><strong>Skeniranje<\/strong>: Koristite RFID \u010dita\u010d za skeniranje oznaka tokom procesa pranja. To se mo\u017ee u\u010diniti na razli\u010ditim mjestima, uklju\u010duju\u0107i isporuku, pranje i preuzimanje.<\/span><\/li>\n<li class=\"AnswerParser_ListItem__XqLOV\" translate=\"yes\"><span class=\"AnswerParser_TextContainer__z_Iiv\" data-testid=\"youchat-text\"><strong>Upravljanje podacima<\/strong>: Koristite RFID softver za upravljanje i analizu podataka prikupljenih sa oznaka. Ovo \u0107e pomo\u0107i u pra\u0107enju nivoa zaliha i identifikaciji bilo kakvih neslaganja.<\/span><\/li>\n<\/ol>\n<h3 class=\"AnswerParser_AnswerParserH3__Mpe4s\">Recenzije kupaca<\/h3>\n<p><span class=\"AnswerParser_TextContainer__z_Iiv\" data-testid=\"youchat-text\">Povratne informacije kupaca su vitalni aspekt razumijevanja efikasnosti\u00a0<strong>RFID oznake za ve\u0161<\/strong>. Mnogi korisnici su prijavili zna\u010dajna pobolj\u0161anja u svojim operacijama pranja nakon implementacije ovih oznaka.<\/span><span class=\"AnswerParser_TextContainer__z_Iiv\" data-testid=\"youchat-text\">Na primjer, menad\u017eer hotela je primijetio: \u201eOtkad smo po\u010deli koristiti RFID oznake za pranje rublja, na\u0161e upravljanje zalihama postalo je besprijekorno. Mo\u017eemo pratiti na\u0161u posteljinu i uniforme bez napora, \u0161to nam je u\u0161tedjelo i vrijeme i novac.\u201d<\/span><span class=\"AnswerParser_TextContainer__z_Iiv\" data-testid=\"youchat-text\">Jo\u0161 jedan kupac iz zdravstvene ustanove spomenuo je: \u201eTrajnost ovih oznaka je impresivna. Izdr\u017ee vi\u0161e ciklusa pranja bez ikakvih problema, osiguravaju\u0107i da odr\u017eavamo uskla\u0111enost sa na\u0161im strogim higijenskim standardima.\u201d<\/span><\/p>\n<h3 class=\"AnswerParser_AnswerParserH3__Mpe4s\">Povezani proizvodi<\/h3>\n<p><span class=\"AnswerParser_TextContainer__z_Iiv\" data-testid=\"youchat-text\">Pored toga\u00a0<strong>Vodootporna periva RFID oznaka za rublje<\/strong>, postoji nekoliko srodnih proizvoda koji mogu pobolj\u0161ati sisteme upravljanja pranjem. To uklju\u010duje:<\/span><\/p>\n<ul class=\"AnswerParser_AnswerParserUnorderedList__P_1FW\">\n<li class=\"AnswerParser_ListItem__XqLOV\" translate=\"yes\"><strong>RFID naljepnice<\/strong>: Idealno za manje predmete ili specifi\u010dne aplikacije.<\/li>\n<li class=\"AnswerParser_ListItem__XqLOV\" translate=\"yes\"><strong>RFID naljepnice<\/strong>: Svestran i jednostavan za nano\u0161enje na razli\u010dite povr\u0161ine.<\/li>\n<li class=\"AnswerParser_ListItem__XqLOV\" translate=\"yes\"><strong>RFID \u010dita\u010di<\/strong>: Neophodan za skeniranje i efikasno upravljanje ozna\u010denim stavkama.<\/li>\n<\/ul>\n<h3 class=\"AnswerParser_AnswerParserH3__Mpe4s\">\u00a0\u010cesto postavljana pitanja (FAQ)<\/h3>\n<p><span class=\"AnswerParser_TextContainer__z_Iiv\" data-testid=\"youchat-text\"><strong>P: Koliko dugo traju RFID oznake za ve\u0161?<\/strong><br \/>\nO: Na\u0161e\u00a0<strong>RFID oznake za ve\u0161<\/strong>\u00a0dizajnirani su da izdr\u017ee preko 200 ciklusa pranja, osiguravaju\u0107i dugotrajne performanse.<\/span><\/p>\n<p><span class=\"AnswerParser_TextContainer__z_Iiv\" data-testid=\"youchat-text\"><strong>P: Da li se ove oznake mogu koristiti za pranje na visokim temperaturama?<\/strong><br \/>\nO: Da, ove oznake su posebno dizajnirane da izdr\u017ee visoke temperature, \u0161to ih \u010dini pogodnim za industrijske primjene u pranju rublja.<\/span><\/p>\n<p><span class=\"AnswerParser_TextContainer__z_Iiv\" data-testid=\"youchat-text\"><strong>P: Kako da naru\u010dim RFID oznake za ve\u0161?<\/strong><br \/>\nO: Da biste naru\u010dili ili se raspitali o opcijama prilago\u0111avanja, ispunite kontakt obrazac na na\u0161oj web stranici, a na\u0161 tim \u0107e vam odmah pomo\u0107i.<\/span><\/p>\n<h3 class=\"AnswerParser_AnswerParserH3__Mpe4s\">Zaklju\u010dak<\/h3>\n<p><span class=\"AnswerParser_TextContainer__z_Iiv\" data-testid=\"youchat-text\">The\u00a0<strong>Vodootporna periva RFID oznaka za rublje<\/strong>\u00a0je menja\u010d za kompanije koje \u017eele da unaprede svoje procese upravljanja pranjem ve\u0161a. Sa svojim izdr\u017eljivim dizajnom, naprednom tehnologijom i brojnim prednostima, to je investicija koja se isplati u efikasnosti i u\u0161tedi tro\u0161kova.<\/span><span class=\"AnswerParser_TextContainer__z_Iiv\" data-testid=\"youchat-text\">Usvajanjem RFID tehnologije, preduze\u0107a mogu pojednostaviti svoje poslovanje, pobolj\u0161ati ta\u010dnost inventara i na kraju pru\u017eiti bolju uslugu svojim klijentima. Ne propustite priliku da revolucionirate svoje upravljanje praonicama \u2013<strong>kontaktirajte nas<\/strong>\u00a0danas da saznate vi\u0161e o na\u0161im RFID rje\u0161enjima i kako ona mogu koristiti va\u0161oj organizaciji.<\/span><\/p>\n<p>&nbsp;<\/p>\n<\/div>\n<div class=\"auto-hide-last-sibling-br paragraph_1252f paragraph-element\"><\/div>","protected":false},"excerpt":{"rendered":"<p><strong>Vodootporna periva RFID oznaka za rublje<\/strong>\u00a0je menja\u010d za kompanije koje \u017eele da unaprede svoje procese upravljanja pranjem ve\u0161a. Sa svojim izdr\u017eljivim dizajnom, naprednom tehnologijom i brojnim prednostima, to je investicija koja se isplati u efikasnosti i u\u0161tedi tro\u0161kova.<\/p>","protected":false},"featured_media":2827,"template":"","meta":{"_kad_post_transparent":"default","_kad_post_title":"","_kad_post_layout":"default","_kad_post_sidebar_id":"","_kad_post_content_style":"default","_kad_post_vertical_padding":"default","_kad_post_feature":"","_kad_post_feature_position":"","_kad_post_header":false,"_kad_post_footer":false,"_kad_post_classname":""},"product_brand":[],"product_cat":[16],"product_tag":[340,31,65,30,325],"class_list":{"0":"post-2822","1":"product","2":"type-product","3":"status-publish","4":"has-post-thumbnail","6":"product_cat-uhf-rfid-laundry-tags","7":"product_tag-rfid-chips","8":"product_tag-rfid-tag-for-linen-laundry","9":"product_tag-textile-rfid-laundry-tags","10":"product_tag-uhf-rfid-laundry-tag","11":"product_tag-washable-rfid-laundry-tag","13":"first","14":"instock","15":"featured","16":"shipping-taxable","17":"product-type-simple","18":"entry","19":"content-bg","20":"loop-entry"},"_links":{"self":[{"href":"https:\/\/rfid-laundry-tag.com\/bs\/wp-json\/wp\/v2\/product\/2822","targetHints":{"allow":["GET"]}}],"collection":[{"href":"https:\/\/rfid-laundry-tag.com\/bs\/wp-json\/wp\/v2\/product"}],"about":[{"href":"https:\/\/rfid-laundry-tag.com\/bs\/wp-json\/wp\/v2\/types\/product"}],"version-history":[{"count":2,"href":"https:\/\/rfid-laundry-tag.com\/bs\/wp-json\/wp\/v2\/product\/2822\/revisions"}],"predecessor-version":[{"id":2829,"href":"https:\/\/rfid-laundry-tag.com\/bs\/wp-json\/wp\/v2\/product\/2822\/revisions\/2829"}],"wp:featuredmedia":[{"embeddable":true,"href":"https:\/\/rfid-laundry-tag.com\/bs\/wp-json\/wp\/v2\/media\/2827"}],"wp:attachment":[{"href":"https:\/\/rfid-laundry-tag.com\/bs\/wp-json\/wp\/v2\/media?parent=2822"}],"wp:term":[{"taxonomy":"product_brand","embeddable":true,"href":"https:\/\/rfid-laundry-tag.com\/bs\/wp-json\/wp\/v2\/product_brand?post=2822"},{"taxonomy":"product_cat","embeddable":true,"href":"https:\/\/rfid-laundry-tag.com\/bs\/wp-json\/wp\/v2\/product_cat?post=2822"},{"taxonomy":"product_tag","embeddable":true,"href":"https:\/\/rfid-laundry-tag.com\/bs\/wp-json\/wp\/v2\/product_tag?post=2822"}],"curies":[{"name":"radni list","href":"https:\/\/api.w.org\/{rel}","templated":true}]}}