{"id":281,"date":"2024-06-26T09:42:03","date_gmt":"2024-06-26T09:42:03","guid":{"rendered":"https:\/\/rfid-laundry-tag.com\/?post_type=product&#038;p=281"},"modified":"2024-07-16T16:25:37","modified_gmt":"2024-07-16T16:25:37","slug":"uhf-rfid-wet-inlay","status":"publish","type":"product","link":"https:\/\/rfid-laundry-tag.com\/bs\/uhf-rfid-wet-inlay\/","title":{"rendered":"UHF RFID Wet Inlay"},"content":{"rendered":"<table class=\"all magic-1\" style=\"font-family: var(--global-body-font-family);\">\n<tbody>\n<tr>\n<td colspan=\"1\" rowspan=\"1\">\n<div class=\"magic-2\" data-spm-anchor-id=\"a2700.details.0.i124.27902306LbjcO6\"><b>Naziv proizvoda<\/b><\/div>\n<\/td>\n<td colspan=\"1\" rowspan=\"1\">\n<div class=\"magic-3\">UHF RFID Wet Inlay<\/div>\n<\/td>\n<\/tr>\n<tr>\n<td colspan=\"1\" rowspan=\"1\">\n<div class=\"magic-2\"><b data-spm-anchor-id=\"a2700.pc-decorate.0.i1.2adc3333pGXB5C\">Materijal<\/b><\/div>\n<\/td>\n<td colspan=\"1\" rowspan=\"1\">\n<div class=\"magic-3\">Premazani papir, PET itd<\/div>\n<\/td>\n<\/tr>\n<tr>\n<td colspan=\"1\" rowspan=\"1\">\n<div class=\"magic-2\"><b>\u010cip<\/b><\/div>\n<\/td>\n<td colspan=\"1\" rowspan=\"1\">\n<div class=\"magic-3\">Alien H9<\/div>\n<\/td>\n<\/tr>\n<tr>\n<td colspan=\"1\" rowspan=\"1\">\n<div class=\"magic-2\"><b data-spm-anchor-id=\"a2700.pc-decorate.0.i7.2adc3333pGXB5C\">Boja<\/b><\/div>\n<\/td>\n<td colspan=\"1\" rowspan=\"1\">\n<div class=\"magic-3\">Bijelo<\/div>\n<\/td>\n<\/tr>\n<tr>\n<td colspan=\"1\" rowspan=\"1\">\n<div class=\"magic-2\"><b>Korisni\u010dka memorija<\/b><\/div>\n<\/td>\n<td colspan=\"1\" rowspan=\"1\">\n<div class=\"magic-3\">688 bita<\/div>\n<\/td>\n<\/tr>\n<tr>\n<td colspan=\"1\" rowspan=\"1\">\n<div class=\"magic-2\"><b>EPC memorija<\/b><\/div>\n<\/td>\n<td colspan=\"1\" rowspan=\"1\">\n<div class=\"magic-3\" data-spm-anchor-id=\"a2700.details.0.i125.27902306LbjcO6\">496 bita<\/div>\n<\/td>\n<\/tr>\n<tr>\n<td colspan=\"1\" rowspan=\"1\">\n<div class=\"magic-2\"><b data-spm-anchor-id=\"a2700.pc-decorate.0.i18.2adc3333pGXB5C\">Protokol<\/b><\/div>\n<\/td>\n<td colspan=\"1\" rowspan=\"1\">\n<div class=\"magic-3\">Globalni EPC Class1 Gen2 ISO\/IEC 18000-6C<\/div>\n<\/td>\n<\/tr>\n<tr>\n<td colspan=\"1\" rowspan=\"1\">\n<div class=\"magic-2\"><b data-spm-anchor-id=\"a2700.pc-decorate.0.i9.74c33333KAtYOv\">Frekvencija<\/b><\/div>\n<\/td>\n<td colspan=\"1\" rowspan=\"1\">\n<div class=\"magic-3\">860-960 MHz<\/div>\n<\/td>\n<\/tr>\n<tr>\n<td colspan=\"1\" rowspan=\"1\">\n<div class=\"magic-2\"><b>Raspon \u010dita\u010da<\/b><\/div>\n<\/td>\n<td colspan=\"1\" rowspan=\"1\">\n<div class=\"magic-3\">6M (Ovisi o okru\u017eenju i udaljenosti \u010ditanja i pisanja)<\/div>\n<\/td>\n<\/tr>\n<tr>\n<td colspan=\"1\" rowspan=\"1\">\n<div class=\"magic-2\"><b data-spm-anchor-id=\"a2700.pc-decorate.0.i17.6f873333hkY330\">Working Method<\/b><\/div>\n<\/td>\n<td colspan=\"1\" rowspan=\"1\">\n<div class=\"magic-3\">Pasivno<\/div>\n<\/td>\n<\/tr>\n<tr>\n<td colspan=\"1\" rowspan=\"1\">\n<div class=\"magic-2\"><b>Working Recycling<\/b><\/div>\n<\/td>\n<td colspan=\"1\" rowspan=\"1\">\n<div class=\"magic-3\">&gt;100000 puta<\/div>\n<\/td>\n<\/tr>\n<tr>\n<td colspan=\"1\" rowspan=\"1\">\n<div class=\"magic-2\"><b data-spm-anchor-id=\"a2700.pc-decorate.0.i51.200a3333J5VKbe\">Aplikacija<\/b><\/div>\n<\/td>\n<td colspan=\"1\" rowspan=\"1\">\n<div class=\"magic-3\">Sljedivost protiv krivotvorina, prijenos podataka<\/div>\n<\/td>\n<\/tr>\n<\/tbody>\n<\/table>\n<div><\/div>\n<div class=\"auto-hide-last-sibling-br paragraph_9dc5f paragraph-element\">Prijave, uklju\u010duju\u0107i, ali ne ograni\u010davaju\u0107i se na:<\/div>\n<ol class=\"auto-hide-last-sibling-br\">\n<li>\n<div class=\"auto-hide-last-sibling-br paragraph_9dc5f paragraph-element\">Upravljanje zalihama: Ove oznake se mogu koristiti za pra\u0107enje nivoa zaliha u skladi\u0161tima i maloprodajnim objektima, \u010dine\u0107i proces upravljanja zalihama efikasnijim i preciznijim.<\/div>\n<\/li>\n<li>\n<div class=\"auto-hide-last-sibling-br paragraph_9dc5f paragraph-element\">Upravljanje lancem snabdevanja: Ozna\u010davanjem artikala sa RFID etiketama, kompanije mogu pratiti kretanje i status robe kroz lanac snabdevanja, od proizvodnje do prodaje, pove\u0107avaju\u0107i transparentnost i operativnu efikasnost.<\/div>\n<\/li>\n<li>\n<div class=\"auto-hide-last-sibling-br paragraph_9dc5f paragraph-element\">Upravljanje logistikom: RFID oznake pojednostavljuju proces pra\u0107enja po\u0161iljki i upravljanja robom tokom transporta. Oni pru\u017eaju informacije u realnom vremenu o lokaciji i statusu robe, smanjuju\u0107i gre\u0161ke i ka\u0161njenja.<\/div>\n<\/li>\n<li>\n<div class=\"auto-hide-last-sibling-br paragraph_9dc5f paragraph-element\">Kozmetika: Brendovi mogu koristiti RFID naljepnice za provjeru autenti\u010dnosti, poma\u017eu\u0107i u sprje\u010davanju krivotvorenja i osiguravaju\u0107i da potro\u0161a\u010di dobiju originalne proizvode.<\/div>\n<\/li>\n<li>\n<div class=\"auto-hide-last-sibling-br paragraph_9dc5f paragraph-element\">Zdravstvo: RFID naljepnice mogu pratiti vitalnu medicinsku opremu, upravljati farmaceutskim zalihama i kartonima pacijenata, pru\u017eaju\u0107i kriti\u010dna pobolj\u0161anja u njezi pacijenata i upravljanju bolnicom.<\/div>\n<\/li>\n<li>\n<div class=\"auto-hide-last-sibling-br paragraph_9dc5f paragraph-element\">Odje\u0107a: U modnoj industriji, RFID naljepnice mogu upravljati inventarom, boriti se protiv kra\u0111e, upravljati iskustvima u stjecanju i pru\u017eiti podatke za detaljnu analizu pona\u0161anja kupaca.<\/div>\n<\/li>\n<li>\n<div class=\"auto-hide-last-sibling-br paragraph_9dc5f paragraph-element\">Nakit: RFID umetci pru\u017eaju efikasan na\u010din za pra\u0107enje predmeta visoke vrijednosti poput nakita. Oni tako\u0111er mogu pomo\u0107i u autentifikaciji nakita i sprije\u010diti kra\u0111u.<\/div>\n<\/li>\n<li>\n<div class=\"auto-hide-last-sibling-br paragraph_9dc5f paragraph-element\">Pra\u0107enje imovine: Kompanije koriste RFID oznake za pra\u0107enje svoje imovine, uklju\u010duju\u0107i opremu, vozila i druge vrijedne predmete, minimiziraju\u0107i gubitak i pobolj\u0161avaju\u0107i cjelokupno upravljanje imovinom.<\/div>\n<\/li>\n<\/ol>\n<div class=\"auto-hide-last-sibling-br paragraph_9dc5f paragraph-element\">Ukratko, UHF RFID umetci i RFID UHF naljepnice zna\u010dajno doprinose pobolj\u0161anju operativne efikasnosti, ta\u010dnosti i sigurnosti u razli\u010ditim industrijama.<\/div>","protected":false},"excerpt":{"rendered":"<p>UHF RFID umetci i RFID UHF naljepnice zaista igraju klju\u010dnu ulogu u vi\u0161e industrija zbog svojih robusnih performansi i \u0161iroke primjene<\/p>","protected":false},"featured_media":282,"template":"","meta":{"_kad_post_transparent":"default","_kad_post_title":"","_kad_post_layout":"default","_kad_post_sidebar_id":"","_kad_post_content_style":"default","_kad_post_vertical_padding":"default","_kad_post_feature":"","_kad_post_feature_position":"","_kad_post_header":false,"_kad_post_footer":false,"_kad_post_classname":""},"product_brand":[],"product_cat":[54,189],"product_tag":[108,107],"class_list":{"0":"post-281","1":"product","2":"type-product","3":"status-publish","4":"has-post-thumbnail","6":"product_cat-hot-selling-rfid-tags","7":"product_cat-rfid-inlay","8":"product_tag-rfid-inlay","9":"product_tag-uhf-rfid-wet-inlay","11":"first","12":"instock","13":"shipping-taxable","14":"product-type-simple","15":"entry","16":"content-bg","17":"loop-entry"},"_links":{"self":[{"href":"https:\/\/rfid-laundry-tag.com\/bs\/wp-json\/wp\/v2\/product\/281","targetHints":{"allow":["GET"]}}],"collection":[{"href":"https:\/\/rfid-laundry-tag.com\/bs\/wp-json\/wp\/v2\/product"}],"about":[{"href":"https:\/\/rfid-laundry-tag.com\/bs\/wp-json\/wp\/v2\/types\/product"}],"version-history":[{"count":1,"href":"https:\/\/rfid-laundry-tag.com\/bs\/wp-json\/wp\/v2\/product\/281\/revisions"}],"predecessor-version":[{"id":721,"href":"https:\/\/rfid-laundry-tag.com\/bs\/wp-json\/wp\/v2\/product\/281\/revisions\/721"}],"wp:featuredmedia":[{"embeddable":true,"href":"https:\/\/rfid-laundry-tag.com\/bs\/wp-json\/wp\/v2\/media\/282"}],"wp:attachment":[{"href":"https:\/\/rfid-laundry-tag.com\/bs\/wp-json\/wp\/v2\/media?parent=281"}],"wp:term":[{"taxonomy":"product_brand","embeddable":true,"href":"https:\/\/rfid-laundry-tag.com\/bs\/wp-json\/wp\/v2\/product_brand?post=281"},{"taxonomy":"product_cat","embeddable":true,"href":"https:\/\/rfid-laundry-tag.com\/bs\/wp-json\/wp\/v2\/product_cat?post=281"},{"taxonomy":"product_tag","embeddable":true,"href":"https:\/\/rfid-laundry-tag.com\/bs\/wp-json\/wp\/v2\/product_tag?post=281"}],"curies":[{"name":"radni list","href":"https:\/\/api.w.org\/{rel}","templated":true}]}}