{"id":2792,"date":"2024-10-29T11:28:05","date_gmt":"2024-10-29T11:28:05","guid":{"rendered":"https:\/\/rfid-laundry-tag.com\/?post_type=product&#038;p=2792"},"modified":"2024-10-29T13:03:05","modified_gmt":"2024-10-29T13:03:05","slug":"fdx-b-134-2khz-rfid-animal-id-glass-tag-syringe-transponder","status":"publish","type":"product","link":"https:\/\/rfid-laundry-tag.com\/bs\/fdx-b-134-2khz-rfid-animal-id-glass-tag-syringe-transponder\/","title":{"rendered":"FDX-B 134.2khz RFID transponder sa staklenom oznakom za identifikaciju \u017eivotinja"},"content":{"rendered":"<h2>FDX-B 134.2khz RFID transponder sa staklenom oznakom za identifikaciju \u017eivotinja<\/h2>\n<p><span class=\"AnswerParser_TextContainer__z_Iiv\" data-testid=\"youchat-text\"><strong>FDX-B 134,2 kHz RFID Transponder sa staklenom oznakom za identifikaciju \u017eivotinja<\/strong>\u00a0je vrhunsko rje\u0161enje za identifikaciju i upravljanje \u017eivotinjama. Dizajnirana posebno za ku\u0107ne ljubimce i stoku, ova RFID staklena oznaka osigurava precizno pra\u0107enje i identifikaciju, \u0161to je \u010dini osnovnim alatom za veterinare, uzgajiva\u010de i vlasnike ku\u0107nih ljubimaca. Sa svojim robusnim karakteristikama i pouzdanim performansama, ovaj proizvod je vrijedan ulaganja za svakoga tko je uklju\u010den u brigu o \u017eivotinjama i upravljanje njima.<\/span><\/p>\n<h2 class=\"AnswerParser_AnswerParserH2__SIHnF\">Za\u0161to odabrati FDX-B 134,2 kHz RFID staklenu oznaku za identifikaciju \u017eivotinja?<\/h2>\n<p><span class=\"AnswerParser_TextContainer__z_Iiv\" data-testid=\"youchat-text\">FDX-B RFID staklena oznaka nije samo jednostavan alat za identifikaciju; nudi brojne prednosti koje pobolj\u0161avaju upravljanje \u017eivotinjama. Njegovo\u00a0<strong>bioglass<\/strong>\u00a0konstrukcija osigurava trajnost i biokompatibilnost, \u010dine\u0107i je sigurnom za implantaciju. Oznaka radi na frekvenciji od\u00a0<strong>134,2 kHz<\/strong>, koji je uskla\u0111en sa me\u0111unarodnim standardima (ISO11784\/785, ISO14443A), osiguravaju\u0107i pouzdane performanse u razli\u010ditim aplikacijama. Osim toga, the\u00a0<strong>100% medicinska sterilizacija<\/strong>\u00a0jam\u010di da je oznaka sigurna za upotrebu kod \u017eivotinja, minimiziraju\u0107i rizik od infekcije ili komplikacija nakon implantacije.<\/span><\/p>\n<h3 class=\"AnswerParser_AnswerParserH3__Mpe4s\">Pregled proizvoda<\/h3>\n<h4 class=\"AnswerParser_AnswerParserH4__ghxg8\">1. Karakteristike proizvoda<\/h4>\n<p><span class=\"AnswerParser_TextContainer__z_Iiv\" data-testid=\"youchat-text\">FDX-B RFID staklena oznaka dolazi u razli\u010ditim veli\u010dinama, uklju\u010duju\u0107i\u00a0<strong>1,25*7 mm<\/strong>,\u00a0<strong>1,4*8 mm<\/strong>,\u00a0<strong>2*8mm<\/strong>,\u00a0<strong>2*12mm<\/strong>, i\u00a0<strong>3*15mm<\/strong>. Ovaj asortiman omogu\u0107ava fleksibilnost u primjeni, opslu\u017euju\u0107i razli\u010dite veli\u010dine \u017eivotinja, od malih ku\u0107nih ljubimaca do ve\u0107e stoke. Oznake\u00a0<strong>antibakterijski, antialergijski i protiv odbacivanja<\/strong>\u00a0karakteristike osiguravaju da je siguran za sve vrste \u017eivotinja, pru\u017eaju\u0107i bezbri\u017enost vlasnicima ku\u0107nih ljubimaca i veterinarima.<\/span><\/p>\n<h4 class=\"AnswerParser_AnswerParserH4__ghxg8\">2. Tehni\u010dke specifikacije<\/h4>\n<table class=\"hight-light-first-column all magic-18\">\n<tbody>\n<tr>\n<td colspan=\"1\" rowspan=\"1\">\n<div class=\"magic-19\">Stavka<\/div>\n<\/td>\n<td colspan=\"1\" rowspan=\"1\">\n<div class=\"magic-20\">RFID staklena oznaka<\/div>\n<\/td>\n<\/tr>\n<tr>\n<td colspan=\"1\" rowspan=\"1\">\n<div class=\"magic-19\">Materijal<\/div>\n<\/td>\n<td colspan=\"1\" rowspan=\"1\">\n<div class=\"magic-20\">Bioglass<\/div>\n<\/td>\n<\/tr>\n<tr>\n<td colspan=\"1\" rowspan=\"1\">\n<div class=\"magic-19\">Dostupna veli\u010dina<\/div>\n<\/td>\n<td colspan=\"1\" rowspan=\"1\">\n<div class=\"magic-20\">1,25 * 7 mm, 1,4 * 8 mm, 2 * 8 mm, 2 * 12 mm, 3 * 15 mm itd.<\/div>\n<\/td>\n<\/tr>\n<tr>\n<td colspan=\"1\" rowspan=\"1\">\n<div class=\"magic-19\">Radna frekvencija<\/div>\n<\/td>\n<td colspan=\"1\" rowspan=\"1\">\n<div class=\"magic-20\" data-spm-anchor-id=\"a2700.details.0.i46.2ffc6c8dJHsoYV\">134,2KHz, 125Khz, 13,56MHz<\/div>\n<\/td>\n<\/tr>\n<tr>\n<td colspan=\"1\" rowspan=\"1\">\n<div class=\"magic-19\">Protocal<\/div>\n<\/td>\n<td colspan=\"1\" rowspan=\"1\">\n<div class=\"magic-20\">ISO11784\/785, IS014443A<\/div>\n<\/td>\n<\/tr>\n<tr>\n<td colspan=\"1\" rowspan=\"1\">\n<div class=\"magic-19\">Artcraft<\/div>\n<\/td>\n<td colspan=\"1\" rowspan=\"1\">\n<div class=\"magic-20\">Programiranje ID broja<\/div>\n<\/td>\n<\/tr>\n<tr>\n<td colspan=\"1\" rowspan=\"1\">\n<div class=\"magic-19\">Sterilizacija<\/div>\n<\/td>\n<td colspan=\"1\" rowspan=\"1\">\n<div class=\"magic-20\">100% Medicinska sterilizacija<\/div>\n<\/td>\n<\/tr>\n<tr>\n<td colspan=\"1\" rowspan=\"1\">\n<div class=\"magic-19\">Chip Feature<\/div>\n<\/td>\n<td colspan=\"1\" rowspan=\"1\">\n<div class=\"magic-20\">Antibakterijski, Anti-alergijski, Anti-odbacivanje<\/div>\n<\/td>\n<\/tr>\n<tr>\n<td colspan=\"1\" rowspan=\"1\">\n<div class=\"magic-19\">Aplikacija<\/div>\n<\/td>\n<td colspan=\"1\" rowspan=\"1\">\n<div class=\"magic-20\" data-spm-anchor-id=\"a2700.details.0.i45.2ffc6c8dJHsoYV\">Upravljanje ku\u0107nim ljubimcima itd<\/div>\n<\/td>\n<\/tr>\n<\/tbody>\n<\/table>\n<p><span class=\"AnswerParser_TextContainer__z_Iiv\" data-testid=\"youchat-text\">Ove specifikacije nagla\u0161avaju svestranost i pouzdanost oznake, \u010dine\u0107i je pogodnom za razli\u010dite potrebe identifikacije \u017eivotinja.<\/span><\/p>\n<h4 class=\"AnswerParser_AnswerParserH4__ghxg8\">3. Upute za upotrebu<\/h4>\n<p><span class=\"AnswerParser_TextContainer__z_Iiv\" data-testid=\"youchat-text\">FDX-B RFID staklena oznaka je dizajnirana za jednostavnu implantaciju pomo\u0107u specijalizovanog \u0161prica. Proces je jednostavan:<\/span><\/p>\n<ol class=\"AnswerParser_AnswerParserOrderedList__kl_2Y\">\n<li class=\"AnswerParser_ListItem__XqLOV\" translate=\"yes\"><strong>Pripremite \u0161pric<\/strong>\u00a0sa RFID staklenom etiketom.<\/li>\n<li class=\"AnswerParser_ListItem__XqLOV\" translate=\"yes\"><strong>Prona\u0111ite mjesto implantacije<\/strong>\u00a0na \u017eivotinji, obi\u010dno izme\u0111u lopatica.<\/li>\n<li class=\"AnswerParser_ListItem__XqLOV\" translate=\"yes\"><strong>Ubacite oznaku<\/strong>\u00a0koriste\u0107i \u0161pric, vode\u0107i ra\u010duna da je stavljen pod ko\u017eu.<\/li>\n<\/ol>\n<p><span class=\"AnswerParser_TextContainer__z_Iiv\" data-testid=\"youchat-text\">Ova jednostavna procedura omogu\u0107ava brzo i efikasno ozna\u010davanje \u017eivotinja, minimiziraju\u0107i stres i za \u017eivotinju i za vodi\u010da.<\/span><\/p>\n<h4 class=\"AnswerParser_AnswerParserH4__ghxg8\">4. Uticaj na \u017eivotnu sredinu<\/h4>\n<p><span class=\"AnswerParser_TextContainer__z_Iiv\" data-testid=\"youchat-text\">FDX-B RFID staklena oznaka dizajnirana je s obzirom na odr\u017eivost. Materijal od bioglasa je ekolo\u0161ki prihvatljiv i mo\u017ee se bezbedno odlo\u017eiti bez \u0161tete po ekosistem. Osim toga, proizvodni proces se pridr\u017eava strogih ekolo\u0161kih standarda, osiguravaju\u0107i minimalan otpad i potro\u0161nju energije.<\/span><\/p>\n<h4 class=\"AnswerParser_AnswerParserH4__ghxg8\">5. Recenzije kupaca<\/h4>\n<p><span class=\"AnswerParser_TextContainer__z_Iiv\" data-testid=\"youchat-text\">Kupci su pohvalili FDX-B RFID staklenu oznaku zbog njene pouzdanosti i lako\u0107e upotrebe. Mnogi veterinari navode da su oznake zna\u010dajno pobolj\u0161ale njihovu sposobnost pra\u0107enja i upravljanja \u017eivotinjama, \u0161to je dovelo do boljih zdravstvenih rezultata. Vlasnici ku\u0107nih ljubimaca cijene mir koji dolazi sa saznanjem da se njihovi ljubimci mogu lako prepoznati ako se izgube.<\/span><\/p>\n<h4 class=\"AnswerParser_AnswerParserH4__ghxg8\">6. \u010cesto postavljana pitanja<\/h4>\n<p><span class=\"AnswerParser_TextContainer__z_Iiv\" data-testid=\"youchat-text\"><strong>P: Koliko dugo traje RFID oznaka nakon implantacije?<\/strong><br \/>\nO: FDX-B RFID staklena oznaka je dizajnirana da traje do\u017eivotno \u017eivotinje, pru\u017eaju\u0107i trajnu identifikaciju.<\/span><span class=\"AnswerParser_TextContainer__z_Iiv\" data-testid=\"youchat-text\"><strong>P: Da li je proces implantacije bolan za \u017eivotinju?<\/strong><br \/>\nO: Proces implantacije je brz i minimalno invazivan, izaziva samo blagu nelagodu, sli\u010dno kao kod vakcinacije.<\/span><span class=\"AnswerParser_TextContainer__z_Iiv\" data-testid=\"youchat-text\"><strong>P: Mo\u017ee li se oznaka \u010ditati iz daljine?<\/strong><br \/>\nO: Da, oznaka se mo\u017ee o\u010ditati sa udaljenosti od nekoliko centimetara, ovisno o kori\u0161tenom \u010dita\u010du.<\/span><\/p>\n<h4 class=\"AnswerParser_AnswerParserH4__ghxg8\">7. Povezani proizvodi<\/h4>\n<p><span class=\"AnswerParser_TextContainer__z_Iiv\" data-testid=\"youchat-text\">Pored FDX-B RFID staklene oznake, nudimo niz srodnih proizvoda, uklju\u010duju\u0107i RFID \u010dita\u010de i softverska rje\u0161enja za upravljanje \u017eivotinjama. Ovi proizvodi mogu pobolj\u0161ati va\u0161e mogu\u0107nosti pra\u0107enja i pojednostaviti va\u0161e operacije.<\/span><\/p>\n<h4 class=\"AnswerParser_AnswerParserH4__ghxg8\">8. Osiguranje kvaliteta<\/h4>\n<p><span class=\"AnswerParser_TextContainer__z_Iiv\" data-testid=\"youchat-text\">FDX-B RFID staklena oznaka proizvedena je pod strogim mjerama kontrole kvaliteta, osiguravaju\u0107i dosljedan kvalitet i performanse. Akreditovan je prema razli\u010ditim me\u0111unarodnim standardima, uklju\u010duju\u0107i ISO 9001, ISO 14001 i ISO 45001, \u0161to garantuje njegovu pouzdanost i sigurnost.<\/span><\/p>\n<h4 class=\"AnswerParser_AnswerParserH4__ghxg8\">9. Zaklju\u010dak<\/h4>\n<p><span class=\"AnswerParser_TextContainer__z_Iiv\" data-testid=\"youchat-text\">Ulaganje u\u00a0<strong>FDX-B 134,2 kHz RFID Transponder sa staklenom oznakom za identifikaciju \u017eivotinja<\/strong>\u00a0je pametan izbor za sve koji se bave brigom o \u017eivotinjama. Njegove napredne karakteristike, jednostavnost upotrebe i posve\u0107enost bezbednosti \u010dine ga neprocenjivim alatom za efikasno upravljanje \u017eivotinjama. Bilo da ste veterinar, uzgajiva\u010d ili vlasnik ku\u0107nog ljubimca, ova RFID staklena oznaka \u0107e pobolj\u0161ati va\u0161u sposobnost efikasnog pra\u0107enja i identifikacije \u017eivotinja.<\/span><\/p>\n<h4 class=\"AnswerParser_AnswerParserH4__ghxg8\">10. Poziv na akciju<\/h4>\n<p><span class=\"AnswerParser_TextContainer__z_Iiv\" data-testid=\"youchat-text\">Spremni da pobolj\u0161ate svoje prakse upravljanja \u017eivotinjama?\u00a0<strong>Kontaktirajte nas danas<\/strong>\u00a0da saznate vi\u0161e o FDX-B RFID staklenoj oznaci i istra\u017eite na\u0161 asortiman RFID rje\u0161enja. Ispunite na\u0161 upitnik za besplatni uzorak ili da razgovarate o va\u0161im specifi\u010dnim potrebama s na\u0161im stru\u010dnjacima!<\/span><\/p>","protected":false},"excerpt":{"rendered":"<p>FDX-B 134.2kHz RFID Animal ID Glass Tag Transponder \u0161prica je vrhunsko rje\u0161enje za identifikaciju i upravljanje \u017eivotinjama.<\/p>","protected":false},"featured_media":2793,"template":"","meta":{"_kad_post_transparent":"default","_kad_post_title":"","_kad_post_layout":"default","_kad_post_sidebar_id":"","_kad_post_content_style":"default","_kad_post_vertical_padding":"default","_kad_post_feature":"","_kad_post_feature_position":"","_kad_post_header":false,"_kad_post_footer":false,"_kad_post_classname":""},"product_brand":[],"product_cat":[54],"product_tag":[327,330,329,328],"class_list":{"0":"post-2792","1":"product","2":"type-product","3":"status-publish","4":"has-post-thumbnail","6":"product_cat-hot-selling-rfid-tags","7":"product_tag-fdx-b-134-2khz-rfid-animal-tag","8":"product_tag-rfid-animal-id-glass-tag-syringe","9":"product_tag-rfid-glass-tag-syringe-animal-microchip","10":"product_tag-rfid-pet-microchip-implant-capsule","12":"first","13":"instock","14":"shipping-taxable","15":"product-type-simple","16":"entry","17":"content-bg","18":"loop-entry"},"_links":{"self":[{"href":"https:\/\/rfid-laundry-tag.com\/bs\/wp-json\/wp\/v2\/product\/2792","targetHints":{"allow":["GET"]}}],"collection":[{"href":"https:\/\/rfid-laundry-tag.com\/bs\/wp-json\/wp\/v2\/product"}],"about":[{"href":"https:\/\/rfid-laundry-tag.com\/bs\/wp-json\/wp\/v2\/types\/product"}],"version-history":[{"count":2,"href":"https:\/\/rfid-laundry-tag.com\/bs\/wp-json\/wp\/v2\/product\/2792\/revisions"}],"predecessor-version":[{"id":2797,"href":"https:\/\/rfid-laundry-tag.com\/bs\/wp-json\/wp\/v2\/product\/2792\/revisions\/2797"}],"wp:featuredmedia":[{"embeddable":true,"href":"https:\/\/rfid-laundry-tag.com\/bs\/wp-json\/wp\/v2\/media\/2793"}],"wp:attachment":[{"href":"https:\/\/rfid-laundry-tag.com\/bs\/wp-json\/wp\/v2\/media?parent=2792"}],"wp:term":[{"taxonomy":"product_brand","embeddable":true,"href":"https:\/\/rfid-laundry-tag.com\/bs\/wp-json\/wp\/v2\/product_brand?post=2792"},{"taxonomy":"product_cat","embeddable":true,"href":"https:\/\/rfid-laundry-tag.com\/bs\/wp-json\/wp\/v2\/product_cat?post=2792"},{"taxonomy":"product_tag","embeddable":true,"href":"https:\/\/rfid-laundry-tag.com\/bs\/wp-json\/wp\/v2\/product_tag?post=2792"}],"curies":[{"name":"radni list","href":"https:\/\/api.w.org\/{rel}","templated":true}]}}