{"id":2775,"date":"2024-10-24T16:17:52","date_gmt":"2024-10-24T16:17:52","guid":{"rendered":"https:\/\/rfid-laundry-tag.com\/?post_type=product&#038;p=2775"},"modified":"2024-10-29T09:32:48","modified_gmt":"2024-10-29T09:32:48","slug":"waterproof-washable-uhf-textile-rfid-laundry-tag-with-hole","status":"publish","type":"product","link":"https:\/\/rfid-laundry-tag.com\/bs\/waterproof-washable-uhf-textile-rfid-laundry-tag-with-hole\/","title":{"rendered":"Vodootporna periva UHF tekstilna RFID oznaka za rublje s rupom"},"content":{"rendered":"<h1><strong>Vodootporna periva UHF tekstilna RFID oznaka za rublje s rupom<\/strong><\/h1>\n<p><strong>Vodootporna periva UHF tekstilna RFID oznaka za rublje s rupom,<\/strong>revolucionarni proizvod skrojen za pobolj\u0161anje pra\u0107enja i upravljanja predmetima za pranje rublja. Dizajnirana za izdr\u017eljivost i jednostavnu upotrebu, ova RFID oznaka je klju\u010dna za odr\u017eavanje operativne efikasnosti u razli\u010ditim okru\u017eenjima, od industrijskih praonica do bolnica i hotela. \u010citajte dalje kako biste otkrili brojne prednosti ugradnje ovih oznaka u svoje operacije pranja rublja.<\/p>\n<table class=\"all magic-7\">\n<tbody>\n<tr>\n<td colspan=\"1\" rowspan=\"1\">\n<div class=\"magic-8\" data-spm-anchor-id=\"a2700.details.0.i41.3a7a13dayRHcNe\">RFID standard:<\/div>\n<\/td>\n<td colspan=\"1\" rowspan=\"1\">\n<div class=\"magic-9\">ISO\/IEC 18000-6 TypeC (EPC Gen2)<\/div>\n<\/td>\n<\/tr>\n<tr>\n<td colspan=\"1\" rowspan=\"1\">\n<div class=\"magic-8\">Veli\u010dina i te\u017eina:<\/div>\n<\/td>\n<td colspan=\"1\" rowspan=\"1\">\n<div class=\"magic-9\">70\u00d715 mm, 0,7 g<\/div>\n<\/td>\n<\/tr>\n<tr>\n<td colspan=\"1\" rowspan=\"1\">\n<div class=\"magic-8\">Vrsta \u010dipa:<\/div>\n<\/td>\n<td colspan=\"1\" rowspan=\"1\">\n<div class=\"magic-9\">NXP Ucode 9<\/div>\n<\/td>\n<\/tr>\n<tr>\n<td colspan=\"1\" rowspan=\"1\">\n<div class=\"magic-8\">EPC memorija:<\/div>\n<\/td>\n<td colspan=\"1\" rowspan=\"1\">\n<div class=\"magic-9\">128bita<\/div>\n<\/td>\n<\/tr>\n<tr>\n<td colspan=\"1\" rowspan=\"1\">\n<div class=\"magic-8\">Korisni\u010dka memorija:<\/div>\n<\/td>\n<td colspan=\"1\" rowspan=\"1\">\n<div class=\"magic-9\">96 bita<\/div>\n<\/td>\n<\/tr>\n<tr>\n<td colspan=\"1\" rowspan=\"1\">\n<div class=\"magic-8\">Opseg \u010ditanja (fiksni \u010dita\u010d):<\/div>\n<\/td>\n<td colspan=\"1\" rowspan=\"1\">\n<div class=\"magic-9\">10m<\/div>\n<\/td>\n<\/tr>\n<tr>\n<td colspan=\"1\" rowspan=\"1\">\n<div class=\"magic-8\">Opseg \u010ditanja (ru\u010dni \u010dita\u010d):<\/div>\n<\/td>\n<td colspan=\"1\" rowspan=\"1\">\n<div class=\"magic-9\">8m<\/div>\n<\/td>\n<\/tr>\n<tr>\n<td colspan=\"1\" rowspan=\"1\">\n<div class=\"magic-8\">Ozna\u010davanje:<\/div>\n<\/td>\n<td colspan=\"1\" rowspan=\"1\">\n<div class=\"magic-9\">\u0160ivanje, zavarivanje<\/div>\n<\/td>\n<\/tr>\n<tr>\n<td colspan=\"1\" rowspan=\"1\">\n<div class=\"magic-8\">Procijenjeni vijek trajanja:<\/div>\n<\/td>\n<td colspan=\"1\" rowspan=\"1\">\n<div class=\"magic-9\">200 ciklusa pranja ili 3 godine, \u0161to god nastupi prije<\/div>\n<\/td>\n<\/tr>\n<tr>\n<td colspan=\"1\" rowspan=\"1\">\n<div class=\"magic-8\">Na\u010din pranja:<\/div>\n<\/td>\n<td colspan=\"1\" rowspan=\"1\">\n<div class=\"magic-9\">Praonica rublja, Kemijsko \u010di\u0161\u0107enje<\/div>\n<\/td>\n<\/tr>\n<tr>\n<td colspan=\"1\" rowspan=\"1\">\n<div class=\"magic-8\">Pritisak ekstrakcije vode:<\/div>\n<\/td>\n<td colspan=\"1\" rowspan=\"1\">\n<div class=\"magic-9\">60 bara<\/div>\n<\/td>\n<\/tr>\n<tr>\n<td colspan=\"1\" rowspan=\"1\">\n<div class=\"magic-8\">Otpornost na vodu:<\/div>\n<\/td>\n<td colspan=\"1\" rowspan=\"1\">\n<div class=\"magic-9\">Otporan na vodu<\/div>\n<\/td>\n<\/tr>\n<tr>\n<td colspan=\"1\" rowspan=\"1\">\n<div class=\"magic-8\">Hemijska otpornost:<\/div>\n<\/td>\n<td colspan=\"1\" rowspan=\"1\">\n<div class=\"magic-9\">Deterd\u017eent, omek\u0161iva\u010d, izbjeljiva\u010d (kiseonik\/hlor), lu\u017eina<\/div>\n<\/td>\n<\/tr>\n<tr>\n<td colspan=\"1\" rowspan=\"1\">\n<div class=\"magic-8\">Prethodno su\u0161enje u su\u0161ilici:<\/div>\n<\/td>\n<td colspan=\"1\" rowspan=\"1\">\n<div class=\"magic-9\">125 \u00baC 15-20 minuta<\/div>\n<\/td>\n<\/tr>\n<tr>\n<td colspan=\"1\" rowspan=\"1\">\n<div class=\"magic-8\" data-spm-anchor-id=\"a2700.details.0.i43.3a7a13dayRHcNe\">Temperatura sterilizacije:<\/div>\n<\/td>\n<td colspan=\"1\" rowspan=\"1\">\n<div class=\"magic-9\">135\u00b0C 15-20 minuta<\/div>\n<\/td>\n<\/tr>\n<tr>\n<td colspan=\"1\" rowspan=\"1\">\n<div class=\"magic-8\">Temperatura pranja:<\/div>\n<\/td>\n<td colspan=\"1\" rowspan=\"1\">\n<div class=\"magic-9\">90\u00b0C, do 15 min.<\/div>\n<\/td>\n<\/tr>\n<tr>\n<td colspan=\"1\" rowspan=\"1\">\n<div class=\"magic-8\">Vla\u017enost\/temperatura - rad:<\/div>\n<\/td>\n<td colspan=\"1\" rowspan=\"1\">\n<div class=\"magic-9\" data-spm-anchor-id=\"a2700.details.0.i42.3a7a13dayRHcNe\">-20 do 110\u00b0C, 8 do 95%RH<\/div>\n<\/td>\n<\/tr>\n<tr>\n<td colspan=\"1\" rowspan=\"1\">\n<div class=\"magic-8\">Vla\u017enost\/temperatura-skladi\u0161tenje:<\/div>\n<\/td>\n<td colspan=\"1\" rowspan=\"1\">\n<div class=\"magic-9\">-40 do 110\u00b0C, 8 do 95%RH<\/div>\n<\/td>\n<\/tr>\n<\/tbody>\n<\/table>\n<h3>Za\u0161to odabrati vodootporne perive UHF tekstilne RFID oznake za pranje rublja?<\/h3>\n<p>Ulaganje u RFID oznake za ve\u0161 nudi mno\u0161tvo prednosti, omogu\u0107avaju\u0107i preduze\u0107ima da pojednostave svoje procese. Evo nekoliko uvjerljivih razloga za razmatranje\u00a0<strong>RFID oznaka za ve\u0161<\/strong>\u00a0za va\u0161e pranje ve\u0161a:<\/p>\n<ul>\n<li><strong>Pobolj\u0161ano pra\u0107enje i upravljanje:<\/strong>\u00a0Recite zbogom izgubljenim ili izgubljenim predmetima. UHF tehnologija osigurava da se svaki odjevni predmet ili posteljina mo\u017ee precizno pratiti, smanjuju\u0107i ru\u010dne gre\u0161ke i pobolj\u0161avaju\u0107i upravljanje zalihama.<\/li>\n<li><strong>Trajnost i pouzdanost:<\/strong>\u00a0Napravljene da izdr\u017ee rigorozne uslove pranja ve\u0161a, ove RFID oznake mogu da izdr\u017ee visoke temperature i vi\u0161e ciklusa pranja (do 200), \u0161to ih \u010dini idealnim re\u0161enjem za komercijalne i industrijske primene u pranju ve\u0161a.<\/li>\n<li><strong>Svestranost u upotrebi:<\/strong>\u00a0Sa mogu\u0107no\u0161\u0107u \u0161ivanja ili termi\u010dkog zavarivanja na razli\u010dite tekstile\u00a0<strong>RFID oznake koje se mogu prati<\/strong>\u00a0savr\u0161eni su za hotele, bolnice i sve objekte koji zahtijevaju strogo upravljanje posteljinom.<\/li>\n<\/ul>\n<h3>Klju\u010dne karakteristike vodootporne perive UHF tekstilne RFID oznake za rublje<\/h3>\n<h4>1. Napredna RFID tehnologija<\/h4>\n<p>Na\u0161\u00a0<strong>RFID oznake za ve\u0161<\/strong>\u00a0su u skladu sa ISO\/IEC 18000-6 Tip C (EPC Gen2), osiguravaju\u0107i da ispunjavaju industrijske standarde za performanse i pouzdanost. Integracija najsavremenije UHF tehnologije omogu\u0107ava brz prenos podataka i efikasne procese pra\u0107enja.<\/p>\n<h4>2. Veli\u010dina i te\u017eina<\/h4>\n<p>Sa dimenzijama od\u00a0<strong>70\u00d715 mm<\/strong>\u00a0i lagani dizajn od samo\u00a0<strong>0,7g<\/strong>, ove oznake je lako ugraditi u bilo koji odjevni predmet bez dodavanja volumena ili neugodnosti. Kompaktna veli\u010dina omogu\u0107ava besprijekornu integraciju u razli\u010dite tekstile, bilo za\u00a0<strong>uniforme, posteljina ili drugi predmeti za pranje ve\u0161a<\/strong>.<\/p>\n<h4>3. Visoki opseg \u010ditanja<\/h4>\n<p>The\u00a0<strong>opseg \u010ditanja<\/strong>\u00a0je kriti\u010dan faktor za efikasne RFID sisteme. Na\u0161e oznake mogu posti\u0107i a\u00a0<strong>udaljenost \u010ditanja do 10 metara sa fiksnim \u010dita\u010dima<\/strong>\u00a0i\u00a0<strong>8 metara sa ru\u010dnim \u010dita\u010dima<\/strong>. Ovaj pro\u0161ireni opseg optimizuje proces pra\u0107enja, omogu\u0107avaju\u0107i efikasne provere zaliha i upravljanje tokom rada u u\u017eurbanom okru\u017eenju praonica.<\/p>\n<h4>4. Izdr\u017eljiv u te\u0161kim uslovima<\/h4>\n<p>Dizajnirane za izdr\u017eljivost, ove\u00a0<strong>vodootporne RFID oznake<\/strong>\u00a0mo\u017ee izdr\u017eati rigorozne procese \u010di\u0161\u0107enja, uklju\u010duju\u0107i:<\/p>\n<ul>\n<li><strong>Temperatura pranja:<\/strong>\u00a0Do\u00a0<strong>90\u00b0C<\/strong>\u00a015 minuta, osiguravaju\u0107i temeljno \u010di\u0161\u0107enje.<\/li>\n<li><strong>Temperatura sterilizacije:<\/strong>\u00a0Sposoban da izdr\u017ei procese sterilizacije na\u00a0<strong>135\u00b0C<\/strong>\u00a015-20 minuta, \u0161to ih \u010dini pogodnim za medicinska okru\u017eenja.<\/li>\n<li><strong>Hemijska otpornost:<\/strong>\u00a0Otporan na uobi\u010dajene hemikalije za pranje rublja kao \u0161to su deterd\u017eenti, omek\u0161iva\u010di i izbjeljiva\u010di, osiguravaju\u0107i dugovje\u010dnost i dosljedan u\u010dinak.<\/li>\n<\/ul>\n<h4>5. Razmatranja \u017eivotne sredine<\/h4>\n<p>Ove oznake su dizajnirane da izdr\u017ee\u00a0<strong>visoki pritisci ekstrakcije vode<\/strong>\u00a0od do\u00a0<strong>60 bara<\/strong>, osiguravaju\u0107i da ostanu funkcionalni \u010dak iu najzahtjevnijim uvjetima pranja. Kori\u0161teni materijali su ekolo\u0161ki prihvatljivi, \u0161to dodatno pove\u0107ava njihovu vrijednost.<\/p>\n<h4>6. \u017divotni vijek i upute za upotrebu<\/h4>\n<p>Sa procijenjenim vijekom trajanja od\u00a0<strong>200 ciklusa pranja ili 3 godine<\/strong>\u00a0(\u0161ta god do\u0111e prije), na\u0161e RFID oznake za ve\u0161 su napravljene da traju. Oni mogu neprimetno pre\u0107i iz okru\u017eenja za pranje ve\u0161a u hemijsko \u010di\u0161\u0107enje, \u0161to ih \u010dini raznovrsnim za razli\u010dite operativne potrebe.<\/p>\n<h3>Povezani proizvodi<\/h3>\n<p>Da dopunimo na\u0161e\u00a0<strong>vodootporne perive UHF tekstilne RFID oznake za ve\u0161<\/strong>, razmislite o istra\u017eivanju ovih povezanih proizvoda:<\/p>\n<ul>\n<li><strong>RFID \u010dita\u010di:<\/strong>\u00a0Osnovni alati za efikasno \u010ditanje i pra\u0107enje RFID oznaka u va\u0161oj operaciji.<\/li>\n<li><strong>Oprema za ozna\u010davanje:<\/strong>\u00a0Opcije za \u0161ivenje, toplinsko zavarivanje ili pri\u010dvr\u0161\u0107ivanje RFID oznaka na razli\u010dite tekstile.<\/li>\n<li><strong>Softverska rje\u0161enja:<\/strong>\u00a0RFID softver za upravljanje zalihama za pra\u0107enje inventara i pobolj\u0161anje va\u0161eg sistema upravljanja ve\u0161om.<\/li>\n<\/ul>\n<h3>Uticaj na \u017eivotnu sredinu i koristi industrije<\/h3>\n<ol>\n<li><strong>Smanjeni otpad:<\/strong>\u00a0Efikasnim pra\u0107enjem posteljine i odjevnih predmeta, ove oznake poma\u017eu u smanjenju otpada od izgubljenih ili izgubljenih predmeta, doprinose\u0107i odr\u017eivijim praksama u industriji pranja rublja.<\/li>\n<li><strong>Optimizirano upravljanje resursima:<\/strong>\u00a0Efikasno pra\u0107enje dovodi do optimiziranih operacija pranja rublja, osiguravaju\u0107i da se sva posteljina i odjevni predmeti odr\u017eavaju na vrhunskom kvalitetu, u kona\u010dnici produ\u017eavaju\u0107i njihov vijek trajanja i smanjuju\u0107i tro\u0161kove zamjene.<\/li>\n<li><strong>Pobolj\u0161ano zadovoljstvo kupaca:<\/strong>\u00a0U\u010dinkovito upravljanje zalihama zna\u010di da kupci primaju svoju posteljinu na vrijeme i organizirano, \u0161to dovodi do pobolj\u0161anog korisni\u010dkog iskustva u industrijama kao \u0161to su ugostiteljstvo i zdravstvena za\u0161tita.<\/li>\n<\/ol>\n<h3>Recenzije i iskustva kupaca<\/h3>\n<p>Na\u0161i kupci su prijavili zna\u010dajna pobolj\u0161anja u svojim operacijama pranja rublja nakon implementacije na\u0161ih vodootpornih perivih UHF tekstilnih RFID etiketa za rublje. Evo nekoliko svjedo\u010danstava:<\/p>\n<ul>\n<li><strong>\u201eOtkako smo po\u010deli da koristimo ove RFID oznake za ve\u0161, drasti\u010dno smo smanjili vreme potro\u0161eno na tra\u017eenje izgubljenih stvari. Na\u0161a efikasnost je pobolj\u0161ana, a na\u0161e osoblje se mo\u017ee fokusirati na pru\u017eanje kvalitetne usluge,\u201d<\/strong>\u00a0ka\u017ee Linda, menad\u017eerica u lokalnom hotelu.<\/li>\n<li><strong>\u201cTrajnost ovih oznaka je impresivna. Izdr\u017ee na\u0161e rigorozne cikluse pranja i jo\u0161 uvijek savr\u0161eno funkcioniraju. Toplo ih preporu\u010dujem za bilo koju komercijalnu uslugu pranja rublja.\u201d<\/strong>\u00a0ka\u017ee Mark, operativni menad\u017eer u industrijskoj praonici.<\/li>\n<\/ul>\n<h3>\u010cesto postavljana pitanja (FAQ)<\/h3>\n<h4>1. Koji je raspon radne temperature za ove RFID oznake?<\/h4>\n<p>RFID oznake mogu raditi u temperaturnom rasponu od\u00a0<strong>-20 do 110\u00b0C<\/strong>\u00a0i tolerisati\u00a0<strong>8 do 95% relativne vla\u017enosti<\/strong>, osiguravaju\u0107i da mogu funkcionirati u razli\u010ditim okru\u017eenjima.<\/p>\n<h4>2. Kako da pri\u010dvrstim RFID oznake za ve\u0161 na ode\u0107u?<\/h4>\n<p>Oznake se mogu prilo\u017eiti\u00a0<strong>\u0161ivanje ili termi\u010dko zavarivanje<\/strong>, pru\u017eaju\u0107i fleksibilnost na osnovu va\u0161ih operativnih potreba i vrsta odje\u0107e.<\/p>\n<h4>3. Da li se ove oznake mogu koristiti za hemijsko \u010di\u0161\u0107enje?<\/h4>\n<p>Da, ove RFID oznake su dovoljno raznovrsne za upotrebu u oba\u00a0<strong>postavke za pranje i hemijsko \u010di\u0161\u0107enje<\/strong>.<\/p>\n<h4>4. Kako da maksimalno produ\u017eim \u017eivotni vek mojih RFID oznaka za ve\u0161?<\/h4>\n<p>Kako biste osigurali dugovje\u010dnost, pridr\u017eavajte se prilo\u017eenih uputa za pranje i su\u0161enje i izbjegavajte izlaganje ekstremnim kemikalijama izvan standardnih deterd\u017eenata i omek\u0161iva\u010da.<\/p>\n<h3>Zaklju\u010dak: Transformirajte svoje upravljanje praonicama pomo\u0107u RFID tehnologije<\/h3>\n<p>The\u00a0<strong>Vodootporna periva UHF tekstilna RFID oznaka za rublje s rupom<\/strong>\u00a0je vi\u0161e od samo pribora za pranje rublja; to je neophodan alat za moderne\u00a0<strong>upravljanje praonicama<\/strong>. Ulaganjem u izdr\u017eljive, pouzdane i jednostavne oznake za kori\u0161tenje, mo\u017eete pojednostaviti operacije, smanjiti gubitke i pobolj\u0161ati ukupnu efikasnost va\u0161ih usluga pranja rublja.<\/p>","protected":false},"excerpt":{"rendered":"<p>Vodootporna periva UHF tekstilna RFID oznaka za rublje s rupom, dizajnirana za izdr\u017eljivost i efikasno pra\u0107enje u industrijskim aplikacijama za pranje rublja.<\/p>","protected":false},"featured_media":2776,"template":"","meta":{"_kad_post_transparent":"default","_kad_post_title":"","_kad_post_layout":"default","_kad_post_sidebar_id":"","_kad_post_content_style":"default","_kad_post_vertical_padding":"default","_kad_post_feature":"","_kad_post_feature_position":"","_kad_post_header":false,"_kad_post_footer":false,"_kad_post_classname":""},"product_brand":[],"product_cat":[19],"product_tag":[324,65,30,325],"class_list":{"0":"post-2775","1":"product","2":"type-product","3":"status-publish","4":"has-post-thumbnail","6":"product_cat-textile-rfid-laundry-tag","7":"product_tag-rfid-laundry-tag","8":"product_tag-textile-rfid-laundry-tags","9":"product_tag-uhf-rfid-laundry-tag","10":"product_tag-washable-rfid-laundry-tag","12":"first","13":"instock","14":"featured","15":"shipping-taxable","16":"product-type-simple","17":"entry","18":"content-bg","19":"loop-entry"},"_links":{"self":[{"href":"https:\/\/rfid-laundry-tag.com\/bs\/wp-json\/wp\/v2\/product\/2775","targetHints":{"allow":["GET"]}}],"collection":[{"href":"https:\/\/rfid-laundry-tag.com\/bs\/wp-json\/wp\/v2\/product"}],"about":[{"href":"https:\/\/rfid-laundry-tag.com\/bs\/wp-json\/wp\/v2\/types\/product"}],"version-history":[{"count":3,"href":"https:\/\/rfid-laundry-tag.com\/bs\/wp-json\/wp\/v2\/product\/2775\/revisions"}],"predecessor-version":[{"id":2782,"href":"https:\/\/rfid-laundry-tag.com\/bs\/wp-json\/wp\/v2\/product\/2775\/revisions\/2782"}],"wp:featuredmedia":[{"embeddable":true,"href":"https:\/\/rfid-laundry-tag.com\/bs\/wp-json\/wp\/v2\/media\/2776"}],"wp:attachment":[{"href":"https:\/\/rfid-laundry-tag.com\/bs\/wp-json\/wp\/v2\/media?parent=2775"}],"wp:term":[{"taxonomy":"product_brand","embeddable":true,"href":"https:\/\/rfid-laundry-tag.com\/bs\/wp-json\/wp\/v2\/product_brand?post=2775"},{"taxonomy":"product_cat","embeddable":true,"href":"https:\/\/rfid-laundry-tag.com\/bs\/wp-json\/wp\/v2\/product_cat?post=2775"},{"taxonomy":"product_tag","embeddable":true,"href":"https:\/\/rfid-laundry-tag.com\/bs\/wp-json\/wp\/v2\/product_tag?post=2775"}],"curies":[{"name":"radni list","href":"https:\/\/api.w.org\/{rel}","templated":true}]}}