{"id":277,"date":"2024-06-26T08:06:00","date_gmt":"2024-06-26T08:06:00","guid":{"rendered":"https:\/\/rfid-laundry-tag.com\/?post_type=product&#038;p=277"},"modified":"2024-06-26T08:06:01","modified_gmt":"2024-06-26T08:06:01","slug":"on-metal-uhf-rfid-sticker","status":"publish","type":"product","link":"https:\/\/rfid-laundry-tag.com\/bs\/on-metal-uhf-rfid-sticker\/","title":{"rendered":"Na metalnoj UHF RFID naljepnici"},"content":{"rendered":"<table style=\"border-collapse: collapse; width: 370.82pt;\" border=\"0\" width=\"618\" cellspacing=\"0\" cellpadding=\"0\">\n<tbody>\n<tr style=\"height: 17.40pt;\">\n<td class=\"et2\" style=\"height: 17.40pt; width: 127.80pt;\" width=\"213\" height=\"29\">Naziv stavke<\/td>\n<td class=\"et3\" style=\"width: 243.00pt;\" width=\"405\">Na metalnoj UHF RFID naljepnici<\/td>\n<\/tr>\n<tr style=\"height: 41.00pt;\">\n<td class=\"et4\" style=\"height: 41.00pt; width: 127.80pt;\" width=\"213\" height=\"68\">Materijal<\/td>\n<td class=\"et5\" style=\"width: 243.00pt;\" width=\"405\">Premazni papir+EFVA pjena<\/td>\n<\/tr>\n<tr style=\"height: 25.00pt;\">\n<td class=\"et4\" style=\"height: 25.00pt; width: 127.80pt;\" width=\"213\" height=\"41\">Veli\u010dina<\/td>\n<td class=\"et5\" style=\"width: 243.00pt;\" width=\"405\">90*25*1,2 mm, 60*25*1,2 mm, 70*30 itd<\/td>\n<\/tr>\n<tr style=\"height: 17.40pt;\">\n<td class=\"et4\" style=\"height: 17.40pt; width: 127.80pt;\" width=\"213\" height=\"29\">\u010cip<\/td>\n<td class=\"et5\" style=\"width: 243.00pt;\" width=\"405\">Monza R6,U9 itd<\/td>\n<\/tr>\n<tr style=\"height: 40.00pt;\">\n<td class=\"et4\" style=\"height: 40.00pt; width: 127.80pt;\" width=\"213\" height=\"66\">Protokol<\/td>\n<td class=\"et5\" style=\"width: 243.00pt;\" width=\"405\">ISO\/IEC18000-6C<\/td>\n<\/tr>\n<tr style=\"height: 17.40pt;\">\n<td class=\"et4\" style=\"height: 17.40pt; width: 127.80pt;\" width=\"213\" height=\"29\">Frekvencija<\/td>\n<td class=\"et5\" style=\"width: 243.00pt;\" width=\"405\">902-928MHz<\/td>\n<\/tr>\n<tr style=\"height: 63.00pt;\">\n<td class=\"et4\" style=\"height: 63.00pt; width: 127.80pt;\" width=\"213\" height=\"105\">Personalizacija<\/td>\n<td class=\"et5\" style=\"width: 243.00pt;\" width=\"405\">\u0160tampanje logotipa, kodiranje<\/td>\n<\/tr>\n<tr style=\"height: 60.00pt;\">\n<td class=\"et6\" style=\"height: 60.00pt; width: 127.80pt;\" width=\"213\" height=\"100\">Aplikacija<\/td>\n<td class=\"et7\" style=\"width: 243.00pt;\" width=\"405\">skladi\u0161na polica, IT sredstva \/ Metalni kontejner \/ Pra\u0107enje opreme i ure\u0111aja<\/td>\n<\/tr>\n<\/tbody>\n<\/table>\n<p>&nbsp;<\/p>\n<p>Mnogo lak\u0161e, fleksibilnije, ispisljive i svestranije od ve\u0107ine RFID oznaka od tvrdog metala, ove naljepnice nude sve ove karakteristike po znatno ni\u017eoj cijeni. Sa ovim antimetalnim RFID oznakama, sigurni ste u efikasnost i pristupa\u010dnost bez ugro\u017eavanja performansi.<\/p>\n<div class=\"auto-hide-last-sibling-br paragraph_9dc5f paragraph-element\">RFID oznaka za \u0161tampanje na metalu nudi brojne zna\u010dajne karakteristike koje je \u010dine idealnim izborom za razli\u010dite primene:<\/div>\n<ol class=\"auto-hide-last-sibling-br\">\n<li>\n<div class=\"auto-hide-last-sibling-br paragraph_9dc5f paragraph-element\">Savr\u0161ene RFID performanse na metalnim povr\u0161inama: Oznaka je posebno dizajnirana da pru\u017ei optimalne performanse kada je pri\u010dvr\u0161\u0107ena na metalne entitete.<\/div>\n<\/li>\n<li>\n<div class=\"auto-hide-last-sibling-br paragraph_9dc5f paragraph-element\">Ultra-mala i ultra-tanka: Sa debljinom od samo 1 mm, RFID oznaka je neverovatno kompaktna, \u0161to je \u010dini idealnom za \u0161tampanje termi\u010dkim transferom.<\/div>\n<\/li>\n<li>\n<div class=\"auto-hide-last-sibling-br paragraph_9dc5f paragraph-element\">Fleksibilnost: Oznaka je dizajnirana da bude fleksibilna, \u0161to zna\u010di da se mo\u017ee prilagoditi zakrivljenim povr\u0161inama bez ikakvih problema.<\/div>\n<\/li>\n<li>\n<div class=\"auto-hide-last-sibling-br paragraph_9dc5f paragraph-element\">Dug domet \u010ditanja: Kada se pri\u010dvrsti na metalnu povr\u0161inu, oznaka ima impresivan domet \u010ditanja do 8 metara, nude\u0107i odli\u010dnu sljedivost.<\/div>\n<\/li>\n<li>\n<div class=\"auto-hide-last-sibling-br paragraph_9dc5f paragraph-element\">Podr\u0161ka frekvencijama: Oznaka podr\u017eava i FCC (Federalna komisija za komunikacije) i ETSI (Evropski institut za telekomunikacijske standarde) frekvencije, \u0161to ga \u010dini prilagodljivim za upotrebu u razli\u010ditim regionima.<\/div>\n<\/li>\n<li>\n<div class=\"auto-hide-last-sibling-br paragraph_9dc5f paragraph-element\">Vrhunska za\u0161tita: Sa IP68 ocjenom, RFID oznaka je otporna na pra\u0161inu i mo\u017ee izdr\u017eati uranjanje u vodu, \u0161to ga \u010dini odli\u010dnim izborom za te\u0161ka okru\u017eenja ili aplikacije gdje je otpornost na o\u0161tre uslove neophodna.<\/div>\n<\/li>\n<\/ol>\n<div class=\"auto-hide-last-sibling-br paragraph_9dc5f paragraph-element\">Ove karakteristike zajedno \u010dine RFID oznaku za \u0161tampanje na metalu mo\u0107nim i svestranim alatom za pra\u0107enje i upravljanje imovinom na metalnim povr\u0161inama.<\/div>","protected":false},"excerpt":{"rendered":"<div class=\"auto-hide-last-sibling-br paragraph_9dc5f paragraph-element\">Ultra tanka i fleksibilna antimetalna UHF naljepnica ima manje od 1,2 mm debljine. Nude\u0107i pouzdano re\u0161enje za \u0161tampanje RFID oznaka na licu mesta, ove nalepnice se mogu lako \u0161tampati i kodirati pomo\u0107u RFID \u0161tampa\u010da kao \u0161to je SATO CL4NX ili Toshiba SX-5. Ova vrsta RFID etiketa je mekana i fleksibilna, \u0161to ga \u010dini savr\u0161eno prikladan za ravne ili minimalno zakrivljene metalne povr\u0161ine. Bilo da je u pitanju IT sredstvo, medicinski ure\u0111aj, metalna cijev ili metalni kontejner, ova oznaka je idealno pristajanje. Kombinira visoke performanse i isplativost u jednom paketu.<\/div>","protected":false},"featured_media":278,"template":"","meta":{"_kad_post_transparent":"default","_kad_post_title":"","_kad_post_layout":"default","_kad_post_sidebar_id":"","_kad_post_content_style":"default","_kad_post_vertical_padding":"default","_kad_post_feature":"","_kad_post_feature_position":"","_kad_post_header":false,"_kad_post_footer":false,"_kad_post_classname":""},"product_brand":[],"product_cat":[54],"product_tag":[105],"class_list":{"0":"post-277","1":"product","2":"type-product","3":"status-publish","4":"has-post-thumbnail","6":"product_cat-hot-selling-rfid-tags","7":"product_tag-on-metal-uhf-rfid-sticker","9":"first","10":"instock","11":"shipping-taxable","12":"product-type-simple","13":"entry","14":"content-bg","15":"loop-entry"},"_links":{"self":[{"href":"https:\/\/rfid-laundry-tag.com\/bs\/wp-json\/wp\/v2\/product\/277","targetHints":{"allow":["GET"]}}],"collection":[{"href":"https:\/\/rfid-laundry-tag.com\/bs\/wp-json\/wp\/v2\/product"}],"about":[{"href":"https:\/\/rfid-laundry-tag.com\/bs\/wp-json\/wp\/v2\/types\/product"}],"version-history":[{"count":0,"href":"https:\/\/rfid-laundry-tag.com\/bs\/wp-json\/wp\/v2\/product\/277\/revisions"}],"wp:featuredmedia":[{"embeddable":true,"href":"https:\/\/rfid-laundry-tag.com\/bs\/wp-json\/wp\/v2\/media\/278"}],"wp:attachment":[{"href":"https:\/\/rfid-laundry-tag.com\/bs\/wp-json\/wp\/v2\/media?parent=277"}],"wp:term":[{"taxonomy":"product_brand","embeddable":true,"href":"https:\/\/rfid-laundry-tag.com\/bs\/wp-json\/wp\/v2\/product_brand?post=277"},{"taxonomy":"product_cat","embeddable":true,"href":"https:\/\/rfid-laundry-tag.com\/bs\/wp-json\/wp\/v2\/product_cat?post=277"},{"taxonomy":"product_tag","embeddable":true,"href":"https:\/\/rfid-laundry-tag.com\/bs\/wp-json\/wp\/v2\/product_tag?post=277"}],"curies":[{"name":"radni list","href":"https:\/\/api.w.org\/{rel}","templated":true}]}}