{"id":2766,"date":"2024-10-24T15:10:58","date_gmt":"2024-10-24T15:10:58","guid":{"rendered":"https:\/\/rfid-laundry-tag.com\/?post_type=product&#038;p=2766"},"modified":"2024-10-24T15:25:26","modified_gmt":"2024-10-24T15:25:26","slug":"nfc-inlay-for-mlfare-ultralight-ev1-chip","status":"publish","type":"product","link":"https:\/\/rfid-laundry-tag.com\/bs\/nfc-inlay-for-mlfare-ultralight-ev1-chip\/","title":{"rendered":"NFC Inlay za MlFARE Ultralight EV1 \u010dip"},"content":{"rendered":"<div><\/div>\n<div>\n<div class=\"text-content\">\n<h2>NFC Inlay za MlFARE Ultralight EV1 \u010dip<\/h2>\n<div><\/div>\n<div data-spm-anchor-id=\"a2700.details.0.i48.6f4d7d7dnursE7\">\n<table class=\"hight-light-first-column all magic-14\">\n<tbody>\n<tr>\n<td colspan=\"1\" rowspan=\"1\">\n<div class=\"magic-15\"><b>Materijal<\/b><\/div>\n<\/td>\n<td colspan=\"1\" rowspan=\"1\">\n<div class=\"magic-16\" data-spm-anchor-id=\"a2700.details.0.i34.21f6414cWQ4Zrf\">Papir \/termo papir \/ tkanina \/ PVC \/ PET<\/div>\n<\/td>\n<\/tr>\n<tr>\n<td colspan=\"1\" rowspan=\"1\">\n<div class=\"magic-15\"><b>Veli\u010dina<\/b><\/div>\n<\/td>\n<td colspan=\"1\" rowspan=\"1\">\n<div class=\"magic-16\">18*56mm, 25*25mm, 30*30mm, 40*40mm, Dia18mm, Dia20mm, Dia22mm, Dia25mm, ili prilago\u0111ena veli\u010dina.<\/div>\n<\/td>\n<\/tr>\n<tr>\n<td colspan=\"1\" rowspan=\"1\">\n<div class=\"magic-15\"><b>\u0160tampanje<\/b><\/div>\n<\/td>\n<td colspan=\"1\" rowspan=\"1\">\n<div class=\"magic-16\">Nema potrebe za \u0161tampanjem<\/div>\n<\/td>\n<\/tr>\n<tr>\n<td colspan=\"1\" rowspan=\"1\">\n<div class=\"magic-15\"><b>Dostupan \u010dip<\/b><\/div>\n<\/td>\n<td colspan=\"1\" rowspan=\"1\">\n<div class=\"magic-16\">\n<p><strong>NXP Mifare Ultralight ev1 <\/strong><\/p>\n<\/div>\n<\/td>\n<\/tr>\n<tr>\n<td colspan=\"1\" rowspan=\"1\">\n<div class=\"magic-21\"><b>Protokol:<\/b><\/div>\n<\/td>\n<td colspan=\"4\" rowspan=\"1\">\n<div class=\"magic-22\">ISO\/IEC 14443 Tip A<\/div>\n<\/td>\n<\/tr>\n<tr>\n<td colspan=\"1\" rowspan=\"1\">\n<div class=\"magic-26\"><b>zanati:<\/b><\/div>\n<\/td>\n<td colspan=\"4\" rowspan=\"1\">\n<div class=\"magic-22\" data-spm-anchor-id=\"a2700.details.0.i33.21f6414cWQ4Zrf\">\u0160tampanje, bar kod, QR kod, itd.<\/div>\n<\/td>\n<\/tr>\n<\/tbody>\n<\/table>\n<\/div>\n<\/div>\n<p>&nbsp;<\/p>\n<p>MIFARE Ultralight EV1 naslje\u0111uje MIFARE Ultralight tiketing IC i potpuno je funkcionalan unatrag kompatibilan. Njegove pobolj\u0161ane karakteristike i skup komandi omogu\u0107avaju efikasniju implementaciju i nudi ve\u0107u fleksibilnost u dizajnu sistema.<\/p>\n<p>Mehani\u010dke i elektri\u010dne specifikacije MIFARE Ultralight EV1 su skrojene da zadovolje zahtjeve proizvo\u0111a\u010da inlaya i papirnih karata.<\/p>\n<h3>Beskontaktni prijenos energije i podataka<\/h3>\n<p>U MIFARE<sup>\u00ae<\/sup>\u00a0sistema, MF0ULx1 je spojen na zavojnicu sa nekoliko zavoja. MF0ULx1 odgovara formatima ulaznica TFC.0 (Edmondson) i TFC.1 (ISO).<\/p>\n<p>MF0ULx1 \u010dip, koji ima rezonantni kondenzator od 17 pF na \u010dipu, podr\u017eava i TFC.1 i TFC.0 formate ulaznica.<\/p>\n<h3>Anti-sudar<\/h3>\n<p>Inteligentna funkcija protiv sudara omogu\u0107ava da vi\u0161e od jedne kartice istovremeno radi na terenu. Algoritam protiv sudara bira svaku karticu pojedina\u010dno. Osigurava da se izvr\u0161enje transakcije s odabranom karticom izvr\u0161i ispravno bez smetnji druge kartice na terenu.<\/p>\n<h3>Jednostavna integracija i prakti\u010dnost korisnika<\/h3>\n<p>MF0ULx1 je dizajniran za jednostavnu integraciju i prakti\u010dnost korisnika, \u0161to omogu\u0107ava da se kompletne transakcije tiketinga obra\u0111uju za manje od 35 ms.<\/p>\n<h3>Sigurnost NFC inlaya za MlFARE Ultralight EV1 \u010dip<\/h3>\n<ul>\n<li>Proizvo\u0111a\u010d je programirao 7-bajtni UID za svaki ure\u0111aj<\/li>\n<li>32-bitno jednokratno programirano (OTP) podru\u010dje koje mo\u017ee definirati korisnik<\/li>\n<li>3 nezavisna 24-bitna jednosmjerna broja\u010da<\/li>\n<li>Funkcija zaklju\u010davanja samo za \u010ditanje po stranici (po 2 stranice za pro\u0161irenu memoriju)<\/li>\n<li>Potpis originalnosti zasnovan na ECC-u<\/li>\n<li>32-bitna za\u0161tita lozinkom za sprje\u010davanje nenamjernih memorijskih operacija<\/li>\n<\/ul>\n<div class=\"text-content\">\n<h2 class=\"AnswerParser_AnswerParserH2__SIHnF\">Razumijevanje NFC umetaka: osnove<\/h2>\n<p><span class=\"AnswerParser_TextContainer__z_Iiv\" data-testid=\"youchat-text\">NFC umetci su\u00a0<strong>tanke, visokofrekventne oznake<\/strong>\u00a0koji koriste\u00a0<strong>RFID tehnologija<\/strong>\u00a0omogu\u0107iti\u00a0<strong>beskontaktna komunikacija<\/strong>\u00a0izme\u0111u ure\u0111aja. Ovi umetci su obi\u010dno ugra\u0111eni u razli\u010dite materijale, uklju\u010duju\u0107i papir, plastiku ili druge podloge, \u0161to im omogu\u0107ava da se ugrade u naljepnice, kartice ili \u010dak promotivne materijale. Tehnologija radi na principu elektromagnetne indukcije, omogu\u0107avaju\u0107i ure\u0111ajima poput pametnih telefona da komuniciraju s NFC oznakama jednostavno tako \u0161to su u neposrednoj blizini.<\/span><span class=\"AnswerParser_TextContainer__z_Iiv\" data-testid=\"youchat-text\">Osnovne komponente NFC inlaya uklju\u010duju a\u00a0<strong>\u010dip<\/strong>\u00a0(kao \u0161to je\u00a0<strong>MIFARE Ultralight EV1<\/strong>\u00a0ili\u00a0<strong>NXP NTAG213<\/strong>) i an\u00a0<strong>antena<\/strong>. Zajedno olak\u0161avaju razmjenu podataka i prijenos energije, \u010dine\u0107i NFC umetke svestranim rje\u0161enjem za mno\u0161tvo aplikacija.<\/span><\/p>\n<h2 class=\"AnswerParser_AnswerParserH2__SIHnF\">Klju\u010dne karakteristike NFC Inlay-a za MlFARE Ultralight EV1 \u010dip<\/h2>\n<p><span class=\"AnswerParser_TextContainer__z_Iiv\" data-testid=\"youchat-text\">Jedna od istaknutih karakteristika NFC inleja je njihova\u00a0<strong>kompatibilnost<\/strong>\u00a0sa raznim NFC standardima, uklju\u010duju\u0107i\u00a0<strong>ISO 14443<\/strong>\u00a0i\u00a0<strong>ISO 15693<\/strong>. To osigurava da se mogu koristiti na \u0161irokom spektru ure\u0111aja i aplikacija. The\u00a0<strong>MIFARE Ultralight EV1<\/strong>\u00a0je posebno vrijedan pa\u017enje zbog njegove kompatibilnosti s prethodnim verzijama, \u0161to ga \u010dini fleksibilnim izborom za kompanije koje \u017eele nadograditi svoje sisteme bez potpunog remonta.<\/span><span class=\"AnswerParser_TextContainer__z_Iiv\" data-testid=\"youchat-text\">\u0160tovi\u0161e, NFC umetci \u010desto dolaze s naprednim funkcijama kao \u0161to su:<\/span><\/p>\n<ul class=\"AnswerParser_AnswerParserUnorderedList__P_1FW\">\n<li class=\"AnswerParser_ListItem__XqLOV\" translate=\"yes\"><strong>Tehnologija protiv sudara<\/strong>: Ovo omogu\u0107ava da vi\u0161e NFC oznaka radi istovremeno bez smetnji, osiguravaju\u0107i glatke transakcije.<\/li>\n<li class=\"AnswerParser_ListItem__XqLOV\" translate=\"yes\"><strong>Sigurnosne karakteristike<\/strong>: Mnogi NFC umetci, poput onih iz\u00a0<strong>Avery Dennison<\/strong>, uklju\u010duju \u0161ifriranje i za\u0161titu lozinkom, pru\u017eaju\u0107i dodatni sloj sigurnosti od neovla\u0161tenog pristupa.<\/li>\n<li class=\"AnswerParser_ListItem__XqLOV\" translate=\"yes\"><strong>User-friendly integracija<\/strong>: Dizajnirani za brzu implementaciju, NFC umetci se mogu integrisati u postoje\u0107e sisteme uz minimalan napor, omogu\u0107avaju\u0107i preduze\u0107ima da efikasno pojednostave svoje operacije.<\/li>\n<\/ul>\n<h2 class=\"AnswerParser_AnswerParserH2__SIHnF\">Prednosti kori\u0161tenja NFC inlaya za MlFARE Ultralight EV1 \u010dip<\/h2>\n<p><span class=\"AnswerParser_TextContainer__z_Iiv\" data-testid=\"youchat-text\">Ulaganje u NFC umetke nudi brojne prednosti za preduze\u0107a:<\/span><\/p>\n<ul class=\"AnswerParser_AnswerParserUnorderedList__P_1FW\">\n<li class=\"AnswerParser_ListItem__XqLOV\" translate=\"yes\"><strong>Pobolj\u0161ano korisni\u010dko iskustvo<\/strong>: NFC tehnologija pojednostavljuje interakciju izme\u0111u kupaca i proizvoda, omogu\u0107avaju\u0107i brz pristup informacijama ili transakcijama samo jednim dodirom njihovog pametnog telefona.<\/li>\n<li class=\"AnswerParser_ListItem__XqLOV\" translate=\"yes\"><strong>Isplativa rje\u0161enja<\/strong>: NFC umetci su obi\u010dno pristupa\u010dniji od tradicionalnih RFID sistema, \u0161to ih \u010dini atraktivnom opcijom za preduze\u0107a svih veli\u010dina.<\/li>\n<li class=\"AnswerParser_ListItem__XqLOV\" translate=\"yes\"><strong>Pove\u0107ani anga\u017eman<\/strong>: Uz mogu\u0107nosti pohranjivanja URL-ova, informacija o proizvodu ili promotivnog sadr\u017eaja, NFC umetci podsti\u010du kupce da se dublje bave brendovima i proizvodima.<\/li>\n<\/ul>\n<h2 class=\"AnswerParser_AnswerParserH2__SIHnF\">Primjena NFC tehnologije<\/h2>\n<p><span class=\"AnswerParser_TextContainer__z_Iiv\" data-testid=\"youchat-text\">NFC umetci postaju sveprisutni u razli\u010ditim industrijama, uklju\u010duju\u0107i:<\/span><\/p>\n<ul class=\"AnswerParser_AnswerParserUnorderedList__P_1FW\">\n<li class=\"AnswerParser_ListItem__XqLOV\" translate=\"yes\"><strong>Maloprodaja<\/strong>: Od pametnih naljepnica koje pru\u017eaju informacije o proizvodu do programa lojalnosti koji nagra\u0111uju kupce samo jednim dodirom, NFC umetci revolucioniraju maloprodajna iskustva.<\/li>\n<li class=\"AnswerParser_ListItem__XqLOV\" translate=\"yes\"><strong>Upravljanje doga\u0111ajima<\/strong>: NFC narukvice ili bed\u017eevi omogu\u0107avaju nesmetan ulazak na doga\u0111aje, omogu\u0107avaju\u0107i lako pra\u0107enje i upravljanje u\u010desnicima.<\/li>\n<li class=\"AnswerParser_ListItem__XqLOV\" translate=\"yes\"><strong>Pametno pakovanje<\/strong>: Brendovi koriste NFC umetke u ambala\u017ei kako bi potro\u0161a\u010dima pru\u017eili interaktivni sadr\u017eaj, kao \u0161to su recepti ili upute za upotrebu proizvoda.<\/li>\n<\/ul>\n<h2 class=\"AnswerParser_AnswerParserH2__SIHnF\">Pore\u0111enje razli\u010ditih NFC umetaka: NTAG213, NTAG215, NTAG216<\/h2>\n<p><span class=\"AnswerParser_TextContainer__z_Iiv\" data-testid=\"youchat-text\">Prilikom odabira NFC inlaya, bitno je razumjeti razlike izme\u0111u popularnih opcija kao \u0161to su\u00a0<strong>NTAG213<\/strong>,\u00a0<strong>NTAG215<\/strong>, i\u00a0<strong>NTAG216<\/strong>.<\/span><\/p>\n<div class=\"AnswerParser_TableContainer__Erb6v\" data-testid=\"table-container\">\n<table>\n<thead>\n<tr>\n<th>Feature<\/th>\n<th>NTAG213<\/th>\n<th>NTAG215<\/th>\n<th>NTAG216<\/th>\n<\/tr>\n<\/thead>\n<tbody>\n<tr>\n<td>Veli\u010dina memorije<\/td>\n<td>144 bajtova<\/td>\n<td>504 bajta<\/td>\n<td>888 bajtova<\/td>\n<\/tr>\n<tr>\n<td>UID<\/td>\n<td>7 bajtova<\/td>\n<td>7 bajtova<\/td>\n<td>7 bajtova<\/td>\n<\/tr>\n<tr>\n<td>Read Range<\/td>\n<td>Do 10 cm<\/td>\n<td>Do 10 cm<\/td>\n<td>Do 10 cm<\/td>\n<\/tr>\n<tr>\n<td>Sigurnosne karakteristike<\/td>\n<td>Basic<\/td>\n<td>Napredno<\/td>\n<td>Napredno<\/td>\n<\/tr>\n<\/tbody>\n<\/table>\n<\/div>\n<p><span class=\"AnswerParser_TextContainer__z_Iiv\" data-testid=\"youchat-text\">Svaki od ovih umetaka ima jedinstvene karakteristike koje zadovoljavaju razli\u010dite potrebe aplikacije, omogu\u0107avaju\u0107i preduze\u0107ima da odaberu najprikladniju opciju na osnovu svojih zahteva.<\/span><\/p>\n<h2 class=\"AnswerParser_AnswerParserH2__SIHnF\">Integracija NFC inleja u maloprodaji<\/h2>\n<p><span class=\"AnswerParser_TextContainer__z_Iiv\" data-testid=\"youchat-text\">NFC umetci su savr\u0161eni za pobolj\u0161anje\u00a0<strong>maloprodajno okru\u017eenje<\/strong>\u00a0pru\u017eanjem inovativnih rje\u0161enja kao \u0161to su:<\/span><\/p>\n<ul class=\"AnswerParser_AnswerParserUnorderedList__P_1FW\">\n<li class=\"AnswerParser_ListItem__XqLOV\" translate=\"yes\"><strong>Beskontaktno pla\u0107anje<\/strong>: Kupci mogu brzo i sigurno kupovati koriste\u0107i svoje pametne telefone.<\/li>\n<li class=\"AnswerParser_ListItem__XqLOV\" translate=\"yes\"><strong>Autentifikacija proizvoda<\/strong>: NFC umetci mogu pru\u017eiti jedinstveni ID za svaki proizvod, poma\u017eu\u0107i u borbi protiv krivotvorenja i osiguravanju autenti\u010dnosti.<\/li>\n<li class=\"AnswerParser_ListItem__XqLOV\" translate=\"yes\"><strong>Interaktivni marketing<\/strong>: Kori\u0161tenje NFC oznaka u ogla\u0161avanju mo\u017ee dovesti do pove\u0107anog anga\u017emana kupaca kroz promotivne ponude ili detaljne informacije o proizvodu.<\/li>\n<\/ul>\n<h2 class=\"AnswerParser_AnswerParserH2__SIHnF\">Sigurnosne karakteristike NFC umetaka<\/h2>\n<p><span class=\"AnswerParser_TextContainer__z_Iiv\" data-testid=\"youchat-text\">Sigurnost je najva\u017enija u dana\u0161njem digitalnom okru\u017eenju. NFC umetci su opremljeni raznim sigurnosnim karakteristikama, uklju\u010duju\u0107i:<\/span><\/p>\n<ul class=\"AnswerParser_AnswerParserUnorderedList__P_1FW\">\n<li class=\"AnswerParser_ListItem__XqLOV\" translate=\"yes\"><strong>Proizvo\u0111a\u010d je programirao 7-bajtni UID<\/strong>: Svaki NFC inlay ima jedinstveni identifikator, osiguravaju\u0107i da su transakcije sigurne i sljedljive.<\/li>\n<li class=\"AnswerParser_ListItem__XqLOV\" translate=\"yes\"><strong>32-bitna za\u0161tita lozinkom<\/strong>: Ovo sprje\u010dava neovla\u0161teni pristup i ne\u017eeljene memorijske operacije, pru\u017eaju\u0107i poslovnim bezbri\u017enost.<\/li>\n<li class=\"AnswerParser_ListItem__XqLOV\" translate=\"yes\"><strong>Potpis originalnosti zasnovan na ECC-u<\/strong>: Ovo osigurava da su proizvodi originalni i da se ne mijenjaju.<\/li>\n<\/ul>\n<h2 class=\"AnswerParser_AnswerParserH2__SIHnF\">Uticaj na \u017eivotnu sredinu i odr\u017eivost<\/h2>\n<p><span class=\"AnswerParser_TextContainer__z_Iiv\" data-testid=\"youchat-text\">Kako se kompanije sve vi\u0161e fokusiraju na odr\u017eivost, NFC umetci se isti\u010du kao ekolo\u0161ki prihvatljiva rje\u0161enja. Mnogi NFC umetci su napravljeni od materijala koji se mogu reciklirati, smanjuju\u0107i otpad i uticaj na \u017eivotnu sredinu. \u0160tavi\u0161e, njihova integracija u postoje\u0107e sisteme mo\u017ee dovesti do pobolj\u0161anja efikasnosti, dodatno doprinose\u0107i odr\u017eivijem pristupu poslovanju.<\/span><\/p>\n<h2 class=\"AnswerParser_AnswerParserH2__SIHnF\">Recenzije kupaca i studije slu\u010daja<\/h2>\n<p><span class=\"AnswerParser_TextContainer__z_Iiv\" data-testid=\"youchat-text\">Povratne informacije od kupaca koji koriste NFC umetke su izuzetno pozitivne. Mnogi izvje\u0161tavaju o pove\u0107anom zadovoljstvu kupaca zahvaljuju\u0107i jednostavnosti kori\u0161tenja i pove\u0107anom anga\u017emanu. Na primjer, kompanije u sektoru maloprodaje su vidjele zna\u010dajna pobolj\u0161anja u u\u010de\u0161\u0107u u programu lojalnosti i metrici interakcije s kupcima nakon implementacije NFC tehnologije.<\/span><\/p>\n<h3 class=\"AnswerParser_AnswerParserH3__Mpe4s\">Studija slu\u010daja: Avery Dennison NFC Inlays<\/h3>\n<p><span class=\"AnswerParser_TextContainer__z_Iiv\" data-testid=\"youchat-text\">NFC umetci kompanije Avery Dennison uspje\u0161no su integrirani u razli\u010dita maloprodajna okru\u017eenja, pru\u017eaju\u0107i efikasna rje\u0161enja za pristup informacijama o proizvodima i interakciju s kupcima. Prodavci koji koriste Avery Dennison proizvode prijavili su pove\u0107anje anga\u017emana kupaca za 30% i pove\u0107anje prodaje za 20% tokom promotivnih kampanja.<\/span><\/p>\n<h2 class=\"AnswerParser_AnswerParserH2__SIHnF\">Naj\u010de\u0161\u0107a pitanja o NFC umetcima<\/h2>\n<p><span class=\"AnswerParser_TextContainer__z_Iiv\" data-testid=\"youchat-text\"><strong>1. \u0160ta je NFC inlay?<\/strong><br \/>\nNFC inlay je tanka, beskontaktna oznaka koja koristi NFC tehnologiju za omogu\u0107avanje komunikacije izme\u0111u ure\u0111aja. Obi\u010dno se sastoji od \u010dipa i antene, \u0161to olak\u0161ava prijenos podataka i razmjenu energije.<\/span><\/p>\n<p><span class=\"AnswerParser_TextContainer__z_Iiv\" data-testid=\"youchat-text\"><strong>2. Kako rade NFC umetci?<\/strong><br \/>\nNFC umetci rade na principu elektromagnetne indukcije, omogu\u0107avaju\u0107i ure\u0111ajima poput pametnih telefona da komuniciraju sa oznakama kada su u neposrednoj blizini.<\/span><\/p>\n<p><span class=\"AnswerParser_TextContainer__z_Iiv\" data-testid=\"youchat-text\"><strong>3. Da li su NFC umetci sigurni?<\/strong><br \/>\nDa, mnogi NFC umetci dolaze s ugra\u0111enim sigurnosnim funkcijama, uklju\u010duju\u0107i za\u0161titu lozinkom i \u0161ifriranje, osiguravaju\u0107i sigurne transakcije i prijenos podataka.<\/span><\/p>\n<p><span class=\"AnswerParser_TextContainer__z_Iiv\" data-testid=\"youchat-text\"><strong>4. Mogu li se NFC umetci koristiti za pla\u0107anja?<\/strong><br \/>\nApsolutno! NFC umetci se \u0161iroko koriste u sistemima beskontaktnog pla\u0107anja, \u010dine\u0107i transakcije brzim i sigurnim za klijente.<\/span><\/p>\n<p><span class=\"AnswerParser_TextContainer__z_Iiv\" data-testid=\"youchat-text\"><strong>5. Gdje mogu kupiti NFC umetke?<\/strong><br \/>\nNFC umetci se mogu kupiti od raznih dobavlja\u010da, uklju\u010duju\u0107i\u00a0<strong>Avery Dennison<\/strong>, i dostupni su u razli\u010ditim tipovima i specifikacijama kako bi zadovoljili razli\u010dite potrebe aplikacija.<\/span><\/p>\n<h3 class=\"AnswerParser_AnswerParserH3__Mpe4s\">Zaklju\u010dak<\/h3>\n<p><span class=\"AnswerParser_TextContainer__z_Iiv\" data-testid=\"youchat-text\">Zaklju\u010dno, NFC umetci su pouzdan i vrhunski proizvod koji zadovoljava razli\u010dite potrebe aplikacija u vi\u0161e industrija. Uz njihovu ekonomi\u010dnost, sigurnosne karakteristike i lako\u0107u integracije, ulaganje u NFC tehnologiju je pametan izbor za kompanije koje \u017eele pobolj\u0161ati korisni\u010dko iskustvo i pojednostaviti poslovanje. Da biste saznali vi\u0161e o NFC umetcima i istra\u017eili na\u0161e preporuke proizvoda, ispunite obrazac za upit danas!<\/span><\/p>\n<p>&nbsp;<\/p>\n<\/div>\n<\/div>","protected":false},"excerpt":{"rendered":"<p>Pobolj\u0161ajte svoje maloprodajno iskustvo uz NFC umetke za sigurna pla\u0107anja, autentifikaciju proizvoda i interaktivna marketin\u0161ka rje\u0161enja.<\/p>","protected":false},"featured_media":2767,"template":"","meta":{"_kad_post_transparent":"default","_kad_post_title":"","_kad_post_layout":"default","_kad_post_sidebar_id":"","_kad_post_content_style":"default","_kad_post_vertical_padding":"default","_kad_post_feature":"","_kad_post_feature_position":"","_kad_post_header":false,"_kad_post_footer":false,"_kad_post_classname":""},"product_brand":[],"product_cat":[189],"product_tag":[322,114,323,108],"class_list":{"0":"post-2766","1":"product","2":"type-product","3":"status-publish","4":"has-post-thumbnail","6":"product_cat-rfid-inlay","7":"product_tag-nfc-inlay-mifare-ultralight-ev1","8":"product_tag-nfc-label","9":"product_tag-nfc-sticker","10":"product_tag-rfid-inlay","12":"first","13":"instock","14":"shipping-taxable","15":"product-type-simple","16":"entry","17":"content-bg","18":"loop-entry"},"_links":{"self":[{"href":"https:\/\/rfid-laundry-tag.com\/bs\/wp-json\/wp\/v2\/product\/2766","targetHints":{"allow":["GET"]}}],"collection":[{"href":"https:\/\/rfid-laundry-tag.com\/bs\/wp-json\/wp\/v2\/product"}],"about":[{"href":"https:\/\/rfid-laundry-tag.com\/bs\/wp-json\/wp\/v2\/types\/product"}],"version-history":[{"count":1,"href":"https:\/\/rfid-laundry-tag.com\/bs\/wp-json\/wp\/v2\/product\/2766\/revisions"}],"predecessor-version":[{"id":2770,"href":"https:\/\/rfid-laundry-tag.com\/bs\/wp-json\/wp\/v2\/product\/2766\/revisions\/2770"}],"wp:featuredmedia":[{"embeddable":true,"href":"https:\/\/rfid-laundry-tag.com\/bs\/wp-json\/wp\/v2\/media\/2767"}],"wp:attachment":[{"href":"https:\/\/rfid-laundry-tag.com\/bs\/wp-json\/wp\/v2\/media?parent=2766"}],"wp:term":[{"taxonomy":"product_brand","embeddable":true,"href":"https:\/\/rfid-laundry-tag.com\/bs\/wp-json\/wp\/v2\/product_brand?post=2766"},{"taxonomy":"product_cat","embeddable":true,"href":"https:\/\/rfid-laundry-tag.com\/bs\/wp-json\/wp\/v2\/product_cat?post=2766"},{"taxonomy":"product_tag","embeddable":true,"href":"https:\/\/rfid-laundry-tag.com\/bs\/wp-json\/wp\/v2\/product_tag?post=2766"}],"curies":[{"name":"radni list","href":"https:\/\/api.w.org\/{rel}","templated":true}]}}