{"id":2761,"date":"2024-10-21T16:41:28","date_gmt":"2024-10-21T16:41:28","guid":{"rendered":"https:\/\/rfid-laundry-tag.com\/?post_type=product&#038;p=2761"},"modified":"2024-10-21T16:54:52","modified_gmt":"2024-10-21T16:54:52","slug":"iso15693-i-code-slix-patrol-nfc-tag","status":"publish","type":"product","link":"https:\/\/rfid-laundry-tag.com\/bs\/iso15693-i-code-slix-patrol-nfc-tag\/","title":{"rendered":"ISO15693 I CODE SLIX Patrol NFC Tag"},"content":{"rendered":"<h1>ISO15693 I CODE SLIX Patrol NFC Tag<\/h1>\n<p>The\u00a0<strong>ICODE SLI X Patrol NFC Tag<\/strong>\u00a0dizajniran je za one koji tra\u017ee pouzdanost i performanse u izazovnim okru\u017eenjima. Ovo napredno\u00a0<strong>NFC oznaka<\/strong>\u00a0savr\u0161en je za patrolne aplikacije, omogu\u0107avaju\u0107i besprekornu komunikaciju sa NFC ure\u0111ajima. Napravljen da izdr\u017ei test vremena i te\u0161ke uslove, nudi nevjerovatno\u00a0<strong>IP65<\/strong>\u00a0rejting, osiguravaju\u0107i da ostane funkcionalan \u010dak i kada je izlo\u017een vlazi i pra\u0161ini. Sa svojim mogu\u0107nostima prilago\u0111avanja i visokom izdr\u017eljivo\u0161\u0107u, ICODE SLI X je osnovni alat za sigurnosno osoblje, pra\u0107enje imovine i razne industrijske aplikacije.<\/p>\n<h2 class=\"AnswerParser_AnswerParserH2__SIHnF\">Karakteristike i prednosti ICODE SLI X NFC oznake<\/h2>\n<ul class=\"AnswerParser_AnswerParserUnorderedList__P_1FW\">\n<li class=\"AnswerParser_ListItem__XqLOV\" translate=\"yes\"><strong>Izdr\u017eljiva konstrukcija<\/strong>: Izra\u0111eno od\u00a0<strong>ABS<\/strong>\u00a0materijala, ICODE SLI X je otporan na fizi\u010dka o\u0161te\u0107enja i faktore okoline.<\/li>\n<li class=\"AnswerParser_ListItem__XqLOV\" translate=\"yes\"><strong>Svestrane veli\u010dine<\/strong>: Dostupno u\u00a0<strong>25 mm, 30 mm i 52 mm<\/strong>\u00a0opcije pre\u010dnika, ova oznaka se mo\u017ee prilagoditi specifi\u010dnim potrebama aplikacije.<\/li>\n<li class=\"AnswerParser_ListItem__XqLOV\" translate=\"yes\"><strong>Visoke performanse<\/strong>: Operating at\u00a0<strong>13.56MHz<\/strong>, oznaka pru\u017ea superiorne performanse u prijenosu podataka, omogu\u0107avaju\u0107i brzu i pouzdanu komunikaciju.<\/li>\n<\/ul>\n<table class=\"all magic-8\">\n<tbody>\n<tr>\n<td colspan=\"1\" rowspan=\"1\">\n<div class=\"magic-9\" data-spm-anchor-id=\"a2700.details.0.i71.50be21afmO5Aid\">\u010cip<\/div>\n<\/td>\n<td colspan=\"1\" rowspan=\"1\">\n<div class=\"magic-10\">ICODE SLI X (prilago\u0111eno)<\/div>\n<\/td>\n<\/tr>\n<tr>\n<td colspan=\"1\" rowspan=\"1\">\n<div class=\"magic-9\">Dimenzije<\/div>\n<\/td>\n<td colspan=\"1\" rowspan=\"1\">\n<div class=\"magic-10\" data-spm-anchor-id=\"a2700.details.0.i73.50be21afmO5Aid\">25mm, 30mm,52mm pre\u010dnik (prilago\u0111eno)<\/div>\n<\/td>\n<\/tr>\n<tr>\n<td colspan=\"1\" rowspan=\"1\">\n<div class=\"magic-9\">Debljina<\/div>\n<\/td>\n<td colspan=\"1\" rowspan=\"1\">\n<div class=\"magic-10\">3 mm, veli\u010dina rupe: pre\u010dnik 5 mm<\/div>\n<\/td>\n<\/tr>\n<tr>\n<td colspan=\"1\" rowspan=\"1\">\n<div class=\"magic-9\">Materijal<\/div>\n<\/td>\n<td colspan=\"1\" rowspan=\"1\">\n<div class=\"magic-10\">ABS<\/div>\n<\/td>\n<\/tr>\n<tr>\n<td colspan=\"1\" rowspan=\"1\">\n<div class=\"magic-9\">IP rejting<\/div>\n<\/td>\n<td colspan=\"1\" rowspan=\"1\">\n<div class=\"magic-10\">IP 65<\/div>\n<\/td>\n<\/tr>\n<tr>\n<td colspan=\"1\" rowspan=\"1\">\n<div class=\"magic-9\">Primjena Temp<\/div>\n<\/td>\n<td colspan=\"1\" rowspan=\"1\">\n<div class=\"magic-10\">-40~80\u00b0<\/div>\n<\/td>\n<\/tr>\n<tr>\n<td colspan=\"1\" rowspan=\"1\">\n<div class=\"magic-9\">Radna temp<\/div>\n<\/td>\n<td colspan=\"1\" rowspan=\"1\">\n<div class=\"magic-10\" data-spm-anchor-id=\"a2700.details.0.i72.50be21afmO5Aid\">-40~70\u00b0C<\/div>\n<\/td>\n<\/tr>\n<tr>\n<td colspan=\"1\" rowspan=\"1\">\n<div class=\"magic-9\">Memorija<\/div>\n<\/td>\n<td colspan=\"1\" rowspan=\"1\">\n<div class=\"magic-10\">1K bita (Ovisi o \u010dipu)<\/div>\n<\/td>\n<\/tr>\n<tr>\n<td colspan=\"1\" rowspan=\"1\">\n<div class=\"magic-9\">Frekvencijski opseg sa najboljim performansama<\/div>\n<\/td>\n<td colspan=\"1\" rowspan=\"1\">\n<div class=\"magic-10\">13.56MHz<\/div>\n<\/td>\n<\/tr>\n<tr>\n<td colspan=\"1\" rowspan=\"1\">\n<div class=\"magic-9\">IC Life<\/div>\n<\/td>\n<td colspan=\"1\" rowspan=\"1\">\n<div class=\"magic-10\">Izdr\u017eljivost pisanja od 100.000 ciklusa Zadr\u017eavanje datuma<\/div>\n<\/td>\n<\/tr>\n<\/tbody>\n<\/table>\n<p>&nbsp;<\/p>\n<h3 class=\"AnswerParser_AnswerParserH3__Mpe4s\">1. Kompatibilnost i funkcionalnost NFC oznaka<\/h3>\n<p><span class=\"AnswerParser_TextContainer__z_Iiv\" data-testid=\"youchat-text\">The\u00a0<strong>ICODE SLI X NFC oznaka<\/strong>\u00a0kompatibilan je sa \u0161irokim spektrom\u00a0<strong>Ure\u0111aji koji podr\u017eavaju NFC<\/strong>, uklju\u010duju\u0107i pametne telefone i tablete. Ova kompatibilnost omogu\u0107ava korisnicima da lako\u00a0<strong>pro\u010ditajte NFC<\/strong>\u00a0oznake koje koriste svoje ure\u0111aje, bez obzira da li koriste\u00a0<strong>iPhone<\/strong>\u00a0ili an\u00a0<strong>Android<\/strong>\u00a0telefon. Integracija od\u00a0<strong>NFC tehnologija<\/strong>\u00a0zna\u010di da korisnici mogu brzo dodirnuti svoje ure\u0111aje na oznaku za trenutni pristup podacima, \u0161to ga \u010dini idealnim za vizit karte, sigurne sisteme unosa ili dijeljenje informacija.<\/span><span class=\"AnswerParser_TextContainer__z_Iiv\" data-testid=\"youchat-text\">Oznaka je dizajnirana da se koristi u razli\u010ditim aplikacijama, omogu\u0107avaju\u0107i preduze\u0107ima da pojednostave operacije i pobolj\u0161aju komunikaciju. Bilo da ga koristite kao dio a\u00a0<strong>patrolni sistem<\/strong>\u00a0ili za pra\u0107enje imovine, ICODE SLI X pru\u017ea pouzdano rje\u0161enje koje se mo\u017ee pokazati neprocjenjivim u svakodnevnim operacijama.<\/span><\/p>\n<h3 class=\"AnswerParser_AnswerParserH3__Mpe4s\">2. Performanse NFC oznake na metalu<\/h3>\n<p><span class=\"AnswerParser_TextContainer__z_Iiv\" data-testid=\"youchat-text\">Jedna od istaknutih karakteristika ICODE SLI X je njegova sposobnost da efikasno funkcioni\u0161e kao\u00a0<strong>NFC oznaka na metalu<\/strong>. Tradicionalne NFC oznake \u010desto se bore s metalnim povr\u0161inama zbog smetnji, ali ova oznaka koristi napredne\u00a0<strong>tehnologija protiv metala<\/strong>\u00a0kako bi se osigurale pouzdane performanse. To zna\u010di da ga mo\u017eete sigurno pri\u010dvrstiti na metalne povr\u0161ine bez gubitka funkcionalnosti, \u0161to ga \u010dini savr\u0161enim za industrijska pode\u0161avanja ili sigurnosne kontrolne ta\u010dke.<\/span><span class=\"AnswerParser_TextContainer__z_Iiv\" data-testid=\"youchat-text\">Kada je pri\u010dvr\u0161\u0107en za metal, ICODE SLI X odr\u017eava sna\u017enu vezu sa NFC ure\u0111ajima, omogu\u0107avaju\u0107i besprekoran prenos podataka bez potrebe za dodatnom opremom. Ova funkcija je posebno korisna za preduze\u0107a koja \u017eele da implementiraju\u00a0<strong>beskontaktna rje\u0161enja<\/strong>\u00a0u te\u0161kim okru\u017eenjima.<\/span><\/p>\n<h3 class=\"AnswerParser_AnswerParserH3__Mpe4s\">3. Opcije prilago\u0111avanja za razli\u010dite aplikacije<\/h3>\n<p><span class=\"AnswerParser_TextContainer__z_Iiv\" data-testid=\"youchat-text\">Prilagodba je klju\u010dna kada je u pitanju implementacija NFC tehnologije u razli\u010ditim industrijama. ICODE SLI X se mo\u017ee prilagoditi specifi\u010dnim zahtjevima, uklju\u010duju\u0107i veli\u010dinu i kapacitet memorije. Sa opcijama za\u00a0<strong>25 mm, 30 mm i 52 mm<\/strong>\u00a0pre\u010dnika, preduze\u0107a mogu izabrati savr\u0161enu veli\u010dinu za svoje potrebe.<\/span><span class=\"AnswerParser_TextContainer__z_Iiv\" data-testid=\"youchat-text\">Dodatno, kapacitet memorije se mo\u017ee podesiti, omogu\u0107avaju\u0107i razli\u010dite potrebe skladi\u0161tenja podataka. Bilo da vam je potrebna jednostavna\u00a0<strong>NFC naljepnica<\/strong>\u00a0za vizit kartu ili slo\u017eenije rje\u0161enje za pra\u0107enje imovine, ICODE SLI X se mo\u017ee prilagoditi kako bi pru\u017eio pravu funkcionalnost.<\/span><\/p>\n<h3 class=\"AnswerParser_AnswerParserH3__Mpe4s\">4. Ekolo\u0161ki otporan dizajn<\/h3>\n<p><span class=\"AnswerParser_TextContainer__z_Iiv\" data-testid=\"youchat-text\">Sa an\u00a0<strong>IP65<\/strong>\u00a0ICODE SLI X je dizajniran da izdr\u017ei izlaganje pra\u0161ini i vlazi, \u0161to ga \u010dini pogodnim za vanjsku i industrijsku upotrebu. Oznaka mo\u017ee raditi na temperaturama u rasponu od\u00a0<strong>-40\u00b0C do 80\u00b0C<\/strong>, osiguravaju\u0107i dosljedne performanse u ekstremnim uvjetima.<\/span><span class=\"AnswerParser_TextContainer__z_Iiv\" data-testid=\"youchat-text\">Ova robusnost zna\u010di da se preduze\u0107a mogu osloniti na ICODE SLI X za\u00a0<strong>dugotrajna upotreba<\/strong>, smanjuju\u0107i potrebu za \u010destim zamjenama i na kraju u\u0161teduju\u0107i tro\u0161kove. Trajnost oznake osigurava da mo\u017ee pre\u017eivjeti u najte\u017eim okru\u017eenjima, \u0161to je \u010dini pametnom investicijom za bilo koju operaciju.<\/span><\/p>\n<h3 class=\"AnswerParser_AnswerParserH3__Mpe4s\">5. Jednostavna instalacija i upotreba<\/h3>\n<p><span class=\"AnswerParser_TextContainer__z_Iiv\" data-testid=\"youchat-text\">Instaliranje ICODE SLI X je jednostavno, zahvaljuju\u0107i njegovom dizajnu koji sadr\u017ei a\u00a0<strong>otvor za vijak<\/strong>\u00a0za sigurno pri\u010dvr\u0161\u0107ivanje. Bilo da odaberete da ga pridr\u017eavate\u00a0<strong>ljepilo NFC<\/strong>\u00a0podlogom ili za\u0161rafljenjem, proces instalacije je jednostavan i efikasan.<\/span><span class=\"AnswerParser_TextContainer__z_Iiv\" data-testid=\"youchat-text\">Jednom instaliran, kori\u0161tenje oznake je jednako lako. Korisnici mogu jednostavno\u00a0<strong>dodirnite oznaku<\/strong>\u00a0sa njihovim\u00a0<strong>Telefon sa omogu\u0107enim NFC-om<\/strong>\u00a0za pristup informacijama ili izvr\u0161avanje komandi. Ova jednostavnost upotrebe \u010dini ICODE SLI X idealnim izborom za preduze\u0107a koja \u017eele da implementiraju\u00a0<strong>be\u017ei\u010dna komunikacija<\/strong>\u00a0bez slo\u017eenosti tradicionalnih sistema.<\/span><\/p>\n<h3 class=\"AnswerParser_AnswerParserH3__Mpe4s\">6. \u010cesta pitanja o ICODE SLI X NFC oznaci<\/h3>\n<p><span class=\"AnswerParser_TextContainer__z_Iiv\" data-testid=\"youchat-text\"><strong>P: Mo\u017ee li se ICODE SLI X koristiti za beskontaktna pla\u0107anja?<\/strong><br \/>\nO: Iako je ICODE SLI X dizajniran za prijenos podataka i komunikaciju, mo\u017ee se integrirati u sisteme koji podr\u017eavaju beskontaktna pla\u0107anja, ali sam po sebi nije ure\u0111aj za obradu pla\u0107anja.<\/span><\/p>\n<p><span class=\"AnswerParser_TextContainer__z_Iiv\" data-testid=\"youchat-text\"><strong>P: Da li je ICODE SLI X vodootporan?<\/strong><br \/>\nO: ICODE SLI X ima IP65 ocjenu, \u0161to ga \u010dini otpornim na pra\u0161inu i prskanje vode, ali nije potpuno vodootporan. Pogodan je za vanjsku upotrebu u raznim vremenskim uvjetima.<\/span><\/p>\n<p><span class=\"AnswerParser_TextContainer__z_Iiv\" data-testid=\"youchat-text\"><strong>P: Koliko dugo traje baterija?<\/strong><br \/>\nO: NFC oznake poput ICODE SLI X nemaju bateriju; crpe energiju iz ure\u0111aja koji podr\u017eava NFC kada se dodirne, osiguravaju\u0107i dugotrajnu funkcionalnost uz minimalno odr\u017eavanje.<\/span><\/p>","protected":false},"excerpt":{"rendered":"<p>The <strong>ICODE SLI X Patrol NFC Tag<\/strong> isti\u010de se kao pouzdano i svestrano RFID rje\u0161enje za de\u017eurstvo i patrolu za potrebe komunikacije na metalu.<\/p>","protected":false},"featured_media":2763,"template":"","meta":{"_kad_post_transparent":"default","_kad_post_title":"","_kad_post_layout":"default","_kad_post_sidebar_id":"","_kad_post_content_style":"default","_kad_post_vertical_padding":"default","_kad_post_feature":"","_kad_post_feature_position":"","_kad_post_header":false,"_kad_post_footer":false,"_kad_post_classname":""},"product_brand":[],"product_cat":[54],"product_tag":[133,320,321],"class_list":{"0":"post-2761","1":"product","2":"type-product","3":"status-publish","4":"has-post-thumbnail","6":"product_cat-hot-selling-rfid-tags","7":"product_tag-i-code-slix-nfc-tag","8":"product_tag-iso15693-nfc-tag","9":"product_tag-patrol-nfc-tag","11":"first","12":"instock","13":"shipping-taxable","14":"product-type-simple","15":"entry","16":"content-bg","17":"loop-entry"},"_links":{"self":[{"href":"https:\/\/rfid-laundry-tag.com\/bs\/wp-json\/wp\/v2\/product\/2761","targetHints":{"allow":["GET"]}}],"collection":[{"href":"https:\/\/rfid-laundry-tag.com\/bs\/wp-json\/wp\/v2\/product"}],"about":[{"href":"https:\/\/rfid-laundry-tag.com\/bs\/wp-json\/wp\/v2\/types\/product"}],"version-history":[{"count":1,"href":"https:\/\/rfid-laundry-tag.com\/bs\/wp-json\/wp\/v2\/product\/2761\/revisions"}],"predecessor-version":[{"id":2765,"href":"https:\/\/rfid-laundry-tag.com\/bs\/wp-json\/wp\/v2\/product\/2761\/revisions\/2765"}],"wp:featuredmedia":[{"embeddable":true,"href":"https:\/\/rfid-laundry-tag.com\/bs\/wp-json\/wp\/v2\/media\/2763"}],"wp:attachment":[{"href":"https:\/\/rfid-laundry-tag.com\/bs\/wp-json\/wp\/v2\/media?parent=2761"}],"wp:term":[{"taxonomy":"product_brand","embeddable":true,"href":"https:\/\/rfid-laundry-tag.com\/bs\/wp-json\/wp\/v2\/product_brand?post=2761"},{"taxonomy":"product_cat","embeddable":true,"href":"https:\/\/rfid-laundry-tag.com\/bs\/wp-json\/wp\/v2\/product_cat?post=2761"},{"taxonomy":"product_tag","embeddable":true,"href":"https:\/\/rfid-laundry-tag.com\/bs\/wp-json\/wp\/v2\/product_tag?post=2761"}],"curies":[{"name":"radni list","href":"https:\/\/api.w.org\/{rel}","templated":true}]}}