{"id":2742,"date":"2024-10-11T16:12:50","date_gmt":"2024-10-11T16:12:50","guid":{"rendered":"https:\/\/rfid-laundry-tag.com\/?post_type=product&#038;p=2742"},"modified":"2024-10-29T14:33:03","modified_gmt":"2024-10-29T14:33:03","slug":"epoxy-menu-nfc-tags","status":"publish","type":"product","link":"https:\/\/rfid-laundry-tag.com\/bs\/epoxy-menu-nfc-tags\/","title":{"rendered":"Epoxy meni NFC oznake"},"content":{"rendered":"<p><span class=\"AnswerParser_TextContainer__z_Iiv\" data-testid=\"youchat-text\"><strong>Epoxy meni NFC oznake<\/strong>\u00a0iskoristite vrhunsku tehnologiju NFC i QR kodova kako biste transformirali na\u010din na koji gosti komuniciraju s jelovnicima. Ove inovativne oznake omogu\u0107avaju kupcima da brzo pretra\u017euju i naru\u010duju direktno sa svojih pametnih telefona, pobolj\u0161avaju\u0107i njihovo iskustvo u restoranima, kafi\u0107ima i barovima. Sa prilagodljivim dizajnom i robusnim karakteristikama, ove oznake su obavezne za svaku modernu ustanovu.<\/span><\/p>\n<h2 class=\"AnswerParser_AnswerParserH2__SIHnF\">Pregled proizvoda<\/h2>\n<h3 class=\"AnswerParser_AnswerParserH3__Mpe4s\">1. \u0160ta su NFC oznake Epoxy menija?<\/h3>\n<p><span class=\"AnswerParser_TextContainer__z_Iiv\" data-testid=\"youchat-text\">Epoxy Menu NFC oznake su napredni digitalni alati dizajnirani da olak\u0161aju nesmetan pristup meniju i naru\u010divanje. Napravljene od izdr\u017eljivih materijala poput PVC-a i opremljene NFC \u010dipovima, ove oznake se mogu prilagoditi logotipima, serijskim brojevima, pa \u010dak i dinami\u010dkim QR kodovima. Njihova epoksidna ljepljiva povr\u0161ina osigurava dugovje\u010dnost i otpornost, \u0161to ih \u010dini pogodnim za razli\u010dita okru\u017eenja.<\/span><\/p>\n<h3 class=\"AnswerParser_AnswerParserH3__Mpe4s\">2. Klju\u010dne karakteristike NFC oznaka Epoxy menija<\/h3>\n<ul class=\"AnswerParser_AnswerParserUnorderedList__P_1FW\">\n<li class=\"AnswerParser_ListItem__XqLOV\" translate=\"yes\"><strong>Trajnost<\/strong>: Povr\u0161ina od epoksidne smole pru\u017ea izuzetnu za\u0161titu od ulja, vode, ogrebotina i UV zraka, osiguravaju\u0107i da oznake ostaju funkcionalne i vizualno privla\u010dne tokom vremena.<\/li>\n<li class=\"AnswerParser_ListItem__XqLOV\" translate=\"yes\"><strong>Svestranost<\/strong>: S veli\u010dinama dostupnim u okruglim (F60mm, F75mm, F100mm) i kvadratnim (80x80mm), ove oznake se mogu prilagoditi da odgovaraju bilo kojem estetskom dizajnu ili zahtjevu brendiranja.<\/li>\n<li class=\"AnswerParser_ListItem__XqLOV\" translate=\"yes\"><strong>Kompatibilnost<\/strong>: Antimetalni sloj omogu\u0107ava ovim oznakama da efikasno funkcioni\u0161u i na metalnim i na nemetalnim povr\u0161inama, \u0161to ih \u010dini idealnim za razli\u010dite primene.<\/li>\n<\/ul>\n<h3 class=\"AnswerParser_AnswerParserH3__Mpe4s\">3. Tehni\u010dke specifikacije<\/h3>\n<table class=\"has-title all magic-15\">\n<tbody>\n<tr>\n<td colspan=\"1\" rowspan=\"1\">\n<div class=\"magic-16\" data-spm-anchor-id=\"a2700.details.0.i39.7beebf0eKrXqHT\"><span class=\"magic-17\">Stavka<\/span><\/div>\n<\/td>\n<td colspan=\"1\" rowspan=\"1\">\n<div class=\"magic-18\"><span class=\"magic-17\">Epoxy meni NFC oznake <\/span><\/div>\n<\/td>\n<\/tr>\n<tr>\n<td colspan=\"1\" rowspan=\"1\">\n<div class=\"magic-16\"><span class=\"magic-17\">Posebne karakteristike<\/span><\/div>\n<\/td>\n<td colspan=\"1\" rowspan=\"1\">\n<div class=\"magic-18\"><span class=\"magic-17\">Vodootporan \/ Otporan na vremenske uvjete<\/span><\/div>\n<\/td>\n<\/tr>\n<tr>\n<td colspan=\"1\" rowspan=\"1\">\n<div class=\"magic-16\"><span class=\"magic-17\">Komunikacijski interfejs<\/span><\/div>\n<\/td>\n<td colspan=\"1\" rowspan=\"1\">\n<div class=\"magic-18\"><span class=\"magic-17\">NFC<\/span><\/div>\n<\/td>\n<\/tr>\n<tr>\n<td colspan=\"1\" rowspan=\"1\">\n<div class=\"magic-16\"><span class=\"magic-17\">Frekvencija<\/span><\/div>\n<\/td>\n<td colspan=\"1\" rowspan=\"1\">\n<div class=\"magic-18\"><span class=\"magic-17\">13.56Mhz<\/span><\/div>\n<\/td>\n<\/tr>\n<tr>\n<td colspan=\"1\" rowspan=\"1\">\n<div class=\"magic-16\"><span class=\"magic-17\">Materijal<\/span><\/div>\n<\/td>\n<td colspan=\"1\" rowspan=\"1\">\n<div class=\"magic-18\">Epoxy + PET\/PVC + NFC inlay + Anti-metalni sloj + 3M ljepilo<\/div>\n<\/td>\n<\/tr>\n<tr>\n<td colspan=\"1\" rowspan=\"1\">\n<div class=\"magic-16\">Veli\u010dina<\/div>\n<\/td>\n<td colspan=\"1\" rowspan=\"1\">\n<div class=\"magic-18\">Okrugla: F60mm, F75mm, F100mm; Kvadrat: 80x80mm ili prilago\u0111eno<\/div>\n<\/td>\n<\/tr>\n<tr>\n<td colspan=\"1\" rowspan=\"1\">\n<div class=\"magic-16\"><span class=\"magic-17\">Protokol<\/span><\/div>\n<\/td>\n<td colspan=\"1\" rowspan=\"1\">\n<div class=\"magic-18\"><span class=\"magic-17\">ISO 14443A<\/span><\/div>\n<\/td>\n<\/tr>\n<tr>\n<td colspan=\"1\" rowspan=\"1\">\n<div class=\"magic-16\"><span class=\"magic-17\">\u010cip<\/span><\/div>\n<\/td>\n<td colspan=\"1\" rowspan=\"1\">\n<div class=\"magic-18\">NTAG213, NTAG215, NTAG216 (dostupni ostali \u010dipovi)<\/div>\n<\/td>\n<\/tr>\n<tr>\n<td colspan=\"1\" rowspan=\"1\">\n<div class=\"magic-16\"><span class=\"magic-17\">Memorija<\/span><\/div>\n<\/td>\n<td colspan=\"1\" rowspan=\"1\">\n<div class=\"magic-18\"><span class=\"magic-17\">144 bajt, 504 bajt, 888 bajt itd<\/span><\/div>\n<\/td>\n<\/tr>\n<tr>\n<td colspan=\"1\" rowspan=\"1\">\n<div class=\"magic-16\"><span class=\"magic-17\">Udaljenost \u010ditanja<\/span><\/div>\n<\/td>\n<td colspan=\"1\" rowspan=\"1\">\n<div class=\"magic-18\"><span class=\"magic-17\">3-15 cm ovisi o \u010dita\u010du i veli\u010dini oznake<\/span><\/div>\n<\/td>\n<\/tr>\n<tr>\n<td colspan=\"1\" rowspan=\"1\">\n<div class=\"magic-16\"><span class=\"magic-17\">\u0160tampanje<\/span><\/div>\n<\/td>\n<td colspan=\"1\" rowspan=\"1\">\n<div class=\"magic-18\"><span class=\"magic-17\">CMYK 4C \u0161tampa\/offsetiranje\/sito \u0161tampa<\/span><\/div>\n<\/td>\n<\/tr>\n<tr>\n<td colspan=\"1\" rowspan=\"1\">\n<div class=\"magic-16\"><span class=\"magic-17\">Craft<\/span><\/div>\n<\/td>\n<td colspan=\"1\" rowspan=\"1\">\n<div class=\"magic-18\"><span class=\"magic-17\">Laserski kod\\UV tinta\\Serijski broj\\Embossing\\Termi\u010dno \u0161tampanje<\/span><\/div>\n<\/td>\n<\/tr>\n<tr>\n<td colspan=\"1\" rowspan=\"1\">\n<div class=\"magic-16\"><span class=\"magic-17\">Povr\u0161ina<\/span><\/div>\n<\/td>\n<td colspan=\"1\" rowspan=\"1\">\n<div class=\"magic-18\"><span class=\"magic-17\">Sjajni \/ mat \/ mat \/ prozirni<\/span><\/div>\n<\/td>\n<\/tr>\n<tr>\n<td colspan=\"1\" rowspan=\"1\">\n<div class=\"magic-16\"><span class=\"magic-17\">Funkcija<\/span><\/div>\n<\/td>\n<td colspan=\"1\" rowspan=\"1\">\n<div class=\"magic-18\"><span class=\"magic-17\" data-spm-anchor-id=\"a2700.details.0.i40.7beebf0eKrXqHT\">NFC dru\u0161tveni mediji, upravljanje logistikom, upravljanje imovinom, upravljanje lancem nabavke, upravljanje vozilom, kontrola proizvodnje, upravljanje skladi\u0161tem, upravljanje proizvodima, verifikacija proizvoda, pra\u0107enje imovine, pra\u0107enje rukovanja prtljagom, upravljanje zalihama, pla\u0107anje, narukvica, itd. Laminacija, pouzdano, glatko povr\u0161ina za \u0161tampanje.<\/span><\/div>\n<\/td>\n<\/tr>\n<tr>\n<td colspan=\"1\" rowspan=\"1\">\n<div class=\"magic-16\"><span class=\"magic-17\">Te\u017eina kartice standardne veli\u010dine<\/span><\/div>\n<\/td>\n<td colspan=\"1\" rowspan=\"1\">\n<div class=\"magic-18\"><span class=\"magic-17\">120*120*4mm 0,058KG\/kom\u00a0 \u00a0<\/span><\/p>\n<div data-spm-anchor-id=\"a2700.pc-decorate.0.i47.51c0333312LtHT\"><span class=\"magic-17\">Svaki paket naljepnica sa Opp prozirnom vre\u0107icom,\u00a0\u00a0<\/span><\/div>\n<div data-spm-anchor-id=\"a2700.pc-decorate.0.i114.51c0333312LtHT\"><span class=\"magic-17\">320 kom\/crtani<\/span><\/div>\n<\/div>\n<\/td>\n<\/tr>\n<\/tbody>\n<\/table>\n<h3 class=\"AnswerParser_AnswerParserH3__Mpe4s\">4. Opcije prilago\u0111avanja<\/h3>\n<p><span class=\"AnswerParser_TextContainer__z_Iiv\" data-testid=\"youchat-text\">Jedna od istaknutih karakteristika Epoxy Menu NFC oznaka je njihova mogu\u0107nost prilago\u0111avanja. Preduze\u0107a mogu utisnuti svoje logotipe, jedinstvene identifikatore, pa \u010dak i dinami\u010dke QR kodove koji povezuju na odre\u0111ene promocije ili menije. Ovaj nivo personalizacije ne samo da pobolj\u0161ava vidljivost brenda, ve\u0107 i anga\u017euje kupce na jedinstven na\u010din.<\/span><\/p>\n<h3 class=\"AnswerParser_AnswerParserH3__Mpe4s\">5. Primjena u ugostiteljstvu<\/h3>\n<p><span class=\"AnswerParser_TextContainer__z_Iiv\" data-testid=\"youchat-text\">Epoxy Menu NFC oznake su savr\u0161ene za razli\u010dite aplikacije, uklju\u010duju\u0107i:<\/span><\/p>\n<ul class=\"AnswerParser_AnswerParserUnorderedList__P_1FW\">\n<li class=\"AnswerParser_ListItem__XqLOV\" translate=\"yes\"><strong>Digitalni meniji<\/strong>: Gosti mogu pristupiti meniju jednostavnim dodirom pametnog telefona o oznaku ili skeniranjem QR koda, smanjuju\u0107i potrebu za fizi\u010dkim menijima.<\/li>\n<li class=\"AnswerParser_ListItem__XqLOV\" translate=\"yes\"><strong>Quick Checkout<\/strong>: Pojednostavite proces pla\u0107anja integracijom veza za pla\u0107anje direktno u NFC oznake.<\/li>\n<li class=\"AnswerParser_ListItem__XqLOV\" translate=\"yes\"><strong>Linkovi dru\u0161tvenih medija<\/strong>: Potaknite klijente da podijele svoja iskustva povezivanjem na stranice dru\u0161tvenih medija ili platforme za recenzije.<\/li>\n<\/ul>\n<h3 class=\"AnswerParser_AnswerParserH3__Mpe4s\">6. Uticaj na \u017eivotnu sredinu<\/h3>\n<p><span class=\"AnswerParser_TextContainer__z_Iiv\" data-testid=\"youchat-text\">Kori\u0161tenje NFC oznaka za epoksi meni mo\u017ee zna\u010dajno smanjiti gubitak papira povezan s tradicionalnim menijima. Odlu\u010duju\u0107i za digitalna rje\u0161enja, preduze\u0107a doprinose ekolo\u0161koj odr\u017eivosti, a istovremeno pove\u0107avaju udobnost za korisnike.<\/span><\/p>\n<h3 class=\"AnswerParser_AnswerParserH3__Mpe4s\">7. Recenzije i povratne informacije kupaca<\/h3>\n<p><span class=\"AnswerParser_TextContainer__z_Iiv\" data-testid=\"youchat-text\">Kupci su pohvalili\u00a0<strong>Epoxy meni NFC oznake<\/strong>\u00a0zbog njihove izdr\u017eljivosti i lako\u0107e upotrebe. Mnogi su primijetili da su oznake pobolj\u0161ale njihovo iskustvo u objedovanju pru\u017eaju\u0107i brz pristup jelovnicima i smanjuju\u0107i vrijeme \u010dekanja. Mogu\u0107nost a\u017euriranja stavki menija u realnom vremenu tako\u0111e je istaknuta kao zna\u010dajna prednost.<\/span><\/p>\n<h3 class=\"AnswerParser_AnswerParserH3__Mpe4s\">8. \u010cesto postavljana pitanja<\/h3>\n<p><span class=\"AnswerParser_TextContainer__z_Iiv\" data-testid=\"youchat-text\"><strong>P: Kako da instaliram NFC oznake Epoxy menija?<\/strong><br \/>\nO: Jednostavno skinite podlogu 3M ljepila i zalijepite oznaku na \u010distu, suhu povr\u0161inu. Pobrinite se da je postavljen tako da mu kupci mogu lako pristupiti.<\/span><span class=\"AnswerParser_TextContainer__z_Iiv\" data-testid=\"youchat-text\"><strong>P: Mogu li a\u017eurirati informacije na NFC oznakama?<\/strong><br \/>\nO: Da! Informacije se mogu a\u017eurirati u bilo koje vrijeme, \u0161to vam omogu\u0107ava da odr\u017eavate svoj meni a\u017eurnim bez potrebe za novim oznakama.<\/span><span class=\"AnswerParser_TextContainer__z_Iiv\" data-testid=\"youchat-text\"><strong>P: Koja je minimalna koli\u010dina narud\u017ebe?<\/strong><br \/>\nO: Minimalna koli\u010dina za narud\u017ebu je 100 komada, uz povoljnije cijene za narud\u017ebe od 500 komada ili vi\u0161e.<\/span><\/p>\n<h3 class=\"AnswerParser_AnswerParserH3__Mpe4s\">9. Za\u0161to odabrati NFC oznake za Epoxy meni?<\/h3>\n<p><span class=\"AnswerParser_TextContainer__z_Iiv\" data-testid=\"youchat-text\">Ulaganje u\u00a0<strong>Epoxy meni NFC oznake<\/strong>\u00a0zna\u010di ulaganje u budu\u0107nost u kojoj je korisni\u010dko iskustvo prioritet. Ove oznake ne samo da pobolj\u0161avaju operativnu efikasnost ve\u0107 i daju moderan dodir tradicionalnom gastronomskom iskustvu. Sa svojim robusnim karakteristikama i prilagodljivim opcijama, oni su osnovni alat za svaku ustanovu koja \u017eeli ostati ispred na konkurentnom tr\u017ei\u0161tu ugostiteljstva.<\/span><\/p>\n<h3 class=\"AnswerParser_AnswerParserH3__Mpe4s\">10. Zapo\u010dnite ve\u0107 danas!<\/h3>\n<p><span class=\"AnswerParser_TextContainer__z_Iiv\" data-testid=\"youchat-text\">Spremni da pobolj\u0161ate svoje iskustvo u restoranu?\u00a0<strong>Kontaktirajte nas danas<\/strong>\u00a0da zatra\u017eite besplatni uzorak na\u0161ih epoksi menija NFC oznaka i uvjerite se u razliku. Uz na\u0161u posve\u0107enost kvalitetu i zadovoljstvu kupaca, tu smo da vam pomognemo na svakom koraku.<\/span><\/p>","protected":false},"excerpt":{"rendered":"<p>Preuredite trpezariju uz NFC oznake Epoxy Menu! Omogu\u0107ite brz pristup meniju i narud\u017ebe putem pametnih telefona, pobolj\u0161avaju\u0107i iskustvo gostiju i optimiziraju\u0107i rad restorana.<\/p>","protected":false},"featured_media":2800,"template":"","meta":{"_kad_post_transparent":"default","_kad_post_title":"","_kad_post_layout":"default","_kad_post_sidebar_id":"","_kad_post_content_style":"default","_kad_post_vertical_padding":"default","_kad_post_feature":"","_kad_post_feature_position":"","_kad_post_header":false,"_kad_post_footer":false,"_kad_post_classname":""},"product_brand":[],"product_cat":[54],"product_tag":[277,333,217,332,331],"class_list":{"0":"post-2742","1":"product","2":"type-product","3":"status-publish","4":"has-post-thumbnail","6":"product_cat-hot-selling-rfid-tags","7":"product_tag-menu-nfc-tags","8":"product_tag-nfc-epoxy-sticker","9":"product_tag-nfc-tags","10":"product_tag-restaurant-desk-nfc-menu-tag","11":"product_tag-table-nfc-tags","13":"first","14":"instock","15":"shipping-taxable","16":"product-type-simple","17":"entry","18":"content-bg","19":"loop-entry"},"_links":{"self":[{"href":"https:\/\/rfid-laundry-tag.com\/bs\/wp-json\/wp\/v2\/product\/2742","targetHints":{"allow":["GET"]}}],"collection":[{"href":"https:\/\/rfid-laundry-tag.com\/bs\/wp-json\/wp\/v2\/product"}],"about":[{"href":"https:\/\/rfid-laundry-tag.com\/bs\/wp-json\/wp\/v2\/types\/product"}],"version-history":[{"count":1,"href":"https:\/\/rfid-laundry-tag.com\/bs\/wp-json\/wp\/v2\/product\/2742\/revisions"}],"predecessor-version":[{"id":2801,"href":"https:\/\/rfid-laundry-tag.com\/bs\/wp-json\/wp\/v2\/product\/2742\/revisions\/2801"}],"wp:featuredmedia":[{"embeddable":true,"href":"https:\/\/rfid-laundry-tag.com\/bs\/wp-json\/wp\/v2\/media\/2800"}],"wp:attachment":[{"href":"https:\/\/rfid-laundry-tag.com\/bs\/wp-json\/wp\/v2\/media?parent=2742"}],"wp:term":[{"taxonomy":"product_brand","embeddable":true,"href":"https:\/\/rfid-laundry-tag.com\/bs\/wp-json\/wp\/v2\/product_brand?post=2742"},{"taxonomy":"product_cat","embeddable":true,"href":"https:\/\/rfid-laundry-tag.com\/bs\/wp-json\/wp\/v2\/product_cat?post=2742"},{"taxonomy":"product_tag","embeddable":true,"href":"https:\/\/rfid-laundry-tag.com\/bs\/wp-json\/wp\/v2\/product_tag?post=2742"}],"curies":[{"name":"radni list","href":"https:\/\/api.w.org\/{rel}","templated":true}]}}