{"id":2714,"date":"2024-09-28T14:57:16","date_gmt":"2024-09-28T14:57:16","guid":{"rendered":"https:\/\/rfid-laundry-tag.com\/?post_type=product&#038;p=2714"},"modified":"2024-09-28T15:13:47","modified_gmt":"2024-09-28T15:13:47","slug":"custom-laundry-rfid-tag","status":"publish","type":"product","link":"https:\/\/rfid-laundry-tag.com\/bs\/custom-laundry-rfid-tag\/","title":{"rendered":"Prilago\u0111ena RFID oznaka za ve\u0161"},"content":{"rendered":"<div>\n<div class=\"auto-hide-last-sibling-br paragraph_1252f paragraph-element\">\n<table width=\"637\">\n<tbody>\n<tr>\n<td width=\"328\">Naziv artikla:<\/td>\n<td width=\"309\"><strong>Prilago\u0111ena RFID oznaka za ve\u0161<\/strong><\/td>\n<\/tr>\n<tr>\n<td width=\"328\">RFID standard:<\/td>\n<td width=\"309\">ISO\/IEC 18000-6 TypeC (EPC Gen2)<\/td>\n<\/tr>\n<tr>\n<td width=\"328\">Veli\u010dina i te\u017eina:<\/td>\n<td width=\"309\">70\u00d715 mm, 0,6 g<\/td>\n<\/tr>\n<tr>\n<td width=\"328\">Vrsta \u010dipa:<\/td>\n<td width=\"309\">Impinj Monza 4QT,NXP U KOD 8,NXP U KOD 9<\/td>\n<\/tr>\n<tr>\n<td width=\"328\">EPC memorija:<\/td>\n<td width=\"309\">128bita<\/td>\n<\/tr>\n<tr>\n<td width=\"328\">Korisni\u010dka memorija:<\/td>\n<td width=\"309\">512bita<\/td>\n<\/tr>\n<tr>\n<td width=\"328\">Opseg o\u010ditavanja (2W ERP FCC):<\/td>\n<td width=\"309\">8m<\/td>\n<\/tr>\n<tr>\n<td width=\"328\">Opseg o\u010ditavanja (2W ERP ETSI):<\/td>\n<td width=\"309\">8m<\/td>\n<\/tr>\n<tr>\n<td width=\"328\">Ozna\u010davanje:<\/td>\n<td width=\"309\">\u0160ivanje, Ljepilo za vru\u0107e \u0161tancanje<\/td>\n<\/tr>\n<tr>\n<td width=\"328\">Procijenjeni vijek trajanja:<\/td>\n<td width=\"309\">200 ciklusa pranja ili 3 godine, \u0161to god nastupi prije<\/td>\n<\/tr>\n<tr>\n<td width=\"328\">Na\u010din pranja:<\/td>\n<td width=\"309\">Praonica rublja, Kemijsko \u010di\u0161\u0107enje<\/td>\n<\/tr>\n<tr>\n<td width=\"328\">Pritisak ekstrakcije vode:<\/td>\n<td width=\"309\">60 bara<\/td>\n<\/tr>\n<tr>\n<td width=\"328\">Otpornost na vodu:<\/td>\n<td width=\"309\">Otporan na vodu<\/td>\n<\/tr>\n<tr>\n<td width=\"328\">Hemijska otpornost:<\/td>\n<td width=\"309\">Deterd\u017eent, omek\u0161iva\u010d, izbjeljiva\u010d (kiseonik\/hlor), lu\u017eina<\/td>\n<\/tr>\n<tr>\n<td width=\"328\">Prethodno su\u0161enje u su\u0161ilici:<\/td>\n<td width=\"309\">125 \u00baC 15-20 minuta<\/td>\n<\/tr>\n<tr>\n<td width=\"328\">Temperatura sterilizacije:<\/td>\n<td width=\"309\">135\u00b0C 15-20 minuta<\/td>\n<\/tr>\n<tr>\n<td width=\"328\">Temperatura pranja:<\/td>\n<td width=\"309\">90\u00b0C, do 15 min.<\/td>\n<\/tr>\n<tr>\n<td width=\"328\">Vla\u017enost\/temperatura - rad:<\/td>\n<td width=\"309\">-20 do 110\u00b0C, 8 do 95%RH<\/td>\n<\/tr>\n<tr>\n<td width=\"328\">Vla\u017enost\/temperatura-skladi\u0161tenje:<\/td>\n<td width=\"309\">-40 do 110\u00b0C, 8 do 95%RH<\/td>\n<\/tr>\n<\/tbody>\n<\/table>\n<\/div>\n<\/div>\n<div class=\"auto-hide-last-sibling-br paragraph_1252f paragraph-element\">\n<h2 class=\"AnswerParser_AnswerParserH2__SIHnF\">Za\u0161to odabrati prilago\u0111enu RFID oznaku za ve\u0161?<\/h2>\n<p><span class=\"AnswerParser_TextContainer__z_Iiv\" data-testid=\"youchat-text\">Ulaganje u a\u00a0<strong>prilago\u0111ena RFID oznaka za ve\u0161<\/strong>\u00a0pobolj\u0161ava operativnu efikasnost, smanjuje gubitke i pobolj\u0161ava kontrolu zaliha. Automatizacijom procesa pra\u0107enja, preduze\u0107a mogu u\u0161tedjeti vrijeme i resurse, istovremeno osiguravaju\u0107i preciznu evidenciju tekstilnih artikala. Izdr\u017eljivost i hemijska otpornost ovih oznaka \u010dini ih idealnim za razli\u010dite sredine pranja rublja, pru\u017eaju\u0107i bezbri\u017enost korisnicima.<\/span><\/p>\n<h2 class=\"AnswerParser_AnswerParserH2__SIHnF\">Karakteristike prilago\u0111ene RFID oznake za ve\u0161<\/h2>\n<h3 class=\"AnswerParser_AnswerParserH3__Mpe4s\">1. Izdr\u017eljiv dizajn koji se mo\u017ee prati<\/h3>\n<p><span class=\"AnswerParser_TextContainer__z_Iiv\" data-testid=\"youchat-text\">The\u00a0<strong>prilago\u0111ena RFID oznaka za ve\u0161<\/strong>\u00a0je posebno dizajniran da izdr\u017ei strogost komercijalnog pranja. S veli\u010dinom od 70\u00d715 mm i te\u017einom od samo 0,6 g, lagan je, ali dovoljno robustan da izdr\u017ei do 200 ciklusa pranja ili tri godine kori\u0161tenja. Napravljena od vodootpornih i hemijski otpornih materijala, ova oznaka mo\u017ee pre\u017eivjeti u te\u0161kim okru\u017eenjima, uklju\u010duju\u0107i izlaganje deterd\u017eentima, omek\u0161iva\u010dima i izbjeljiva\u010du.<\/span><\/p>\n<h3 class=\"AnswerParser_AnswerParserH3__Mpe4s\">2. Napredna RFID tehnologija<\/h3>\n<p><span class=\"AnswerParser_TextContainer__z_Iiv\" data-testid=\"youchat-text\">Radi po standardu ISO\/IEC 18000-6 Tip C (EPC Gen2), ovo\u00a0<strong>RFID oznaka za ve\u0161<\/strong>\u00a0ima impresivan raspon \u010ditanja od 8 metara, \u0161to olak\u0161ava pra\u0107enje predmeta za pranje bez potrebe direktnog vidnog polja. Napredni tipovi \u010dipova, uklju\u010duju\u0107i Impinj Monza 4QT i NXP U CODE 8\/9, omogu\u0107avaju efikasan prenos podataka i pouzdane performanse, \u010dak iu izazovnim uslovima.<\/span><\/p>\n<h3 class=\"AnswerParser_AnswerParserH3__Mpe4s\">3. Svestrane opcije ozna\u010davanja<\/h3>\n<p><span class=\"AnswerParser_TextContainer__z_Iiv\" data-testid=\"youchat-text\">The\u00a0<strong>prilago\u0111ena RFID oznaka za ve\u0161<\/strong>\u00a0nudi fleksibilna rje\u0161enja za ozna\u010davanje, uklju\u010duju\u0107i metode \u0161ivanja i vru\u0107eg \u0161tancanja. Ova svestranost omogu\u0107ava jednostavnu integraciju u razli\u010dite tekstilne predmete, osiguravaju\u0107i da oznake ostanu sigurno pri\u010dvr\u0161\u0107ene tokom svog \u017eivotnog ciklusa.<\/span><\/p>\n<h3 class=\"AnswerParser_AnswerParserH3__Mpe4s\">4. Otpornost na kemikalije i temperaturu<\/h3>\n<p><span class=\"AnswerParser_TextContainer__z_Iiv\" data-testid=\"youchat-text\">Dizajniran da izdr\u017ei visoke temperature,\u00a0<strong>RFID oznaka<\/strong>\u00a0mo\u017ee izdr\u017eati temperaturu pranja do 90\u00b0C 15 minuta i sterilizaciju na 135\u00b0C 15-20 minuta. Uz pritisak usisavanja vode od 60 bara, ove oznake su napravljene za rad u te\u0161kim okru\u017eenjima pranja, \u0161to ih \u010dini pogodnim za industrijske primjene u pranju rublja.<\/span><\/p>\n<h3 class=\"AnswerParser_AnswerParserH3__Mpe4s\">5. Pobolj\u0161ano upravljanje zalihama<\/h3>\n<p><span class=\"AnswerParser_TextContainer__z_Iiv\" data-testid=\"youchat-text\">Utilizing\u00a0<strong>RFID pra\u0107enje ve\u0161a<\/strong>\u00a0tehnologija omogu\u0107ava preduze\u0107ima da pojednostave svoje operacije pranja ve\u0161a. Oznake olak\u0161avaju efikasno upravljanje zalihama, poma\u017eu\u0107i u spre\u010davanju gubitaka i osiguravaju\u0107i da se sve stavke evidentiraju. Ovaj nivo pra\u0107enja je od su\u0161tinskog zna\u010daja za zdravstvene ustanove, hotele i druge organizacije sa velikim koli\u010dinama ve\u0161a.<\/span><\/p>\n<h3 class=\"AnswerParser_AnswerParserH3__Mpe4s\">6. Uticaj na \u017eivotnu sredinu<\/h3>\n<p><span class=\"AnswerParser_TextContainer__z_Iiv\" data-testid=\"youchat-text\">The\u00a0<strong>prilago\u0111ena RFID oznaka za ve\u0161<\/strong>\u00a0nije samo izdr\u017eljiv, ve\u0107 i ekolo\u0161ki prihvatljiv. Smanjenjem potrebe za ru\u010dnim pra\u0107enjem i minimiziranjem gubitaka tekstila, ove oznake doprinose odr\u017eivijim praksama pranja rublja. Implementacija RFID tehnologije mo\u017ee dovesti do smanjenja otpada i pobolj\u0161anih napora za recikliranje.<\/span><\/div>\n<div><\/div>\n<div>\n<h2 class=\"AnswerParser_AnswerParserH2__SIHnF\">Uputstva za upotrebu<\/h2>\n<ol class=\"AnswerParser_AnswerParserOrderedList__kl_2Y\">\n<li class=\"AnswerParser_ListItem__XqLOV\" translate=\"yes\"><strong>Ozna\u010davanje<\/strong>: Odaberite \u017eeljenu metodu ozna\u010davanja (\u0161ivanje ili vru\u0107e \u017eigosanje) da biste RFID oznaku sigurno pri\u010dvrstili na odjevni predmet ili posteljinu.<\/li>\n<li class=\"AnswerParser_ListItem__XqLOV\" translate=\"yes\"><strong>Pranje<\/strong>: Slijedite upute za pranje, osiguravaju\u0107i da je oznaka izlo\u017eena preporu\u010denim temperaturama i kemijskim postavkama.<\/li>\n<li class=\"AnswerParser_ListItem__XqLOV\" translate=\"yes\"><strong>Pra\u0107enje<\/strong>: Koristite RFID \u010dita\u010d da biste efikasno pratili i upravljali svojim inventarom ve\u0161a, osiguravaju\u0107i precizne zapise i minimiziraju\u0107i gubitke.<\/li>\n<\/ol>\n<h2 class=\"AnswerParser_AnswerParserH2__SIHnF\">Recenzije kupaca<\/h2>\n<p><span class=\"AnswerParser_TextContainer__z_Iiv\" data-testid=\"youchat-text\">\u201cUpotreba\u00a0<strong>prilago\u0111ena RFID oznaka za ve\u0161<\/strong>\u00a0transformisalo je na\u0161e poslovanje u praonici. U mogu\u0107nosti smo besprijekorno pratiti na\u0161u posteljinu i vidjeli smo zna\u010dajno smanjenje gubitaka.\u201d \u2013 Sarah, menad\u017eer hotela<\/span><span class=\"AnswerParser_TextContainer__z_Iiv\" data-testid=\"youchat-text\">\u201cOvo RFID rje\u0161enje je izdr\u017eljivo i izdr\u017eava na\u0161e industrijske procese pranja rublja bez ikakvih problema. Toplo preporu\u010dujem!\u201d \u2013 Mark, operativni direktor<\/span><\/p>\n<h2 class=\"AnswerParser_AnswerParserH2__SIHnF\">\u010cesto postavljana pitanja (FAQ)<\/h2>\n<p><span class=\"AnswerParser_TextContainer__z_Iiv\" data-testid=\"youchat-text\"><strong>P: Koliko dugo traje RFID oznaka?<\/strong><br \/>\nO: The\u00a0<strong>prilago\u0111ena RFID oznaka za ve\u0161<\/strong>\u00a0dizajniran je da izdr\u017ei do 200 ciklusa pranja ili tri godine, \u0161to god nastupi prije.<\/span><\/div>\n<div><span class=\"AnswerParser_TextContainer__z_Iiv\" data-testid=\"youchat-text\"><strong>P: Mo\u017ee li oznaka izdr\u017eati visoke temperature?<\/strong><br \/>\nO: Da, etiketa je dizajnirana da izdr\u017ei temperature pranja do 90\u00b0C i temperature sterilizacije od 135\u00b0C.<\/span><\/div>\n<div><span class=\"AnswerParser_TextContainer__z_Iiv\" data-testid=\"youchat-text\"><strong>P: Kako da pri\u010dvrstim RFID oznaku na svoj tekstil?<\/strong><br \/>\nO: Oznaka se mo\u017ee u\u0161iti u tkaninu ili pri\u010dvrstiti pomo\u0107u ljepila za vru\u0107e \u0161tancanje, ovisno o va\u0161im \u017eeljama.<\/span><\/div>\n<div><span class=\"AnswerParser_TextContainer__z_Iiv\" data-testid=\"youchat-text\"><strong>P: Da li je RFID oznaka vodootporna?<\/strong><br \/>\nO: Da, oznaka je vodootporna i mo\u017ee izdr\u017eati izlo\u017eenost raznim hemikalijama i uslovima pranja.<\/span><\/p>\n<h3 class=\"AnswerParser_AnswerParserH3__Mpe4s\">Povezani proizvodi<\/h3>\n<ul class=\"AnswerParser_AnswerParserUnorderedList__P_1FW\">\n<li class=\"AnswerParser_ListItem__XqLOV\" translate=\"yes\"><strong>RFID platnene oznake<\/strong>: Idealno za pra\u0107enje posteljine u hotelima i zdravstvenim ustanovama.<\/li>\n<li class=\"AnswerParser_ListItem__XqLOV\" translate=\"yes\"><strong>RFID oznake koje se mogu prati<\/strong>: Savr\u0161eno za odjevne predmete koji zahtijevaju \u010desto pranje i pra\u0107enje.<\/li>\n<li class=\"AnswerParser_ListItem__XqLOV\" translate=\"yes\"><strong>Industrijska rje\u0161enja za pranje rublja<\/strong>: Prilago\u0111ena RFID rje\u0161enja za velike koli\u010dine pranja rublja.<\/li>\n<\/ul>\n<\/div>\n<div data-spm-anchor-id=\"a2700.details.0.i57.23b419c7xXORP0\">\n<div class=\"auto-hide-last-sibling-br paragraph_1252f paragraph-element\"><\/div>\n<\/div>\n<div class=\"auto-hide-last-sibling-br paragraph_1252f paragraph-element\"><\/div>","protected":false},"excerpt":{"rendered":"<p>Sigurno ozna\u010dite svoju odje\u0107u izdr\u017eljivim <strong>RFID oznake za ve\u0161<\/strong>, dizajniran za visoke temperature, vodootporan i idealan za efikasno pra\u0107enje rublja.<\/p>","protected":false},"featured_media":2715,"template":"","meta":{"_kad_post_transparent":"default","_kad_post_title":"","_kad_post_layout":"default","_kad_post_sidebar_id":"","_kad_post_content_style":"default","_kad_post_vertical_padding":"default","_kad_post_feature":"","_kad_post_feature_position":"","_kad_post_header":false,"_kad_post_footer":false,"_kad_post_classname":""},"product_brand":[],"product_cat":[19],"product_tag":[315,297,31,30],"class_list":{"0":"post-2714","1":"product","2":"type-product","3":"status-publish","4":"has-post-thumbnail","6":"product_cat-textile-rfid-laundry-tag","7":"product_tag-custom-laundry-rfid-tag","8":"product_tag-rfid-chips-for-uniform","9":"product_tag-rfid-tag-for-linen-laundry","10":"product_tag-uhf-rfid-laundry-tag","12":"first","13":"instock","14":"featured","15":"shipping-taxable","16":"product-type-simple","17":"entry","18":"content-bg","19":"loop-entry"},"_links":{"self":[{"href":"https:\/\/rfid-laundry-tag.com\/bs\/wp-json\/wp\/v2\/product\/2714","targetHints":{"allow":["GET"]}}],"collection":[{"href":"https:\/\/rfid-laundry-tag.com\/bs\/wp-json\/wp\/v2\/product"}],"about":[{"href":"https:\/\/rfid-laundry-tag.com\/bs\/wp-json\/wp\/v2\/types\/product"}],"version-history":[{"count":1,"href":"https:\/\/rfid-laundry-tag.com\/bs\/wp-json\/wp\/v2\/product\/2714\/revisions"}],"predecessor-version":[{"id":2716,"href":"https:\/\/rfid-laundry-tag.com\/bs\/wp-json\/wp\/v2\/product\/2714\/revisions\/2716"}],"wp:featuredmedia":[{"embeddable":true,"href":"https:\/\/rfid-laundry-tag.com\/bs\/wp-json\/wp\/v2\/media\/2715"}],"wp:attachment":[{"href":"https:\/\/rfid-laundry-tag.com\/bs\/wp-json\/wp\/v2\/media?parent=2714"}],"wp:term":[{"taxonomy":"product_brand","embeddable":true,"href":"https:\/\/rfid-laundry-tag.com\/bs\/wp-json\/wp\/v2\/product_brand?post=2714"},{"taxonomy":"product_cat","embeddable":true,"href":"https:\/\/rfid-laundry-tag.com\/bs\/wp-json\/wp\/v2\/product_cat?post=2714"},{"taxonomy":"product_tag","embeddable":true,"href":"https:\/\/rfid-laundry-tag.com\/bs\/wp-json\/wp\/v2\/product_tag?post=2714"}],"curies":[{"name":"radni list","href":"https:\/\/api.w.org\/{rel}","templated":true}]}}