{"id":2699,"date":"2024-09-26T14:38:21","date_gmt":"2024-09-26T14:38:21","guid":{"rendered":"https:\/\/rfid-laundry-tag.com\/?post_type=product&#038;p=2699"},"modified":"2024-09-26T15:40:42","modified_gmt":"2024-09-26T15:40:42","slug":"mifare-desfire-ev2-2k-4k-8k-rfid-nfc-inlay","status":"publish","type":"product","link":"https:\/\/rfid-laundry-tag.com\/bs\/mifare-desfire-ev2-2k-4k-8k-rfid-nfc-inlay\/","title":{"rendered":"MIFARE Desfire EV2 2K 4K 8K RFID NFC INLAY"},"content":{"rendered":"<p><span class=\"AnswerParser_TextContainer__z_Iiv\" data-testid=\"youchat-text\"><strong>MIFARE Desfire EV2 2K 4K 8K RFID NFC INLAY<\/strong> <\/span><\/p>\n<p><span class=\"AnswerParser_TextContainer__z_Iiv\" data-testid=\"youchat-text\">The\u00a0<strong>MIFARE\u00ae DESFire\u00ae EV2<\/strong>\u00a0je najnovija evolucija u RFID tehnologiji, koja nudi neusporedivu sigurnost, svestranost i efikasnost. Razvijeno od strane NXP-a, ovo napredno rje\u0161enje za pametne kartice ispunjava stroge zahtjeve modernih aplikacija, od sigurne kontrole pristupa do besprijekornih sistema javnog prijevoza. Sa pobolj\u0161anim kriptografskim mogu\u0107nostima i fleksibilnom arhitekturom aplikacija, MIFARE DESFire EV2 je idealan izbor za kompanije i vlade koje \u017eele implementirati pouzdana i skalabilna beskontaktna rje\u0161enja.<\/span><\/p>\n<h2 class=\"AnswerParser_AnswerParserH2__SIHnF\">Sveobuhvatna RFID i NFC integracija<\/h2>\n<h3 class=\"AnswerParser_AnswerParserH3__Mpe4s\">Napredne MIFARE DESFire mogu\u0107nosti<\/h3>\n<p><span class=\"AnswerParser_TextContainer__z_Iiv\" data-testid=\"youchat-text\">Linija proizvoda MIFARE DESFire poznata je po svojim naprednim karakteristikama i robusnoj sigurnosti. EV2 verzija pro\u0161iruje ove mogu\u0107nosti podr\u0161kom za vi\u0161e aplikacija na jednoj kartici, velikom brzinom transakcije podataka i pobolj\u0161anim opcijama memorije. Uz DES, 2K3DES, 3K3DES i AES enkripciju, MIFARE DESFire EV2 osigurava siguran prijenos podataka na razli\u010ditim platformama.<\/span><\/p>\n<h3 class=\"AnswerParser_AnswerParserH3__Mpe4s\">Fleksibilne opcije umetanja<\/h3>\n<p><span class=\"AnswerParser_TextContainer__z_Iiv\" data-testid=\"youchat-text\">RFID umetci su klju\u010dna komponenta u izgradnji skalabilnih i prilagodljivih rje\u0161enja. MIFARE DESFire EV2 opcije umetanja nude fleksibilnost u faktorima oblika kao \u0161to su kartice, etikete i narukvice, prilagodljive razli\u010ditim potrebama aplikacija. Bilo da se radi o prodaji karata za prijevoz ili programima lojalnosti, inlay pru\u017ea osnovnu tehnologiju za pouzdane performanse.<\/span><\/p>\n<h3 class=\"AnswerParser_AnswerParserH3__Mpe4s\">NXP MIFARE DESFire EV2 Sigurnost<\/h3>\n<p><span class=\"AnswerParser_TextContainer__z_Iiv\" data-testid=\"youchat-text\">Sigurnost je u srcu MIFARE DESFire EV2. Ima certifikat Common Criteria EAL5+, \u0161to ga \u010dini pogodnim za aplikacije visoke sigurnosti kao \u0161to su elektronski paso\u0161i i bankarske kartice. Ovaj certifikat osigurava najvi\u0161i nivo sigurnosti za za\u0161titu osjetljivih podataka i sprje\u010davanje neovla\u0161tenog pristupa.<\/span><\/p>\n<h2 class=\"AnswerParser_AnswerParserH2__SIHnF\">Karakteristike i prednosti proizvoda<\/h2>\n<h3 class=\"AnswerParser_AnswerParserH3__Mpe4s\">Brz prijenos podataka i robusna enkripcija<\/h3>\n<p><span class=\"AnswerParser_TextContainer__z_Iiv\" data-testid=\"youchat-text\">Sa brzinama prijenosa podataka do 848 kbit\/s, MIFARE DESFire EV2 omogu\u0107ava brzu i efikasnu komunikaciju izme\u0111u ure\u0111aja. Njegove robusne metode \u0161ifriranja, uklju\u010duju\u0107i AES, osiguravaju da svi podaci ostanu sigurni tokom prijenosa, pru\u017eaju\u0107i bezbri\u017enost i korisnicima i operaterima.<\/span><\/p>\n<h3 class=\"AnswerParser_AnswerParserH3__Mpe4s\">Opcije memorije velikog kapaciteta<\/h3>\n<p><span class=\"AnswerParser_TextContainer__z_Iiv\" data-testid=\"youchat-text\">MIFARE DESFire EV2 nudi razli\u010dite veli\u010dine memorije, uklju\u010duju\u0107i 2kB, 4kB, 8kB, 16kB ili 32kB, zadovoljavaju\u0107i razli\u010dite potrebe za skladi\u0161tenjem. Ova fleksibilnost omogu\u0107ava skladi\u0161tenje vi\u0161e aplikacija i velikih skupova podataka, \u0161to ga \u010dini idealnim za slo\u017eena okru\u017eenja.<\/span><\/p>\n<h3 class=\"AnswerParser_AnswerParserH3__Mpe4s\">Besprekorna integracija sa NFC i RFID sistemima<\/h3>\n<p><span class=\"AnswerParser_TextContainer__z_Iiv\" data-testid=\"youchat-text\">Dizajniran da bude u skladu sa standardima ISO\/IEC 14443 A, MIFARE DESFire EV2 se neprimetno integri\u0161e sa postoje\u0107om infrastrukturom NFC \u010dita\u010da. Ova kompatibilnost osigurava da preduze\u0107a mogu nadograditi svoje sisteme bez potrebe za opse\u017enim modifikacijama, \u010dime se smanjuju tro\u0161kovi i vrijeme implementacije.<\/span><\/p>\n<h2 class=\"AnswerParser_AnswerParserH2__SIHnF\">Upotreba i aplikacije<\/h2>\n<h3 class=\"AnswerParser_AnswerParserH3__Mpe4s\">Inicijative Smart City<\/h3>\n<p><span class=\"AnswerParser_TextContainer__z_Iiv\" data-testid=\"youchat-text\">MIFARE DESFire EV2 je kamen temeljac aplikacija za pametne gradove, omogu\u0107avaju\u0107i integrisane usluge kao \u0161to su javni prevoz, pristup gradskim atrakcijama i lokalni programi lojalnosti. Njegova sposobnost da podr\u017ei vi\u0161e aplikacija na jednoj kartici \u010dini je pogodnom za korisnike i efikasnom za administratore.<\/span><\/p>\n<h3 class=\"AnswerParser_AnswerParserH3__Mpe4s\">Kontrola pristupa i upravljanje identitetom<\/h3>\n<p><span class=\"AnswerParser_TextContainer__z_Iiv\" data-testid=\"youchat-text\">U sistemima kontrole pristupa, MIFARE DESFire EV2 pru\u017ea sigurno rje\u0161enje za upravljanje i autentifikaciju korisnika. Njegova napredna enkripcija i veliki memorijski kapacitet omogu\u0107avaju detaljne evidencije pristupa i vi\u0161eslojnu autentifikaciju korisnika, pobolj\u0161avaju\u0107i sigurnosne protokole.<\/span><\/p>\n<h3 class=\"AnswerParser_AnswerParserH3__Mpe4s\">Lojalnost i rje\u0161enja za mikro pla\u0107anja<\/h3>\n<p><span class=\"AnswerParser_TextContainer__z_Iiv\" data-testid=\"youchat-text\">Prodavci i dobavlja\u010di usluga mogu iskoristiti MIFARE DESFire EV2 za aplikacije lojalnosti i mikro pla\u0107anja. Njegova brza obrada podataka i sigurne transakcije \u010dine ga idealnim za brzo i precizno rukovanje velikim koli\u010dinama transakcija.<\/span><\/p>\n<h2 class=\"AnswerParser_AnswerParserH2__SIHnF\">Tehni\u010dke specifikacije<\/h2>\n<div class=\"AnswerParser_TableContainer__Erb6v\" data-testid=\"table-container\">\n<table>\n<thead>\n<tr>\n<th style=\"text-align: left;\">Feature<\/th>\n<th style=\"text-align: left;\">Specifikacija<\/th>\n<\/tr>\n<\/thead>\n<tbody>\n<tr>\n<td>RF interfejs<\/td>\n<td>ISO\/IEC 14443 Tip A<\/td>\n<\/tr>\n<tr>\n<td>Brzine prijenosa podataka<\/td>\n<td>106, 212, 424, 848 kbit\/s<\/td>\n<\/tr>\n<tr>\n<td>Memorijske opcije<\/td>\n<td>2kB, 4kB, 8kB, 16kB, 32kB<\/td>\n<\/tr>\n<tr>\n<td>Sigurnost<\/td>\n<td>AES, DES, 2K3DES, 3K3DES enkripcija<\/td>\n<\/tr>\n<tr>\n<td>Certifikacija<\/td>\n<td>Zajedni\u010dki kriteriji EAL5+<\/td>\n<\/tr>\n<tr>\n<td>Podr\u0161ka aplikacijama<\/td>\n<td>Do 32 fajla po aplikaciji<\/td>\n<\/tr>\n<tr>\n<td>Operativna udaljenost<\/td>\n<td>Do 100 mm (u zavisnosti od geometrije antene)<\/td>\n<\/tr>\n<\/tbody>\n<\/table>\n<\/div>\n<h2 class=\"AnswerParser_AnswerParserH2__SIHnF\">Uticaj na \u017eivotnu sredinu i odr\u017eivost<\/h2>\n<p><span class=\"AnswerParser_TextContainer__z_Iiv\" data-testid=\"youchat-text\">MIFARE DESFire EV2 je dizajniran sa odr\u017eivo\u0161\u0107u na umu. Njegovo dugo zadr\u017eavanje podataka i visoka izdr\u017eljivost pisanja minimiziraju potrebu za \u010destim zamjenama, smanjuju\u0107i otpad i utjecaj na okoli\u0161. Osim toga, njegova kompatibilnost sa postoje\u0107om infrastrukturom poma\u017ee u izbjegavanju nepotrebnih nadogradnji, \u010duvaju\u0107i resurse.<\/span><\/p>\n<h2 class=\"AnswerParser_AnswerParserH2__SIHnF\">Recenzije i izjave kupaca<\/h2>\n<p><span class=\"AnswerParser_TextContainer__z_Iiv\" data-testid=\"youchat-text\">\u201cOd integracije MIFARE DESFire EV2 u na\u0161 sistem javnog prijevoza, vidjeli smo zna\u010dajno pobolj\u0161anje u brzini i pouzdanosti transakcija. Na\u0161i kupci cijene besprijekorno iskustvo.\u201d \u2013\u00a0<strong>Gradski saobra\u0107aj<\/strong><\/span><span class=\"AnswerParser_TextContainer__z_Iiv\" data-testid=\"youchat-text\">\u201cSigurnosne karakteristike MIFARE DESFire EV2 su promijenile igru za na\u0161a rje\u0161enja za kontrolu pristupa. Sada mo\u017eemo ponuditi na\u0161im klijentima nivo sigurnosti koji je ranije bio nedosti\u017ean.\u201d \u2013\u00a0<strong>Dobavlja\u010d sigurnosnih rje\u0161enja<\/strong><\/span><\/p>\n<h2 class=\"AnswerParser_AnswerParserH2__SIHnF\">\u010cesto postavljana pitanja (FAQ)<\/h2>\n<p><span class=\"AnswerParser_TextContainer__z_Iiv\" data-testid=\"youchat-text\"><strong>P: Po \u010demu se MIFARE Desfire EV2 2K 4K 8K RFID NFC INLAY razlikuje od prethodnih modela?<\/strong><br \/>\nO: EV2 model nudi pobolj\u0161ane metode \u0161ifriranja, ve\u0107e memorijske opcije i podr\u017eava vi\u0161estruke aplikacije, \u010dine\u0107i ga svestranijim i sigurnijim od svojih prethodnika.<\/span><\/p>\n<p><span class=\"AnswerParser_TextContainer__z_Iiv\" data-testid=\"youchat-text\"><strong>P: Da li je MIFARE Desfire EV2 2K 4K 8K RFID NFC INLAY kompatibilan sa postoje\u0107im NFC \u010dita\u010dima?<\/strong><br \/>\nO: Da, uskla\u0111en je sa ISO\/IEC 14443 standardima, osiguravaju\u0107i besprijekornu kompatibilnost sa trenutnom NFC infrastrukturom.<\/span><\/p>\n<p><span class=\"AnswerParser_TextContainer__z_Iiv\" data-testid=\"youchat-text\"><strong>P: Mo\u017ee li se MIFARE Desfire EV2 2K 4K 8K RFID NFC INLAY koristiti za mobilna pla\u0107anja?<\/strong><br \/>\nO: Apsolutno, njegove sigurne transakcijske mogu\u0107nosti i brze brzine prijenosa podataka \u010dine ga idealnim za rje\u0161enja mobilnog pla\u0107anja.<\/span><\/p>","protected":false},"excerpt":{"rendered":"<p>MIFARE Desfire EV2 2K 4K 8K RFID NFC INLAY je napredno RFID rje\u0161enje koje nudi visoku sigurnost, brz prijenos podataka, fleksibilne memorijske opcije i besprijekornu integraciju za vi\u0161e aplikacija.<\/p>","protected":false},"featured_media":2700,"template":"","meta":{"_kad_post_transparent":"default","_kad_post_title":"","_kad_post_layout":"default","_kad_post_sidebar_id":"","_kad_post_content_style":"default","_kad_post_vertical_padding":"default","_kad_post_feature":"","_kad_post_feature_position":"","_kad_post_header":false,"_kad_post_footer":false,"_kad_post_classname":""},"product_brand":[],"product_cat":[189],"product_tag":[313,111,108],"class_list":{"0":"post-2699","1":"product","2":"type-product","3":"status-publish","4":"has-post-thumbnail","6":"product_cat-rfid-inlay","7":"product_tag-mifare-desfire-inlay","8":"product_tag-nfc-inlay","9":"product_tag-rfid-inlay","11":"first","12":"instock","13":"shipping-taxable","14":"product-type-simple","15":"entry","16":"content-bg","17":"loop-entry"},"_links":{"self":[{"href":"https:\/\/rfid-laundry-tag.com\/bs\/wp-json\/wp\/v2\/product\/2699","targetHints":{"allow":["GET"]}}],"collection":[{"href":"https:\/\/rfid-laundry-tag.com\/bs\/wp-json\/wp\/v2\/product"}],"about":[{"href":"https:\/\/rfid-laundry-tag.com\/bs\/wp-json\/wp\/v2\/types\/product"}],"version-history":[{"count":2,"href":"https:\/\/rfid-laundry-tag.com\/bs\/wp-json\/wp\/v2\/product\/2699\/revisions"}],"predecessor-version":[{"id":2703,"href":"https:\/\/rfid-laundry-tag.com\/bs\/wp-json\/wp\/v2\/product\/2699\/revisions\/2703"}],"wp:featuredmedia":[{"embeddable":true,"href":"https:\/\/rfid-laundry-tag.com\/bs\/wp-json\/wp\/v2\/media\/2700"}],"wp:attachment":[{"href":"https:\/\/rfid-laundry-tag.com\/bs\/wp-json\/wp\/v2\/media?parent=2699"}],"wp:term":[{"taxonomy":"product_brand","embeddable":true,"href":"https:\/\/rfid-laundry-tag.com\/bs\/wp-json\/wp\/v2\/product_brand?post=2699"},{"taxonomy":"product_cat","embeddable":true,"href":"https:\/\/rfid-laundry-tag.com\/bs\/wp-json\/wp\/v2\/product_cat?post=2699"},{"taxonomy":"product_tag","embeddable":true,"href":"https:\/\/rfid-laundry-tag.com\/bs\/wp-json\/wp\/v2\/product_tag?post=2699"}],"curies":[{"name":"radni list","href":"https:\/\/api.w.org\/{rel}","templated":true}]}}