{"id":2689,"date":"2024-09-26T09:32:20","date_gmt":"2024-09-26T09:32:20","guid":{"rendered":"https:\/\/rfid-laundry-tag.com\/?post_type=product&#038;p=2689"},"modified":"2024-09-26T14:30:31","modified_gmt":"2024-09-26T14:30:31","slug":"rfid-nfc-mifare-desfire-inlay","status":"publish","type":"product","link":"https:\/\/rfid-laundry-tag.com\/bs\/rfid-nfc-mifare-desfire-inlay\/","title":{"rendered":"RFID NFC MIFARE Desfire INLAY"},"content":{"rendered":"<h1>RFID NFC MIFARE Desfire INLAY<\/h1>\n<p>The<strong> RFID NFC MIFARE Desfire INLAY<\/strong>\u00a0je napredno rje\u0161enje dizajnirano za aplikacije koje zahtijevaju robusnu sigurnost i izuzetne performanse. Sa svojim ugra\u0111enim RFID \u010dipom i prilagodljivim karakteristikama, ovaj umetak nudi besprekorno iskustvo za razli\u010dite namene \u2013 od kontrole pristupa do sistema pla\u0107anja. Bilo da ste preduze\u0107e koje \u017eeli da unapredi svoje metode identifikacije ili pojedinac koji tra\u017ei sigurne transakcije, MIFARE DESFire umetci predstavljaju ubedljiv izbor.<\/p>\n<h3>Karakteristike MIFARE_DESFIRE EV2 2K\/4k\/8K<\/h3>\n<div id=\"featuresXsp\" class=\"features-list toggle-opacity in\">\n<div class=\"features-xsp\">\n<div class=\"collapse-mobile ste-list\">\n<h3>RF interfejs: ISO\/IEC 14443 Tip A<\/h3>\n<ul class=\"boxes\">\n<li>Beskontaktni interfejs u skladu sa ISO\/IEC 14443-2\/3 A<\/li>\n<li>Nizak Hmin omogu\u0107ava radnu udaljenost do 100 mm (u zavisnosti od snage PCD-a i geometrije antene)<\/li>\n<li>Brzi prijenos podataka: 106 kbit\/s, 212 kbit\/s, 424 kbit\/s, 848 kbit\/s<\/li>\n<li>7 bajtova jedinstveni identifikator (opcija za slu\u010dajni ID)<\/li>\n<li>Koristi ISO\/IEC 14443-4 protokol za prijenos<\/li>\n<li>Konfigurabilni FSCI za podr\u0161ku do 128 bajtova veli\u010dine okvira (novo)<\/li>\n<\/ul>\n<\/div>\n<div class=\"collapse-mobile ste-list\">\n<h3>Nepostojana memorija<\/h3>\n<ul class=\"boxes\">\n<li>2 kB, 4 kB, 8 kB, 16 kB ili 32 kB NV<\/li>\n<li>\u010cuvanje podataka 25 godina<\/li>\n<li>Tipi\u010dna izdr\u017eljivost pisanja 500 000 ciklusa<\/li>\n<li>Brzi ciklusi programiranja (brisanje\/upisivanje)<\/li>\n<\/ul>\n<\/div>\n<div class=\"collapse-mobile ste-list\">\n<h3>Organizacija NV-memorije<\/h3>\n<ul class=\"boxes\">\n<li>Fleksibilan sistem datoteka: korisnik mo\u017ee slobodno definirati strukture aplikacije na PICC-u<\/li>\n<li>Gotovo bez ograni\u010denja broja prijava po PICC-u (novo)<\/li>\n<li>Do 32 fajla u svakoj aplikaciji (dostupno je 6 tipova datoteka: Standardna datoteka sa podacima, datoteka rezervne kopije podataka, datoteka vrednosti, datoteka linearnog zapisa, datoteka cikli\u010dkog zapisa i MAC datoteka transakcije)<\/li>\n<li>Veli\u010dina fajla se odre\u0111uje tokom kreiranja (ne za transakcijski MAC fajl)<\/li>\n<\/ul>\n<\/div>\n<\/div>\n<\/div>\n<h2>Klju\u010dne prednosti RFID NFC MIFARE Desfire INLAY<\/h2>\n<p>MIFARE DESFire <a href=\"https:\/\/rfid-laundry-tag.com\/bs\/rfid-inlay\/\">RFID Inlays<\/a> nisu samo etikete; oni predstavljaju korak u budu\u0107nost u kojoj koegzistiraju efikasnost, fleksibilnost i sigurnost. Ovi umetci se mogu prilagoditi va\u0161im specifi\u010dnim potrebama, prikazuju\u0107i va\u0161 brend uz pobolj\u0161anu funkcionalnost. Svestranost MIFARE DESFire platforme omogu\u0107ava primjenu u rasponu od beskontaktnog pla\u0107anja do sigurnih sistema kontrole pristupa.<\/p>\n<h3>Karakteristike MIFARE DESFire RFID inlaya<\/h3>\n<p>MIFARE DESFire <a href=\"https:\/\/rfid-laundry-tag.com\/bs\/rfid-inlay\/\">RFID Inlay<\/a> nudi brojne karakteristike koje ga \u010dine bitnim alatom u modernim RFID aplikacijama. Ovo uklju\u010duje kompatibilnost sa ure\u0111ajima koji podr\u017eavaju NFC, vi\u0161estruki kapacitet podataka (do 32k) i standarde sigurnog \u0161ifriranja koji \u0161tite korisni\u010dke podatke.<\/p>\n<h3>Mo\u0107 MIFARE DESFire tehnologije<\/h3>\n<p>MIFARE DESFire tehnologija je na \u010delu RFID industrije, poznata po svojoj efikasnosti u prijenosu podataka i sigurnosti. Platforma je uskla\u0111ena sa sigurnosnim certifikatom Common Criteria EAL5+, \u0161to je \u010dini pouzdanom za osjetljive aplikacije kao \u0161to su bankarske kartice i elektronski paso\u0161i.<\/p>\n<h3>Svestrane primjene RFID inleja<\/h3>\n<p>Opcije prilago\u0111avanja za MIFARE DESFire <a href=\"https:\/\/rfid-laundry-tag.com\/bs\/rfid-inlay\/\">RFID Inlays<\/a> su ogromne. Od usluga pametnog grada do programa lojalnosti i rje\u0161enja za bezgotovinsko pla\u0107anje, funkcionalnosti su prilago\u0111ene zahtjevima moderne tehnologije.<\/p>\n<h3>Mogu\u0107nosti prilago\u0111avanja za va\u0161e poslovanje<\/h3>\n<p>Sa MIFARE DESFire <a href=\"https:\/\/rfid-laundry-tag.com\/bs\/rfid-inlay\/\">RFID Inlays<\/a>, mo\u017eete prilagoditi sve, od oblika i veli\u010dine do od\u0161tampanih logotipa i serijskih brojeva. Ova fleksibilnost pobolj\u0161ava vidljivost brenda i pru\u017ea jedinstveno korisni\u010dko iskustvo prilago\u0111eno specifi\u010dnim poslovnim potrebama.<\/p>\n<h3>Pobolj\u0161ane sigurnosne funkcije<\/h3>\n<p>Sigurnosne mjere ugra\u0111ene u MIFARE DESFire RFID inlaye su bez premca. Uz me\u0111usobnu troprolaznu autentifikaciju i AES enkripciju za prijenos podataka, korisnici mogu biti sigurni da \u0107e njihove informacije ostati privatne i sigurne.<\/p>\n<h3>Ekolo\u0161ki prihvatljiva razmatranja<\/h3>\n<p>Kako RFID tehnologija obuhvata odr\u017eivost, MIFARE DESFire Inlays se mogu proizvoditi od ekolo\u0161ki osvije\u0161tenih materijala. Ovaj aspekt ne samo da smanjuje uticaj na \u017eivotnu sredinu, ve\u0107 i uskla\u0111uje va\u0161e poslovanje sa savremenim potro\u0161a\u010dkim vrednostima.<\/p>\n<h3>Kratak pregled tehni\u010dkih specifikacija<\/h3>\n<div>\n<div class=\"overflow-x-auto custom-scrollbar custom-scrollbar-wide mb-2\">\n<table class=\"w-fit !mb-2 !max-w-none\">\n<thead>\n<tr>\n<th style=\"text-align: left;\"><strong>Specifikacija<\/strong><\/th>\n<th style=\"text-align: left;\"><strong>Opis<\/strong><\/th>\n<\/tr>\n<\/thead>\n<tbody>\n<tr>\n<td><strong>RF interfejs<\/strong><\/td>\n<td>ISO\/IEC 14443 Tip A<\/td>\n<\/tr>\n<tr>\n<td><strong>Operativna udaljenost<\/strong><\/td>\n<td>Do 100 mm<\/td>\n<\/tr>\n<tr>\n<td><strong>Brzine prijenosa podataka<\/strong><\/td>\n<td>106 kbit\/s do 848 kbit\/s<\/td>\n<\/tr>\n<tr>\n<td><strong>Memorijske opcije<\/strong><\/td>\n<td>2k, 4k, 8k, 16k ili 32k NV<\/td>\n<\/tr>\n<tr>\n<td><strong>Jedinstveni identifikator<\/strong><\/td>\n<td>7 bajtova sa opcijom Random ID<\/td>\n<\/tr>\n<tr>\n<td><strong>Sigurnosni certifikat<\/strong><\/td>\n<td>Zajedni\u010dki kriteriji EAL5+<\/td>\n<\/tr>\n<\/tbody>\n<\/table>\n<\/div>\n<\/div>\n<h3>Customer Testimonials<\/h3>\n<p>Klijenti iz razli\u010ditih sektora pohvalili su MIFARE DESFire umetke za njihove performanse i pouzdanost. Povratne informacije nagla\u0161avaju lako\u0107u integracije, efikasnost u radu i ukupno zadovoljstvo sigurnosnim karakteristikama.<\/p>\n<h3>\u010cesto postavljana pitanja (FAQ)<\/h3>\n<p><strong>Koja je maksimalna veli\u010dina memorije za MIFARE DESFire inlaye?<\/strong><\/p>\n<ul>\n<li style=\"list-style-type: none;\">\n<ul>\n<li>Maksimalna raspolo\u017eiva veli\u010dina memorije je 32k.<\/li>\n<\/ul>\n<\/li>\n<\/ul>\n<p><strong>Da li su ovi umetci kompatibilni sa postoje\u0107im NFC \u010dita\u010dima?<\/strong><\/p>\n<ul>\n<li style=\"list-style-type: none;\">\n<ul>\n<li>Da, potpuno su kompatibilni sa postoje\u0107om infrastrukturom NFC \u010dita\u010da.<\/li>\n<\/ul>\n<\/li>\n<\/ul>\n<p><strong>Mogu li prilagoditi postavke prijenosa podataka?<\/strong><\/p>\n<ul>\n<li style=\"list-style-type: none;\">\n<ul>\n<li>Da, mo\u017eete konfigurirati veli\u010dinu okvira tako da odgovara va\u0161im potrebama aplikacije.<\/li>\n<\/ul>\n<\/li>\n<\/ul>\n<h3>Zavr\u0161na razmi\u0161ljanja o MIFARE DESFire RFID umetcima<\/h3>\n<p>MIFARE DESFire RFID Inlay utjelovljuje savr\u0161enu fuziju sigurnosti, performansi i svestranosti. Uz opcije za prilago\u0111avanje, visoke sigurnosne standarde i niz aplikacija, ulaganje u ovu tehnologiju je pametan izbor za poduze\u0107a i pojedince.<\/p>\n<p>Otklju\u010dajte sigurnost i efikasnost slede\u0107eg nivoa sa\u00a0<strong>MIFARE DESFire RFID umetci<\/strong>.\u00a0<strong>Kontaktirajte nas<\/strong>\u00a0danas da istra\u017eite kako na\u0161a rje\u0161enja mogu zadovoljiti va\u0161e potrebe i unaprijediti va\u0161e poslovne mogu\u0107nosti. Bilo da \u017eelite da pobolj\u0161ate kontrolu pristupa, optimizujete sisteme pla\u0107anja ili integri\u0161ete pametno re\u0161enje za pra\u0107enje, MIFARE DESFire tehnologija je va\u0161 klju\u010d za sigurnu budu\u0107nost.<\/p>","protected":false},"excerpt":{"rendered":"<p>Otkrijte RFID NFC MIFARE Desfire INLAY\u2014sigurna, svestrana i prilagodljiva rje\u0161enja za kontrolu pristupa i pla\u0107anja, osiguravaju\u0107i pobolj\u0161anu efikasnost i sigurnost.<\/p>","protected":false},"featured_media":2673,"template":"","meta":{"_kad_post_transparent":"default","_kad_post_title":"","_kad_post_layout":"default","_kad_post_sidebar_id":"","_kad_post_content_style":"default","_kad_post_vertical_padding":"default","_kad_post_feature":"","_kad_post_feature_position":"","_kad_post_header":false,"_kad_post_footer":false,"_kad_post_classname":""},"product_brand":[],"product_cat":[189],"product_tag":[313,111,108],"class_list":{"0":"post-2689","1":"product","2":"type-product","3":"status-publish","4":"has-post-thumbnail","6":"product_cat-rfid-inlay","7":"product_tag-mifare-desfire-inlay","8":"product_tag-nfc-inlay","9":"product_tag-rfid-inlay","11":"first","12":"instock","13":"shipping-taxable","14":"product-type-simple","15":"entry","16":"content-bg","17":"loop-entry"},"_links":{"self":[{"href":"https:\/\/rfid-laundry-tag.com\/bs\/wp-json\/wp\/v2\/product\/2689","targetHints":{"allow":["GET"]}}],"collection":[{"href":"https:\/\/rfid-laundry-tag.com\/bs\/wp-json\/wp\/v2\/product"}],"about":[{"href":"https:\/\/rfid-laundry-tag.com\/bs\/wp-json\/wp\/v2\/types\/product"}],"version-history":[{"count":2,"href":"https:\/\/rfid-laundry-tag.com\/bs\/wp-json\/wp\/v2\/product\/2689\/revisions"}],"predecessor-version":[{"id":2693,"href":"https:\/\/rfid-laundry-tag.com\/bs\/wp-json\/wp\/v2\/product\/2689\/revisions\/2693"}],"wp:featuredmedia":[{"embeddable":true,"href":"https:\/\/rfid-laundry-tag.com\/bs\/wp-json\/wp\/v2\/media\/2673"}],"wp:attachment":[{"href":"https:\/\/rfid-laundry-tag.com\/bs\/wp-json\/wp\/v2\/media?parent=2689"}],"wp:term":[{"taxonomy":"product_brand","embeddable":true,"href":"https:\/\/rfid-laundry-tag.com\/bs\/wp-json\/wp\/v2\/product_brand?post=2689"},{"taxonomy":"product_cat","embeddable":true,"href":"https:\/\/rfid-laundry-tag.com\/bs\/wp-json\/wp\/v2\/product_cat?post=2689"},{"taxonomy":"product_tag","embeddable":true,"href":"https:\/\/rfid-laundry-tag.com\/bs\/wp-json\/wp\/v2\/product_tag?post=2689"}],"curies":[{"name":"radni list","href":"https:\/\/api.w.org\/{rel}","templated":true}]}}