{"id":268,"date":"2024-06-21T15:32:44","date_gmt":"2024-06-21T15:32:44","guid":{"rendered":"https:\/\/rfid-laundry-tag.com\/?post_type=product&#038;p=268"},"modified":"2024-06-28T10:04:38","modified_gmt":"2024-06-28T10:04:38","slug":"uhf-rfid-label-alien-h9","status":"publish","type":"product","link":"https:\/\/rfid-laundry-tag.com\/bs\/uhf-rfid-label-alien-h9\/","title":{"rendered":"UHF RFID oznaka Alien H9"},"content":{"rendered":"<h2>UHF RFID oznaka Alien H9<\/h2>\n<p><span style=\"font-family: inherit; font-size: 24px; font-weight: bold;\">UHF RFID oznaka za pra\u0107enje inventara<\/span><\/p>\n<div class=\"J_module\">\n<div class=\"ife-detail-decorate-table\">\n<table class=\"all magic-10\">\n<tbody>\n<tr>\n<td colspan=\"1\" rowspan=\"1\">\n<div class=\"magic-11\">\u010cip<\/div>\n<\/td>\n<td colspan=\"1\" rowspan=\"1\">\n<div class=\"magic-12\">Alien H9<\/div>\n<\/td>\n<\/tr>\n<tr>\n<td colspan=\"1\" rowspan=\"1\">\n<div class=\"magic-11\">Frekvencija<\/div>\n<\/td>\n<td colspan=\"1\" rowspan=\"1\">\n<div class=\"magic-12\">860\uff5e960MHz<\/div>\n<\/td>\n<\/tr>\n<tr>\n<td colspan=\"1\" rowspan=\"1\">\n<div class=\"magic-11\">Materijal<\/div>\n<\/td>\n<td colspan=\"1\" rowspan=\"1\">\n<div class=\"magic-12\">Premazani papir\/PET\/sinteti\u010dki papir\/termo papir\/prilago\u0111avanje<\/div>\n<\/td>\n<\/tr>\n<tr>\n<td colspan=\"1\" rowspan=\"1\">\n<div class=\"magic-11\">Working Mode<\/div>\n<\/td>\n<td colspan=\"1\" rowspan=\"1\">\n<div class=\"magic-12\">Pasivno<\/div>\n<\/td>\n<\/tr>\n<tr>\n<td colspan=\"1\" rowspan=\"1\">\n<div class=\"magic-11\">IC Life<\/div>\n<\/td>\n<td colspan=\"1\" rowspan=\"1\">\n<div class=\"magic-12\">100.000 ciklusa programiranja, 10 godina zadr\u017eavanja podataka<\/div>\n<\/td>\n<\/tr>\n<tr>\n<td colspan=\"1\" rowspan=\"1\">\n<div class=\"magic-11\">Radna temperatura\/vla\u017enost<\/div>\n<\/td>\n<td colspan=\"1\" rowspan=\"1\">\n<div class=\"magic-12\">-25~50\u2103\/20%~80% RH<\/div>\n<\/td>\n<\/tr>\n<tr>\n<td colspan=\"1\" rowspan=\"1\">\n<div class=\"magic-11\">Temperatura\/vla\u017enost skladi\u0161tenja<\/div>\n<\/td>\n<td colspan=\"1\" rowspan=\"1\">\n<div class=\"magic-12\">+23\u00b0C\u00b15\u00b0C\/ 50%\u00b110% RH (bez kondenzacije).<\/div>\n<\/td>\n<\/tr>\n<tr>\n<td colspan=\"1\" rowspan=\"1\">\n<div class=\"magic-11\">Antena<\/div>\n<\/td>\n<td colspan=\"1\" rowspan=\"1\">\n<div class=\"magic-12\">Aluminijumsko bakropis, 94,8*8,1 mm<\/div>\n<\/td>\n<\/tr>\n<tr>\n<td colspan=\"1\" rowspan=\"1\">\n<div class=\"magic-11\">Mokri inlay\/Veli\u010dina etikete<\/div>\n<\/td>\n<td colspan=\"1\" rowspan=\"1\">\n<div class=\"magic-12\">98*15mm ili prilago\u0111avanje<\/div>\n<\/td>\n<\/tr>\n<tr>\n<td colspan=\"1\" rowspan=\"1\">\n<div class=\"magic-11\">\u0160tampanje<\/div>\n<\/td>\n<td colspan=\"1\" rowspan=\"1\">\n<div class=\"magic-12\">\u0160tampanje u punoj boji, logotip, bar kod, QR kod, itd<\/div>\n<\/td>\n<\/tr>\n<tr>\n<td colspan=\"1\" rowspan=\"1\">\n<div class=\"magic-11\">Uzorak<\/div>\n<\/td>\n<td colspan=\"1\" rowspan=\"1\">\n<div class=\"magic-12\">Uzorak je besplatan za va\u0161 test kvaliteta<\/div>\n<\/td>\n<\/tr>\n<tr>\n<td colspan=\"1\" rowspan=\"1\">\n<div class=\"magic-11\">Protokol<\/div>\n<\/td>\n<td colspan=\"1\" rowspan=\"1\">\n<div class=\"magic-12\">ISO\/IEC 18000-6C EPC Class1 Gen2<\/div>\n<\/td>\n<\/tr>\n<tr>\n<td colspan=\"1\" rowspan=\"1\">\n<div class=\"magic-11\">Pakovanje<\/div>\n<\/td>\n<td colspan=\"1\" rowspan=\"1\">\n<div class=\"magic-12\">1000-5000 kom\/rolna, 4 rolne\/karton<\/div>\n<\/td>\n<\/tr>\n<tr>\n<td colspan=\"1\" rowspan=\"1\">\n<div class=\"magic-11\">Mjesto porijekla<\/div>\n<\/td>\n<td colspan=\"1\" rowspan=\"1\">\n<div class=\"magic-12\">Chengdu, Kina<\/div>\n<\/td>\n<\/tr>\n<tr>\n<td colspan=\"1\" rowspan=\"4\">\n<div class=\"magic-11\">Aplikacija\/Rje\u0161enje<\/div>\n<\/td>\n<td colspan=\"1\" rowspan=\"1\">\n<div class=\"magic-12\">Sigurna kontrola ulaska\/bezgotovinsko pla\u0107anje \u010clanstvo i programi lojalnosti<\/div>\n<\/td>\n<\/tr>\n<tr>\n<td colspan=\"1\" rowspan=\"1\">\n<div class=\"magic-12\" data-spm-anchor-id=\"a2700.details.0.i80.59c943e8HVzkHD\">Pristup doga\u0111ajima i brendiranje\/Dru\u0161tveni mediji\/Maloprodaja<\/div>\n<\/td>\n<\/tr>\n<tr>\n<td colspan=\"1\" rowspan=\"1\">\n<div class=\"magic-12\">Okolina\/Lokacija igara i igra\u010daka\/Elektronika\/Trgovinski sajmovi<\/div>\n<\/td>\n<\/tr>\n<tr>\n<td colspan=\"1\" rowspan=\"1\">\n<div class=\"magic-12\">Doga\u0111aji\/Zahtjev za poziv\/vizit karte<\/div>\n<\/td>\n<\/tr>\n<\/tbody>\n<\/table>\n<p>&nbsp;<\/p>\n<\/div>\n<\/div>\n<div class=\"J_module\">\n<div><\/div>\n<div class=\"auto-hide-last-sibling-br paragraph_9dc5f paragraph-element\">UHF RFID naljepnice (Ultra High Frequency Radio Frequency Identification Labels) su zaista svestrani alati s velikom primjenom u razli\u010ditim sektorima.<\/div>\n<div class=\"auto-hide-last-sibling-br paragraph_9dc5f paragraph-element\">Identifikacija: Ove oznake mogu lako pohraniti li\u010dne podatke, \u0161to je korisno u scenarijima verifikacije identiteta, \u0161to ih \u010dini pouzdanim izborom za razli\u010dite institucije koje zahtijevaju sigurne i efikasne metode identifikacije.<\/div>\n<div><\/div>\n<div class=\"auto-hide-last-sibling-br paragraph_9dc5f paragraph-element\">Ulaznice u javnom prevozu i doga\u0111ajima: UHF RFID nalepnice se obi\u010dno koriste u automatizovanim sistemima za prodaju karata kao \u0161to su \u017eetoni za metro ili autobuse, kao i u prodaji karata za doga\u0111aje, gde omogu\u0107avaju brz i efikasan ulazak.<\/div>\n<div><\/div>\n<div class=\"auto-hide-last-sibling-br paragraph_9dc5f paragraph-element\">Elektronska naplata putarine: Upotreba UHF RFID naljepnica ovdje omogu\u0107ava brzo pla\u0107anje putarine bez potrebe da se vozila zaustavljaju, zna\u010dajno smanjuju\u0107i promet i pove\u0107avaju\u0107i udobnost korisnika.<\/div>\n<div><\/div>\n<div class=\"auto-hide-last-sibling-br paragraph_9dc5f paragraph-element\">Upravljanje imovinom: Oznake se mogu pri\u010dvrstiti na imovinu omogu\u0107avaju\u0107i pra\u0107enje, lokaciju i a\u017euriranje informacija u realnom vremenu, pobolj\u0161avaju\u0107i upravljanje zalihama i smanjuju\u0107i gubitak ili kra\u0111u.<\/div>\n<div><\/div>\n<div class=\"auto-hide-last-sibling-br paragraph_9dc5f paragraph-element\">Biblioteke i iznajmljivanje: Koriste se za pra\u0107enje knjiga ili drugih predmeta koji ulaze i izlaze iz biblioteke, \u010dine\u0107i proces pozajmljivanja i vra\u0107anja efikasnijim. Mogu se primijeniti iu uslugama iznajmljivanja za bolje upravljanje iznajmljenim predmetima.<\/div>\n<div><\/div>\n<div class=\"auto-hide-last-sibling-br paragraph_9dc5f paragraph-element\">Sistem lojalnosti: UHF RFID nalepnice se mogu koristiti u karticama lojalnosti ili nagrada za preduze\u0107a, pobolj\u0161avaju\u0107i zadr\u017eavanje kupaca i pru\u017eaju\u0107i odli\u010dno korisni\u010dko iskustvo.<\/div>\n<div><\/div>\n<div class=\"auto-hide-last-sibling-br paragraph_9dc5f paragraph-element\">Upravljanje kontrolom pristupa: Na mjestima koja zahtijevaju siguran pristup poput kancelarija, stambenih podru\u010dja ili odre\u0111enih javnih povr\u0161ina, ove oznake se mogu koristiti za efikasnu kontrolu pristupa, dodaju\u0107i dodatni sloj sigurnosti.<\/div>\n<div><\/div>\n<div class=\"auto-hide-last-sibling-br paragraph_9dc5f paragraph-element\">\u0160tavi\u0161e, na\u0161e prilago\u0111ene usluge programiranja i kodiranja mogu odgovarati specifi\u010dnim potrebama korisnika, \u010dine\u0107i UHF RFID naljepnice visoko isplativim i prakti\u010dnim rje\u0161enjem za mnoge kompanije i usluge.<\/div>\n<div><\/div>\n<\/div>\n<div><\/div>\n<div><strong>Za\u0161to odabrati SAD?<\/strong><\/div>\n<div><\/div>\n<div>Mi smo vode\u0107i dobavlja\u010d RFID tehnologije sa preko 11 godina iskustva, donosi naprednu efikasnost, pouzdanost i ta\u010dnost u globalne lance snabdevanja kupaca sa vode\u0107im proizvodima, re\u0161enjima i tehnologijama. Kao proizvo\u0111a\u010d na globalnom nivou, kupcima nudimo platformu osnovnih tehnologija, uklju\u010duju\u0107i kontrolu pristupa, ozna\u010davanje \u017eivotinja, komunikaciju bliskog polja (NFC), razli\u010dite RFID \u010dita\u010de i rje\u0161enja. Na\u0161a rje\u0161enja sadr\u017ee visoko konfigurabilne aplikacione okvire i elegantna korisni\u010dka su\u010delja s naprednom analitikom, omogu\u0107avaju\u0107i end-to-end poslovnu inteligenciju i vidljivost podataka u vi\u0161e industrija.<\/div>","protected":false},"excerpt":{"rendered":"<p>UHF RFID etiketa mo\u017ee se \u0161iroko primjenjivati u identifikaciji, javnom prijevozu, elektronskoj naplati karata za doga\u0111aje, upravljanju imovinom, bibliotekama i iznajmljivanju, sistemu lojalnosti i kontroli pristupa itd. Pru\u017eamo usluge programiranja i kodiranja koje ta\u010dno odgovaraju zahtjevima za programiranje ili kodiranje korisnika.<\/p>","protected":false},"featured_media":270,"template":"","meta":{"_kad_post_transparent":"default","_kad_post_title":"","_kad_post_layout":"default","_kad_post_sidebar_id":"","_kad_post_content_style":"default","_kad_post_vertical_padding":"default","_kad_post_feature":"","_kad_post_feature_position":"","_kad_post_header":false,"_kad_post_footer":false,"_kad_post_classname":""},"product_brand":[],"product_cat":[54],"product_tag":[102,100,98],"class_list":{"0":"post-268","1":"product","2":"type-product","3":"status-publish","4":"has-post-thumbnail","6":"product_cat-hot-selling-rfid-tags","7":"product_tag-paper-uhf-rfid-sticker","8":"product_tag-rfid-label","9":"product_tag-uhf-rfid-label","11":"first","12":"instock","13":"shipping-taxable","14":"product-type-simple","15":"entry","16":"content-bg","17":"loop-entry"},"_links":{"self":[{"href":"https:\/\/rfid-laundry-tag.com\/bs\/wp-json\/wp\/v2\/product\/268","targetHints":{"allow":["GET"]}}],"collection":[{"href":"https:\/\/rfid-laundry-tag.com\/bs\/wp-json\/wp\/v2\/product"}],"about":[{"href":"https:\/\/rfid-laundry-tag.com\/bs\/wp-json\/wp\/v2\/types\/product"}],"version-history":[{"count":0,"href":"https:\/\/rfid-laundry-tag.com\/bs\/wp-json\/wp\/v2\/product\/268\/revisions"}],"wp:featuredmedia":[{"embeddable":true,"href":"https:\/\/rfid-laundry-tag.com\/bs\/wp-json\/wp\/v2\/media\/270"}],"wp:attachment":[{"href":"https:\/\/rfid-laundry-tag.com\/bs\/wp-json\/wp\/v2\/media?parent=268"}],"wp:term":[{"taxonomy":"product_brand","embeddable":true,"href":"https:\/\/rfid-laundry-tag.com\/bs\/wp-json\/wp\/v2\/product_brand?post=268"},{"taxonomy":"product_cat","embeddable":true,"href":"https:\/\/rfid-laundry-tag.com\/bs\/wp-json\/wp\/v2\/product_cat?post=268"},{"taxonomy":"product_tag","embeddable":true,"href":"https:\/\/rfid-laundry-tag.com\/bs\/wp-json\/wp\/v2\/product_tag?post=268"}],"curies":[{"name":"radni list","href":"https:\/\/api.w.org\/{rel}","templated":true}]}}