{"id":2641,"date":"2024-09-22T15:06:11","date_gmt":"2024-09-22T15:06:11","guid":{"rendered":"https:\/\/rfid-laundry-tag.com\/?post_type=product&#038;p=2641"},"modified":"2024-09-22T15:36:05","modified_gmt":"2024-09-22T15:36:05","slug":"on-heavy-duty-nfc-tag-for-patrol","status":"publish","type":"product","link":"https:\/\/rfid-laundry-tag.com\/bs\/on-heavy-duty-nfc-tag-for-patrol\/","title":{"rendered":"Na NFC oznaci za te\u0161ke uvjete rada za patrolu"},"content":{"rendered":"<p>Efikasno upravljanje patrolama je klju\u010dno za sigurnost i efikasne operacije u razli\u010ditim industrijama kao \u0161to su zgrade, fabrike i skladi\u0161ta. The\u00a0<strong>Na NFC oznaci za te\u0161ke uvjete rada za patrolu<\/strong>\u00a0dizajniran je da podi\u017ee procese pra\u0107enja patrolnog osoblja, osiguravaju\u0107i sveobuhvatnu evidenciju i neusporedivu odgovornost. Ova inovativna tehnologija ne samo da pojednostavljuje pra\u0107enje patrola, ve\u0107 i stvara okru\u017eenje pogodno za sigurnost i operativnu efikasnost.<\/p>\n<h2>\u00a0Uvod u NFC oznake za te\u0161ke uvjete rada<\/h2>\n<p>U okru\u017eenju koje stalno zahtijeva odgovornost i preciznost,\u00a0<strong>O NFC oznakama za te\u0161ke uvjete rada<\/strong>\u00a0pru\u017eaju pouzdano rje\u0161enje za upravljanje patrolama. Ove oznake omogu\u0107avaju menad\u017eerima i vo\u0111ama da paze na aktivnosti patrole, osiguravaju\u0107i da se svaki korak nadzire i precizno evidentira. Kori\u0161\u0107enjem\u00a0<strong>metalni NFC<\/strong>\u00a0tehnologije, ove oznake su dizajnirane da prianjaju na povr\u0161ine u najzahtjevnijim okru\u017eenjima.<\/p>\n<p>The\u00a0<strong>NFC oznaka<\/strong>\u00a0slu\u017ei vi\u0161estrukim industrijama, poma\u017eu\u0107i da se premosti jaz izme\u0111u ru\u010dnih sistema pra\u0107enja i automatizovanih, efikasnih procesa pra\u0107enja. Integracijom takve napredne tehnologije u va\u0161e sigurnosne operacije, mo\u017eete o\u010dekivati neuporediv nivo usluge i efikasnosti.<\/p>\n<h2>Klju\u010dne karakteristike NFC oznaka<\/h2>\n<p><strong>O NFC oznakama za te\u0161ke uvjete rada<\/strong>\u00a0sastoje se od nekoliko klju\u010dnih karakteristika po kojima se isti\u010du na tr\u017ei\u0161tu:<\/p>\n<ul>\n<li><strong>Izdr\u017eljiva konstrukcija:<\/strong>\u00a0Dizajnirane za upotrebu u te\u0161kim uslovima, ove oznake mogu izdr\u017eati te\u0161ke uslove i dizajnirane su za pri\u010dvr\u0161\u0107ivanje na bilo koju metalnu povr\u0161inu. Njihov robustan dizajn je otporan na habanje, osiguravaju\u0107i dugotrajne performanse.<\/li>\n<li><strong>Napredna NTAG tehnologija:<\/strong>\u00a0Inkorporacija\u00a0<strong>ntag213<\/strong>\u00a0\u010dip garantuje brze brzine prenosa podataka i efikasan rad. Sa kapacitetom memorije od 180 bajtova, oznaka je sposobna pohraniti potrebne podatke za efikasno pra\u0107enje.<\/li>\n<li><strong>Kompatibilnost sa metalnim povr\u0161inama:<\/strong>\u00a0The\u00a0<strong>anti-metal<\/strong>\u00a0Funkcija omogu\u0107ava ovim oznakama da efikasno funkcioni\u0161u kada su postavljene na bilo koju metalnu povr\u0161inu, obezbe\u0111uju\u0107i pouzdanost u razli\u010ditim radnim okru\u017eenjima.<\/li>\n<\/ul>\n<h2>Prednosti kori\u0161tenja NFC oznaka u patrolnim operacijama<\/h2>\n<p>Implementacija\u00a0<strong>NFC<\/strong>\u00a0tehnologija u patrolnim operacijama donosi brojne prednosti:<\/p>\n<ul>\n<li><strong>Pra\u0107enje u realnom vremenu:<\/strong>\u00a0Menad\u017eeri mogu pratiti rute i vrijeme patrole u realnom vremenu, \u0161to zna\u010dajno poma\u017ee u pobolj\u0161anju sigurnosnih protokola i osiguravanju da se svaka patrola zavr\u0161i prema rasporedu.<\/li>\n<li><strong>Efikasno vo\u0111enje evidencije:<\/strong>\u00a0The\u00a0<strong>NFC oznaka<\/strong>\u00a0omogu\u0107ava jednostavno evidentiranje patrolnih aktivnosti, poma\u017eu\u0107i da se minimiziraju ljudske gre\u0161ke i pojednostave administrativni zadaci povezani s izvje\u0161tavanjem.<\/li>\n<\/ul>\n<p>Ulaganje u\u00a0<strong>NFC na metalu<\/strong>\u00a0oznake se prevodi u bolje upravljanje resursima i pobolj\u0161ane mjere sigurnosnog odgovora.<\/p>\n<h2>Kako instalirati NFC oznake<\/h2>\n<p>Instaliranje\u00a0<strong>O NFC oznakama za te\u0161ke uvjete rada<\/strong>\u00a0je direktan. Evo kako:<\/p>\n<ol>\n<li><strong>Priprema povr\u0161ine:<\/strong>\u00a0Uvjerite se da je odabrana metalna povr\u0161ina \u010dista i o\u010di\u0161\u0107ena od pra\u0161ine ili vlage kako biste postigli sna\u017eno prianjanje ljepila.<\/li>\n<li><strong>Pozicioniranje oznake:<\/strong>\u00a0Odredite optimalnu lokaciju za oznaku. Koristite a\u00a0<strong>otvor za vijak<\/strong>\u00a0ako je potrebno za trajnije rje\u0161enje, ili upotrijebite ljepljivu podlogu za jednostavnu primjenu.<\/li>\n<li><strong>Testiranje oznake:<\/strong>\u00a0Kada se primeni, proverite opseg o\u010ditavanja i funkcionalnost kako biste garantovali ispravan rad.<\/li>\n<\/ol>\n<p>Pravilna instalacija \u0107e osigurati dugovje\u010dnost i pobolj\u0161ati efikasnost va\u0161eg sistema upravljanja patrolom.<\/p>\n<p><img fetchpriority=\"high\" decoding=\"async\" class=\"alignnone wp-image-2646\" src=\"https:\/\/rfid-laundry-tag.com\/wp-content\/uploads\/2024\/09\/7_H17fee47b9eae43d5a80c5a2bc6771f13t-300x300.jpg\" alt=\"NFC TAGS\" width=\"489\" height=\"489\" srcset=\"https:\/\/rfid-laundry-tag.com\/wp-content\/uploads\/2024\/09\/7_H17fee47b9eae43d5a80c5a2bc6771f13t-300x300.jpg 300w, https:\/\/rfid-laundry-tag.com\/wp-content\/uploads\/2024\/09\/7_H17fee47b9eae43d5a80c5a2bc6771f13t-150x150.jpg 150w, https:\/\/rfid-laundry-tag.com\/wp-content\/uploads\/2024\/09\/7_H17fee47b9eae43d5a80c5a2bc6771f13t-768x768.jpg 768w, https:\/\/rfid-laundry-tag.com\/wp-content\/uploads\/2024\/09\/7_H17fee47b9eae43d5a80c5a2bc6771f13t-12x12.jpg 12w, https:\/\/rfid-laundry-tag.com\/wp-content\/uploads\/2024\/09\/7_H17fee47b9eae43d5a80c5a2bc6771f13t-600x600.jpg 600w, https:\/\/rfid-laundry-tag.com\/wp-content\/uploads\/2024\/09\/7_H17fee47b9eae43d5a80c5a2bc6771f13t-100x100.jpg 100w, https:\/\/rfid-laundry-tag.com\/wp-content\/uploads\/2024\/09\/7_H17fee47b9eae43d5a80c5a2bc6771f13t.jpg 1000w\" sizes=\"(max-width: 489px) 100vw, 489px\" \/><\/p>\n<h2>Tehni\u010dke specifikacije NFC oznaka za te\u0161ke uvjete rada<\/h2>\n<p>Ispod su va\u017ene tehni\u010dke specifikacije za\u00a0<strong>O NFC oznakama za te\u0161ke uvjete rada<\/strong>:<\/p>\n<div>\n<div class=\"overflow-x-auto custom-scrollbar custom-scrollbar-wide mb-2\">\n<table class=\"w-fit !mb-2 !max-w-none\">\n<thead>\n<tr>\n<th style=\"text-align: left;\">Feature<\/th>\n<th style=\"text-align: left;\">Specifikacija<\/th>\n<\/tr>\n<\/thead>\n<tbody>\n<tr>\n<td>Veli\u010dina<\/td>\n<td>25mm, 30mm<\/td>\n<\/tr>\n<tr>\n<td>\u010cip<\/td>\n<td>NTAG213<\/td>\n<\/tr>\n<tr>\n<td>Frekvencija<\/td>\n<td>13.56MHz<\/td>\n<\/tr>\n<tr>\n<td>Protokol<\/td>\n<td>ISO\/IEC 14443A<\/td>\n<\/tr>\n<tr>\n<td>Memorija<\/td>\n<td>180 bajtova<\/td>\n<\/tr>\n<tr>\n<td>Radna temperatura<\/td>\n<td>-20 do 65 stepeni C<\/td>\n<\/tr>\n<tr>\n<td>Lead Time<\/td>\n<td>7 radnih dana<\/td>\n<\/tr>\n<tr>\n<td>Zadr\u017eavanje podataka<\/td>\n<td>\u226510 godina<\/td>\n<\/tr>\n<tr>\n<td>Opseg \u010ditanja<\/td>\n<td>0-10 cm<\/td>\n<\/tr>\n<\/tbody>\n<\/table>\n<\/div>\n<\/div>\n<p>Razumijevanje ovih specifikacija poma\u017ee korisnicima u odre\u0111ivanju najbolje oznake za njihove specifi\u010dne potrebe.<\/p>\n<h2>Utjecaj NFC oznaka na okoli\u0161<\/h2>\n<p>Uticaj kori\u0161\u0107enja na \u017eivotnu sredinu\u00a0<strong>NFC tehnologija<\/strong>\u00a0je sve ve\u0107a zabrinutost. Na sre\u0107u, ove oznake su dizajnirane imaju\u0107i na umu odr\u017eivu praksu:<\/p>\n<ul>\n<li><strong>Kori\u0161teni materijali:<\/strong>\u00a0Materijali koji se koriste u proizvodnji\u00a0<strong>metalni NFC<\/strong>\u00a0oznake su odabrane zbog njihove dugovje\u010dnosti i mogu\u0107nosti recikliranja.<\/li>\n<li><strong>Smanjeni otpad:<\/strong>\u00a0Eliminacijom potrebe za papirnim dnevnicima i ru\u010dnim vo\u0111enjem evidencije, organizacije mogu zna\u010dajno smanjiti svoj otisak papirnog otpada.<\/li>\n<\/ul>\n<p>Zagrljaj\u00a0<strong>NFC oznake<\/strong>\u00a0ne samo da pove\u0107ava sigurnost ve\u0107 se i uskla\u0111uje sa ekolo\u0161kim operativnim praksama.<\/p>\n<h3>Iskustva kupaca i recenzije<\/h3>\n<p>Primene u stvarnom svetu\u00a0<strong>NFC oznaka<\/strong>\u00a0mo\u017ee uticati na odluke o kupovini. Ovdje se upu\u0161tamo u svjedo\u010danstva i iskustva kupaca.<\/p>\n<h2>Naj\u010de\u0161\u0107a pitanja o NFC oznakama za te\u0161ke uslove rada<\/h2>\n<p><strong>P: Da li se ove NFC oznake mogu koristiti u veoma toplim ili hladnim uslovima?<\/strong><br \/>\nO: Da, opseg radne temperature od -20 do 65 stepeni C \u010dini ih pogodnim za razli\u010dita okru\u017eenja.<\/p>\n<p><strong>P: Koliko dugo traju podaci na oznaci?<\/strong><br \/>\nO: Period \u010duvanja podataka je minimalno 10 godina, \u0161to osigurava dugoro\u010dnu pouzdanost.<\/p>\n<p>Ako imate jo\u0161 pitanja, slobodno se obratite za poja\u0161njenja.<\/p>\n<p>U zaklju\u010dku, the\u00a0<strong>O NFC oznakama za te\u0161ke uvjete rada za patrolu<\/strong>\u00a0su nezamjenjiv alat za moderne organizacije koje \u017eele unaprijediti svoju sigurnost i praksu upravljanja. Sa svojom naprednom tehnologijom, izdr\u017eljivo\u0161\u0107u i prilagodljivo\u0161\u0107u, ove oznake donose zna\u010dajna operativna pobolj\u0161anja.<\/p>","protected":false},"excerpt":{"rendered":"<p>Pove\u0107ajte efikasnost patrole pomo\u0107u na\u0161e On Heavy Duty NFC oznake, dizajnirane za metalne povr\u0161ine. Izdr\u017eljiv, pouzdan i savr\u0161en za pojednostavljeno upravljanje sigurno\u0161\u0107u.<\/p>","protected":false},"featured_media":2642,"template":"","meta":{"_kad_post_transparent":"default","_kad_post_title":"","_kad_post_layout":"default","_kad_post_sidebar_id":"","_kad_post_content_style":"default","_kad_post_vertical_padding":"default","_kad_post_feature":"","_kad_post_feature_position":"","_kad_post_header":false,"_kad_post_footer":false,"_kad_post_classname":""},"product_brand":[],"product_cat":[54],"product_tag":[305,216,290],"class_list":{"0":"post-2641","1":"product","2":"type-product","3":"status-publish","4":"has-post-thumbnail","6":"product_cat-hot-selling-rfid-tags","7":"product_tag-heavy-duty-nfc-tags","8":"product_tag-nfc-patrol-tag","9":"product_tag-nfc-tag","11":"first","12":"instock","13":"shipping-taxable","14":"product-type-simple","15":"entry","16":"content-bg","17":"loop-entry"},"_links":{"self":[{"href":"https:\/\/rfid-laundry-tag.com\/bs\/wp-json\/wp\/v2\/product\/2641","targetHints":{"allow":["GET"]}}],"collection":[{"href":"https:\/\/rfid-laundry-tag.com\/bs\/wp-json\/wp\/v2\/product"}],"about":[{"href":"https:\/\/rfid-laundry-tag.com\/bs\/wp-json\/wp\/v2\/types\/product"}],"version-history":[{"count":1,"href":"https:\/\/rfid-laundry-tag.com\/bs\/wp-json\/wp\/v2\/product\/2641\/revisions"}],"predecessor-version":[{"id":2647,"href":"https:\/\/rfid-laundry-tag.com\/bs\/wp-json\/wp\/v2\/product\/2641\/revisions\/2647"}],"wp:featuredmedia":[{"embeddable":true,"href":"https:\/\/rfid-laundry-tag.com\/bs\/wp-json\/wp\/v2\/media\/2642"}],"wp:attachment":[{"href":"https:\/\/rfid-laundry-tag.com\/bs\/wp-json\/wp\/v2\/media?parent=2641"}],"wp:term":[{"taxonomy":"product_brand","embeddable":true,"href":"https:\/\/rfid-laundry-tag.com\/bs\/wp-json\/wp\/v2\/product_brand?post=2641"},{"taxonomy":"product_cat","embeddable":true,"href":"https:\/\/rfid-laundry-tag.com\/bs\/wp-json\/wp\/v2\/product_cat?post=2641"},{"taxonomy":"product_tag","embeddable":true,"href":"https:\/\/rfid-laundry-tag.com\/bs\/wp-json\/wp\/v2\/product_tag?post=2641"}],"curies":[{"name":"radni list","href":"https:\/\/api.w.org\/{rel}","templated":true}]}}