{"id":2638,"date":"2024-09-22T14:53:50","date_gmt":"2024-09-22T14:53:50","guid":{"rendered":"https:\/\/rfid-laundry-tag.com\/?post_type=product&#038;p=2638"},"modified":"2024-09-22T14:53:51","modified_gmt":"2024-09-22T14:53:51","slug":"on-metal-nfc-screw-tag-for-checkpoint-security","status":"publish","type":"product","link":"https:\/\/rfid-laundry-tag.com\/bs\/on-metal-nfc-screw-tag-for-checkpoint-security\/","title":{"rendered":"Metalna NFC navojna oznaka za sigurnost kontrolne ta\u010dke"},"content":{"rendered":"<p><strong>Metalna NFC vij\u010dana oznaka za sigurnost kontrolne ta\u010dke:<\/strong>\u00a0Osigurajte robusnu sigurnost kontrolne to\u010dke pomo\u0107u na\u0161e izdr\u017eljive metalne NFC vij\u010dane oznake. Napravljen sa NTAG213 za pouzdan prijenos podataka na metalnim povr\u0161inama, neprimjetno se integrira u va\u0161e sigurnosne protokole, pru\u017eaju\u0107i brz pristup i pra\u0107enje u realnom vremenu radi pobolj\u0161anja sigurnosti i efikasnosti.<\/p>\n<h2>Karakteristike metalne NFC vij\u010dane oznake<\/h2>\n<p>The\u00a0<strong>Na metalnoj NFC navojnoj plo\u010dici<\/strong>\u00a0je dizajniran s nekoliko zna\u010dajnih karakteristika koje ga \u010dine svestranim rje\u0161enjem:<\/p>\n<ul>\n<li><strong>Trajnost<\/strong>: Izra\u0111en sa an\u00a0<strong>ABS \u0161koljka<\/strong>\u00a0koja mo\u017ee izdr\u017eati te\u0161ka okru\u017eenja, ova oznaka je otporna na pra\u0161inu, vodu i hemijsku koroziju, posti\u017eu\u0107i\u00a0<strong>IP67<\/strong>\u00a0nivo za\u0161tite.<\/li>\n<li><strong>Visoke performanse<\/strong>: Oznaka zapo\u0161ljava\u00a0<strong>NTAG213<\/strong>\u00a0tehnologija koja omogu\u0107ava velike brzine \u010ditanja, sa brzinama prijenosa podataka do\u00a0<strong>106 kbit\/s<\/strong>, omogu\u0107avaju\u0107i efikasan rad u prometnim sredinama.<\/li>\n<li><strong>Anti-Metal Technology<\/strong>: The\u00a0<strong>anti-metal<\/strong>\u00a0Funkcija osigurava da oznaka radi efikasno \u010dak i kada je pri\u010dvr\u0161\u0107ena na metalne povr\u0161ine, koje bi ina\u010de ometale NFC signale.<\/li>\n<\/ul>\n<p>Ove karakteristike \u010dine on-Metal NFC Screw Tag idealnom za aplikacije u logistici, kontroli posje\u0107enosti i drugim industrijama gdje su izdr\u017eljivost i performanse najva\u017eniji.<\/p>\n<h2>Tehni\u010dke specifikacije<\/h2>\n<div>\n<div class=\"overflow-x-auto custom-scrollbar custom-scrollbar-wide mb-2\">\n<table class=\"w-fit !mb-2 !max-w-none\">\n<thead>\n<tr>\n<th>Specifikacija<\/th>\n<th>Detalji<\/th>\n<\/tr>\n<\/thead>\n<tbody>\n<tr>\n<td><strong>\u010cip<\/strong><\/td>\n<td>NTAG213<\/td>\n<\/tr>\n<tr>\n<td><strong>Memorija<\/strong><\/td>\n<td>144\/504\/888\/1K bajtova<\/td>\n<\/tr>\n<tr>\n<td><strong>Protokol<\/strong><\/td>\n<td>ISO 14443A<\/td>\n<\/tr>\n<tr>\n<td><strong>Frekvencija<\/strong><\/td>\n<td>13.56MHz<\/td>\n<\/tr>\n<tr>\n<td><strong>Opcije boja<\/strong><\/td>\n<td>Crna, bijela, \u017euta<\/td>\n<\/tr>\n<tr>\n<td><strong>Pre\u010dnik<\/strong><\/td>\n<td>25\/30\/35\/40\/52 mm (dostupne prilago\u0111ene veli\u010dine)<\/td>\n<\/tr>\n<tr>\n<td><strong>Debljina<\/strong><\/td>\n<td>5 mm<\/td>\n<\/tr>\n<tr>\n<td><strong>Te\u017eina<\/strong><\/td>\n<td>3 g<\/td>\n<\/tr>\n<tr>\n<td><strong>Radna temp<\/strong><\/td>\n<td>-25\u00b0C do 70\u00b0C<\/td>\n<\/tr>\n<tr>\n<td><strong>Brisanje<\/strong><\/td>\n<td>&gt; 100.000 brisanja<\/td>\n<\/tr>\n<tr>\n<td><strong>Udaljenost \u010ditanja<\/strong><\/td>\n<td>2-20 cm (u zavisnosti od okru\u017eenja)<\/td>\n<\/tr>\n<\/tbody>\n<\/table>\n<\/div>\n<\/div>\n<p>Naoru\u017ean ovim mogu\u0107nostima, on-Metal NFC Screw Tag stoji kao mo\u0107an alat za razne\u00a0<strong>NFC aplikacije<\/strong>.<\/p>\n<h2>Primjena u razli\u010ditim industrijama<\/h2>\n<p>Svestranost On-Metal NFC vij\u010dane oznake omogu\u0107ava da se koristi u vi\u0161e sektora:<\/p>\n<ul>\n<li><strong>Kontrola pristupa<\/strong>: Lako upravljajte ulaznim ta\u010dkama na sigurnim lokacijama pri\u010dvr\u0161\u0107ivanjem\u00a0<strong>NFC oznake<\/strong>\u00a0do vrata ili kapije. Oznake se mogu povezati s korisni\u010dkim profilima za besprijekornu autentifikaciju.<\/li>\n<li><strong>Logistika i upravljanje zalihama<\/strong>: Pojednostavite pra\u0107enje robe postavljanjem etiketa na metalne kontejnere. Trajnost ovih oznaka osigurava da izdr\u017ee stroge uslove proizvodnje i transporta.<\/li>\n<li><strong>Javni prijevoz<\/strong>: Pobolj\u0161ajte korisni\u010dko iskustvo upotrebom On-Metal NFC oznaka za sisteme za prodaju karata, omogu\u0107avaju\u0107i voza\u010dima da provjere svoj status ili lako dopune svoje ra\u010dune.<\/li>\n<\/ul>\n<p>Implementacijom ovih oznaka, kompanije mogu pojednostaviti poslovanje i zna\u010dajno pobolj\u0161ati pru\u017eanje usluga.<\/p>\n<h2>Prednosti kori\u0161tenja NTAG213, NTAG215 i NTAG216<\/h2>\n<p>NTAG213, NTAG215 i NTAG216 \u010dipovi iz NXP Semiconductors nude jasne prednosti:<\/p>\n<ol>\n<li><strong>Segmentacija<\/strong>: Korisnici mogu segmentirati memoriju za vi\u0161e aplikacija, \u010dine\u0107i oznake fleksibilnim u funkcionalnosti.<\/li>\n<li><strong>Sigurnosne karakteristike<\/strong>: Opremljen sa\u00a0<em><strong>Originalni potpisi zasnovani na ECC-u<\/strong><\/em>\u00a0i\u00a0<strong>za\u0161tita lozinkom<\/strong>, ove oznake \u0161tite podatke od neovla\u0161tenog pristupa i osiguravaju integritet.<\/li>\n<li><strong>Visok kapacitet i performanse<\/strong>: Pro\u0161irene memorijske opcije \u010dine ga pogodnim za aplikacije koje zahtijevaju zna\u010dajno skladi\u0161tenje podataka uz zadr\u017eavanje mogu\u0107nosti brzog \u010ditanja.<\/li>\n<\/ol>\n<p>Ove prednosti omogu\u0107avaju preduze\u0107ima da prilagode svoja rje\u0161enja prema specifi\u010dnim operativnim potrebama.<\/p>\n<h2>Upute za instalaciju i upotrebu<\/h2>\n<p>Instaliranje metalne NFC vij\u010dane oznake je jednostavno:<\/p>\n<ol>\n<li><strong>Odaberite lokaciju<\/strong>: Odaberite ravnu povr\u0161inu na metalnom predmetu gdje \u0107e se postaviti oznaka. Osigurajte\u00a0<strong>povr\u0161ine<\/strong>\u00a0je \u010dist i suv.<\/li>\n<li><strong>Osigurajte vijcima<\/strong>: Koristite zavrtnje kroz prilo\u017eene\u00a0<em>rupe za \u0161rafove<\/em>\u00a0na oznaci za trajno u\u010dvr\u0161\u0107enje.<\/li>\n<li><strong>Adhesive Option<\/strong>: Alternativno, oznaka se mo\u017ee pri\u010dvrstiti pomo\u0107u jakog ljepila po \u017eelji.<\/li>\n<\/ol>\n<p>Jednom instalirane, oznake se mogu lako skenirati pomo\u0107u kompatibilnih NFC ure\u0111aja, omogu\u0107avaju\u0107i trenutni pristup informacijama pohranjenim na oznaci.<\/p>\n<h2>Naj\u010de\u0161\u0107a pitanja o On-Metal NFC oznakama<\/h2>\n<p><strong>P: Mo\u017ee li on-Metal NFC Screw Tag raditi na svim metalnim povr\u0161inama?<\/strong><br \/>\nO: Da, zahvaljuju\u0107i svojoj specijalizovanoj\u00a0<strong>tehnologija protiv metala<\/strong>, oznaka efikasno radi na razli\u010ditim metalnim povr\u0161inama bez smetnji.<\/p>\n<p><strong>P: Kako da programiram ili upi\u0161em podatke u NTAG213 tag?<\/strong><br \/>\nO: Programiranje se mo\u017ee posti\u0107i kori\u0161tenjem kompatibilnih NFC ure\u0111aja s odgovaraju\u0107om aplikacijom. Za slo\u017eenije aplikacije, razmislite o kori\u0161tenju namjenskog NFC softvera za pisanje.<\/p>\n<p><strong>P: Koji je raspon radne temperature za ove oznake?<\/strong><br \/>\nO: Oznake efikasno funkcioni\u0161u na temperaturama u rasponu od\u00a0<strong>-25\u00b0C do 70\u00b0C<\/strong>.<\/p>\n<h2>Environmental Considerations<\/h2>\n<p>The\u00a0<strong>Na metalnoj NFC navojnoj plo\u010dici<\/strong>\u00a0dizajniran je s namjerom odr\u017eivosti. Njegova robusna konstrukcija minimizira potrebu za zamjenom, smanjuju\u0107i otpad. \u0160tavi\u0161e, kada se pravilno odlo\u017ee, elementi koji se koriste u proizvodnji ovih oznaka mogu se reciklirati.<\/p>","protected":false},"excerpt":{"rendered":"<p>Pobolj\u0161ajte svoje operacije pomo\u0107u metalne NFC vij\u010dane oznake. Izdr\u017eljiv, svestran i opremljen NFC tehnologijom za besprijekoran prijenos podataka na metalnim povr\u0161inama.<\/p>","protected":false},"featured_media":2639,"template":"","meta":{"_kad_post_transparent":"default","_kad_post_title":"","_kad_post_layout":"default","_kad_post_sidebar_id":"","_kad_post_content_style":"default","_kad_post_vertical_padding":"default","_kad_post_feature":"","_kad_post_feature_position":"","_kad_post_header":false,"_kad_post_footer":false,"_kad_post_classname":""},"product_brand":[],"product_cat":[54],"product_tag":[305,216,304],"class_list":{"0":"post-2638","1":"product","2":"type-product","3":"status-publish","4":"has-post-thumbnail","6":"product_cat-hot-selling-rfid-tags","7":"product_tag-heavy-duty-nfc-tags","8":"product_tag-nfc-patrol-tag","9":"product_tag-nfc-screw-tag","11":"first","12":"instock","13":"shipping-taxable","14":"product-type-simple","15":"entry","16":"content-bg","17":"loop-entry"},"_links":{"self":[{"href":"https:\/\/rfid-laundry-tag.com\/bs\/wp-json\/wp\/v2\/product\/2638","targetHints":{"allow":["GET"]}}],"collection":[{"href":"https:\/\/rfid-laundry-tag.com\/bs\/wp-json\/wp\/v2\/product"}],"about":[{"href":"https:\/\/rfid-laundry-tag.com\/bs\/wp-json\/wp\/v2\/types\/product"}],"version-history":[{"count":1,"href":"https:\/\/rfid-laundry-tag.com\/bs\/wp-json\/wp\/v2\/product\/2638\/revisions"}],"predecessor-version":[{"id":2640,"href":"https:\/\/rfid-laundry-tag.com\/bs\/wp-json\/wp\/v2\/product\/2638\/revisions\/2640"}],"wp:featuredmedia":[{"embeddable":true,"href":"https:\/\/rfid-laundry-tag.com\/bs\/wp-json\/wp\/v2\/media\/2639"}],"wp:attachment":[{"href":"https:\/\/rfid-laundry-tag.com\/bs\/wp-json\/wp\/v2\/media?parent=2638"}],"wp:term":[{"taxonomy":"product_brand","embeddable":true,"href":"https:\/\/rfid-laundry-tag.com\/bs\/wp-json\/wp\/v2\/product_brand?post=2638"},{"taxonomy":"product_cat","embeddable":true,"href":"https:\/\/rfid-laundry-tag.com\/bs\/wp-json\/wp\/v2\/product_cat?post=2638"},{"taxonomy":"product_tag","embeddable":true,"href":"https:\/\/rfid-laundry-tag.com\/bs\/wp-json\/wp\/v2\/product_tag?post=2638"}],"curies":[{"name":"radni list","href":"https:\/\/api.w.org\/{rel}","templated":true}]}}