{"id":2581,"date":"2024-09-19T13:02:28","date_gmt":"2024-09-19T13:02:28","guid":{"rendered":"https:\/\/rfid-laundry-tag.com\/?post_type=product&#038;p=2581"},"modified":"2024-09-19T13:40:21","modified_gmt":"2024-09-19T13:40:21","slug":"on-metal-nfc-screw-tag-ntag213","status":"publish","type":"product","link":"https:\/\/rfid-laundry-tag.com\/bs\/on-metal-nfc-screw-tag-ntag213\/","title":{"rendered":"On-Metal NFC vij\u010dana oznaka Ntag213"},"content":{"rendered":"<p>The <strong>Na metalnoj NFC navojnoj plo\u010dici<\/strong> je vrlo izdr\u017eljiva NFC oznaka dizajnirana posebno za industrijsku upotrebu. Njegovo <strong>ABS ili PVC konstrukcija<\/strong> osigurava da jeste <strong>vodootporan<\/strong> i <strong>otporan na toplotu<\/strong>, \u0161to ga \u010dini pogodnim za zahtjevna okru\u017eenja poput visoke vla\u017enosti ili ekstremnih temperatura.<\/p>\n<h3>Klju\u010dne karakteristike:<\/h3>\n<ul>\n<li><strong>Tip \u010dipa<\/strong>: NXP NTAG213 (kompatibilan sa svim mobilnim ure\u0111ajima)<\/li>\n<li><strong>Oblik<\/strong>: Okrugla<\/li>\n<li><strong>Veli\u010dina<\/strong>: 30 mm u pre\u010dniku, plus 2,5 mm debljine<\/li>\n<li><strong>Veli\u010dina antene<\/strong>: 25mm<\/li>\n<li><strong>Total Memory<\/strong>: 144 bajtova<\/li>\n<li><strong>Formatirana memorija<\/strong>: 137 bajtova<\/li>\n<li><strong>Radna frekvencija<\/strong>: 13,56 MHz<\/li>\n<\/ul>\n<h3>Idealno za:<\/h3>\n<ul>\n<li>Koristiti na metalnim povr\u0161inama bez smetnji.<\/li>\n<li>Velika udaljenost \u010ditanja \u010dak i u te\u0161kim industrijskim okru\u017eenjima.<\/li>\n<li>Kompatibilnost sa svim NFC ure\u0111ajima (npr. pametni telefoni, tableti).<\/li>\n<\/ul>\n<p>Ova oznaka je tako\u0111er prilagodljiva, nude\u0107i razli\u010dite vrste \u010dipova i <strong>Opcije \u0161tampanja ID-a<\/strong>. Mo\u017ee se pri\u010dvrstiti vijkom ili ljepilom, osiguravaju\u0107i sigurno pri\u010dvr\u0161\u0107ivanje na metalne predmete.<\/p>\n<h3 class=\"AnswerParser_AnswerParserH3__Mpe4s\">Tehni\u010dke specifikacije<\/h3>\n<div class=\"AnswerParser_TableContainer__Erb6v\" data-testid=\"table-container\">\n<table>\n<thead>\n<tr>\n<th>Feature<\/th>\n<th>Specifikacija<\/th>\n<\/tr>\n<\/thead>\n<tbody>\n<tr>\n<td>Pre\u010dnik<\/td>\n<td>30 mm<\/td>\n<\/tr>\n<tr>\n<td>Debljina<\/td>\n<td>3 mm<\/td>\n<\/tr>\n<tr>\n<td>Screw Hole<\/td>\n<td>3 mm<\/td>\n<\/tr>\n<tr>\n<td>Tip \u010dipa<\/td>\n<td>NTAG213<\/td>\n<\/tr>\n<tr>\n<td>Memorija<\/td>\n<td>144 bajtova<\/td>\n<\/tr>\n<tr>\n<td>Frekvencija<\/td>\n<td>13,56 MHz (HF)<\/td>\n<\/tr>\n<\/tbody>\n<\/table>\n<\/div>\n<h2 class=\"AnswerParser_AnswerParserH2__SIHnF\">Ntag213 \u010dip: vrhunska NFC tehnologija<\/h2>\n<p><span class=\"AnswerParser_TextContainer__z_Iiv\" data-testid=\"youchat-text\">U srcu na\u0161e On-Metal NFC Screw Tag le\u017ei mo\u0107ni Ntag213 \u010dip, koji nudi:<\/span><\/p>\n<ul class=\"AnswerParser_AnswerParserUnorderedList__P_1FW\">\n<li class=\"AnswerParser_ListItem__XqLOV\" translate=\"yes\">144 bajta korisni\u010dke memorije<\/li>\n<li class=\"AnswerParser_ListItem__XqLOV\" translate=\"yes\">Velike brzine \u010ditanja i pisanja<\/li>\n<li class=\"AnswerParser_ListItem__XqLOV\" translate=\"yes\">Kompatibilnost sa svim NFC ure\u0111ajima<\/li>\n<\/ul>\n<p><span class=\"AnswerParser_TextContainer__z_Iiv\" data-testid=\"youchat-text\">Ovaj napredni \u010dip osigurava da se va\u0161i podaci prenose brzo i pouzdano, \u0161to ga \u010dini savr\u0161enim za \u0161irok spektar NFC aplikacija.<\/span><\/p>\n<h2 class=\"AnswerParser_AnswerParserH2__SIHnF\">Performanse na metalu: Prevladavanje izazova smetnji<\/h2>\n<p><span class=\"AnswerParser_TextContainer__z_Iiv\" data-testid=\"youchat-text\">Tradicionalne NFC oznake \u010desto imaju problema kada se postavljaju na metalne povr\u0161ine zbog smetnji signala. Na\u0161e metalne NFC vij\u010dane oznake su posebno dizajnirane za:<\/span><\/p>\n<ul class=\"AnswerParser_AnswerParserUnorderedList__P_1FW\">\n<li class=\"AnswerParser_ListItem__XqLOV\" translate=\"yes\">Odr\u017eavajte optimalne performanse na metalnim povr\u0161inama<\/li>\n<li class=\"AnswerParser_ListItem__XqLOV\" translate=\"yes\">Obezbedite konzistentne opsege \u010ditanja<\/li>\n<li class=\"AnswerParser_ListItem__XqLOV\" translate=\"yes\">Uklonite potrebu za odstojnicima ili dodatnim ljepilima<\/li>\n<\/ul>\n<p><span class=\"AnswerParser_TextContainer__z_Iiv\" data-testid=\"youchat-text\">Koriste\u0107i naprednu anti-metal tehnologiju, ove oznake osiguravaju pouzdanu komunikaciju \u010dak i kada su pri\u010dvr\u0161\u0107ene direktno na metalne predmete.<\/span><\/p>\n<h2 class=\"AnswerParser_AnswerParserH2__SIHnF\">Jednostavna integracija: kompatibilan s va\u0161om postoje\u0107om NFC infrastrukturom<\/h2>\n<p><span class=\"AnswerParser_TextContainer__z_Iiv\" data-testid=\"youchat-text\">Na\u0161e metalne NFC vij\u010dane oznake dizajnirane su da se neprimjetno integriraju s va\u0161im trenutnim NFC ekosistemom. oni su:<\/span><\/p>\n<ul class=\"AnswerParser_AnswerParserUnorderedList__P_1FW\">\n<li class=\"AnswerParser_ListItem__XqLOV\" translate=\"yes\">Kompatibilan sa svim standardnim NFC \u010dita\u010dima<\/li>\n<li class=\"AnswerParser_ListItem__XqLOV\" translate=\"yes\">Lako se programira pomo\u0107u pametnih telefona koji podr\u017eavaju NFC<\/li>\n<li class=\"AnswerParser_ListItem__XqLOV\" translate=\"yes\">Pogodno za Android i iOS ure\u0111aje<\/li>\n<\/ul>\n<p><span class=\"AnswerParser_TextContainer__z_Iiv\" data-testid=\"youchat-text\">Ova svestranost osigurava da mo\u017eete implementirati ove oznake bez potrebe za skupom nadogradnjom infrastrukture.<\/span><\/p>\n<h2 class=\"AnswerParser_AnswerParserH2__SIHnF\">Opcije prilago\u0111avanja: Prilagodite svoje oznake svojim potrebama<\/h2>\n<p><span class=\"AnswerParser_TextContainer__z_Iiv\" data-testid=\"youchat-text\">Razumijemo da svako poslovanje ima jedinstvene zahtjeve. Zato nudimo niz mogu\u0107nosti prilago\u0111avanja za na\u0161e metalne NFC vij\u010dane oznake:<\/span><\/p>\n<ul class=\"AnswerParser_AnswerParserUnorderedList__P_1FW\">\n<li class=\"AnswerParser_ListItem__XqLOV\" translate=\"yes\">\u0160tampanje po narud\u017ebi sa va\u0161im logom ili brendiranjem<\/li>\n<li class=\"AnswerParser_ListItem__XqLOV\" translate=\"yes\">Razli\u010dite opcije boja koje odgovaraju va\u0161oj estetici<\/li>\n<li class=\"AnswerParser_ListItem__XqLOV\" translate=\"yes\">Personalizirano kodiranje s va\u0161im specifi\u010dnim podacima<\/li>\n<\/ul>\n<p><span class=\"AnswerParser_TextContainer__z_Iiv\" data-testid=\"youchat-text\">Na\u0161 tim stru\u010dnjaka spreman je pomo\u0107i vam da kreirate savr\u0161eno NFC rje\u0161enje za va\u0161e poslovne potrebe.<\/span><\/p>\n<h2 class=\"AnswerParser_AnswerParserH2__SIHnF\">Uticaj na \u017eivotnu sredinu: odr\u017eiva NFC re\u0161enja<\/h2>\n<p><span class=\"AnswerParser_TextContainer__z_Iiv\" data-testid=\"youchat-text\">U dana\u0161njem ekolo\u0161ki osvije\u0161tenom svijetu, posve\u0107eni smo pru\u017eanju odr\u017eivih NFC rje\u0161enja. Na\u0161e metalne oznake NFC vijaka:<\/span><\/p>\n<ul class=\"AnswerParser_AnswerParserUnorderedList__P_1FW\">\n<li class=\"AnswerParser_ListItem__XqLOV\" translate=\"yes\">Izra\u0111eni su od materijala koji se mogu reciklirati<\/li>\n<li class=\"AnswerParser_ListItem__XqLOV\" translate=\"yes\">Imaju dug \u017eivotni vijek, smanjuju\u0107i otpad<\/li>\n<li class=\"AnswerParser_ListItem__XqLOV\" translate=\"yes\">Doprinesite sistemima bez papira, smanjuju\u0107i ukupni uticaj na \u017eivotnu sredinu<\/li>\n<\/ul>\n<p><span class=\"AnswerParser_TextContainer__z_Iiv\" data-testid=\"youchat-text\">Odabirom na\u0161ih oznaka ne ula\u017eete samo u najsavremeniju tehnologiju ve\u0107 i u odr\u017eiviju budu\u0107nost.<\/span><\/p>\n<h2 class=\"AnswerParser_AnswerParserH2__SIHnF\">Isplativo rje\u0161enje: pove\u0107ajte svoj ROI<\/h2>\n<p><span class=\"AnswerParser_TextContainer__z_Iiv\" data-testid=\"youchat-text\">Iako po\u010detni tro\u0161ak On-Metal NFC vij\u010danih oznaka mo\u017ee biti ve\u0107i od tradicionalnih naljepnica zasnovanih na naljepnicama, one nude zna\u010dajne dugoro\u010dne prednosti:<\/span><\/p>\n<ul class=\"AnswerParser_AnswerParserUnorderedList__P_1FW\">\n<li class=\"AnswerParser_ListItem__XqLOV\" translate=\"yes\">Smanjeni tro\u0161kovi zamjene zbog vrhunske izdr\u017eljivosti<\/li>\n<li class=\"AnswerParser_ListItem__XqLOV\" translate=\"yes\">Pobolj\u0161ana efikasnost u pra\u0107enju i upravljanju imovinom<\/li>\n<li class=\"AnswerParser_ListItem__XqLOV\" translate=\"yes\">Potencijal za pojednostavljene operacije i u\u0161tede tro\u0161kova<\/li>\n<\/ul>\n<p><span class=\"AnswerParser_TextContainer__z_Iiv\" data-testid=\"youchat-text\">Ulaganje u na\u0161e visokokvalitetne NFC oznake mo\u017ee dovesti do zna\u010dajnog povrata ulaganja tokom vremena.<\/span><\/p>\n<h2 class=\"AnswerParser_AnswerParserH2__SIHnF\">Jednostavna uputstva za instalaciju i upotrebu<\/h2>\n<p><span class=\"AnswerParser_TextContainer__z_Iiv\" data-testid=\"youchat-text\">Po\u010detak rada s na\u0161im metalnim NFC vijcima je jednostavan:<\/span><\/p>\n<ol class=\"AnswerParser_AnswerParserOrderedList__kl_2Y\">\n<li class=\"AnswerParser_ListItem__XqLOV\" translate=\"yes\">O\u010distite metalnu povr\u0161inu na koju \u0107ete pri\u010dvrstiti oznaku<\/li>\n<li class=\"AnswerParser_ListItem__XqLOV\" translate=\"yes\">Koristite rupu za \u0161raf od 3 mm da bezbedno pri\u010dvrstite oznaku<\/li>\n<li class=\"AnswerParser_ListItem__XqLOV\" translate=\"yes\">Programirajte oznaku koriste\u0107i svoj NFC ure\u0111aj<\/li>\n<li class=\"AnswerParser_ListItem__XqLOV\" translate=\"yes\">Po\u010dnite koristiti svoju novoinstaliranu NFC oznaku!<\/li>\n<\/ol>\n<p><span class=\"AnswerParser_TextContainer__z_Iiv\" data-testid=\"youchat-text\">Za detaljne upute i vodi\u010de za programiranje, provjerite svoju pristiglu po\u0161tu nakon kupovine za na\u0161 sveobuhvatan korisni\u010dki priru\u010dnik.<\/span><\/p>\n<h2 class=\"AnswerParser_AnswerParserH2__SIHnF\">\u010cesto postavljana pitanja<\/h2>\n<p><span class=\"AnswerParser_TextContainer__z_Iiv\" data-testid=\"youchat-text\"><strong>P: Mogu li se ove oznake koristiti na nemetalnim povr\u0161inama?<\/strong>\u00a0<\/span><\/p>\n<p><span class=\"AnswerParser_TextContainer__z_Iiv\" data-testid=\"youchat-text\">O: Da, iako su optimizirane za metalne povr\u0161ine, na\u0161e oznake rade jednako dobro na nemetalnim materijalima.<\/span><\/p>\n<p><span class=\"AnswerParser_TextContainer__z_Iiv\" data-testid=\"youchat-text\"><strong>P: Koji je opseg \u010ditanja ovih NFC oznaka?<\/strong>\u00a0<\/span><\/p>\n<p><span class=\"AnswerParser_TextContainer__z_Iiv\" data-testid=\"youchat-text\">O: Uobi\u010dajeni opseg o\u010ditavanja je do 5 cm, ovisno o ure\u0111aju koji se koristi.<\/span><\/p>\n<p><span class=\"AnswerParser_TextContainer__z_Iiv\" data-testid=\"youchat-text\"><strong>P: Da li su ove oznake vodootporne?<\/strong>\u00a0<\/span><\/p>\n<p><span class=\"AnswerParser_TextContainer__z_Iiv\" data-testid=\"youchat-text\">O: Da, metalna konstrukcija ih \u010dini vrlo otpornim na vodu i druge teku\u0107ine.<\/span><\/p>","protected":false},"excerpt":{"rendered":"<p>The <strong>Na metalnoj NFC navojnoj plo\u010dici<\/strong> je izuzetno izdr\u017eljiva NFC oznaka dizajnirana posebno za industrijsku upotrebu.<\/p>","protected":false},"featured_media":2582,"template":"","meta":{"_kad_post_transparent":"default","_kad_post_title":"","_kad_post_layout":"default","_kad_post_sidebar_id":"","_kad_post_content_style":"default","_kad_post_vertical_padding":"default","_kad_post_feature":"","_kad_post_feature_position":"","_kad_post_header":false,"_kad_post_footer":false,"_kad_post_classname":""},"product_brand":[],"product_cat":[54],"product_tag":[295,216,290,294],"class_list":{"0":"post-2581","1":"product","2":"type-product","3":"status-publish","4":"has-post-thumbnail","6":"product_cat-hot-selling-rfid-tags","7":"product_tag-nfc-disc-tag","8":"product_tag-nfc-patrol-tag","9":"product_tag-nfc-tag","10":"product_tag-on-metal-nfc-screw-tag","12":"first","13":"instock","14":"shipping-taxable","15":"product-type-simple","16":"entry","17":"content-bg","18":"loop-entry"},"_links":{"self":[{"href":"https:\/\/rfid-laundry-tag.com\/bs\/wp-json\/wp\/v2\/product\/2581","targetHints":{"allow":["GET"]}}],"collection":[{"href":"https:\/\/rfid-laundry-tag.com\/bs\/wp-json\/wp\/v2\/product"}],"about":[{"href":"https:\/\/rfid-laundry-tag.com\/bs\/wp-json\/wp\/v2\/types\/product"}],"version-history":[{"count":1,"href":"https:\/\/rfid-laundry-tag.com\/bs\/wp-json\/wp\/v2\/product\/2581\/revisions"}],"predecessor-version":[{"id":2586,"href":"https:\/\/rfid-laundry-tag.com\/bs\/wp-json\/wp\/v2\/product\/2581\/revisions\/2586"}],"wp:featuredmedia":[{"embeddable":true,"href":"https:\/\/rfid-laundry-tag.com\/bs\/wp-json\/wp\/v2\/media\/2582"}],"wp:attachment":[{"href":"https:\/\/rfid-laundry-tag.com\/bs\/wp-json\/wp\/v2\/media?parent=2581"}],"wp:term":[{"taxonomy":"product_brand","embeddable":true,"href":"https:\/\/rfid-laundry-tag.com\/bs\/wp-json\/wp\/v2\/product_brand?post=2581"},{"taxonomy":"product_cat","embeddable":true,"href":"https:\/\/rfid-laundry-tag.com\/bs\/wp-json\/wp\/v2\/product_cat?post=2581"},{"taxonomy":"product_tag","embeddable":true,"href":"https:\/\/rfid-laundry-tag.com\/bs\/wp-json\/wp\/v2\/product_tag?post=2581"}],"curies":[{"name":"radni list","href":"https:\/\/api.w.org\/{rel}","templated":true}]}}