{"id":2576,"date":"2024-09-17T14:08:34","date_gmt":"2024-09-17T14:08:34","guid":{"rendered":"https:\/\/rfid-laundry-tag.com\/?post_type=product&#038;p=2576"},"modified":"2024-09-17T14:08:35","modified_gmt":"2024-09-17T14:08:35","slug":"custom-anti-metal-nfc-coin-tag","status":"publish","type":"product","link":"https:\/\/rfid-laundry-tag.com\/bs\/custom-anti-metal-nfc-coin-tag\/","title":{"rendered":"Prilago\u0111ena anti-metalna NFC oznaka za nov\u010di\u0107e"},"content":{"rendered":"<h3>Prilago\u0111ena anti-metalna NFC oznaka za nov\u010di\u0107e<\/h3>\n<h2 class=\"AnswerParser_AnswerParserH2__SIHnF\">\u0160ta su prilago\u0111ene antimetalne NFC oznake za nov\u010di\u0107e?<\/h2>\n<p><span class=\"AnswerParser_TextContainer__z_Iiv\" data-testid=\"youchat-text\"><strong>Prilago\u0111ene anti-metalne NFC oznake za nov\u010di\u0107e<\/strong>\u00a0su posebno dizajnirane NFC oznake koje se mogu ugraditi u razli\u010dite proizvode ili promotivne materijale. Za razliku od standardnih NFC oznaka, ove oznake su dizajnirane da efikasno funkcioni\u0161u na metalnim povr\u0161inama, \u0161to ih \u010dini raznovrsnim za brojne primene. Oznake se mogu prilagoditi po veli\u010dini i dizajnu, omogu\u0107avaju\u0107i preduze\u0107ima da kreiraju jedinstvena rje\u0161enja koja pobolj\u0161avaju interakciju s klijentima.<\/span><span class=\"AnswerParser_TextContainer__z_Iiv\" data-testid=\"youchat-text\">Ove NFC oznake za nov\u010di\u0107e mogu se ugraditi u pametne postere, izloge, pa \u010dak i direktno na proizvode, omogu\u0107avaju\u0107i potro\u0161a\u010dima da dodirnu svoje pametne telefone s NFC-om kako bi odmah pristupili relevantnim informacijama ili kampanjama.<\/span><\/p>\n<h2 class=\"AnswerParser_AnswerParserH2__SIHnF\">Kako radi NFC tehnologija?<\/h2>\n<p><span class=\"AnswerParser_TextContainer__z_Iiv\" data-testid=\"youchat-text\">NFC tehnologija omogu\u0107ava komunikaciju kratkog dometa izme\u0111u ure\u0111aja. Evo kako to funkcionira kada potro\u0161a\u010d stupi u interakciju s NFC oznakom:<\/span><\/p>\n<ol class=\"AnswerParser_AnswerParserOrderedList__kl_2Y\">\n<li class=\"AnswerParser_ListItem__XqLOV\" translate=\"yes\"><strong>Dodirnite Interakcija<\/strong>: Kada korisnik dodirne svoj pametni telefon s NFC-om na NFC oznaku, telefon otkriva jedinstveni identifikator oznake.<\/li>\n<li class=\"AnswerParser_ListItem__XqLOV\" translate=\"yes\"><strong>Detekcija URL-a<\/strong>: NFC oznaka sadr\u017ei URL koji je povezan sa odre\u0111enom kampanjom ili informacijama.<\/li>\n<li class=\"AnswerParser_ListItem__XqLOV\" translate=\"yes\"><strong>Razmjena podataka<\/strong>: Pametni telefon \u0161alje URL na cloud server, koji preuzima podatke kampanje povezane s tim URL-om.<\/li>\n<li class=\"AnswerParser_ListItem__XqLOV\" translate=\"yes\"><strong>Prikaz na pametnom telefonu<\/strong>: Preuzete informacije o kampanji se zatim prikazuju na pametnom telefonu potro\u0161a\u010da, pru\u017eaju\u0107i trenutni pristup sadr\u017eaju kao \u0161to su promotivne ponude, detalji o proizvodu ili interaktivna iskustva.<\/li>\n<\/ol>\n<p><span class=\"AnswerParser_TextContainer__z_Iiv\" data-testid=\"youchat-text\">Ova besprijekorna razmjena informacija pove\u0107ava anga\u017eman korisnika i pojednostavljuje na\u010din na koji se brendovi povezuju sa svojom publikom.<\/span><\/p>\n<h2 class=\"AnswerParser_AnswerParserH2__SIHnF\">Prednosti kori\u0161tenja prilago\u0111enih oznaka NFC kovanica<\/h2>\n<p><span class=\"AnswerParser_TextContainer__z_Iiv\" data-testid=\"youchat-text\">Kori\u0161tenje prilago\u0111enih NFC kovanica nudi brojne prednosti:<\/span><\/p>\n<ul class=\"AnswerParser_AnswerParserUnorderedList__P_1FW\">\n<li class=\"AnswerParser_ListItem__XqLOV\" translate=\"yes\"><strong>Besprekorna interakcija<\/strong>: Za razliku od WiFi marketinga, NFC ne zahtijeva od korisnika da konfiguriraju svoje pametne telefone. Korisnici mogu brzo pristupiti informacijama jednostavnim dodirom, \u0161to ga \u010dini korisnim iskustvom.<\/li>\n<li class=\"AnswerParser_ListItem__XqLOV\" translate=\"yes\"><strong>Enhanced Engagement<\/strong>: NFC kovanice omogu\u0107avaju brendovima da kreiraju interaktivne i dinami\u010dne marketin\u0161ke kampanje koje privla\u010de pa\u017enju potro\u0161a\u010da i promovi\u0161u lojalnost brendu.<\/li>\n<li class=\"AnswerParser_ListItem__XqLOV\" translate=\"yes\"><strong>Svestranost<\/strong>: Ove oznake se mogu postaviti na razli\u010dite povr\u0161ine, uklju\u010duju\u0107i metalne, \u0161to ih \u010dini pogodnim za \u0161irok spektar proizvoda i promotivnih materijala.<\/li>\n<\/ul>\n<p><span class=\"AnswerParser_TextContainer__z_Iiv\" data-testid=\"youchat-text\">Ove prednosti pozicioniraju NFC kovanice kao mo\u0107an alat za moderne marketin\u0161ke strategije.<\/span><\/p>\n<h2 class=\"AnswerParser_AnswerParserH2__SIHnF\">Opcije materijala i dizajna za NFC kovanice<\/h2>\n<p><span class=\"AnswerParser_TextContainer__z_Iiv\" data-testid=\"youchat-text\">Prilago\u0111ene NFC oznake za nov\u010di\u0107e izra\u0111ene su od izdr\u017eljivih materijala koji osiguravaju dugovje\u010dnost i funkcionalnost:<\/span><\/p>\n<ul class=\"AnswerParser_AnswerParserUnorderedList__P_1FW\">\n<li class=\"AnswerParser_ListItem__XqLOV\" translate=\"yes\"><strong>PVC\/PET<\/strong>: Ovi materijali se obi\u010dno koriste zbog svoje snage i fleksibilnosti, \u0161to ih \u010dini idealnim za svakodnevnu upotrebu.<\/li>\n<li class=\"AnswerParser_ListItem__XqLOV\" translate=\"yes\"><strong>Anti-metalni materijal<\/strong>: Jedinstveni anti-metalni dizajn omogu\u0107ava upotrebu NFC oznaka na metalnim povr\u0161inama bez smetnji, osiguravaju\u0107i pouzdane performanse.<\/li>\n<\/ul>\n<p><span class=\"AnswerParser_TextContainer__z_Iiv\" data-testid=\"youchat-text\">Osim toga, veli\u010dina NFC kovanica mo\u017ee se prilagoditi kako bi zadovoljila specifi\u010dne potrebe, pru\u017eaju\u0107i fleksibilnost u dizajnu i primjeni.<\/span><\/p>\n<h2 class=\"AnswerParser_AnswerParserH2__SIHnF\">Tehnike \u0161tampe i izrade<\/h2>\n<p><span class=\"AnswerParser_TextContainer__z_Iiv\" data-testid=\"youchat-text\">Opcije \u0161tampanja i izrade koje su dostupne za prilago\u0111ene NFC kovanice uklju\u010duju:<\/span><\/p>\n<ul class=\"AnswerParser_AnswerParserUnorderedList__P_1FW\">\n<li class=\"AnswerParser_ListItem__XqLOV\" translate=\"yes\"><strong>CMYK ofset \u0161tampa\/digitalna \u0161tampa<\/strong>: Ove tehnike omogu\u0107avaju visokokvalitetne, \u0161arene dizajne koji mogu sadr\u017eavati logotipe, brendiranje i druge vizualne elemente.<\/li>\n<li class=\"AnswerParser_ListItem__XqLOV\" translate=\"yes\"><strong>Crafting Techniques<\/strong>: Svaka oznaka mo\u017ee biti izra\u0111ena s jedinstvenim karakteristikama, kao \u0161to su numeriranje ili kodiranje, kako bi se pobolj\u0161ala funkcionalnost i brendiranje.<\/li>\n<\/ul>\n<p><span class=\"AnswerParser_TextContainer__z_Iiv\" data-testid=\"youchat-text\">Ove opcije osiguravaju da se svaka oznaka NFC nov\u010di\u0107a mo\u017ee prilagoditi tako da odra\u017eava identitet brenda uz odr\u017eavanje visokih standarda kvaliteta.<\/span><\/p>\n<h2 class=\"AnswerParser_AnswerParserH2__SIHnF\">Primjena oznaka NFC kovanica u marketingu<\/h2>\n<p><span class=\"AnswerParser_TextContainer__z_Iiv\" data-testid=\"youchat-text\">NFC oznake za nov\u010di\u0107e mogu se koristiti u razli\u010ditim marketin\u0161kim aplikacijama, uklju\u010duju\u0107i:<\/span><\/p>\n<ul class=\"AnswerParser_AnswerParserUnorderedList__P_1FW\">\n<li class=\"AnswerParser_ListItem__XqLOV\" translate=\"yes\"><strong>Smart Posters<\/strong>: Brendovi mogu ugraditi NFC oznake za nov\u010di\u0107e u postere kako bi privukli potro\u0161a\u010de interaktivnim sadr\u017eajem, kao \u0161to su video zapisi ili promotivne ponude.<\/li>\n<li class=\"AnswerParser_ListItem__XqLOV\" translate=\"yes\"><strong>Pakovanje proizvoda<\/strong>: Integracijom NFC oznaka u pakovanje proizvoda, kompanije mogu korisnicima omogu\u0107iti lak pristup informacijama o proizvodu, uklju\u010duju\u0107i uputstva, savjete za kori\u0161tenje i posebne ponude.<\/li>\n<li class=\"AnswerParser_ListItem__XqLOV\" translate=\"yes\"><strong>Kampanje doga\u0111aja<\/strong>: NFC oznake za nov\u010di\u0107e mogu se koristiti na doga\u0111ajima kako bi se olak\u0161ao brz pristup informacijama o doga\u0111ajima, rasporedima i promotivnim materijalima.<\/li>\n<\/ul>\n<p><span class=\"AnswerParser_TextContainer__z_Iiv\" data-testid=\"youchat-text\">Ove aplikacije pokazuju svestranost NFC kovanica u pobolj\u0161anju marketin\u0161kih napora i anga\u017emana potro\u0161a\u010da.<\/span><\/p>\n<h2 class=\"AnswerParser_AnswerParserH2__SIHnF\">Minimalna koli\u010dina narud\u017ebe i dostupnost uzorka<\/h2>\n<p><span class=\"AnswerParser_TextContainer__z_Iiv\" data-testid=\"youchat-text\">Kada razmatrate prilago\u0111ene NFC oznake za nov\u010di\u0107e, bitno je napomenuti sljede\u0107e:<\/span><\/p>\n<ul class=\"AnswerParser_AnswerParserUnorderedList__P_1FW\">\n<li class=\"AnswerParser_ListItem__XqLOV\" translate=\"yes\"><strong>Minimalna koli\u010dina narud\u017ebe (MOQ)<\/strong>: MOQ za prilago\u0111ene NFC oznake za nov\u010di\u0107e je\u00a0<strong>500<\/strong>\u00a0jedinicama, osiguravaju\u0107i da preduze\u0107a mogu efikasno pove\u0107ati svoje promotivne napore.<\/li>\n<li class=\"AnswerParser_ListItem__XqLOV\" translate=\"yes\"><strong>Dostupnost uzorka<\/strong>: Besplatni uzorci dostupni su na zahtjev, \u0161to omogu\u0107ava preduze\u0107ima da procijene kvalitet i funkcionalnost NFC oznaka prije nego \u0161to daju ve\u0107e narud\u017ebe.<\/li>\n<\/ul>\n<p><span class=\"AnswerParser_TextContainer__z_Iiv\" data-testid=\"youchat-text\">Ova fleksibilnost olak\u0161ava preduze\u0107ima da ugrade NFC tehnologiju u svoje marketin\u0161ke strategije.<\/span><\/p>\n<h2 class=\"AnswerParser_AnswerParserH2__SIHnF\">Sigurnosne karakteristike NFC tehnologije<\/h2>\n<p><span class=\"AnswerParser_TextContainer__z_Iiv\" data-testid=\"youchat-text\">NFC tehnologija uklju\u010duje nekoliko sigurnosnih funkcija za za\u0161titu podataka i transakcija:<\/span><\/p>\n<ul class=\"AnswerParser_AnswerParserUnorderedList__P_1FW\">\n<li class=\"AnswerParser_ListItem__XqLOV\" translate=\"yes\"><strong>Enkripcija<\/strong>: Podaci koji se razmjenjuju izme\u0111u NFC oznake i pametnog telefona mogu biti \u0161ifrirani, osiguravaju\u0107i da osjetljive informacije ostanu sigurne.<\/li>\n<li class=\"AnswerParser_ListItem__XqLOV\" translate=\"yes\"><strong>Otpornost na neovla\u0161teno kori\u0161tenje<\/strong>: Mnoge NFC oznake su dizajnirane da se odupru neovla\u0161tenom pristupu, pru\u017eaju\u0107i dodatni sloj sigurnosti za brendove i potro\u0161a\u010de.<\/li>\n<\/ul>\n<p><span class=\"AnswerParser_TextContainer__z_Iiv\" data-testid=\"youchat-text\">Ove sigurnosne karakteristike \u010dine NFC tehnologiju pouzdanim izborom za preduze\u0107a koja \u017eele da anga\u017euju klijente i istovremeno \u0161tite njihove podatke.<\/span><\/p>\n<h2 class=\"AnswerParser_AnswerParserH2__SIHnF\">Naj\u010de\u0161\u0107a pitanja o prilago\u0111enim anti-metalnim NFC oznakama nov\u010di\u0107a<\/h2>\n<p><span class=\"AnswerParser_TextContainer__z_Iiv\" data-testid=\"youchat-text\"><strong>P: Mogu li se NFC oznake za nov\u010di\u0107e ponovo koristiti?<\/strong><br \/>\nO: NFC oznake za nov\u010di\u0107e se obi\u010dno mogu koristiti vi\u0161e puta, ovisno o vrsti \u010dipa i da li su programirane za pohranjivanje novih podataka.<\/span><\/p>\n<p><span class=\"AnswerParser_TextContainer__z_Iiv\" data-testid=\"youchat-text\"><strong>P: Koji ure\u0111aji su kompatibilni sa NFC kovanicama?<\/strong><br \/>\nO: NFC kovanice kompatibilne su s ve\u0107inom pametnih telefona koji podr\u017eavaju NFC, uklju\u010duju\u0107i Android ure\u0111aje i iPhone ure\u0111aje.<\/span><\/p>\n<p><span class=\"AnswerParser_TextContainer__z_Iiv\" data-testid=\"youchat-text\"><strong>P: Jesu li NFC kovanice vodootporne?<\/strong><br \/>\nO: Iako su NFC kovanice dizajnirane za izdr\u017eljivost, njihova vodootpornost mo\u017ee varirati ovisno o kori\u0161tenim materijalima. Bitno je provjeriti specifikacije za detalje.<\/span><\/p>","protected":false},"excerpt":{"rendered":"<p>Prilago\u0111ene anti-metalne NFC oznake za nov\u010di\u0107e omogu\u0107avaju neprimjetan anga\u017eman potro\u0161a\u010da. Dodirnite za trenutni pristup informacijama, savr\u0161eno za marketing na metalnim povr\u0161inama.<\/p>","protected":false},"featured_media":2577,"template":"","meta":{"_kad_post_transparent":"default","_kad_post_title":"","_kad_post_layout":"default","_kad_post_sidebar_id":"","_kad_post_content_style":"default","_kad_post_vertical_padding":"default","_kad_post_feature":"","_kad_post_feature_position":"","_kad_post_header":false,"_kad_post_footer":false,"_kad_post_classname":""},"product_brand":[],"product_cat":[54],"product_tag":[292,290,293],"class_list":{"0":"post-2576","1":"product","2":"type-product","3":"status-publish","4":"has-post-thumbnail","6":"product_cat-hot-selling-rfid-tags","7":"product_tag-anti-metal-nfc-coin-tag","8":"product_tag-nfc-tag","9":"product_tag-nfc-token","11":"first","12":"instock","13":"shipping-taxable","14":"product-type-simple","15":"entry","16":"content-bg","17":"loop-entry"},"_links":{"self":[{"href":"https:\/\/rfid-laundry-tag.com\/bs\/wp-json\/wp\/v2\/product\/2576","targetHints":{"allow":["GET"]}}],"collection":[{"href":"https:\/\/rfid-laundry-tag.com\/bs\/wp-json\/wp\/v2\/product"}],"about":[{"href":"https:\/\/rfid-laundry-tag.com\/bs\/wp-json\/wp\/v2\/types\/product"}],"version-history":[{"count":1,"href":"https:\/\/rfid-laundry-tag.com\/bs\/wp-json\/wp\/v2\/product\/2576\/revisions"}],"predecessor-version":[{"id":2580,"href":"https:\/\/rfid-laundry-tag.com\/bs\/wp-json\/wp\/v2\/product\/2576\/revisions\/2580"}],"wp:featuredmedia":[{"embeddable":true,"href":"https:\/\/rfid-laundry-tag.com\/bs\/wp-json\/wp\/v2\/media\/2577"}],"wp:attachment":[{"href":"https:\/\/rfid-laundry-tag.com\/bs\/wp-json\/wp\/v2\/media?parent=2576"}],"wp:term":[{"taxonomy":"product_brand","embeddable":true,"href":"https:\/\/rfid-laundry-tag.com\/bs\/wp-json\/wp\/v2\/product_brand?post=2576"},{"taxonomy":"product_cat","embeddable":true,"href":"https:\/\/rfid-laundry-tag.com\/bs\/wp-json\/wp\/v2\/product_cat?post=2576"},{"taxonomy":"product_tag","embeddable":true,"href":"https:\/\/rfid-laundry-tag.com\/bs\/wp-json\/wp\/v2\/product_tag?post=2576"}],"curies":[{"name":"radni list","href":"https:\/\/api.w.org\/{rel}","templated":true}]}}