{"id":2571,"date":"2024-09-17T13:42:59","date_gmt":"2024-09-17T13:42:59","guid":{"rendered":"https:\/\/rfid-laundry-tag.com\/?post_type=product&#038;p=2571"},"modified":"2024-09-17T13:43:00","modified_gmt":"2024-09-17T13:43:00","slug":"custom-guard-nfc-token-on-metal","status":"publish","type":"product","link":"https:\/\/rfid-laundry-tag.com\/bs\/custom-guard-nfc-token-on-metal\/","title":{"rendered":"Custom Guard NFC token NA METALU"},"content":{"rendered":"<h3>Custom Guard NFC token NA METALU<\/h3>\n<h3>Klju\u010dne karakteristike:<\/h3>\n<ul>\n<li><strong>Tip \u010dipa<\/strong>: NTAG213, poznat po velikom memorijskom kapacitetu, pogodan za razne aplikacije.<\/li>\n<li><strong>Funkcionalnost na metalu<\/strong>: Opremljen antimetalnim izolacionim slojem debljine 0,2 mm, koji omogu\u0107ava pouzdan NFC rad na metalnim povr\u0161inama.<\/li>\n<li><strong>Materijal<\/strong>: Napravljena od glatke, \u010dvrste PVC plastike, dizajnirana da bude vodootporna i posebno prilago\u0111ena logotipima ili umjetni\u010dkim djelima; dostupna i u crnoj boji.<\/li>\n<li><strong>Ljepilo<\/strong>: Dolazi sa trakom za tkivo 3M 9448A, laganim akrilnim ljepilom koji pru\u017ea jaku vezu za razli\u010dite povr\u0161ine; dostupna je i opcija bez ljepila.<\/li>\n<li><strong>Opcije veli\u010dine<\/strong>: Dostupan u razli\u010ditim oblicima kao \u0161to su kru\u017eni (25 mm, 30 mm, 35 mm) i kvadratni (30 mm x 30 mm), s mogu\u0107im prilago\u0111enim veli\u010dinama.<\/li>\n<li><strong>Radni re\u017eimi<\/strong>: Podr\u017eava funkcije \u010ditanja i pisanja za pohranu i preuzimanje podataka.<\/li>\n<li><strong>Pro\u010ditajte udaljenost<\/strong>: Mogu\u0107nost \u010ditanja sa udaljenosti od 1-30 cm, u zavisnosti od specifi\u010dnih uslova upotrebe.<\/li>\n<li><strong>Craft Options<\/strong>: Prilagodljive zavr\u0161ne obrade uklju\u010duju\u0107i sjajnu, mat, hologramsku i opcije za lasersko numerisanje ili QR kodove.<\/li>\n<\/ul>\n<h3>Prijave:<\/h3>\n<ul>\n<li><strong>Kontrola pristupa<\/strong>: Idealno za pra\u0107enje i kontrolu pristupa u razli\u010ditim okru\u017eenjima.<\/li>\n<li><strong>Automatizacija<\/strong>: Mo\u017ee se koristiti u automatizovanim sistemima za potrebe pra\u0107enja i identifikacije.<\/li>\n<li><strong>Upravljanje zalihama<\/strong>: Korisno za upravljanje zalihama i zalihama uz identifikaciju ozna\u010denih artikala u realnom vremenu.<\/li>\n<li><strong>Guard Tours<\/strong>: Posebno dizajniran za upotrebu u sistemima za obilazak stra\u017ee, osiguravaju\u0107i efikasno pra\u0107enje sigurnosnog osoblja.<\/li>\n<\/ul>\n<p>Ovaj tip NFC tokena neprimjetno kombinira funkcionalnost i jednostavnost kori\u0161tenja, \u0161to ga \u010dini odli\u010dnim izborom za razli\u010dite NFC aplikacije u sigurnosti i upravljanju imovinom.<\/p>","protected":false},"excerpt":{"rendered":"<p>NFC tokeni na metalu su revolucionirali na\u010din na koji komuniciramo s tehnologijom, posebno u podru\u010dju sigurnosti i upravljanja imovinom.<\/p>","protected":false},"featured_media":2572,"template":"","meta":{"_kad_post_transparent":"default","_kad_post_title":"","_kad_post_layout":"default","_kad_post_sidebar_id":"","_kad_post_content_style":"default","_kad_post_vertical_padding":"default","_kad_post_feature":"","_kad_post_feature_position":"","_kad_post_header":false,"_kad_post_footer":false,"_kad_post_classname":""},"product_brand":[],"product_cat":[54],"product_tag":[],"class_list":{"0":"post-2571","1":"product","2":"type-product","3":"status-publish","4":"has-post-thumbnail","6":"product_cat-hot-selling-rfid-tags","8":"first","9":"instock","10":"shipping-taxable","11":"product-type-simple","12":"entry","13":"content-bg","14":"loop-entry"},"_links":{"self":[{"href":"https:\/\/rfid-laundry-tag.com\/bs\/wp-json\/wp\/v2\/product\/2571","targetHints":{"allow":["GET"]}}],"collection":[{"href":"https:\/\/rfid-laundry-tag.com\/bs\/wp-json\/wp\/v2\/product"}],"about":[{"href":"https:\/\/rfid-laundry-tag.com\/bs\/wp-json\/wp\/v2\/types\/product"}],"version-history":[{"count":2,"href":"https:\/\/rfid-laundry-tag.com\/bs\/wp-json\/wp\/v2\/product\/2571\/revisions"}],"predecessor-version":[{"id":2575,"href":"https:\/\/rfid-laundry-tag.com\/bs\/wp-json\/wp\/v2\/product\/2571\/revisions\/2575"}],"wp:featuredmedia":[{"embeddable":true,"href":"https:\/\/rfid-laundry-tag.com\/bs\/wp-json\/wp\/v2\/media\/2572"}],"wp:attachment":[{"href":"https:\/\/rfid-laundry-tag.com\/bs\/wp-json\/wp\/v2\/media?parent=2571"}],"wp:term":[{"taxonomy":"product_brand","embeddable":true,"href":"https:\/\/rfid-laundry-tag.com\/bs\/wp-json\/wp\/v2\/product_brand?post=2571"},{"taxonomy":"product_cat","embeddable":true,"href":"https:\/\/rfid-laundry-tag.com\/bs\/wp-json\/wp\/v2\/product_cat?post=2571"},{"taxonomy":"product_tag","embeddable":true,"href":"https:\/\/rfid-laundry-tag.com\/bs\/wp-json\/wp\/v2\/product_tag?post=2571"}],"curies":[{"name":"radni list","href":"https:\/\/api.w.org\/{rel}","templated":true}]}}