{"id":2567,"date":"2024-09-16T05:27:07","date_gmt":"2024-09-16T05:27:07","guid":{"rendered":"https:\/\/rfid-laundry-tag.com\/?post_type=product&#038;p=2567"},"modified":"2024-09-16T05:27:07","modified_gmt":"2024-09-16T05:27:07","slug":"custom-printing-on-metal-nfc-sticker-ntag213","status":"publish","type":"product","link":"https:\/\/rfid-laundry-tag.com\/bs\/custom-printing-on-metal-nfc-sticker-ntag213\/","title":{"rendered":"Prilago\u0111eno \u0161tampanje na metalu NFC naljepnica NTAG213"},"content":{"rendered":"<p><strong>NFC naljepnica na metalu<\/strong>\u00a0opremljen pouzdanim\u00a0<strong>NTAG213 NFC \u010dip<\/strong>. Ove inovativne naljepnice dizajnirane su za besprijekoran rad na metalnim povr\u0161inama, otklju\u010davaju\u0107i dinami\u010dan na\u010din za privla\u010denje kupaca, brzo dijeljenje informacija i pobolj\u0161anje marketin\u0161kih strategija. Bilo da \u017eelite da poka\u017eete svoj logotip, pru\u017eite informacije o proizvodu ili pove\u0107ate interaktivnost kupaca, na\u0161e metalne NFC naljepnice su rje\u0161enje koje tra\u017eite.<\/p>\n<table class=\"has-title is-zebra hight-light-first-column all magic-22\">\n<tbody>\n<tr>\n<td colspan=\"1\" rowspan=\"1\">\n<div class=\"magic-23\" data-spm-anchor-id=\"a2700.details.0.i46.640212393xXGMO\">Naziv proizvoda<\/div>\n<\/td>\n<td colspan=\"4\" rowspan=\"1\">\n<div class=\"magic-24\">Prilago\u0111eno \u0161tampanje na metalu NFC naljepnica NTAG213<\/div>\n<\/td>\n<\/tr>\n<tr>\n<td colspan=\"1\" rowspan=\"1\">\n<div class=\"magic-23\">Radna frekvencija<\/div>\n<\/td>\n<td colspan=\"4\" rowspan=\"1\">\n<div class=\"magic-24\">13.56MHZ<\/div>\n<\/td>\n<\/tr>\n<tr>\n<td colspan=\"1\" rowspan=\"1\">\n<div class=\"magic-23\">Protokol<\/div>\n<\/td>\n<td colspan=\"4\" rowspan=\"1\">\n<div class=\"magic-24\">\u00a0ISO14443A NFC Forum Tip 2<\/div>\n<\/td>\n<\/tr>\n<tr>\n<td colspan=\"1\" rowspan=\"1\">\n<div class=\"magic-23\">Materijal<\/div>\n<\/td>\n<td colspan=\"4\" rowspan=\"1\">\n<div class=\"magic-27\">Papir ili bijeli PET ili meki\/tvrdi PVC<\/div>\n<\/td>\n<\/tr>\n<tr>\n<td colspan=\"1\" rowspan=\"1\">\n<div class=\"magic-23\">IC<\/div>\n<\/td>\n<td colspan=\"4\" rowspan=\"1\">\n<div class=\"magic-27\">NXP Ntag213<\/div>\n<\/td>\n<\/tr>\n<tr>\n<td colspan=\"1\" rowspan=\"1\">\n<div class=\"magic-23\">Antena<\/div>\n<\/td>\n<td colspan=\"4\" rowspan=\"1\">\n<div class=\"magic-27\">Urezana antena<\/div>\n<\/td>\n<\/tr>\n<tr>\n<td colspan=\"1\" rowspan=\"1\">\n<div class=\"magic-23\">Skladi\u0161tenje podataka<\/div>\n<\/td>\n<td colspan=\"4\" rowspan=\"1\">\n<div class=\"magic-27\">20 godina<\/div>\n<\/td>\n<\/tr>\n<tr>\n<td colspan=\"1\" rowspan=\"1\">\n<div class=\"magic-23\">\u017divot \u010dipa<\/div>\n<\/td>\n<td colspan=\"4\" rowspan=\"1\">\n<div class=\"magic-27\">Izdr\u017eljivost pisanja preko 100.000 ciklusa<\/div>\n<\/td>\n<\/tr>\n<tr>\n<td colspan=\"1\" rowspan=\"1\">\n<div class=\"magic-23\">Temperatura skladi\u0161tenja<\/div>\n<\/td>\n<td colspan=\"4\" rowspan=\"1\">\n<div class=\"magic-27\">-40~+85\u00b0C<\/div>\n<\/td>\n<\/tr>\n<tr>\n<td colspan=\"1\" rowspan=\"1\">\n<div class=\"magic-23\">Radna temperatura<\/div>\n<\/td>\n<td colspan=\"4\" rowspan=\"1\">\n<div class=\"magic-27\">-20~+75\u00b0C<\/div>\n<\/td>\n<\/tr>\n<tr>\n<td colspan=\"1\" rowspan=\"1\">\n<div class=\"magic-23\">Vla\u017enost skladi\u0161tenja<\/div>\n<\/td>\n<td colspan=\"4\" rowspan=\"1\">\n<div class=\"magic-27\">5%\uff5e95%<\/div>\n<\/td>\n<\/tr>\n<tr>\n<td colspan=\"1\" rowspan=\"1\">\n<div class=\"magic-23\">Na\u010din ugradnje<\/div>\n<\/td>\n<td colspan=\"4\" rowspan=\"1\">\n<div class=\"magic-27\">Pridr\u017eavajte se objekata koje \u017eelimo identificirati<\/div>\n<\/td>\n<\/tr>\n<tr>\n<td colspan=\"1\" rowspan=\"1\">\n<div class=\"magic-23\">Working Mode<\/div>\n<\/td>\n<td colspan=\"4\" rowspan=\"1\">\n<div class=\"magic-27\">Pasivno (pasivne RFID naljepnice)<\/div>\n<\/td>\n<\/tr>\n<tr>\n<td colspan=\"1\" rowspan=\"1\">\n<div class=\"magic-23\">Individualizirana usluga<\/div>\n<\/td>\n<td colspan=\"4\" rowspan=\"1\">\n<div class=\"magic-27\">Unaprijed programirano: EPC<br \/>\n\u0160tampa: logo, laserski UID, slova, bar kod, QR, cifre, slogan<\/div>\n<\/td>\n<\/tr>\n<tr>\n<td colspan=\"1\" rowspan=\"1\">\n<div class=\"magic-23\">Aplikacija<\/div>\n<\/td>\n<td colspan=\"4\" rowspan=\"1\">\n<div class=\"magic-27\">\n<div data-spm-anchor-id=\"a2700.pc-decorate.0.i167.373e3333414ktv\">Beskontaktna pla\u0107anja<\/div>\n<div data-spm-anchor-id=\"a2700.pc-decorate.0.i167.373e3333414ktv\">dru\u0161tvenim medijima<\/div>\n<div data-spm-anchor-id=\"a2700.pc-decorate.0.i168.373e3333414ktv\">sredstva sredstava mobilnih telefona, tableta, kompjutera<\/div>\n<div data-spm-anchor-id=\"a2700.pc-decorate.0.i168.373e3333414ktv\">Logistika, maloprodaja Moda, nakit i kozmetika<\/div>\n<div data-spm-anchor-id=\"a2700.pc-decorate.0.i168.373e3333414ktv\">Pregledi ma\u0161ina i opreme<\/div>\n<div data-spm-anchor-id=\"a2700.pc-decorate.0.i168.373e3333414ktv\">Identifikacija i kontrola pristupa\u2026<\/div>\n<\/div>\n<\/td>\n<\/tr>\n<\/tbody>\n<\/table>\n<h2>Za\u0161to odabrati NFC naljepnice na metalu Ntag213?<\/h2>\n<p>Ulaganje u metalne NFC naljepnice ne samo da podi\u017ee vidljivost va\u0161eg brenda ve\u0107 i pobolj\u0161ava korisni\u010dko iskustvo. Koriste\u0107i an\u00a0<strong>NTAG213<\/strong>\u00a0\u010dip, ove naljepnice mogu efikasno pohranjivati i prenositi podatke. Dolaze sa a\u00a0<strong>144-bajta<\/strong>\u00a0kapacitet pohrane, nude\u0107i dovoljno prostora za bitne informacije kao \u0161to su URL-ovi web stranice, podaci za kontakt ili promotivne ponude.<\/p>\n<h3>Klju\u010dne prednosti NFC naljepnica na metalu<\/h3>\n<ul>\n<li><strong>Svestrano prilago\u0111avanje<\/strong>: Prilagodite svaku naljepnicu logotipima, bar kodovima ili tekstom od\u0161tampanim u CMYK i crnoj boji. Na\u0161e naljepnice se mogu prilagoditi va\u0161im potrebama brendiranja.<\/li>\n<li><strong>Trajnost<\/strong>: Napravljene da izdr\u017ee razli\u010dite uslove okoline, ove naljepnice su dizajnirane sa feritnim slojem za izuzetne performanse na metalnim povr\u0161inama.<\/li>\n<li><strong>Jednostavnost upotrebe<\/strong>: Jednostavna i brza interakcija \u2013 samo dodirnite naljepnicu svojom\u00a0<strong>iPhone<\/strong>\u00a0ili\u00a0<strong>Android<\/strong>\u00a0ure\u0111aj za trenutni pristup va\u0161em navedenom sadr\u017eaju.<\/li>\n<\/ul>\n<h2>Razumijevanje NTAG213 NFC tehnologije<\/h2>\n<p>NTAG213 NFC \u010dip je jedno od najpouzdanijih rje\u0161enja u NFC sektoru, posebno napravljeno da osigura kompatibilnost sa iOS i Android ure\u0111ajima. Sa kapacitetom memorije od\u00a0<strong>144 bajtova<\/strong>, sadr\u017ei dovoljno podataka za osnovne slu\u010dajeve upotrebe. Ono \u0161to izdvaja NTAG213 su njegove pobolj\u0161ane karakteristike protiv sudara, omogu\u0107avaju\u0107i vi\u0161estrukim NFC oznakama da rade istovremeno bez sukoba.<\/p>\n<p>Kada korisnici dodirnu svoje pametne telefone o metalnu NFC naljepnicu, oni se trenutno povezuju na \u017eeljeni digitalni sadr\u017eaj bez potrebe za preuzimanjem bilo koje aplikacije. Ovo\u00a0<strong>plug-and-play<\/strong>\u00a0funkcionalnost smanjuje prepreke za interakciju, \u0161to ga \u010dini idealnim alatom za preduze\u0107a koja \u017eele da efikasno anga\u017euju potro\u0161a\u010de.<\/p>\n<h2>Opcije prilago\u0111avanja za naljepnice na metalu<\/h2>\n<p>Jedan od najatraktivnijih aspekata NFC naljepnica na metalu je niz dostupnih opcija prilago\u0111avanja. Od oblika i veli\u010dina do izbora \u0161tampe, mo\u017eete razviti proizvod koji odgovara imid\u017eu va\u0161eg brenda.<\/p>\n<ul>\n<li><strong>Printed Designs<\/strong>: Koristite visokokvalitetne tehnike \u0161tampanja da biste prikazali \u017eivopisne logotipe, elegantna slova i jedinstvene barkodove. Odaberite izme\u0111u sjajne ili mat zavr\u0161ne obrade kako biste se uskladili s estetikom va\u0161eg proizvoda.<\/li>\n<li><strong>Material Choices<\/strong>: Na\u0161e naljepnice na metalu mogu se tiskati na razli\u010ditim materijalima uklju\u010duju\u0107i\u00a0<strong>PVC<\/strong>,\u00a0<strong>PET<\/strong>, ili\u00a0<strong>Papir<\/strong>, omogu\u0107avaju\u0107i fleksibilnost u upotrebi i primjeni.<\/li>\n<\/ul>\n<p>Ovaj nivo prilago\u0111avanja osigurava da va\u0161e NFC naljepnice ne samo da dobro funkcioniraju ve\u0107 slu\u017ee i kao vizualni prikaz va\u0161eg brenda.<\/p>\n<h2>Prednosti anti-metalnih NFC naljepnica<\/h2>\n<p>NFC naljepnice dizajnirane za kori\u0161tenje na metalnim povr\u0161inama suo\u010davaju se s jedinstvenim izazovima. Tradicionalne naljepnice \u010desto ne uspijevaju u ovom okru\u017eenju, ali na\u0161e antimetalne NFC naljepnice pru\u017eaju vrhunsko rje\u0161enje:<\/p>\n<ul>\n<li><strong>Feritni sloj<\/strong>: Integrisani feritni sloj poma\u017ee u efikasnom suzbijanju smetnji signala koje se obi\u010dno javljaju kada se naljepnice nanose na metal, osiguravaju\u0107i nesmetan prijenos podataka.<\/li>\n<li><strong>Pobolj\u0161ane performanse<\/strong>: Ove naljepnice odr\u017eavaju odli\u010dan domet komunikacije i stabilnost, promi\u010du\u0107i zadovoljstvo korisnika i smanjuju\u0107i frustraciju.<\/li>\n<\/ul>\n<p>Odabirom na\u0161ih antimetalnih NFC naljepnica, mo\u017eete pru\u017eiti neprekinuto iskustvo za svoje klijente, u kona\u010dnici pove\u0107avaju\u0107i u\u010dinkovitost va\u0161ih kampanja.<\/p>\n<h2>Odabir pravog ljepila za va\u0161e potrebe<\/h2>\n<p>Odabir pravog ljepila za va\u0161e metalne NFC naljepnice je klju\u010dan za osiguravanje dugovje\u010dnosti i izdr\u017eljivosti. Razli\u010dite primjene mogu zahtijevati razli\u010dite vrste ljepila:<\/p>\n<ul>\n<li><strong>Lepak za jaku vezu<\/strong>: Za primjene koje uklju\u010duju izlaganje vlazi ili promjenjivim temperaturama, potrebno je ljepilo za jaku vezu.<\/li>\n<li><strong>Removable Adhesive<\/strong>: Ako vam je potrebna privremena primjena, razmislite o uklonjivim ljepilima koji omogu\u0107avaju jednostavno premje\u0161tanje ili uklanjanje bez ostavljanja ostataka.<\/li>\n<\/ul>\n<p>Ako odvojite vrijeme za odabir pravog ljepila, mo\u017eete garantirati dugovje\u010dnost i u\u010dinkovitost svojih NFC naljepnica.<\/p>\n<h2>Primjena NFC naljepnica na metalu<\/h2>\n<p>Svestranost NFC naljepnica na metalu zna\u010di da se mogu koristiti u razli\u010ditim sektorima. Evo nekih istaknutih aplikacija:<\/p>\n<ul>\n<li><strong>Maloprodajni marketing<\/strong>: Trenutnim promocijama, a\u017euriranjima i informacijama o proizvodu mo\u017ee se pristupiti samo dodirom naljepnice na ekranu proizvoda.<\/li>\n<li><strong>Upravljanje doga\u0111ajima<\/strong>: Uklju\u010dite NFC naljepnice u propusnice za doga\u0111aje i zna\u010dke za brzi pristup rasporedu, biografiji i mogu\u0107nostima umre\u017eavanja.<\/li>\n<li><strong>Asset Tracking<\/strong>: Organizacije mogu koristiti ove naljepnice za pojednostavljenje upravljanja zalihama. Pri\u010dvrstite ih na opremu za laku identifikaciju i pra\u0107enje stanja.<\/li>\n<\/ul>\n<p>Potencijalne aplikacije su beskrajne, savr\u0161eno pozicionirane kako bi pobolj\u0161ale korisni\u010dko iskustvo i poslovni anga\u017eman.<\/p>\n<h2>Pore\u0111enje s drugim NFC oznakama<\/h2>\n<p>Kada razmatrate NFC proizvode, va\u017eno je razumjeti kako\u00a0<strong>NFC oznake na metalu<\/strong>\u00a0razlikuju od ostalih opcija.<\/p>\n<ul>\n<li><strong>Performanse<\/strong>: Za razliku od standardnih NFC oznaka, naljepnice na metalu nude vrhunske performanse na metalnim povr\u0161inama zbog svog specifi\u010dnog dizajna i feritne podloge.<\/li>\n<li><strong>Kapacitet<\/strong>: Dok\u00a0<strong>NTAG215<\/strong>\u00a0ponude\u00a0<strong>504 bajta<\/strong>\u00a0memorije, NTAG213 je vi\u0161e nego dovoljan za ve\u0107inu aplikacija kojima su potrebne osnovne URL veze ili mali tekst, \u0161to ga \u010dini ekonomi\u010dnim i efikasnim izborom.<\/li>\n<\/ul>\n<p>Razumijevanje ovih klju\u010dnih razlika poma\u017ee preduze\u0107ima da izaberu pravo NFC rje\u0161enje za svoje specifi\u010dne potrebe.<\/p>\n<h2>\u010cesto postavljana pitanja<\/h2>\n<p>Evo nekoliko uobi\u010dajenih upita o na\u0161im metalnim NFC naljepnicama:<\/p>\n<ol>\n<li><strong>Koji ure\u0111aji su kompatibilni sa NFC naljepnicama?<\/strong>\n<ul>\n<li>Oba\u00a0<strong>iPhone<\/strong>\u00a0i\u00a0<strong>Android<\/strong>\u00a0ure\u0111aji podr\u017eavaju NFC tehnologiju, omogu\u0107avaju\u0107i \u0161irok spektar interakcija.<\/li>\n<\/ul>\n<\/li>\n<li><strong>Koliko podataka NTAG213 NFC \u010dip mo\u017ee pohraniti?<\/strong>\n<ul>\n<li>NTAG213 \u010dip ima kapacitet skladi\u0161tenja od\u00a0<strong>144 bajtova<\/strong>, pogodno za kratak tekst ili linkove.<\/li>\n<\/ul>\n<\/li>\n<li><strong>Mogu li se naljepnice od\u0161tampati s prilago\u0111enim dizajnom?<\/strong>\n<ul>\n<li>Apsolutno! Na\u0161e naljepnice mogu biti prilago\u0111ene va\u0161im logotipima, bar kodovima ili bilo kojim print dizajnom po va\u0161em izboru.<\/li>\n<\/ul>\n<\/li>\n<\/ol>","protected":false},"excerpt":{"rendered":"<p>Otkrijte svestranu NFC naljepnicu NTAG213 na metalu. Prilagodite se za brendiranje, u\u017eivajte u izdr\u017eljivosti i otklju\u010dajte trenutne interakcije s pametnim telefonima!<\/p>","protected":false},"featured_media":2568,"template":"","meta":{"_kad_post_transparent":"default","_kad_post_title":"","_kad_post_layout":"default","_kad_post_sidebar_id":"","_kad_post_content_style":"default","_kad_post_vertical_padding":"default","_kad_post_feature":"","_kad_post_feature_position":"","_kad_post_header":false,"_kad_post_footer":false,"_kad_post_classname":""},"product_brand":[],"product_cat":[54],"product_tag":[290,291,289],"class_list":{"0":"post-2567","1":"product","2":"type-product","3":"status-publish","4":"has-post-thumbnail","6":"product_cat-hot-selling-rfid-tags","7":"product_tag-nfc-tag","8":"product_tag-ntag213-nfc-label","9":"product_tag-on-metal-nfc-sticker-ntag213","11":"first","12":"instock","13":"shipping-taxable","14":"product-type-simple","15":"entry","16":"content-bg","17":"loop-entry"},"_links":{"self":[{"href":"https:\/\/rfid-laundry-tag.com\/bs\/wp-json\/wp\/v2\/product\/2567","targetHints":{"allow":["GET"]}}],"collection":[{"href":"https:\/\/rfid-laundry-tag.com\/bs\/wp-json\/wp\/v2\/product"}],"about":[{"href":"https:\/\/rfid-laundry-tag.com\/bs\/wp-json\/wp\/v2\/types\/product"}],"version-history":[{"count":2,"href":"https:\/\/rfid-laundry-tag.com\/bs\/wp-json\/wp\/v2\/product\/2567\/revisions"}],"predecessor-version":[{"id":2570,"href":"https:\/\/rfid-laundry-tag.com\/bs\/wp-json\/wp\/v2\/product\/2567\/revisions\/2570"}],"wp:featuredmedia":[{"embeddable":true,"href":"https:\/\/rfid-laundry-tag.com\/bs\/wp-json\/wp\/v2\/media\/2568"}],"wp:attachment":[{"href":"https:\/\/rfid-laundry-tag.com\/bs\/wp-json\/wp\/v2\/media?parent=2567"}],"wp:term":[{"taxonomy":"product_brand","embeddable":true,"href":"https:\/\/rfid-laundry-tag.com\/bs\/wp-json\/wp\/v2\/product_brand?post=2567"},{"taxonomy":"product_cat","embeddable":true,"href":"https:\/\/rfid-laundry-tag.com\/bs\/wp-json\/wp\/v2\/product_cat?post=2567"},{"taxonomy":"product_tag","embeddable":true,"href":"https:\/\/rfid-laundry-tag.com\/bs\/wp-json\/wp\/v2\/product_tag?post=2567"}],"curies":[{"name":"radni list","href":"https:\/\/api.w.org\/{rel}","templated":true}]}}