{"id":2559,"date":"2024-09-16T05:02:04","date_gmt":"2024-09-16T05:02:04","guid":{"rendered":"https:\/\/rfid-laundry-tag.com\/?post_type=product&#038;p=2559"},"modified":"2024-09-16T05:02:05","modified_gmt":"2024-09-16T05:02:05","slug":"custom-on-metal-nfc-sticker","status":"publish","type":"product","link":"https:\/\/rfid-laundry-tag.com\/bs\/custom-on-metal-nfc-sticker\/","title":{"rendered":"Prilago\u0111ena NFC naljepnica na metalu"},"content":{"rendered":"<h1>Prilago\u0111ena NFC naljepnica na metalu<\/h1>\n<table class=\"is-zebra all magic-11\">\n<tbody>\n<tr>\n<td colspan=\"1\" rowspan=\"1\">\n<div class=\"magic-12\">\n<div class=\"magic-7\" data-spm-anchor-id=\"a2700.details.0.i36.1f0c15c2i7ObkG\"><b class=\"magic-13\" data-spm-anchor-id=\"a2700.pc-decorate.0.i38.639a3333UiH69N\">Naziv proizvoda<\/b><\/div>\n<\/div>\n<\/td>\n<td colspan=\"1\" rowspan=\"1\">\n<div class=\"magic-14\">Antimetalna NFC naljepnica<\/div>\n<\/td>\n<td colspan=\"1\" rowspan=\"1\">\n<div class=\"magic-15\">\n<div class=\"magic-7\"><b class=\"magic-13\" data-spm-anchor-id=\"a2700.pc-decorate.0.i36.639a3333UiH69N\">\u010cip protokol<\/b><\/div>\n<\/div>\n<\/td>\n<td colspan=\"1\" rowspan=\"1\">\n<div class=\"magic-16\">ISO \/ 14443 A<\/div>\n<\/td>\n<\/tr>\n<tr>\n<td colspan=\"1\" rowspan=\"1\">\n<div class=\"magic-12\">\n<div class=\"magic-7\"><b class=\"magic-13\" data-spm-anchor-id=\"a2700.pc-decorate.0.i4.10f43333bOcIYi\">Model \u010dipa<\/b><\/div>\n<\/div>\n<\/td>\n<td colspan=\"3\" rowspan=\"1\">\n<div class=\"magic-17\">NTAG\u00ae 213\/NTAG\u00ae 215\/NTAG\u00ae 216<\/div>\n<\/td>\n<\/tr>\n<tr>\n<td colspan=\"1\" rowspan=\"1\">\n<div class=\"magic-12\">\n<div class=\"magic-7\"><b class=\"magic-13\">Skladi\u0161tenje\/Korisnici<\/b><\/div>\n<\/div>\n<\/td>\n<td colspan=\"1\" rowspan=\"1\">\n<div class=\"magic-14\">144\/504\/888<\/div>\n<\/td>\n<td colspan=\"1\" rowspan=\"1\">\n<div class=\"magic-15\">\n<div class=\"magic-7\" data-spm-anchor-id=\"a2700.pc-decorate.0.i73.639a3333UiH69N\"><b>Frekvencija \u010dipa<\/b><\/div>\n<\/div>\n<\/td>\n<td colspan=\"1\" rowspan=\"1\">\n<div class=\"magic-16\">13.56MHz<\/div>\n<\/td>\n<\/tr>\n<tr>\n<td colspan=\"1\" rowspan=\"1\">\n<div class=\"magic-12\">\n<div class=\"magic-7\" data-spm-anchor-id=\"a2700.pc-decorate.0.i154.639a3333UiH69N\"><b class=\"magic-13\" data-spm-anchor-id=\"a2700.pc-decorate.0.i91.639a3333UiH69N\">veli\u010dina proizvoda<\/b><\/div>\n<\/div>\n<\/td>\n<td colspan=\"3\" rowspan=\"1\">\n<div class=\"magic-17\">Pre\u010dnik 25 mm, pre\u010dnik 30 mm, 30 * 30 mm, 40 * 25 mm, 35 * 25 mm ili prilago\u0111eno<\/div>\n<\/td>\n<\/tr>\n<tr>\n<td colspan=\"1\" rowspan=\"1\">\n<div class=\"magic-12\">\n<div class=\"magic-7\" data-spm-anchor-id=\"a2700.pc-decorate.0.i98.639a3333UiH69N\"><b class=\"magic-13\">Brisanje i pisanje vremena<\/b><\/div>\n<\/div>\n<\/td>\n<td colspan=\"1\" rowspan=\"1\">\n<div class=\"magic-14\">\u2265100.000 puta<\/div>\n<\/td>\n<td colspan=\"1\" rowspan=\"1\">\n<div class=\"magic-15\">\n<div class=\"magic-7\"><b class=\"magic-13\">Sensing distance<\/b><\/div>\n<\/div>\n<\/td>\n<td colspan=\"1\" rowspan=\"1\">\n<div class=\"magic-16\">Unutar 10 cm<\/div>\n<\/td>\n<\/tr>\n<tr>\n<td colspan=\"1\" rowspan=\"1\">\n<div class=\"magic-12\">\n<div class=\"magic-7\"><b>Pakovanje<\/b><\/div>\n<\/div>\n<\/td>\n<td colspan=\"3\" rowspan=\"1\">\n<div class=\"magic-20\">1000-5000 kom\/rolna, 4 rolne\/karton<\/div>\n<\/td>\n<\/tr>\n<tr>\n<td colspan=\"1\" rowspan=\"1\">\n<div class=\"magic-23\"><b>Opis proizvoda<\/b><\/div>\n<\/td>\n<td colspan=\"3\" rowspan=\"1\">\n<div class=\"magic-20\">Pasivna NFC oznaka za pametne umetke, naljepnice i oznake<\/div>\n<\/td>\n<\/tr>\n<tr>\n<td colspan=\"1\" rowspan=\"1\">\n<div class=\"magic-26\">\n<div class=\"magic-7\" data-spm-anchor-id=\"a2700.pc-decorate.0.i15.458b3333cr4pua\"><b class=\"magic-13\" data-spm-anchor-id=\"a2700.pc-decorate.0.i14.458b3333cr4pua\"><br \/>\nAplikacija<\/b><\/div>\n<\/div>\n<\/td>\n<td colspan=\"3\" rowspan=\"1\">\n<div class=\"magic-27\" data-spm-anchor-id=\"a2700.details.0.i34.1f0c15c2i7ObkG\">Sigurna kontrola ulaska\/bezgotovinsko pla\u0107anje \u010clanstvo i programi lojalnosti<br \/>\nPristup doga\u0111ajima i brendiranje\/Dru\u0161tveni mediji\/Maloprodaja<br \/>\nOkolina\/Lokacija igara i igra\u010daka\/Elektronika\/Trgovinski sajmovi<br \/>\nDoga\u0111aji\/Zahtjev za poziv\/vizit karte<\/div>\n<\/td>\n<\/tr>\n<\/tbody>\n<\/table>\n<h2 class=\"AnswerParser_AnswerParserH2__SIHnF\"><img fetchpriority=\"high\" decoding=\"async\" class=\"alignnone size-full wp-image-2560\" src=\"https:\/\/rfid-laundry-tag.com\/wp-content\/uploads\/2024\/09\/on-metal-NFC-sticker.jpg\" alt=\"\" width=\"790\" height=\"956\" srcset=\"https:\/\/rfid-laundry-tag.com\/wp-content\/uploads\/2024\/09\/on-metal-NFC-sticker.jpg 790w, https:\/\/rfid-laundry-tag.com\/wp-content\/uploads\/2024\/09\/on-metal-NFC-sticker-248x300.jpg 248w, https:\/\/rfid-laundry-tag.com\/wp-content\/uploads\/2024\/09\/on-metal-NFC-sticker-768x929.jpg 768w, https:\/\/rfid-laundry-tag.com\/wp-content\/uploads\/2024\/09\/on-metal-NFC-sticker-10x12.jpg 10w, https:\/\/rfid-laundry-tag.com\/wp-content\/uploads\/2024\/09\/on-metal-NFC-sticker-600x726.jpg 600w\" sizes=\"(max-width: 790px) 100vw, 790px\" \/>\u0160ta su NFC naljepnice na metalu?<\/h2>\n<p><span class=\"AnswerParser_TextContainer__z_Iiv\" data-testid=\"youchat-text\"><strong>NFC naljepnice na metalu<\/strong>\u00a0su posebno dizajnirani da prianjaju na metalne povr\u0161ine uz odr\u017eavanje optimalnih performansi. Ove naljepnice uklju\u010duju\u00a0<strong>NFC tehnologija<\/strong>, omogu\u0107avaju\u0107i ure\u0111ajima da komuniciraju be\u017ei\u010dno kada su u blizini. Unutar svake naljepnice ugra\u0111en je NFC \u010dip, kao \u0161to je\u00a0<strong>NTAG213<\/strong>\u00a0ili\u00a0<strong>NTAG215<\/strong>, koji omogu\u0107ava niz funkcionalnosti, uklju\u010duju\u0107i prijenos podataka, beskontaktno pla\u0107anje i otklju\u010davanje ure\u0111aja.<\/span><span class=\"AnswerParser_TextContainer__z_Iiv\" data-testid=\"youchat-text\">Svestranost ovih naljepnica zna\u010di da se mogu pri\u010dvrstiti na pametne telefone, tablete, ra\u010dunare i druga metalna sredstva, \u0161to ih \u010dini idealnim za \u0161irok spektar aplikacija.<\/span><\/p>\n<h2 class=\"AnswerParser_AnswerParserH2__SIHnF\">Kako rade NFC naljepnice na metalu?<\/h2>\n<p><span class=\"AnswerParser_TextContainer__z_Iiv\" data-testid=\"youchat-text\">Kori\u0161tenje NFC naljepnica na metalu\u00a0<strong>Komunikacija bliskog polja (NFC)<\/strong>\u00a0tehnologija, koja omogu\u0107ava be\u017ei\u010dnu komunikaciju kratkog dometa izme\u0111u ure\u0111aja. Evo kako proces funkcionira:<\/span><\/p>\n<ol class=\"AnswerParser_AnswerParserOrderedList__kl_2Y\">\n<li class=\"AnswerParser_ListItem__XqLOV\" translate=\"yes\"><strong>Aktivacija<\/strong>: Kada ure\u0111aj koji podr\u017eava NFC, kao \u0161to je\u00a0<strong>Android<\/strong>\u00a0pametni telefon ili\u00a0<strong>iPhone<\/strong>, do\u0111e u neposrednoj blizini NFC naljepnice, ure\u0111aj aktivira naljepnicu.<\/li>\n<li class=\"AnswerParser_ListItem__XqLOV\" translate=\"yes\"><strong>Razmjena podataka<\/strong>: NFC \u010dip unutar naljepnice prenosi podatke na ure\u0111aj. Ovi podaci mogu uklju\u010divati URL-ove, kontakt informacije ili naredbe za izvo\u0111enje odre\u0111enih radnji.<\/li>\n<li class=\"AnswerParser_ListItem__XqLOV\" translate=\"yes\"><strong>Izvr\u0161enje akcije<\/strong>: Kada se podaci primi, ure\u0111aj mo\u017ee izvr\u0161iti odgovaraju\u0107u radnju, kao \u0161to je otvaranje web stranice ili dodavanje kontakta.<\/li>\n<\/ol>\n<p><span class=\"AnswerParser_TextContainer__z_Iiv\" data-testid=\"youchat-text\">Ova besprijekorna interakcija pobolj\u0161ava korisni\u010dko iskustvo i pru\u017ea zgodan na\u010din pristupa informacijama ili uslugama.<\/span><\/p>\n<h2 class=\"AnswerParser_AnswerParserH2__SIHnF\">Prednosti prilagodljivih NFC naljepnica na metalu<\/h2>\n<p><span class=\"AnswerParser_TextContainer__z_Iiv\" data-testid=\"youchat-text\">Kori\u0161tenje prilagodljivih metalnih NFC naljepnica pru\u017ea brojne prednosti:<\/span><\/p>\n<ul class=\"AnswerParser_AnswerParserUnorderedList__P_1FW\">\n<li class=\"AnswerParser_ListItem__XqLOV\" translate=\"yes\"><strong>Pobolj\u0161ana povezanost<\/strong>: Ove naljepnice omogu\u0107avaju brzu i laku vezu izme\u0111u ure\u0111aja, omogu\u0107avaju\u0107i trenutni pristup informacijama i uslugama.<\/li>\n<li class=\"AnswerParser_ListItem__XqLOV\" translate=\"yes\"><strong>Prilagodljiv dizajn<\/strong>: Uz opcije za logotipe, tekst i QR kodove, preduze\u0107a mogu stvoriti jedinstveni identitet dok integri\u0161u NFC tehnologiju u svoje proizvode.<\/li>\n<li class=\"AnswerParser_ListItem__XqLOV\" translate=\"yes\"><strong>Trajnost<\/strong>: Dizajnirane da izdr\u017ee razli\u010dite uslove, ove naljepnice su napravljene od materijala kao \u0161to su PET i PVC, osiguravaju\u0107i da ostanu funkcionalne \u010dak iu izazovnim okru\u017eenjima.<\/li>\n<\/ul>\n<p><span class=\"AnswerParser_TextContainer__z_Iiv\" data-testid=\"youchat-text\">Ove prednosti \u010dine NFC naljepnice na metalu atraktivnom opcijom za poduze\u0107a i pojedince koji \u017eele pobolj\u0161ati svoje proizvode NFC mogu\u0107nostima.<\/span><\/p>\n<h2 class=\"AnswerParser_AnswerParserH2__SIHnF\">Dostupne opcije prilago\u0111avanja<\/h2>\n<p><span class=\"AnswerParser_TextContainer__z_Iiv\" data-testid=\"youchat-text\">Jedna od istaknutih karakteristika NFC naljepnica na metalu su njihove mogu\u0107nosti prilago\u0111avanja. Kupci mogu birati izme\u0111u raznih oblika i veli\u010dina, kao i sljede\u0107ih pobolj\u0161anja:<\/span><\/p>\n<ul class=\"AnswerParser_AnswerParserUnorderedList__P_1FW\">\n<li class=\"AnswerParser_ListItem__XqLOV\" translate=\"yes\"><strong>Logo i brendiranje<\/strong>: Uklju\u010dite logo va\u0161e kompanije ili elemente brendiranja kako biste stvorili kohezivan izgled i osje\u0107aj.<\/li>\n<li class=\"AnswerParser_ListItem__XqLOV\" translate=\"yes\"><strong>QR kodovi<\/strong>: Dodajte QR kodove za jednostavno skeniranje i pristup dodatnim informacijama.<\/li>\n<li class=\"AnswerParser_ListItem__XqLOV\" translate=\"yes\"><strong>Boja i zavr\u0161na obrada<\/strong>: Izaberite sjajnu ili mat zavr\u0161nu obradu u CMYK \u0161tampi kako biste postigli \u017eeljenu estetiku.<\/li>\n<\/ul>\n<p><span class=\"AnswerParser_TextContainer__z_Iiv\" data-testid=\"youchat-text\">Ove opcije prilago\u0111avanja omogu\u0107avaju korisnicima da prilagode naljepnice tako da odgovaraju njihovim specifi\u010dnim potrebama i zahtjevima brendiranja.<\/span><\/p>\n<h2 class=\"AnswerParser_AnswerParserH2__SIHnF\">Primjena NFC naljepnica na metalu<\/h2>\n<p><span class=\"AnswerParser_TextContainer__z_Iiv\" data-testid=\"youchat-text\">NFC naljepnice na metalu mogu se koristiti u mno\u0161tvu aplikacija, uklju\u010duju\u0107i:<\/span><\/p>\n<ul class=\"AnswerParser_AnswerParserUnorderedList__P_1FW\">\n<li class=\"AnswerParser_ListItem__XqLOV\" translate=\"yes\"><strong>Pakovanje proizvoda<\/strong>: Pobolj\u0161ajte pakovanje proizvoda pomo\u0107u NFC mogu\u0107nosti, omogu\u0107avaju\u0107i kupcima da pristupe detaljnim informacijama ili promotivnim ponudama jednostavnim dodirom pametnog telefona.<\/li>\n<li class=\"AnswerParser_ListItem__XqLOV\" translate=\"yes\"><strong>Asset Management<\/strong>: Preduze\u0107a mogu koristiti NFC naljepnice za pra\u0107enje i upravljanje imovinom, \u0161to olak\u0161ava pra\u0107enje zaliha i smanjuje gubitak.<\/li>\n<li class=\"AnswerParser_ListItem__XqLOV\" translate=\"yes\"><strong>Marketing i promocije<\/strong>: Anga\u017eirajte kupce interaktivnim marketin\u0161kim kampanjama koje koriste NFC naljepnice za pru\u017eanje trenutnog pristupa sadr\u017eaju ili nagradama.<\/li>\n<\/ul>\n<p><span class=\"AnswerParser_TextContainer__z_Iiv\" data-testid=\"youchat-text\">Ove aplikacije pokazuju svestranost i efikasnost NFC naljepnica na metalu u pobolj\u0161anju korisni\u010dkog iskustva i operativne efikasnosti.<\/span><\/p>\n<h2 class=\"AnswerParser_AnswerParserH2__SIHnF\">Upute za instalaciju i upotrebu<\/h2>\n<p><span class=\"AnswerParser_TextContainer__z_Iiv\" data-testid=\"youchat-text\">Instaliranje NFC naljepnica na metal je jednostavan i jednostavan proces:<\/span><\/p>\n<ol class=\"AnswerParser_AnswerParserOrderedList__kl_2Y\">\n<li class=\"AnswerParser_ListItem__XqLOV\" translate=\"yes\"><strong>O\u010distite povr\u0161inu<\/strong>: Uvjerite se da je metalna povr\u0161ina \u010dista i suha prije nano\u0161enja radi optimalnog prianjanja.<\/li>\n<li class=\"AnswerParser_ListItem__XqLOV\" translate=\"yes\"><strong>Oguliti i zalijepiti<\/strong>: Pa\u017eljivo skinite podlogu naljepnice i \u010dvrsto je pritisnite na \u017eeljenu povr\u0161inu.<\/li>\n<li class=\"AnswerParser_ListItem__XqLOV\" translate=\"yes\"><strong>Testirajte NFC funkcionalnost<\/strong>: Koristite ure\u0111aj koji podr\u017eava NFC da testirate naljepnicu i uvjerite se da funkcionira kako je predvi\u0111eno.<\/li>\n<\/ol>\n<p><span class=\"AnswerParser_TextContainer__z_Iiv\" data-testid=\"youchat-text\">Prate\u0107i ove korake, korisnici mogu efikasno koristiti NFC naljepnice na metalu za svoje predvi\u0111ene svrhe.<\/span><\/p>\n<h2 class=\"AnswerParser_AnswerParserH2__SIHnF\">Sigurnosne karakteristike NFC naljepnica<\/h2>\n<p><span class=\"AnswerParser_TextContainer__z_Iiv\" data-testid=\"youchat-text\">Sigurnost je kriti\u010dna stvar kada se koristi NFC tehnologija. NFC naljepnice na metalu dolaze opremljene s nekoliko funkcija za pobolj\u0161anje sigurnosti:<\/span><\/p>\n<ul class=\"AnswerParser_AnswerParserUnorderedList__P_1FW\">\n<li class=\"AnswerParser_ListItem__XqLOV\" translate=\"yes\"><strong>\u0160ifrovanje podataka<\/strong>: Mnogi NFC \u010dipovi podr\u017eavaju enkripciju, osiguravaju\u0107i da su podaci koji se prenose izme\u0111u naljepnice i \u010dita\u010da sigurni.<\/li>\n<li class=\"AnswerParser_ListItem__XqLOV\" translate=\"yes\"><strong>Otpornost na neovla\u0161teno kori\u0161tenje<\/strong>: Neke naljepnice su dizajnirane da poka\u017eu vidljive znakove neovla\u0161tenog pristupa ako ih neko poku\u0161a ukloniti ili izmijeniti.<\/li>\n<li class=\"AnswerParser_ListItem__XqLOV\" translate=\"yes\"><strong>Ograni\u010deni domet<\/strong>: Kratak domet NFC tehnologije minimizira rizik od neovla\u0161tenog pristupa, jer ure\u0111aji moraju biti u neposrednoj blizini da bi komunicirali.<\/li>\n<\/ul>\n<p><span class=\"AnswerParser_TextContainer__z_Iiv\" data-testid=\"youchat-text\">Ove sigurnosne karakteristike \u010dine NFC naljepnice na metalu pouzdanim izborom za razli\u010dite aplikacije.<\/span><\/p>\n<h2 class=\"AnswerParser_AnswerParserH2__SIHnF\">Utjecaj NFC naljepnica na metal na okoli\u0161<\/h2>\n<p><span class=\"AnswerParser_TextContainer__z_Iiv\" data-testid=\"youchat-text\">Proizvodnja i upotreba NFC naljepnica na metalu mo\u017ee imati pozitivan utjecaj na okoli\u0161 kada se njime upravlja odgovorno. Mnogi proizvo\u0111a\u010di sada proizvode\u00a0<strong>NFC naljepnice koje se mogu reciklirati<\/strong>, poma\u017ee u smanjenju plasti\u010dnog otpada. Osim toga, omogu\u0107avanjem beskontaktnih transakcija i razmjene informacija, NFC tehnologija mo\u017ee pomo\u0107i u smanjenju oslanjanja na papirne materijale, dodatno doprinose\u0107i naporima za odr\u017eivost.<\/span><\/p>\n<h2 class=\"AnswerParser_AnswerParserH2__SIHnF\">Naj\u010de\u0161\u0107a pitanja o prilagodljivim NFC naljepnicama na metalu<\/h2>\n<p><span class=\"AnswerParser_TextContainer__z_Iiv\" data-testid=\"youchat-text\"><strong>P: Mogu li se NFC naljepnice na metalu ponovo koristiti?<\/strong><br \/>\nO: Dok je ve\u0107ina NFC naljepnica na metalu dizajnirana za jednokratnu upotrebu, neke opcije za ponovno upisivanje omogu\u0107avaju vi\u0161estruku upotrebu, ovisno o kori\u0161tenom NFC \u010dipu.<\/span><\/p>\n<p><span class=\"AnswerParser_TextContainer__z_Iiv\" data-testid=\"youchat-text\"><strong>P: Koji ure\u0111aji su kompatibilni sa metalnim NFC naljepnicama?<\/strong><br \/>\nO: NFC naljepnice na metalu su kompatibilne s ve\u0107inom ure\u0111aja koji podr\u017eavaju NFC, uklju\u010duju\u0107i Android pametne telefone i iPhone ure\u0111aje.<\/span><\/p>\n<p><span class=\"AnswerParser_TextContainer__z_Iiv\" data-testid=\"youchat-text\"><strong>P: Da li su ove naljepnice vodootporne?<\/strong><br \/>\nO: Da, metalne NFC naljepnice su dizajnirane da budu vodootporne, \u0161to ih \u010dini pogodnim za unutarnju i vanjsku primjenu.<\/span><\/p>","protected":false},"excerpt":{"rendered":"<p>NFC naljepnice na metalu su posebno dizajnirane da prianjaju na metalne povr\u0161ine uz odr\u017eavanje optimalnih performansi. Unutar svake naljepnice ugra\u0111en je NFC \u010dip, kao \u0161to je NTAG213 ili NTAG215.<\/p>","protected":false},"featured_media":2561,"template":"","meta":{"_kad_post_transparent":"default","_kad_post_title":"","_kad_post_layout":"default","_kad_post_sidebar_id":"","_kad_post_content_style":"default","_kad_post_vertical_padding":"default","_kad_post_feature":"","_kad_post_feature_position":"","_kad_post_header":false,"_kad_post_footer":false,"_kad_post_classname":""},"product_brand":[],"product_cat":[54],"product_tag":[288,286,287],"class_list":{"0":"post-2559","1":"product","2":"type-product","3":"status-publish","4":"has-post-thumbnail","6":"product_cat-hot-selling-rfid-tags","7":"product_tag-on-metal-nfc-label","8":"product_tag-on-metal-nfc-sticker","9":"product_tag-on-metal-nfc-tag","11":"first","12":"instock","13":"shipping-taxable","14":"product-type-simple","15":"entry","16":"content-bg","17":"loop-entry"},"_links":{"self":[{"href":"https:\/\/rfid-laundry-tag.com\/bs\/wp-json\/wp\/v2\/product\/2559","targetHints":{"allow":["GET"]}}],"collection":[{"href":"https:\/\/rfid-laundry-tag.com\/bs\/wp-json\/wp\/v2\/product"}],"about":[{"href":"https:\/\/rfid-laundry-tag.com\/bs\/wp-json\/wp\/v2\/types\/product"}],"version-history":[{"count":2,"href":"https:\/\/rfid-laundry-tag.com\/bs\/wp-json\/wp\/v2\/product\/2559\/revisions"}],"predecessor-version":[{"id":2566,"href":"https:\/\/rfid-laundry-tag.com\/bs\/wp-json\/wp\/v2\/product\/2559\/revisions\/2566"}],"wp:featuredmedia":[{"embeddable":true,"href":"https:\/\/rfid-laundry-tag.com\/bs\/wp-json\/wp\/v2\/media\/2561"}],"wp:attachment":[{"href":"https:\/\/rfid-laundry-tag.com\/bs\/wp-json\/wp\/v2\/media?parent=2559"}],"wp:term":[{"taxonomy":"product_brand","embeddable":true,"href":"https:\/\/rfid-laundry-tag.com\/bs\/wp-json\/wp\/v2\/product_brand?post=2559"},{"taxonomy":"product_cat","embeddable":true,"href":"https:\/\/rfid-laundry-tag.com\/bs\/wp-json\/wp\/v2\/product_cat?post=2559"},{"taxonomy":"product_tag","embeddable":true,"href":"https:\/\/rfid-laundry-tag.com\/bs\/wp-json\/wp\/v2\/product_tag?post=2559"}],"curies":[{"name":"radni list","href":"https:\/\/api.w.org\/{rel}","templated":true}]}}