{"id":204,"date":"2024-06-18T09:26:05","date_gmt":"2024-06-18T09:26:05","guid":{"rendered":"https:\/\/rfid-laundry-tag.com\/?post_type=product&#038;p=204"},"modified":"2024-09-26T03:20:13","modified_gmt":"2024-09-26T03:20:13","slug":"textile-fabric-rfid-laundry-tags","status":"publish","type":"product","link":"https:\/\/rfid-laundry-tag.com\/bs\/textile-fabric-rfid-laundry-tags\/","title":{"rendered":"Tekstilne RFID oznake za pranje rublja"},"content":{"rendered":"<div>\n<div class=\"auto-hide-last-sibling-br paragraph_1252f paragraph-element\">\n<table width=\"637\">\n<tbody>\n<tr>\n<td width=\"328\">Naziv artikla:<\/td>\n<td width=\"309\"><strong>Tekstilne RFID oznake za pranje rublja<\/strong><\/td>\n<\/tr>\n<tr>\n<td width=\"328\">RFID standard:<\/td>\n<td width=\"309\">ISO\/IEC 18000-6 TypeC (EPC Gen2)<\/td>\n<\/tr>\n<tr>\n<td width=\"328\">Veli\u010dina i te\u017eina:<\/td>\n<td width=\"309\">70\u00d715 mm, 0,6 g<\/td>\n<\/tr>\n<tr>\n<td width=\"328\">Vrsta \u010dipa:<\/td>\n<td width=\"309\">Impinj Monza 4QT,NXP U KOD 8,NXP U KOD 9<\/td>\n<\/tr>\n<tr>\n<td width=\"328\">EPC memorija:<\/td>\n<td width=\"309\">128bita<\/td>\n<\/tr>\n<tr>\n<td width=\"328\">Korisni\u010dka memorija:<\/td>\n<td width=\"309\">512bita<\/td>\n<\/tr>\n<tr>\n<td width=\"328\">Opseg o\u010ditavanja (2W ERP FCC):<\/td>\n<td width=\"309\">8m<\/td>\n<\/tr>\n<tr>\n<td width=\"328\">Opseg o\u010ditavanja (2W ERP ETSI):<\/td>\n<td width=\"309\">8m<\/td>\n<\/tr>\n<tr>\n<td width=\"328\">Ozna\u010davanje:<\/td>\n<td width=\"309\">\u0160ivanje, Ljepilo za vru\u0107e \u0161tancanje<\/td>\n<\/tr>\n<tr>\n<td width=\"328\">Procijenjeni vijek trajanja:<\/td>\n<td width=\"309\">200 ciklusa pranja ili 3 godine, \u0161to god nastupi prije<\/td>\n<\/tr>\n<tr>\n<td width=\"328\">Na\u010din pranja:<\/td>\n<td width=\"309\">Praonica rublja, Kemijsko \u010di\u0161\u0107enje<\/td>\n<\/tr>\n<tr>\n<td width=\"328\">Pritisak ekstrakcije vode:<\/td>\n<td width=\"309\">60 bara<\/td>\n<\/tr>\n<tr>\n<td width=\"328\">Otpornost na vodu:<\/td>\n<td width=\"309\">Otporan na vodu<\/td>\n<\/tr>\n<tr>\n<td width=\"328\">Hemijska otpornost:<\/td>\n<td width=\"309\">Deterd\u017eent, omek\u0161iva\u010d, izbjeljiva\u010d (kiseonik\/hlor), lu\u017eina<\/td>\n<\/tr>\n<tr>\n<td width=\"328\">Prethodno su\u0161enje u su\u0161ilici:<\/td>\n<td width=\"309\">125 \u00baC 15-20 minuta<\/td>\n<\/tr>\n<tr>\n<td width=\"328\">Temperatura sterilizacije:<\/td>\n<td width=\"309\">135\u00b0C 15-20 minuta<\/td>\n<\/tr>\n<tr>\n<td width=\"328\">Temperatura pranja:<\/td>\n<td width=\"309\">90\u00b0C, do 15 min.<\/td>\n<\/tr>\n<tr>\n<td width=\"328\">Vla\u017enost\/temperatura - rad:<\/td>\n<td width=\"309\">-20 do 110\u00b0C, 8 do 95%RH<\/td>\n<\/tr>\n<tr>\n<td width=\"328\">Vla\u017enost\/temperatura-skladi\u0161tenje:<\/td>\n<td width=\"309\">-40 do 110\u00b0C, 8 do 95%RH<\/td>\n<\/tr>\n<\/tbody>\n<\/table>\n<\/div>\n<div class=\"auto-hide-last-sibling-br paragraph_1252f paragraph-element\"><\/div>\n<\/div>\n<div data-spm-anchor-id=\"a2700.details.0.i57.23b419c7xXORP0\">\n<div class=\"auto-hide-last-sibling-br paragraph_1252f paragraph-element\">\n<h2>Karakteristike tekstilnih RFID etiketa za pranje ve\u0161a<\/h2>\n<h3>1. Izdr\u017eljiv i periv<\/h3>\n<p>Na\u0161\u00a0<strong>RFID oznake koje se mogu prati<\/strong>\u00a0pa\u017eljivo su dizajnirani da izdr\u017ee te\u0161ke uslove pranja. Mogu izdr\u017eati do\u00a0<strong>200 ciklusa pranja<\/strong>, otporan na visoke temperature tokom procesa pranja i su\u0161enja. Izdr\u017eljivi materijali i kori\u0161tena tehnologija osiguravaju to\u00a0<strong>etikete se mogu sa\u0161iti<\/strong>\u00a0u razli\u010dite predmete, uklju\u010duju\u0107i posteljinu i odjevne predmete, bez ugro\u017eavanja njihovog integriteta. Bilo da se radi o toplom pranju\u00a0<strong>90\u00b0C<\/strong>\u00a0ili sterilizacija na\u00a0<strong>135\u00b0C<\/strong>, ove oznake su napravljene da izdr\u017ee zahtjeve industrijskog rublja.<\/p>\n<h3>2. Besprekorna integracija sa RFID sistemima<\/h3>\n<p>The\u00a0<strong>UHF RFID tehnologija<\/strong>\u00a0ugra\u0111en u oznake za ve\u0161 omogu\u0107ava besprekornu integraciju sa postoje\u0107im sistemima upravljanja ve\u0161om. Bilo da koristite\u00a0<strong>RFID \u010dita\u010di<\/strong>\u00a0za automatsko pra\u0107enje ili njihovo uklju\u010divanje u opse\u017enije\u00a0<strong>upravljanje zalihama<\/strong>\u00a0sistema, ove oznake pru\u017eaju neophodnu kompatibilnost potrebnu za pojednostavljene operacije. Pouzdani opseg \u010ditanja do\u00a0<strong>8 metara<\/strong>\u00a0osigurava precizno pra\u0107enje, dr\u017ee\u0107i va\u0161 inventar rublja pod kontrolom.<\/p>\n<h3>3. Pobolj\u0161ane mogu\u0107nosti pra\u0107enja i upravljanja<\/h3>\n<p>With\u00a0<strong>RFID oznake za ve\u0161<\/strong>, omogu\u0107eno vam je da pratite svaki komad ve\u0161a kroz svaku fazu\u00a0<strong>proces pranja<\/strong>. Efikasna identifikacija i pra\u0107enje inventara dovode do uvida koji se mogu primijeniti, pobolj\u0161avaju\u0107i ukupnu kontrolu zaliha. Mo\u017eete pratiti kretanje svakog od njih\u00a0<strong>tekstilni predmet<\/strong>, osiguravaju\u0107i da se odmah vrate pravim osobama ili lokacijama. Ova vidljivost je klju\u010dna za odr\u017eavanje zadovoljstva kupaca u industrijama kao \u0161to su ugostiteljstvo i zdravstvo.<\/p>\n<h3>4. Robusna hemijska otpornost<\/h3>\n<p>Na\u0161\u00a0<strong>platnene oznake za ve\u0161<\/strong>\u00a0su dizajnirani da toleri\u0161u razli\u010dite hemikalije koje se obi\u010dno koriste u industrijskim praonicama. Mogu izdr\u017eati deterd\u017eente, omek\u0161iva\u010de i izbjeljiva\u010de, uklju\u010duju\u0107i varijante kisika i hlora. Ova hemijska otpornost produ\u017eava \u017eivotni vijek oznaka i osigurava pouzdane performanse, \u010dak iu najte\u017eim okru\u017eenjima za pranje.<\/p>\n<h3>5. Vi\u0161estruke opcije ozna\u010davanja<\/h3>\n<p>Tekstilne RFID oznake za ve\u0161 nude raznovrsnost\u00a0<strong>opcije ozna\u010davanja<\/strong>. Kupci mogu birati izme\u0111u\u00a0<strong>\u0161ivanje<\/strong>\u00a0oznake direktno u odjevni predmet ili kori\u0161tenje\u00a0<strong>ljepilo za vru\u0107e \u0161tancanje<\/strong>\u00a0za sigurno pri\u010dvr\u0161\u0107ivanje. Ova prilagodljivost omogu\u0107ava jednostavnu integraciju u postoje\u0107i tekstil bez naru\u0161avanja njihove funkcije ili izgleda.<\/p>\n<h3 class=\"wp-block-heading\">Instalacija tekstilnih RFID oznaka za pranje ve\u0161a<\/h3>\n<p><strong>Stitch Tagging<\/strong>: Za u\u0161ivanje u rub tekstila. Za\u0161ijte etiketu za rublje dalje od preklopnih linija.<br \/>\n<strong>Heat Sealing<\/strong>: Za toplotno zavarivanje direktno na tekstil na +200\u00b0C (392\u00b0F), 12~14s.<br \/>\n<strong>U torbici<\/strong>: Za \u0161ivanje kao standardna etiketa za njegu. Za\u0161ijte etiketu za rublje dalje od preklopnih linija.<\/p>\n<h2>Prednosti RFID upravljanja pranjem<\/h2>\n<h3>Pobolj\u0161ana operativna efikasnost<\/h3>\n<p>Incorporating\u00a0<strong>RFID oznake<\/strong>\u00a0u tvoj\u00a0<strong>upravljanje praonicama<\/strong>\u00a0procesi znatno pobolj\u0161avaju operativnu efikasnost. Automatski sistemi za pra\u0107enje elimini\u0161u potrebu za radno intenzivnim ru\u010dnim procesima, smanjuju\u0107i vrijeme osoblja i tro\u0161kove povezane s pra\u0107enjem artikala. Ovo omogu\u0107ava zaposlenima da se fokusiraju na klju\u010dne zadatke koji dodaju vrijednost poslovanju, pove\u0107avaju\u0107i ukupnu produktivnost.<\/p>\n<h3>Superiorno pra\u0107enje imovine<\/h3>\n<p>Sa RFID tehnologijom mo\u017eete pratiti svaki komad ve\u0161a kroz njegov \u017eivotni ciklus, od po\u010detne obrade do vra\u0107anja u rad. Ova superiorna sposobnost pra\u0107enja imovine poma\u017ee u spre\u010davanju gubitaka i osigurava da se sve stavke obra\u010dunavaju, posebno va\u017eno u okru\u017eenjima velikog obima kao \u0161to su bolnice i hoteli.<\/p>\n<h3>Uskla\u0111enost sa industrijskim standardima<\/h3>\n<p>RFID oznake za ve\u0161 su dizajnirane da zadovolje stroge industrijske standarde za izdr\u017eljivost i performanse. Njihov robustan dizajn je pogodan za okru\u017eenja visoke potra\u017enje, \u0161to ih \u010dini idealnim za komercijalne aplikacije. Odabirom na\u0161ih tekstilnih RFID oznaka, uskla\u0111ujete svoje operacije pranja rublja s vode\u0107im praksama, osiguravaju\u0107i da va\u0161e poslovanje ostane konkurentno.<\/p>\n<hr \/>\n<h2>Customer Testimonials<\/h2>\n<blockquote><p>\u201cZna\u010dajno smo smanjili izgubljenu posteljinu otkako smo uveli RFID oznake za ve\u0161. Sistem pra\u0107enja je transformisao na\u0161e upravljanje praonicama!\u201d \u2014\u00a0<em>Mary T., upraviteljica objekta<\/em><\/p><\/blockquote>\n<blockquote><p>\u201cNe samo da RFID oznake izdr\u017ee tokom pranja, ve\u0107 su zna\u010dajno pobolj\u0161ale na\u0161e vrijeme obrade.\u201d \u2014\u00a0<em>John D., operativni direktor<\/em><\/p><\/blockquote>\n<hr \/>\n<h2>\u010cesto postavljana pitanja (FAQ)<\/h2>\n<p><strong>P: Koliko dugo mogu trajati RFID oznake za ve\u0161?<\/strong><br \/>\nO: Na\u0161e\u00a0<strong>RFID oznake za ve\u0161<\/strong>\u00a0imaju procijenjeni vijek trajanja od\u00a0<strong>200 ciklusa pranja ili 3 godine<\/strong>, u zavisnosti od uslova kori\u0161\u0107enja.<\/p>\n<p><strong>P: Mogu li ove oznake izdr\u017eati visoke temperature?<\/strong><br \/>\nO: Da, ove oznake su dizajnirane da izdr\u017ee temperature pranja do\u00a0<strong>90\u00b0C<\/strong>, sterilizacija na\u00a0<strong>135\u00b0C<\/strong>, i uslove predsu\u0161enja, \u0161to ih \u010dini savr\u0161enim za industrijske praonice.<\/p>\n<p><strong>P: Da li su oznake otporne na hemikalije?<\/strong><br \/>\nO: Apsolutno. Ove oznake su otporne na uobi\u010dajene hemikalije za pranje rublja, uklju\u010duju\u0107i deterd\u017eente, omek\u0161iva\u010de i izbjeljiva\u010de.<\/p>\n<h3>Zaklju\u010dak<\/h3>\n<div class=\"auto-hide-last-sibling-br paragraph_1252f paragraph-element\"><strong>Tekstilne RFID oznake za pranje rublja<\/strong> su posebno dizajnirane RFID oznake namijenjene tekstilu koji se podvrgava opse\u017enim industrijskim procesima pranja, uklju\u010duju\u0107i sterilizaciju i peglanje.<\/div>\n<div class=\"auto-hide-last-sibling-br paragraph_1252f paragraph-element\">Ove <strong>Tekstilne RFID oznake za pranje rublja<\/strong> osnovni su za efikasnu identifikaciju, pra\u0107enje i upravljanje platnom i tekstilom. Za preduze\u0107a koja se oslanjaju na kontinuiranu cirkulaciju \u010distog tekstila, uniformi, radne ode\u0107e, medicinske ode\u0107e ili sredstava za \u010di\u0161\u0107enje, ove oznake za ve\u0161 mogu zna\u010dajno pobolj\u0161ati performanse automatizovanih sistema. Omogu\u0107avaju br\u017ee i preciznije pra\u0107enje velikog broja pojedina\u010dnih artikala, \u010dime se pove\u0107ava kontrola zaliha i smanjuju gubici. Ovo donosi zna\u010dajne u\u0161tede vremena i tro\u0161kova, kao i pove\u0107anu produktivnost za takve ustanove.<\/div>\n<\/div>\n<\/div>\n<div class=\"auto-hide-last-sibling-br paragraph_1252f paragraph-element\">\n<div class=\"auto-hide-last-sibling-br paragraph_1252f paragraph-element\"><strong>RFID tekstilna oznaka<\/strong> za uniforme za pranje rublja su nezamjenjive u bezbroj industrija, \u0161to je klju\u010dno za efikasno pra\u0107enje imovine, upravljanje zalihama i pove\u0107anje ukupne operativne efikasnosti. Evo kratkog uvida u njihovu primjenu u razli\u010ditim sektorima:<\/div>\n<div><\/div>\n<p>&nbsp;<\/p>\n<\/div>\n<div class=\"auto-hide-last-sibling-br paragraph_1252f paragraph-element\"><\/div>","protected":false},"excerpt":{"rendered":"<p>RFID etikete za pranje ve\u0161a od tekstilne tkanine, izra\u0111ene naprednom UHF tehnologijom (860-960 MHz), u skladu su sa svetskim standardima kao \u0161to su EPC Class1 Gen2 i ISO 18000. Ove UHF tekstilne etikete za pranje ve\u0161a nude spoj fleksibilnosti i \u010dvrsto\u0107e koja mo\u017ee da izdr\u017ei preko 200 ciklusa i pritiska do 60 bara. Izuzetna karakteristika UHF RFID etikete za pranje ve\u0161a je njen potencijal da omogu\u0107i masovno o\u010ditavanje sa nekoliko metara udaljenosti, slu\u017ee\u0107i kao visoko efikasan instrument za upravljanje ve\u0161om.<\/p>","protected":false},"featured_media":2675,"template":"","meta":{"_kad_post_transparent":"default","_kad_post_title":"","_kad_post_layout":"default","_kad_post_sidebar_id":"","_kad_post_content_style":"default","_kad_post_vertical_padding":"default","_kad_post_feature":"","_kad_post_feature_position":"","_kad_post_header":false,"_kad_post_footer":false,"_kad_post_classname":""},"product_brand":[],"product_cat":[19],"product_tag":[297,31,65,30],"class_list":{"0":"post-204","1":"product","2":"type-product","3":"status-publish","4":"has-post-thumbnail","6":"product_cat-textile-rfid-laundry-tag","7":"product_tag-rfid-chips-for-uniform","8":"product_tag-rfid-tag-for-linen-laundry","9":"product_tag-textile-rfid-laundry-tags","10":"product_tag-uhf-rfid-laundry-tag","12":"first","13":"instock","14":"featured","15":"shipping-taxable","16":"product-type-simple","17":"entry","18":"content-bg","19":"loop-entry"},"_links":{"self":[{"href":"https:\/\/rfid-laundry-tag.com\/bs\/wp-json\/wp\/v2\/product\/204","targetHints":{"allow":["GET"]}}],"collection":[{"href":"https:\/\/rfid-laundry-tag.com\/bs\/wp-json\/wp\/v2\/product"}],"about":[{"href":"https:\/\/rfid-laundry-tag.com\/bs\/wp-json\/wp\/v2\/types\/product"}],"version-history":[{"count":3,"href":"https:\/\/rfid-laundry-tag.com\/bs\/wp-json\/wp\/v2\/product\/204\/revisions"}],"predecessor-version":[{"id":2678,"href":"https:\/\/rfid-laundry-tag.com\/bs\/wp-json\/wp\/v2\/product\/204\/revisions\/2678"}],"wp:featuredmedia":[{"embeddable":true,"href":"https:\/\/rfid-laundry-tag.com\/bs\/wp-json\/wp\/v2\/media\/2675"}],"wp:attachment":[{"href":"https:\/\/rfid-laundry-tag.com\/bs\/wp-json\/wp\/v2\/media?parent=204"}],"wp:term":[{"taxonomy":"product_brand","embeddable":true,"href":"https:\/\/rfid-laundry-tag.com\/bs\/wp-json\/wp\/v2\/product_brand?post=204"},{"taxonomy":"product_cat","embeddable":true,"href":"https:\/\/rfid-laundry-tag.com\/bs\/wp-json\/wp\/v2\/product_cat?post=204"},{"taxonomy":"product_tag","embeddable":true,"href":"https:\/\/rfid-laundry-tag.com\/bs\/wp-json\/wp\/v2\/product_tag?post=204"}],"curies":[{"name":"radni list","href":"https:\/\/api.w.org\/{rel}","templated":true}]}}