{"id":193,"date":"2024-06-16T05:59:05","date_gmt":"2024-06-16T05:59:05","guid":{"rendered":"https:\/\/rfid-laundry-tag.com\/?post_type=product&#038;p=193"},"modified":"2024-09-23T09:29:31","modified_gmt":"2024-09-23T09:29:31","slug":"rfid-chips-in-clothing","status":"publish","type":"product","link":"https:\/\/rfid-laundry-tag.com\/bs\/rfid-chips-in-clothing\/","title":{"rendered":"RFID \u010dipovi u odje\u0107i"},"content":{"rendered":"<div class=\"J_module\">\n<div class=\"ife-detail-decorate-table\">\n<table class=\"hight-light-first-column all magic-14\">\n<tbody>\n<tr>\n<td colspan=\"1\" rowspan=\"1\">\n<div class=\"magic-15\" data-spm-anchor-id=\"a2700.details.0.i95.236a58c1ycsfva\">Naziv proizvodnje:<\/div>\n<\/td>\n<td colspan=\"1\" rowspan=\"1\">\n<div class=\"magic-16\"><strong>RFID \u010dipovi u odje\u0107i<\/strong><\/div>\n<\/td>\n<\/tr>\n<tr>\n<td colspan=\"1\" rowspan=\"1\">\n<div class=\"magic-15\"><span class=\"magic-17\">Materijal:<\/span><\/div>\n<\/td>\n<td colspan=\"1\" rowspan=\"1\">\n<div class=\"magic-16\">Poliester\/Kompozicija\/Saten\/Pamuk\/Netkani\/PET itd.<\/div>\n<\/td>\n<\/tr>\n<tr>\n<td colspan=\"1\" rowspan=\"1\">\n<div class=\"magic-15\"><span class=\"magic-17\">Veli\u010dina:<\/span><\/div>\n<\/td>\n<td colspan=\"1\" rowspan=\"1\">\n<div class=\"magic-16\"><span class=\"magic-17\">80*38mm\/60*30mm ili prilago\u0111eno<\/span><\/div>\n<\/td>\n<\/tr>\n<tr>\n<td colspan=\"1\" rowspan=\"1\">\n<div class=\"magic-15\"><span class=\"magic-17\">Vrsta:<\/span><\/div>\n<\/td>\n<td colspan=\"1\" rowspan=\"1\">\n<div class=\"magic-16\"><span class=\"magic-17\">Pasivno, RFID<\/span><\/div>\n<\/td>\n<\/tr>\n<tr>\n<td colspan=\"1\" rowspan=\"1\">\n<div class=\"magic-15\">RF protokol:<\/div>\n<\/td>\n<td colspan=\"1\" rowspan=\"1\">\n<div class=\"magic-16\">ISO 18000-6C; EPC klasa 1 Gen 2<\/div>\n<\/td>\n<\/tr>\n<tr>\n<td colspan=\"1\" rowspan=\"1\">\n<div class=\"magic-15\"><span class=\"magic-17\">U\u010destalost:<\/span><\/div>\n<\/td>\n<td colspan=\"1\" rowspan=\"1\">\n<div class=\"magic-16\"><span class=\"magic-17\">860~960MHz<\/span><\/div>\n<\/td>\n<\/tr>\n<tr>\n<td colspan=\"1\" rowspan=\"1\">\n<div class=\"magic-15\">\u010cip<\/div>\n<\/td>\n<td colspan=\"1\" rowspan=\"1\">\n<div class=\"magic-16\">Alien Higgs, Monza 3, Monza 4D, Monza 4QT, Monza R6, Monza R6-P, Impinj M730, Impinj M750 itd.<\/div>\n<\/td>\n<\/tr>\n<tr>\n<td colspan=\"1\" rowspan=\"1\">\n<div class=\"magic-15\"><span class=\"magic-17\">Udaljenost \u010ditanja:<\/span><\/div>\n<\/td>\n<td colspan=\"1\" rowspan=\"1\">\n<div class=\"magic-16\"><span class=\"magic-17\">UHF: 1~10m (zavisi od \u010dita\u010da i antene)<\/span><\/div>\n<\/td>\n<\/tr>\n<tr>\n<td colspan=\"1\" rowspan=\"1\">\n<div class=\"magic-15\"><span class=\"magic-17\">fiksni na\u010din:<\/span><\/div>\n<\/td>\n<td colspan=\"1\" rowspan=\"1\">\n<div class=\"magic-16\"><span class=\"magic-17\">\u0160ivanje \/ peglanje<\/span><\/div>\n<\/td>\n<\/tr>\n<tr>\n<td colspan=\"1\" rowspan=\"1\">\n<div class=\"magic-15\"><span class=\"magic-17\">\u0160tampanje:<\/span><\/div>\n<\/td>\n<td colspan=\"1\" rowspan=\"1\">\n<div class=\"magic-16\"><span class=\"magic-17\">\u0160tampanje, kodiranje, serijski broj, dizajn, itd.<\/span><\/div>\n<\/td>\n<\/tr>\n<tr>\n<td colspan=\"1\" rowspan=\"1\">\n<div class=\"magic-15\"><span class=\"magic-17\">IC \u017eivot:<\/span><\/div>\n<\/td>\n<td colspan=\"1\" rowspan=\"1\">\n<div class=\"magic-16\" data-spm-anchor-id=\"a2700.details.0.i94.236a58c1ycsfva\"><span class=\"magic-17\">100.000 ciklusa programiranja<br \/>\n10 godina \u010duvanja podataka<\/span><\/div>\n<\/td>\n<\/tr>\n<tr>\n<td colspan=\"1\" rowspan=\"1\">\n<div class=\"magic-15\"><span class=\"magic-17\">Dostupnost uzorka:<\/span><\/div>\n<\/td>\n<td colspan=\"1\" rowspan=\"1\">\n<div class=\"magic-16\"><span class=\"magic-17\">Besplatni uzorci dostupni su na zahtjev<\/span><\/div>\n<\/td>\n<\/tr>\n<tr>\n<td colspan=\"1\" rowspan=\"1\">\n<div class=\"magic-15\"><span class=\"magic-17\">Prijave:\u00a0<\/span><\/div>\n<\/td>\n<td colspan=\"1\" rowspan=\"1\">\n<div class=\"magic-16\"><span class=\"magic-17\">\u00b7 Upravljanje zalihama<br \/>\n\u00b7 Lanac snabdevanja<br \/>\n\u00b7 Maloprodaja<\/span><\/div>\n<\/td>\n<\/tr>\n<tr>\n<td colspan=\"1\" rowspan=\"1\">\n<div class=\"magic-15\"><span class=\"magic-17\">Koristi<\/span><\/div>\n<\/td>\n<td colspan=\"1\" rowspan=\"1\">\n<div class=\"magic-16\"><span class=\"magic-17\">Odje\u0107a, odje\u0107a, torbe, cipele itd.<\/span><\/div>\n<\/td>\n<\/tr>\n<\/tbody>\n<\/table>\n<\/div>\n<\/div>\n<div class=\"J_module\">\n<div class=\"detail-decorate-json-renderer-container\">\n<div class=\"magic-1\">\n<div class=\"magic-5\">\n<div class=\"magic-6\">\n<div>\n<h2 class=\"AnswerParser_AnswerParserH2__SIHnF\">Mo\u0107 RFID tehnologije u pra\u0107enju odje\u0107e<\/h2>\n<p><span class=\"AnswerParser_TextContainer__z_Iiv\" data-testid=\"youchat-text\">RFID (Radio Frequency Identification) tehnologija je revolucionirala upravljanje zalihama u raznim industrijama, a sada stvara talase u sektoru odje\u0107e. Na\u0161e UHF RFID naljepnice za pranje koriste ovu mo\u0107nu tehnologiju za pru\u017eanje neusporedivih mogu\u0107nosti pra\u0107enja va\u0161ih odjevnih predmeta.<\/span><span class=\"AnswerParser_TextContainer__z_Iiv\" data-testid=\"youchat-text\">Ove naljepnice koriste radiofrekventne signale za komunikaciju s RFID \u010dita\u010dima, omogu\u0107avaju\u0107i brzu i ta\u010dnu identifikaciju odjevnih predmeta bez potrebe za skeniranjem iz vidnog polja. To zna\u010di da mo\u017eete bez napora pratiti vi\u0161e artikala istovremeno, zna\u010dajno smanjuju\u0107i vrijeme i trud koji su potrebni za provjeru zaliha.<\/span><\/div>\n<\/div>\n<div>\n<div class=\"auto-hide-last-sibling-br paragraph_1252f paragraph-element\">\n<div class=\"auto-hide-last-sibling-br paragraph_1252f paragraph-element\">\n<div class=\"auto-hide-last-sibling-br paragraph_1252f paragraph-element\">\n<div class=\"auto-hide-last-sibling-br paragraph_1252f paragraph-element\">Isticanje me\u0111u masom i efikasno upravljanje zalihama klju\u010dni su izazovi za brendove odje\u0107e. Uvo\u0111enje RFID oznaka za odje\u0107u mo\u017ee rije\u0161iti ove probleme, poma\u017eu\u0107i kompanijama ne samo da pobolj\u0161aju imid\u017e i vrijednost svog brenda, ve\u0107 i da ubrzaju svoje operacije u globalnom lancu nabavke.<\/div>\n<p>&nbsp;<\/p>\n<div class=\"auto-hide-last-sibling-br paragraph_1252f paragraph-element\">Na\u0161i proizvodi se kre\u0107u od grafi\u010dki ukra\u0161enih etiketa do ekolo\u0161kih pakovanja opremljenih radiofrekventnom identifikacijom (RFID). Ove ponude pove\u0107avaju privla\u010dnost odje\u0107e za potro\u0161a\u010de i optimiziraju zalihe i procese skladi\u0161tenja. Istovremeno, ja\u010daju sigurnost proizvoda i omogu\u0107avaju trgovcima da posvete vi\u0161e vremena svojim kupcima.<\/div>\n<p>&nbsp;<\/p>\n<div class=\"auto-hide-last-sibling-br paragraph_1252f paragraph-element\">Na ovaj na\u010din, RFID oznake za odje\u0107u slu\u017ee kao alat dvostruke namjene \u2013 poja\u010davaju privla\u010dnost brenda i osiguravaju operativnu efikasnost.<\/div>\n<\/div>\n<\/div>\n<div>\n<h2 class=\"AnswerParser_AnswerParserH2__SIHnF\">Primjene u maloprodajnoj industriji i \u0161ire<\/h2>\n<p><span class=\"AnswerParser_TextContainer__z_Iiv\" data-testid=\"youchat-text\">Svestranost na\u0161ih RFID naljepnica za pranje \u010dini ih pogodnim za \u0161irok raspon primjena:<\/span><\/p>\n<ol class=\"AnswerParser_AnswerParserOrderedList__kl_2Y\">\n<li class=\"AnswerParser_ListItem__XqLOV\" translate=\"yes\"><strong>Maloprodajne prodavnice<\/strong>: Pojednostavite upravljanje zalihama i pobolj\u0161ajte vidljivost proizvoda.<\/li>\n<li class=\"AnswerParser_ListItem__XqLOV\" translate=\"yes\"><strong>Usluge pranja rublja<\/strong>: S lako\u0107om pratite pojedina\u010dne odjevne predmete kroz cikluse pranja.<\/li>\n<li class=\"AnswerParser_ListItem__XqLOV\" translate=\"yes\"><strong>Uniforme i radna odje\u0107a<\/strong>: Efikasno upravljajte velikim koli\u010dinama sli\u010dnih predmeta.<\/li>\n<li class=\"AnswerParser_ListItem__XqLOV\" translate=\"yes\"><strong>Hospitality Industry<\/strong>: Pratite posteljinu, pe\u0161kire i uniforme osoblja.<\/li>\n<li class=\"AnswerParser_ListItem__XqLOV\" translate=\"yes\"><strong>Medical Scrubs<\/strong>: Osigurati pravilno \u010di\u0161\u0107enje i distribuciju medicinske odje\u0107e.<\/li>\n<li class=\"AnswerParser_ListItem__XqLOV\" translate=\"yes\"><strong>Iznajmljivanje kostima<\/strong>: Pojednostavite proces odjave i vra\u0107anja za preduze\u0107a za iznajmljivanje.<\/li>\n<\/ol>\n<\/div>\n<div class=\"auto-hide-last-sibling-br paragraph_1252f paragraph-element\">\n<div class=\"auto-hide-last-sibling-br paragraph_1252f paragraph-element\">\n<h2 class=\"AnswerParser_AnswerParserH2__SIHnF\">Pobolj\u0161ajte vidljivost va\u0161eg lanca snabdijevanja<\/h2>\n<p><span class=\"AnswerParser_TextContainer__z_Iiv\" data-testid=\"youchat-text\">Ugra\u0111ivanjem na\u0161ih RFID naljepnica za pranje u va\u0161u odje\u0107u, dobijate nevi\u0111enu vidljivost u svom lancu opskrbe. Pratite svoju odje\u0107u od proizvodnje do prodaje, pa \u010dak i kroz vi\u0161e ciklusa pranja u industrijskim praonicama.<\/span><span class=\"AnswerParser_TextContainer__z_Iiv\" data-testid=\"youchat-text\">Ova pobolj\u0161ana vidljivost vam omogu\u0107ava da:<\/span><\/p>\n<ul class=\"AnswerParser_AnswerParserUnorderedList__P_1FW\">\n<li class=\"AnswerParser_ListItem__XqLOV\" translate=\"yes\">Smanjite skupljanje i gubitak<\/li>\n<li class=\"AnswerParser_ListItem__XqLOV\" translate=\"yes\">Pobolj\u0161ajte efikasnost zamjene proizvoda<\/li>\n<li class=\"AnswerParser_ListItem__XqLOV\" translate=\"yes\">Optimizirajte nivoe zaliha<\/li>\n<li class=\"AnswerParser_ListItem__XqLOV\" translate=\"yes\">Pove\u0107ajte zadovoljstvo kupaca kroz bolju dostupnost proizvoda<\/li>\n<\/ul>\n<h2 class=\"AnswerParser_AnswerParserH2__SIHnF\">Jednostavna instalacija i upotreba<\/h2>\n<p><span class=\"AnswerParser_TextContainer__z_Iiv\" data-testid=\"youchat-text\">Na\u0161e RFID naljepnice za pranje su dizajnirane za besprijekornu integraciju u va\u0161u odje\u0107u:<\/span><\/p>\n<ol class=\"AnswerParser_AnswerParserOrderedList__kl_2Y\">\n<li class=\"AnswerParser_ListItem__XqLOV\" translate=\"yes\"><strong>Opcija u\u0161ivanja<\/strong>: Tradicionalna metoda pri\u010dvr\u0161\u0107ivanja za izdr\u017eljivost.<\/li>\n<li class=\"AnswerParser_ListItem__XqLOV\" translate=\"yes\"><strong>Iron-On aplikacija<\/strong>: Brza i laka instalacija pomo\u0107u tehnologije prijenosa topline.<\/li>\n<\/ol>\n<p><span class=\"AnswerParser_TextContainer__z_Iiv\" data-testid=\"youchat-text\">Obje metode osiguravaju da naljepnica ostane sigurno pri\u010dvr\u0161\u0107ena tokom \u017eivotnog ciklusa odjevnog predmeta.<\/span><\/p>\n<div class=\"auto-hide-last-sibling-br paragraph_1252f paragraph-element\"><strong>Evo nekoliko primjera kako su vrhunski brendovi odje\u0107e uspje\u0161no implementirali RFID UHF oznake:<\/strong><\/div>\n<ol class=\"auto-hide-last-sibling-br\">\n<li>\n<div class=\"auto-hide-last-sibling-br paragraph_1252f paragraph-element\"><strong>Prada<\/strong>: Ovaj poznati italijanski luksuzni brend usvojio je RFID oznake 2001. godine, omogu\u0107avaju\u0107i detaljno snimanje informacija kao \u0161to su stil, veli\u010dina, boja i cena. Zanimljivo je da kada potro\u0161a\u010di koji nose Prada odje\u0107u prolaze kroz njihove radnje, odgovaraju\u0107a odje\u0107a je izlo\u017eena na modelima u radnjama, opona\u0161aju\u0107i pistu visoke mode u Milanu. Ova inovativna upotreba RFID tehnologije pove\u0107ava zadovoljstvo Prada potro\u0161a\u010da nakon kupovine.<\/div>\n<\/li>\n<li>\n<div class=\"auto-hide-last-sibling-br paragraph_1252f paragraph-element\"><strong>H&amp;M<\/strong>: Ovaj me\u0111unarodni brend po\u010deo je da koristi RFID tehnologiju 2014. U planiranih 1.800 prodavnica, RFID tehnologija omogu\u0107ava automatsko pra\u0107enje kategorija proizvoda, koli\u010dina i potro\u0161nje.<\/div>\n<\/li>\n<li>\n<div class=\"auto-hide-last-sibling-br paragraph_1252f paragraph-element\"><strong>ZARA<\/strong>: U prvoj polovini 2016. mati\u010dna kompanija ZARA, Inditex, izjavila je da je primjena RFID tehnologije pobolj\u0161ala upravljanje zalihama i nabavkom za oko 70% njenih brendova. Ova implementacija rezultirala je pove\u0107anjem prodaje za 11.1% i pove\u0107anjem profita za 7.5%, u iznosu od 1.26 milijardi eura.<\/div>\n<\/li>\n<li>\n<div class=\"auto-hide-last-sibling-br paragraph_1252f paragraph-element\"><strong>Uniqlo<\/strong>: U 2017. godini Uniqlo je najavio svoj plan za postavljanje RFID UHF oznaka u 3.000 trgovina \u0161irom svijeta, ozna\u010davaju\u0107i ga kao prvog japanskog trgovca koji koristi elektronske oznake \u0161irom svijeta.<\/div>\n<\/li>\n<\/ol>\n<div class=\"auto-hide-last-sibling-br paragraph_1252f paragraph-element\">Ovo su samo neki uvidi u to kako vrhunski brendovi odje\u0107e koriste RFID oznake. Od 2019. godine, gotovo svaki brend svjetske klase stavio je RFID oznake na svoju odje\u0107u, \u0161to je rezultiralo preko 20 milijardi ozna\u010denih komada odje\u0107e \u2013 broj koji nastavlja zna\u010dajno rasti. Ostali poznati brendovi koji su usvojili ovu tehnologiju uklju\u010duju NIKE i Walmart.<\/div>\n<\/div>\n<\/div>\n<\/div>\n<h2 class=\"AnswerParser_AnswerParserH2__SIHnF\">Kontaktirajte nas za prilago\u0111eno rje\u0161enje<\/h2>\n<p><span class=\"AnswerParser_TextContainer__z_Iiv\" data-testid=\"youchat-text\">Spremni za revoluciju u upravljanju odjevnim predmetima s na\u0161im UHF RFID oznakama za pranje? Tu smo da vam pomognemo da prona\u0111ete savr\u0161eno rje\u0161enje za va\u0161e potrebe.<\/span><\/p>\n<ul class=\"AnswerParser_AnswerParserUnorderedList__P_1FW\">\n<li class=\"AnswerParser_ListItem__XqLOV\" translate=\"yes\"><strong>Besplatni uzorci<\/strong>: Zatra\u017eite besplatne uzorke za testiranje u va\u0161em okru\u017eenju.<\/li>\n<li class=\"AnswerParser_ListItem__XqLOV\" translate=\"yes\"><strong>Prilagodba<\/strong>: Javite nam svoje specifi\u010dne zahtjeve za prilago\u0111eno rje\u0161enje.<\/li>\n<li class=\"AnswerParser_ListItem__XqLOV\" translate=\"yes\"><strong>Stru\u010dne konsultacije<\/strong>: Na\u0161 tim stru\u010dnjaka za RFID je spreman da odgovori na va\u0161a pitanja.<\/li>\n<\/ul>\n<p><span class=\"AnswerParser_TextContainer__z_Iiv\" data-testid=\"youchat-text\">Ne dozvolite da neefikasno upravljanje zalihama sputava va\u0161e poslovanje. Prihvatite budu\u0107nost pra\u0107enja odje\u0107e s na\u0161im inovativnim RFID naljepnicama za pranje. Ispunite na\u0161 upitnik danas da zapo\u010dnete svoj put ka pametnijem i efikasnijem upravljanju odje\u0107om.<\/span><span class=\"AnswerParser_TextContainer__z_Iiv\" data-testid=\"youchat-text\">Povezani proizvodi:<\/span><\/p>\n<ul class=\"AnswerParser_AnswerParserUnorderedList__P_1FW\">\n<li class=\"AnswerParser_ListItem__XqLOV\" translate=\"yes\">RFID vise\u0107e oznake za maloprodaju<\/li>\n<li class=\"AnswerParser_ListItem__XqLOV\" translate=\"yes\">NFC-omogu\u0107ene naljepnice za njegu<\/li>\n<li class=\"AnswerParser_ListItem__XqLOV\" translate=\"yes\">Bluetooth Low Energy (BLE) ure\u0111aji za pra\u0107enje imovine<\/li>\n<\/ul>\n<p><span class=\"AnswerParser_TextContainer__z_Iiv\" data-testid=\"youchat-text\">Iskusite snagu RFID tehnologije u svom poslu s odje\u0107om. Kontaktirajte nas sada da saznate kako na\u0161e RFID oznake koje se mogu prati mogu transformirati va\u0161e operacije i dati vam konkurentsku prednost u svijetu mode i tekstila koji se brzo razvija.<\/span><\/p>\n<\/div>\n<div class=\"magic-6\">\n<div><\/div>\n<\/div>\n<\/div>\n<\/div>\n<\/div>\n<\/div>","protected":false},"excerpt":{"rendered":"<p>Proces po\u010dinje primjenom RFID \u010dipova u odje\u0107i na pojedina\u010dne komade odje\u0107e. Ove oznake se mogu skenirati na razli\u010ditim ta\u010dkama u lancu snabdevanja, omogu\u0107avaju\u0107i pra\u0107enje zaliha u realnom vremenu, verifikaciju lokacije i pra\u0107enje kretanja komponenti i gotovih proizvoda. Ovaj sistem pru\u017ea sveobuhvatan, trenutni mehanizam za upravljanje i pra\u0107enje zaliha i proizvoda.<\/p>","protected":false},"featured_media":177,"template":"","meta":{"_kad_post_transparent":"default","_kad_post_title":"","_kad_post_layout":"default","_kad_post_sidebar_id":"","_kad_post_content_style":"default","_kad_post_vertical_padding":"default","_kad_post_feature":"","_kad_post_feature_position":"","_kad_post_header":false,"_kad_post_footer":false,"_kad_post_classname":""},"product_brand":[],"product_cat":[81,53],"product_tag":[87,93,83],"class_list":{"0":"post-193","1":"product","2":"type-product","3":"status-publish","4":"has-post-thumbnail","6":"product_cat-rfid-wash-care-clothing-label","7":"product_cat-rfid-clothes-tag","8":"product_tag-fabric-uhf-rfid-wash-care-tag","9":"product_tag-rfid-chips-in-clothing","10":"product_tag-rfid-wash-care-label","12":"first","13":"instock","14":"shipping-taxable","15":"product-type-simple","16":"entry","17":"content-bg","18":"loop-entry"},"_links":{"self":[{"href":"https:\/\/rfid-laundry-tag.com\/bs\/wp-json\/wp\/v2\/product\/193","targetHints":{"allow":["GET"]}}],"collection":[{"href":"https:\/\/rfid-laundry-tag.com\/bs\/wp-json\/wp\/v2\/product"}],"about":[{"href":"https:\/\/rfid-laundry-tag.com\/bs\/wp-json\/wp\/v2\/types\/product"}],"version-history":[{"count":2,"href":"https:\/\/rfid-laundry-tag.com\/bs\/wp-json\/wp\/v2\/product\/193\/revisions"}],"predecessor-version":[{"id":2652,"href":"https:\/\/rfid-laundry-tag.com\/bs\/wp-json\/wp\/v2\/product\/193\/revisions\/2652"}],"wp:featuredmedia":[{"embeddable":true,"href":"https:\/\/rfid-laundry-tag.com\/bs\/wp-json\/wp\/v2\/media\/177"}],"wp:attachment":[{"href":"https:\/\/rfid-laundry-tag.com\/bs\/wp-json\/wp\/v2\/media?parent=193"}],"wp:term":[{"taxonomy":"product_brand","embeddable":true,"href":"https:\/\/rfid-laundry-tag.com\/bs\/wp-json\/wp\/v2\/product_brand?post=193"},{"taxonomy":"product_cat","embeddable":true,"href":"https:\/\/rfid-laundry-tag.com\/bs\/wp-json\/wp\/v2\/product_cat?post=193"},{"taxonomy":"product_tag","embeddable":true,"href":"https:\/\/rfid-laundry-tag.com\/bs\/wp-json\/wp\/v2\/product_tag?post=193"}],"curies":[{"name":"radni list","href":"https:\/\/api.w.org\/{rel}","templated":true}]}}