{"id":190,"date":"2024-06-16T05:17:47","date_gmt":"2024-06-16T05:17:47","guid":{"rendered":"https:\/\/rfid-laundry-tag.com\/?post_type=product&#038;p=190"},"modified":"2024-07-06T08:07:23","modified_gmt":"2024-07-06T08:07:23","slug":"paper-rfid-clothes-tag","status":"publish","type":"product","link":"https:\/\/rfid-laundry-tag.com\/bs\/paper-rfid-clothes-tag\/","title":{"rendered":"Papirna RFID oznaka za odje\u0107u"},"content":{"rendered":"<table class=\"has-title all magic-1\">\n<tbody>\n<tr>\n<td colspan=\"1\" rowspan=\"1\">\n<div class=\"magic-2\" data-spm-anchor-id=\"a2700.details.0.i84.7cea6afbA2IkLB\">Naziv stavke<\/div>\n<\/td>\n<td colspan=\"1\" rowspan=\"1\">\n<div class=\"magic-3\">Papirna RFID oznaka za odje\u0107u<\/div>\n<\/td>\n<\/tr>\n<tr>\n<td colspan=\"1\" rowspan=\"1\">\n<div class=\"magic-2\">Veli\u010dina<\/div>\n<\/td>\n<td colspan=\"1\" rowspan=\"1\">\n<div class=\"magic-3\">90x40mm ili prilago\u0111eno<\/div>\n<\/td>\n<\/tr>\n<tr>\n<td colspan=\"1\" rowspan=\"1\">\n<div class=\"magic-2\">Frekvencija<\/div>\n<\/td>\n<td colspan=\"1\" rowspan=\"1\">\n<div class=\"magic-3\">860-960 MHz<\/div>\n<\/td>\n<\/tr>\n<tr>\n<td colspan=\"1\" rowspan=\"1\">\n<div class=\"magic-2\">Tip IC (\u010dip)<\/div>\n<\/td>\n<td colspan=\"1\" rowspan=\"1\">\n<div class=\"magic-3\">NXP Ucode 8 ili 9<\/div>\n<\/td>\n<\/tr>\n<tr>\n<td colspan=\"1\" rowspan=\"1\">\n<div class=\"magic-2\">Protokol<\/div>\n<\/td>\n<td colspan=\"1\" rowspan=\"1\">\n<div class=\"magic-3\">ISO18000 6C<\/div>\n<\/td>\n<\/tr>\n<tr>\n<td colspan=\"1\" rowspan=\"1\">\n<div class=\"magic-4\">Memorija<\/div>\n<\/td>\n<td colspan=\"1\" rowspan=\"1\">\n<div class=\"magic-3\">EPC 96 bita<\/div>\n<\/td>\n<\/tr>\n<tr>\n<td colspan=\"1\" rowspan=\"1\">\n<div class=\"magic-2\">Materijal<\/div>\n<\/td>\n<td colspan=\"1\" rowspan=\"1\">\n<div class=\"magic-3\">Papir.PET,ETD<\/div>\n<\/td>\n<\/tr>\n<tr>\n<td colspan=\"1\" rowspan=\"1\">\n<div class=\"magic-2\">\u0160tampanje<\/div>\n<\/td>\n<td colspan=\"1\" rowspan=\"1\">\n<div class=\"magic-3\" data-spm-anchor-id=\"a2700.details.0.i85.7cea6afbA2IkLB\">Logo, qr kod, bar kod, serijski broj<\/div>\n<\/td>\n<\/tr>\n<tr>\n<td colspan=\"1\" rowspan=\"1\">\n<div class=\"magic-2\">Radna temperatura<\/div>\n<\/td>\n<td colspan=\"1\" rowspan=\"1\">\n<div class=\"magic-3\">-30 \u00b0C \u2013 +80 \u00b0C<\/div>\n<\/td>\n<\/tr>\n<tr>\n<td colspan=\"1\" rowspan=\"1\">\n<div class=\"magic-2\">Pro\u010ditajte udaljenost<\/div>\n<\/td>\n<td colspan=\"1\" rowspan=\"1\">\n<div class=\"magic-3\">Do 15m<\/div>\n<\/td>\n<\/tr>\n<tr>\n<td colspan=\"1\" rowspan=\"1\">\n<div class=\"magic-5\">Afiksi To<\/div>\n<\/td>\n<td colspan=\"1\" rowspan=\"1\">\n<div class=\"magic-3\">Posteljina i odjevni predmeti<\/div>\n<\/td>\n<\/tr>\n<tr>\n<td colspan=\"1\" rowspan=\"1\">\n<div class=\"magic-4\">IP Rating<\/div>\n<\/td>\n<td colspan=\"1\" rowspan=\"1\">\n<div class=\"magic-3\">IP67<\/div>\n<\/td>\n<\/tr>\n<tr>\n<td colspan=\"1\" rowspan=\"1\">\n<div class=\"magic-4\">Boja<\/div>\n<\/td>\n<td colspan=\"1\" rowspan=\"1\">\n<div class=\"magic-3\">Bijelo<\/div>\n<\/td>\n<\/tr>\n<\/tbody>\n<\/table>\n<div><\/div>\n<div>Napravljene od papira sa centralnim UHF RFID \u010dipom, ove oznake olak\u0161avaju daljinsko skeniranje. Trenutno dostupne u nizu dizajna i dimenzija, na\u0161e RFID oznake tako\u0111er mogu biti ukra\u0161ene personaliziranim umjetni\u010dkim djelima. Ova karakteristika omogu\u0107ava da oznake slu\u017ee kao brendiranje vozila bez ugro\u017eavanja njihove osnovne svrhe.<\/div>\n<div><\/div>\n<div class=\"auto-hide-last-sibling-br paragraph_1252f paragraph-element\">RFID oznake za odje\u0107u igraju vitalnu ulogu u maloprodajnoj industriji, slu\u017ee\u0107i mno\u0161tvu funkcija od upravljanja zalihama i prevencije kra\u0111e do optimizacije lanca opskrbe.<\/div>\n<p>&nbsp;<\/p>\n<div class=\"auto-hide-last-sibling-br paragraph_1252f paragraph-element\">Kako bi efikasnije upravljali svojim zalihama, trgovci na svaki odjevni predmet pri\u010dvr\u0161\u0107uju RFID oznaku. Ove oznake se mogu brzo i precizno skenirati pomo\u0107u RFID \u010dita\u010da, drasti\u010dno pobolj\u0161avaju\u0107i brzinu i efikasnost brojanja inventara.<\/div>\n<p>&nbsp;<\/p>\n<div class=\"auto-hide-last-sibling-br paragraph_1252f paragraph-element\">Evo nekih zna\u010dajnih prednosti kori\u0161tenja RFID oznaka za odje\u0107u:<\/div>\n<div class=\"auto-hide-last-sibling-br paragraph_1252f paragraph-element\">Prevencija gubitka: Ove oznake pru\u017eaju robusnu meru prevencije kra\u0111e. Ako se ozna\u010dena stavka pomakne pored izlaza bez deaktivacije, aktivira se alarm koji obavje\u0161tava osoblje trgovine o mogu\u0107oj kra\u0111i.<\/div>\n<p>&nbsp;<\/p>\n<div class=\"auto-hide-last-sibling-br paragraph_1252f paragraph-element\">Optimizacija lanca snabdevanja: Bolja vidljivost i pra\u0107enje odevnih predmeta kroz lanac snabdevanja posti\u017ee se kori\u0161\u0107enjem RFID oznaka. Ovo pra\u0107enje u realnom vremenu omogu\u0107ava proizvo\u0111a\u010dima, distributerima i trgovcima da pobolj\u0161aju logistiku i kontrolu zaliha.<\/div>\n<div class=\"auto-hide-last-sibling-br paragraph_1252f paragraph-element\">Postavljanje oznaka: Svestranost je veliki plus kod RFID oznaka. Mogu se u\u0161iti u odjevni predmet, umetnuti u etiketu ili privjesak ili ugraditi u specijalizirane sigurnosne oznake.<\/div>\n<div class=\"auto-hide-last-sibling-br paragraph_1252f paragraph-element\">Varijante oznaka: RFID oznake dolaze u razli\u010ditim varijantama, uklju\u010duju\u0107i pasivne i aktivne oznake. Pasivne oznake ovise o energiji RFID \u010dita\u010da za prijenos podataka. Nasuprot tome, aktivne oznake imaju vlastiti izvor napajanja, \u0161to im omogu\u0107ava prijenos podataka na ve\u0107e udaljenosti.<\/div>\n<div class=\"auto-hide-last-sibling-br paragraph_1252f paragraph-element\">Sigurnost podataka: Privatnost korisnika je prioritet kod RFID sistema. Kako bi se sprije\u010dio neovla\u0161teni pristup osjetljivim informacijama, obi\u010dno se koriste protokoli za \u0161ifriranje i autentifikaciju.<\/div>\n<div><\/div>\n<div>\n<div class=\"auto-hide-last-sibling-br paragraph_1252f paragraph-element\">UHF RFID papirne oznake nose uzbudljiv potencijal za revoluciju u operacijama u industrijama kao \u0161to su upravljanje maloprodajom odje\u0107e, upravljanje zalihama odje\u0107e i upravljanje lancem opskrbe odje\u0107om.<\/div>\n<p>&nbsp;<\/p>\n<div class=\"auto-hide-last-sibling-br paragraph_1252f paragraph-element\">Implementacija ovih oznaka dovodi do porasta efikasnosti \u2013 vi\u0161e ne morate ru\u010dno dodijeliti sate za brojanje zaliha ili pra\u0107enje po\u0161iljaka. RFID tehnologija to \u010dini za vas, precizno i brzo, omogu\u0107avaju\u0107i va\u0161em timu da se fokusira na druge vitalne zadatke.<\/div>\n<p>&nbsp;<\/p>\n<div class=\"auto-hide-last-sibling-br paragraph_1252f paragraph-element\">Pobolj\u0161ana preciznost je jo\u0161 jedna zna\u010dajna prednost na\u0161ih RFID oznaka. Rizik od ljudske gre\u0161ke pri ru\u010dnom pra\u0107enju i unosu podataka efikasno je suzbijen ovim automatizovanim oznakama. Ova pove\u0107ana preciznost u prikupljanju podataka dovodi do preciznijih uvida, poma\u017eu\u0107i efektivnom dono\u0161enju odluka u va\u0161im poslovnim operacijama.<\/div>\n<p>&nbsp;<\/p>\n<div class=\"auto-hide-last-sibling-br paragraph_1252f paragraph-element\">Ve\u0107a efikasnost i preciznost zajedno pojednostavljuju va\u0161e operacije i dovode do pove\u0107ane profitabilnosti. Ulaganjem u na\u0161e UHF RFID papirne etikete, ne samo da pobolj\u0161avate svoju sada\u0161nju operativnu efikasnost ve\u0107 i osiguravate odr\u017eiv, profitabilan rast va\u0161eg poslovanja na duge staze.<\/div>\n<\/div>\n<p>&nbsp;<\/p>\n<p>&nbsp;<\/p>","protected":false},"excerpt":{"rendered":"<div class=\"auto-hide-last-sibling-br paragraph_1252f paragraph-element\">\n<div class=\"auto-hide-last-sibling-br paragraph_1252f paragraph-element\">\u00a0RFID papirne oznake za odje\u0107u nude dinami\u010dno rje\u0161enje za pra\u0107enje i kontrolu zaliha u sektoru odje\u0107e. Ove oznake koje se prvenstveno koriste u maloprodajnim radnjama i fabrikama odevnih predmeta omogu\u0107avaju efikasno pra\u0107enje odevnih predmeta.<\/div>\n<p>&nbsp;<\/p>\n<div class=\"auto-hide-last-sibling-br paragraph_1252f paragraph-element\"><\/div>\n<\/div>","protected":false},"featured_media":191,"template":"","meta":{"_kad_post_transparent":"default","_kad_post_title":"","_kad_post_layout":"default","_kad_post_sidebar_id":"","_kad_post_content_style":"default","_kad_post_vertical_padding":"default","_kad_post_feature":"","_kad_post_feature_position":"","_kad_post_header":false,"_kad_post_footer":false,"_kad_post_classname":""},"product_brand":[],"product_cat":[53],"product_tag":[92,89,91],"class_list":{"0":"post-190","1":"product","2":"type-product","3":"status-publish","4":"has-post-thumbnail","6":"product_cat-rfid-clothes-tag","7":"product_tag-paper-rfid-clothes-tag","8":"product_tag-rfid-clothing-tags","9":"product_tag-uhf-rfid-paper-hang-tags","11":"first","12":"instock","13":"shipping-taxable","14":"product-type-simple","15":"entry","16":"content-bg","17":"loop-entry"},"_links":{"self":[{"href":"https:\/\/rfid-laundry-tag.com\/bs\/wp-json\/wp\/v2\/product\/190","targetHints":{"allow":["GET"]}}],"collection":[{"href":"https:\/\/rfid-laundry-tag.com\/bs\/wp-json\/wp\/v2\/product"}],"about":[{"href":"https:\/\/rfid-laundry-tag.com\/bs\/wp-json\/wp\/v2\/types\/product"}],"version-history":[{"count":0,"href":"https:\/\/rfid-laundry-tag.com\/bs\/wp-json\/wp\/v2\/product\/190\/revisions"}],"wp:featuredmedia":[{"embeddable":true,"href":"https:\/\/rfid-laundry-tag.com\/bs\/wp-json\/wp\/v2\/media\/191"}],"wp:attachment":[{"href":"https:\/\/rfid-laundry-tag.com\/bs\/wp-json\/wp\/v2\/media?parent=190"}],"wp:term":[{"taxonomy":"product_brand","embeddable":true,"href":"https:\/\/rfid-laundry-tag.com\/bs\/wp-json\/wp\/v2\/product_brand?post=190"},{"taxonomy":"product_cat","embeddable":true,"href":"https:\/\/rfid-laundry-tag.com\/bs\/wp-json\/wp\/v2\/product_cat?post=190"},{"taxonomy":"product_tag","embeddable":true,"href":"https:\/\/rfid-laundry-tag.com\/bs\/wp-json\/wp\/v2\/product_tag?post=190"}],"curies":[{"name":"radni list","href":"https:\/\/api.w.org\/{rel}","templated":true}]}}