{"id":183,"date":"2024-06-15T17:11:39","date_gmt":"2024-06-15T17:11:39","guid":{"rendered":"https:\/\/rfid-laundry-tag.com\/?post_type=product&#038;p=183"},"modified":"2024-06-15T17:22:58","modified_gmt":"2024-06-15T17:22:58","slug":"fabric-uhf-rfid-wash-care-tag","status":"publish","type":"product","link":"https:\/\/rfid-laundry-tag.com\/bs\/fabric-uhf-rfid-wash-care-tag\/","title":{"rendered":"Oznaka za pranje UHF RFID tkanine"},"content":{"rendered":"<div class=\"J_module\">\n<div class=\"ife-detail-decorate-table\">\n<table class=\"hight-light-first-column all magic-14\">\n<tbody>\n<tr>\n<td colspan=\"1\" rowspan=\"1\">\n<div class=\"magic-15\" data-spm-anchor-id=\"a2700.details.0.i95.236a58c1ycsfva\">Naziv proizvodnje:<\/div>\n<\/td>\n<td colspan=\"1\" rowspan=\"1\">\n<div class=\"magic-16\">Oznaka za pranje UHF RFID tkanine<\/div>\n<\/td>\n<\/tr>\n<tr>\n<td colspan=\"1\" rowspan=\"1\">\n<div class=\"magic-15\"><span class=\"magic-17\">Materijal:<\/span><\/div>\n<\/td>\n<td colspan=\"1\" rowspan=\"1\">\n<div class=\"magic-16\">Poliester\/Kompozicija\/Saten\/Pamuk\/Netkani\/PET itd.<\/div>\n<\/td>\n<\/tr>\n<tr>\n<td colspan=\"1\" rowspan=\"1\">\n<div class=\"magic-15\"><span class=\"magic-17\">Veli\u010dina:<\/span><\/div>\n<\/td>\n<td colspan=\"1\" rowspan=\"1\">\n<div class=\"magic-16\"><span class=\"magic-17\">80*38mm\/60*30mm ili prilago\u0111eno<\/span><\/div>\n<\/td>\n<\/tr>\n<tr>\n<td colspan=\"1\" rowspan=\"1\">\n<div class=\"magic-15\"><span class=\"magic-17\">Vrsta:<\/span><\/div>\n<\/td>\n<td colspan=\"1\" rowspan=\"1\">\n<div class=\"magic-16\"><span class=\"magic-17\">Pasivno, RFID<\/span><\/div>\n<\/td>\n<\/tr>\n<tr>\n<td colspan=\"1\" rowspan=\"1\">\n<div class=\"magic-15\">RF protokol:<\/div>\n<\/td>\n<td colspan=\"1\" rowspan=\"1\">\n<div class=\"magic-16\">ISO 18000-6C; EPC klasa 1 Gen 2<\/div>\n<\/td>\n<\/tr>\n<tr>\n<td colspan=\"1\" rowspan=\"1\">\n<div class=\"magic-15\"><span class=\"magic-17\">U\u010destalost:<\/span><\/div>\n<\/td>\n<td colspan=\"1\" rowspan=\"1\">\n<div class=\"magic-16\"><span class=\"magic-17\">860~960MHz<\/span><\/div>\n<\/td>\n<\/tr>\n<tr>\n<td colspan=\"1\" rowspan=\"1\">\n<div class=\"magic-15\">\u010cip<\/div>\n<\/td>\n<td colspan=\"1\" rowspan=\"1\">\n<div class=\"magic-16\">Alien Higgs, Monza 3, Monza 4D, Monza 4QT, Monza R6, Monza R6-P, Impinj M730, Impinj M750 itd.<\/div>\n<\/td>\n<\/tr>\n<tr>\n<td colspan=\"1\" rowspan=\"1\">\n<div class=\"magic-15\"><span class=\"magic-17\">Udaljenost \u010ditanja:<\/span><\/div>\n<\/td>\n<td colspan=\"1\" rowspan=\"1\">\n<div class=\"magic-16\"><span class=\"magic-17\">UHF: 1~10m (zavisi od \u010dita\u010da i antene)<\/span><\/div>\n<\/td>\n<\/tr>\n<tr>\n<td colspan=\"1\" rowspan=\"1\">\n<div class=\"magic-15\"><span class=\"magic-17\">fiksni na\u010din:<\/span><\/div>\n<\/td>\n<td colspan=\"1\" rowspan=\"1\">\n<div class=\"magic-16\"><span class=\"magic-17\">\u0160ivanje \/ peglanje<\/span><\/div>\n<\/td>\n<\/tr>\n<tr>\n<td colspan=\"1\" rowspan=\"1\">\n<div class=\"magic-15\"><span class=\"magic-17\">\u0160tampanje:<\/span><\/div>\n<\/td>\n<td colspan=\"1\" rowspan=\"1\">\n<div class=\"magic-16\"><span class=\"magic-17\">\u0160tampanje, kodiranje, serijski broj, dizajn, itd.<\/span><\/div>\n<\/td>\n<\/tr>\n<tr>\n<td colspan=\"1\" rowspan=\"1\">\n<div class=\"magic-15\"><span class=\"magic-17\">IC \u017eivot:<\/span><\/div>\n<\/td>\n<td colspan=\"1\" rowspan=\"1\">\n<div class=\"magic-16\" data-spm-anchor-id=\"a2700.details.0.i94.236a58c1ycsfva\"><span class=\"magic-17\">100.000 ciklusa programiranja<br \/>\n10 godina \u010duvanja podataka<\/span><\/div>\n<\/td>\n<\/tr>\n<tr>\n<td colspan=\"1\" rowspan=\"1\">\n<div class=\"magic-15\"><span class=\"magic-17\">Dostupnost uzorka:<\/span><\/div>\n<\/td>\n<td colspan=\"1\" rowspan=\"1\">\n<div class=\"magic-16\"><span class=\"magic-17\">Besplatni uzorci dostupni su na zahtjev<\/span><\/div>\n<\/td>\n<\/tr>\n<tr>\n<td colspan=\"1\" rowspan=\"1\">\n<div class=\"magic-15\"><span class=\"magic-17\">Prijave:\u00a0<\/span><\/div>\n<\/td>\n<td colspan=\"1\" rowspan=\"1\">\n<div class=\"magic-16\"><span class=\"magic-17\">\u00b7 Upravljanje zalihama<br \/>\n\u00b7 Lanac snabdevanja<br \/>\n\u00b7 Maloprodaja<\/span><\/div>\n<\/td>\n<\/tr>\n<tr>\n<td colspan=\"1\" rowspan=\"1\">\n<div class=\"magic-15\"><span class=\"magic-17\">Koristi<\/span><\/div>\n<\/td>\n<td colspan=\"1\" rowspan=\"1\">\n<div class=\"magic-16\"><span class=\"magic-17\">Odje\u0107a, odje\u0107a, torbe, cipele itd.<\/span><\/div>\n<\/td>\n<\/tr>\n<\/tbody>\n<\/table>\n<\/div>\n<\/div>\n<div class=\"J_module\">\n<div class=\"detail-decorate-json-renderer-container\">\n<div class=\"magic-1\">\n<div class=\"magic-5\">\n<div class=\"magic-6\">\n<div><\/div>\n<\/div>\n<div>\n<div class=\"auto-hide-last-sibling-br paragraph_1252f paragraph-element\">\n<div class=\"auto-hide-last-sibling-br paragraph_1252f paragraph-element\">\n<div class=\"auto-hide-last-sibling-br paragraph_1252f paragraph-element\">\n<div class=\"auto-hide-last-sibling-br paragraph_1252f paragraph-element\">Na\u0161<strong> Oznaka za pranje UHF RFID tkanine<\/strong> je revolucionarno rje\u0161enje koje spaja tradicionalne etikete za njegu odje\u0107e s najmodernijom RFID tehnologijom. Dizajnirane da budu u skladu sa standardima ISO18000-6C EPC Class 1 Gen2, ove oznake sadr\u017ee pasivni UHF 860-960 MHz RFID inlay.<\/div>\n<p><br class=\"container_e695a wrapper_ad07b undefined\" \/><\/p>\n<div class=\"auto-hide-last-sibling-br paragraph_1252f paragraph-element\"><strong>Izdvajamo:<\/strong><\/div>\n<p><br class=\"container_e695a wrapper_ad07b undefined\" \/><\/p>\n<ol class=\"auto-hide-last-sibling-br\">\n<li>Raznovrsni materijali: Ove oznake mogu biti napravljene od mnogih materijala, uklju\u010duju\u0107i tkane tkanine do trake, nude\u0107i fleksibilnost u dizajnu i upotrebi.<\/li>\n<li>Trajnost: Osnovni atribut ovih oznaka je njihova otpornost. Poseduju otpornost na peglanje i pranje, obezbe\u0111uju\u0107i stalne performanse i \u010ditljivost, \u010dak i nakon ponavljanja ciklusa pranja.<\/li>\n<li>Povr\u0161inska \u0161tampa: mo\u017eemo da \u0161tampamo na povr\u0161ini ovih nalepnica omogu\u0107avaju\u0107i im da prika\u017eu uobi\u010dajene informacije kao \u0161to su uputstva za njegu, veli\u010dina, sadr\u017eaj tkanine, naziv robne marke i jo\u0161 mnogo toga.<\/li>\n<li>Svestranost veli\u010dine i pakovanja: Na\u0161e RFID oznake za njegu dostupne su u \u0161irokom rasponu veli\u010dina koje odgovaraju razli\u010ditim stilovima odje\u0107e i zahtjevima upotrebe. Oni tako\u0111er nude fleksibilne opcije pakiranja za \u0161iroku lepezu primjena.<\/li>\n<li>\u0160ivanje ode\u0107e: Jednom kada se ove RFID oznake za\u0161iju na ode\u0107u, one efektivno zamenjuju tradicionalne etikete za pranje. Oni \u0107e ostati vezani za odjevni predmet tokom njegovog \u017eivotnog vijeka, pru\u017eaju\u0107i efikasno dugotrajno pra\u0107enje i upravljanje.<\/li>\n<\/ol>\n<p><br class=\"container_e695a wrapper_ad07b undefined\" \/><\/p>\n<div class=\"auto-hide-last-sibling-br paragraph_1252f paragraph-element\"><strong>Prednosti:<\/strong><\/div>\n<p><br class=\"container_e695a wrapper_ad07b undefined\" \/><\/p>\n<ul class=\"auto-hide-last-sibling-br\">\n<li>Donosimo veliko iskustvo u proizvodnji RFID, osiguravaju\u0107i prilago\u0111ena rje\u0161enja proizvoda za na\u0161e kupce.<\/li>\n<li>Obe\u0107avamo brzo ispunjenje narud\u017ebi, \u010dak i za velike narud\u017ebe.<\/li>\n<li>Stru\u010dnjaci smo za upravljanje procesima varijabilnih podataka, uklju\u010duju\u0107i QR kodove, bar kodove, sekvencijalno numeriranje i kodiranje \u010dipa.<\/li>\n<li>Zadovoljavamo jedinstvene zahtjeve kupaca, nude\u0107i niz RFID naljepnica za njegu od ultra-mekog satena i robusnog najlona do ugla\u0111enog tafta, luksuzne svile, pa \u010dak i vodootpornih etiketa za pranje.<\/li>\n<\/ul>\n<\/div>\n<\/div>\n<p>&nbsp;<\/p>\n<\/div>\n<\/div>\n<div class=\"magic-6\">\n<div><\/div>\n<\/div>\n<\/div>\n<\/div>\n<\/div>\n<\/div>","protected":false},"excerpt":{"rendered":"<p>Fabric UHF RFID Wash Care Tag je dizajniran da traje kroz \u017eivotni ciklus odjevnog predmeta, pru\u017eaju\u0107i efikasno pra\u0107enje svakog artikla od proizvodnje do skladi\u0161tenja, prodaje i potencijalno \u010dak i nakon prodaje. Njihova izuzetna otpornost na rigorozne cikluse pranja rublja, peglanje i svakodnevno habanje \u010dini ove RFID naljepnice robusnim odgovorom na tradicionalne izazove zaliha.<\/p>","protected":false},"featured_media":184,"template":"","meta":{"_kad_post_transparent":"default","_kad_post_title":"","_kad_post_layout":"default","_kad_post_sidebar_id":"","_kad_post_content_style":"default","_kad_post_vertical_padding":"default","_kad_post_feature":"","_kad_post_feature_position":"","_kad_post_header":false,"_kad_post_footer":false,"_kad_post_classname":""},"product_brand":[],"product_cat":[81],"product_tag":[87,85,83],"class_list":{"0":"post-183","1":"product","2":"type-product","3":"status-publish","4":"has-post-thumbnail","6":"product_cat-rfid-wash-care-clothing-label","7":"product_tag-fabric-uhf-rfid-wash-care-tag","8":"product_tag-laundry-rfid-wash-care-label","9":"product_tag-rfid-wash-care-label","11":"first","12":"instock","13":"shipping-taxable","14":"product-type-simple","15":"entry","16":"content-bg","17":"loop-entry"},"_links":{"self":[{"href":"https:\/\/rfid-laundry-tag.com\/bs\/wp-json\/wp\/v2\/product\/183","targetHints":{"allow":["GET"]}}],"collection":[{"href":"https:\/\/rfid-laundry-tag.com\/bs\/wp-json\/wp\/v2\/product"}],"about":[{"href":"https:\/\/rfid-laundry-tag.com\/bs\/wp-json\/wp\/v2\/types\/product"}],"version-history":[{"count":0,"href":"https:\/\/rfid-laundry-tag.com\/bs\/wp-json\/wp\/v2\/product\/183\/revisions"}],"wp:featuredmedia":[{"embeddable":true,"href":"https:\/\/rfid-laundry-tag.com\/bs\/wp-json\/wp\/v2\/media\/184"}],"wp:attachment":[{"href":"https:\/\/rfid-laundry-tag.com\/bs\/wp-json\/wp\/v2\/media?parent=183"}],"wp:term":[{"taxonomy":"product_brand","embeddable":true,"href":"https:\/\/rfid-laundry-tag.com\/bs\/wp-json\/wp\/v2\/product_brand?post=183"},{"taxonomy":"product_cat","embeddable":true,"href":"https:\/\/rfid-laundry-tag.com\/bs\/wp-json\/wp\/v2\/product_cat?post=183"},{"taxonomy":"product_tag","embeddable":true,"href":"https:\/\/rfid-laundry-tag.com\/bs\/wp-json\/wp\/v2\/product_tag?post=183"}],"curies":[{"name":"radni list","href":"https:\/\/api.w.org\/{rel}","templated":true}]}}