{"id":176,"date":"2024-06-15T16:46:13","date_gmt":"2024-06-15T16:46:13","guid":{"rendered":"https:\/\/rfid-laundry-tag.com\/?post_type=product&#038;p=176"},"modified":"2024-06-15T16:46:13","modified_gmt":"2024-06-15T16:46:13","slug":"nylon-rfid-wash-care-clothing-label","status":"publish","type":"product","link":"https:\/\/rfid-laundry-tag.com\/bs\/nylon-rfid-wash-care-clothing-label\/","title":{"rendered":"Najlonska RFID naljepnica za pranje odje\u0107e"},"content":{"rendered":"<div class=\"J_module\">\n<div class=\"ife-detail-decorate-table\">\n<table class=\"hight-light-first-column all magic-14\">\n<tbody>\n<tr>\n<td colspan=\"1\" rowspan=\"1\">\n<div class=\"magic-15\" data-spm-anchor-id=\"a2700.details.0.i95.236a58c1ycsfva\">Naziv proizvodnje:<\/div>\n<\/td>\n<td colspan=\"1\" rowspan=\"1\">\n<div class=\"magic-16\">Najlonska RFID naljepnica za pranje odje\u0107e<\/div>\n<\/td>\n<\/tr>\n<tr>\n<td colspan=\"1\" rowspan=\"1\">\n<div class=\"magic-15\"><span class=\"magic-17\">Materijal:<\/span><\/div>\n<\/td>\n<td colspan=\"1\" rowspan=\"1\">\n<div class=\"magic-16\">Poliester\/Kompozicija\/Saten\/Pamuk\/Netkani\/PET itd.<\/div>\n<\/td>\n<\/tr>\n<tr>\n<td colspan=\"1\" rowspan=\"1\">\n<div class=\"magic-15\"><span class=\"magic-17\">Veli\u010dina:<\/span><\/div>\n<\/td>\n<td colspan=\"1\" rowspan=\"1\">\n<div class=\"magic-16\"><span class=\"magic-17\">80*38mm\/60*30mm ili prilago\u0111eno<\/span><\/div>\n<\/td>\n<\/tr>\n<tr>\n<td colspan=\"1\" rowspan=\"1\">\n<div class=\"magic-15\"><span class=\"magic-17\">Vrsta:<\/span><\/div>\n<\/td>\n<td colspan=\"1\" rowspan=\"1\">\n<div class=\"magic-16\"><span class=\"magic-17\">Pasivno, RFID<\/span><\/div>\n<\/td>\n<\/tr>\n<tr>\n<td colspan=\"1\" rowspan=\"1\">\n<div class=\"magic-15\">RF protokol:<\/div>\n<\/td>\n<td colspan=\"1\" rowspan=\"1\">\n<div class=\"magic-16\">ISO 18000-6C; EPC klasa 1 Gen 2<\/div>\n<\/td>\n<\/tr>\n<tr>\n<td colspan=\"1\" rowspan=\"1\">\n<div class=\"magic-15\"><span class=\"magic-17\">U\u010destalost:<\/span><\/div>\n<\/td>\n<td colspan=\"1\" rowspan=\"1\">\n<div class=\"magic-16\"><span class=\"magic-17\">860~960MHz<\/span><\/div>\n<\/td>\n<\/tr>\n<tr>\n<td colspan=\"1\" rowspan=\"1\">\n<div class=\"magic-15\">\u010cip<\/div>\n<\/td>\n<td colspan=\"1\" rowspan=\"1\">\n<div class=\"magic-16\">Impinj Monza R6\/R6-P, NXP UCODE8\/UCODE9 itd.<\/div>\n<\/td>\n<\/tr>\n<tr>\n<td colspan=\"1\" rowspan=\"1\">\n<div class=\"magic-15\"><span class=\"magic-17\">Udaljenost \u010ditanja:<\/span><\/div>\n<\/td>\n<td colspan=\"1\" rowspan=\"1\">\n<div class=\"magic-16\"><span class=\"magic-17\">UHF: 1~10m (zavisi od \u010dita\u010da i antene)<\/span><\/div>\n<\/td>\n<\/tr>\n<tr>\n<td colspan=\"1\" rowspan=\"1\">\n<div class=\"magic-15\"><span class=\"magic-17\">fiksni na\u010din:<\/span><\/div>\n<\/td>\n<td colspan=\"1\" rowspan=\"1\">\n<div class=\"magic-16\"><span class=\"magic-17\">\u0160ivanje \/ peglanje<\/span><\/div>\n<\/td>\n<\/tr>\n<tr>\n<td colspan=\"1\" rowspan=\"1\">\n<div class=\"magic-15\"><span class=\"magic-17\">\u0160tampanje:<\/span><\/div>\n<\/td>\n<td colspan=\"1\" rowspan=\"1\">\n<div class=\"magic-16\"><span class=\"magic-17\">\u0160tampanje, kodiranje, serijski broj, dizajn, itd.<\/span><\/div>\n<\/td>\n<\/tr>\n<tr>\n<td colspan=\"1\" rowspan=\"1\">\n<div class=\"magic-15\"><span class=\"magic-17\">IC \u017eivot:<\/span><\/div>\n<\/td>\n<td colspan=\"1\" rowspan=\"1\">\n<div class=\"magic-16\" data-spm-anchor-id=\"a2700.details.0.i94.236a58c1ycsfva\"><span class=\"magic-17\">100.000 ciklusa programiranja<br \/>\n10 godina \u010duvanja podataka<\/span><\/div>\n<\/td>\n<\/tr>\n<tr>\n<td colspan=\"1\" rowspan=\"1\">\n<div class=\"magic-15\"><span class=\"magic-17\">Dostupnost uzorka:<\/span><\/div>\n<\/td>\n<td colspan=\"1\" rowspan=\"1\">\n<div class=\"magic-16\"><span class=\"magic-17\">Besplatni uzorci dostupni su na zahtjev<\/span><\/div>\n<\/td>\n<\/tr>\n<tr>\n<td colspan=\"1\" rowspan=\"1\">\n<div class=\"magic-15\"><span class=\"magic-17\">Prijave:\u00a0<\/span><\/div>\n<\/td>\n<td colspan=\"1\" rowspan=\"1\">\n<div class=\"magic-16\"><span class=\"magic-17\">\u00b7 Upravljanje zalihama<br \/>\n\u00b7 Lanac snabdevanja<br \/>\n\u00b7 Maloprodaja<\/span><\/div>\n<\/td>\n<\/tr>\n<tr>\n<td colspan=\"1\" rowspan=\"1\">\n<div class=\"magic-15\"><span class=\"magic-17\">Koristi<\/span><\/div>\n<\/td>\n<td colspan=\"1\" rowspan=\"1\">\n<div class=\"magic-16\"><span class=\"magic-17\">Odje\u0107a, odje\u0107a, torbe, cipele itd.<\/span><\/div>\n<\/td>\n<\/tr>\n<\/tbody>\n<\/table>\n<\/div>\n<\/div>\n<div class=\"J_module\">\n<div class=\"detail-decorate-json-renderer-container\">\n<div class=\"magic-1\">\n<div class=\"magic-5\">\n<div class=\"magic-6\">\n<div class=\"magic-7\"><span class=\"magic-10\">UCODE su registrovani za\u0161titni znakovi NXP BV i koriste se pod licencom.<\/span><\/div>\n<div><\/div>\n<\/div>\n<div>\n<div class=\"auto-hide-last-sibling-br paragraph_1252f paragraph-element\">Modni predmeti kao \u0161to su odjevni predmeti su podlo\u017eni razli\u010ditim faktorima utjecaja koji mogu utjecati na prodaju, uklju\u010duju\u0107i sezonske varijacije, geografsku lokaciju, preferencije kupaca, modne trendove i cijene. Uloga RFID naljepnica za njegu ovdje postaje klju\u010dna jer omogu\u0107avaju kompanijama za odje\u0107u da prate dinamiku prodaje u realnom vremenu.<\/div>\n<p><br class=\"container_e695a wrapper_ad07b undefined\" \/><\/p>\n<div class=\"auto-hide-last-sibling-br paragraph_1252f paragraph-element\">\n<div class=\"auto-hide-last-sibling-br paragraph_1252f paragraph-element\"><strong>Karakteristike najlonske RFID oznake za pranje odje\u0107e:<\/strong><\/div>\n<p><br class=\"container_e695a wrapper_ad07b undefined\" \/><\/p>\n<ol class=\"auto-hide-last-sibling-br\">\n<li>\n<div class=\"auto-hide-last-sibling-br paragraph_1252f paragraph-element\"><strong>Materijal:<\/strong>\u00a0Naljepnica je izra\u0111ena od najlona, jakog i izdr\u017eljivog materijala koji mo\u017ee izdr\u017eati visoke temperature, pritisak i grubo rukovanje, osiguravaju\u0107i netaknutu etiketu bez obzira na prirodu rukovanja odjevnim predmetom i proceduru pranja.<\/div>\n<\/li>\n<li>\n<div class=\"auto-hide-last-sibling-br paragraph_1252f paragraph-element\"><strong>Pra\u0107enje podataka:<\/strong>\u00a0Omogu\u0107en RFID tehnologijom, omogu\u0107ava pra\u0107enje i prikupljanje relevantnih podataka u realnom vremenu kao \u0161to su istorija proizvoda, lokacija i status, pru\u017eaju\u0107i vrijedne uvide kompanijama za proizvodnju odje\u0107e.<\/div>\n<\/li>\n<li>\n<div class=\"auto-hide-last-sibling-br paragraph_1252f paragraph-element\"><strong>Funkcionalnost:<\/strong>\u00a0RFID naljepnica funkcionira u razli\u010ditim te\u0161kim okru\u017eenjima i tako\u0111er mo\u017ee identificirati vi\u0161e oznaka istovremeno, \u010dak i na predmetima koji se brzo kre\u0107u.<\/div>\n<\/li>\n<li>\n<div class=\"auto-hide-last-sibling-br paragraph_1252f paragraph-element\"><strong>Postojanost:<\/strong>\u00a0Za razliku od tradicionalnih etiketa za vje\u0161anje, RFID naljepnice se obi\u010dno u\u0161ivaju ili blan\u0161iraju u odjevni predmet, \u0161to rezultira smanjenim \u0161ansama da otpadne tokom transporta ili rukovanja.<\/div>\n<\/li>\n<li>\n<div class=\"auto-hide-last-sibling-br paragraph_1252f paragraph-element\"><strong>Zeleno i sigurno:<\/strong>\u00a0Etikete su zelene i sigurne, jer imaju najmanji utjecaj na okoli\u0161 nakon odlaganja.<\/div>\n<\/li>\n<\/ol>\n<p><br class=\"container_e695a wrapper_ad07b undefined\" \/><\/p>\n<div class=\"auto-hide-last-sibling-br paragraph_1252f paragraph-element\"><strong>Primjena najlonske RFID oznake za pranje odje\u0107e:<\/strong><\/div>\n<p><br class=\"container_e695a wrapper_ad07b undefined\" \/><\/p>\n<ol class=\"auto-hide-last-sibling-br\">\n<li>\n<div class=\"auto-hide-last-sibling-br paragraph_1252f paragraph-element\"><strong>Upravljanje zalihama:<\/strong>\u00a0Oznake poma\u017eu u pra\u0107enju zaliha u realnom vremenu, \u010dine\u0107i proces upravljanja zalihama efikasnim za preduze\u0107a.<\/div>\n<\/li>\n<li>\n<div class=\"auto-hide-last-sibling-br paragraph_1252f paragraph-element\"><strong>lanac opskrbe:<\/strong>\u00a0Oni poma\u017eu u optimizaciji cjelokupnog lanca opskrbe, od pojednostavljenja proizvodnih procesa do efikasnijeg skladi\u0161tenja i logistike.<\/div>\n<\/li>\n<li>\n<div class=\"auto-hide-last-sibling-br paragraph_1252f paragraph-element\"><strong>Upravljanje maloprodajom:<\/strong>\u00a0U maloprodajnim postavkama, ove naljepnice pobolj\u0161avaju proces odjave tako \u0161to ubrzavaju proces skeniranja i smanjuju redove.<\/div>\n<\/li>\n<li>\n<div class=\"auto-hide-last-sibling-br paragraph_1252f paragraph-element\"><strong>Anti-Theft:<\/strong>\u00a0Kada su ugra\u0111eni sa sigurnosnim sistemom u prodavnicama, mogu poslu\u017eiti kao alati protiv kra\u0111e.<\/div>\n<\/li>\n<li>\n<div class=\"auto-hide-last-sibling-br paragraph_1252f paragraph-element\"><strong>Autenti\u010dnost proizvoda:<\/strong>\u00a0Oznake se mogu koristiti za osiguranje i provjeru autenti\u010dnosti proizvoda, \u010dime se sprje\u010dava krivotvorenje.<\/div>\n<\/li>\n<li>\n<div class=\"auto-hide-last-sibling-br paragraph_1252f paragraph-element\"><strong>Potro\u0161a\u010dka upotreba:<\/strong>\u00a0Za krajnjeg potro\u0161a\u010da, ove etikete nose vrijedne informacije o proizvodu i njezi. Tako\u0111er, \u010dinjenica da etiketa ostaje na odjevnom predmetu do kraja njegovog vijeka omogu\u0107ava bolje pra\u0107enje nakon prodaje.<\/div>\n<\/li>\n<\/ol>\n<p><br class=\"container_e695a wrapper_ad07b undefined\" \/><\/p>\n<div class=\"auto-hide-last-sibling-br paragraph_1252f paragraph-element\">Ove oznake revolucioniraju na\u010din na koji se odjevnim predmetima rukuje od proizvodnog pogona do maloprodaje, a zatim do krajnjeg potro\u0161a\u010da, postaju\u0107i tako sastavni dio industrije odje\u0107e.<\/div>\n<\/div>\n<\/div>\n<div class=\"magic-6\">\n<div><\/div>\n<\/div>\n<\/div>\n<\/div>\n<\/div>\n<\/div>","protected":false},"excerpt":{"rendered":"<p>Nylon RFID Wash Care Label je revolucionarni napredak u industriji tekstila i odje\u0107e. RFID, jedan od najperspektivnijih tehnolo\u0161kih otkri\u0107a, olak\u0161ava brojne primjene u ovom sektoru. On igra klju\u010dnu ulogu u proizvodnim procesima, odr\u017eava kontrolu zaliha, upravlja skladi\u0161tima, pojednostavljuje distribuciju i logistiku, omogu\u0107ava automatsko pra\u0107enje objekata i optimizuje upravljanje lancem snabdevanja. Ovaj inovativni pristup zna\u010dajno je pobolj\u0161ao efikasnost i produktivnost u oblasti tekstila i odje\u0107e.<\/p>","protected":false},"featured_media":177,"template":"","meta":{"_kad_post_transparent":"default","_kad_post_title":"","_kad_post_layout":"default","_kad_post_sidebar_id":"","_kad_post_content_style":"default","_kad_post_vertical_padding":"default","_kad_post_feature":"","_kad_post_feature_position":"","_kad_post_header":false,"_kad_post_footer":false,"_kad_post_classname":""},"product_brand":[],"product_cat":[81],"product_tag":[84,82,83],"class_list":{"0":"post-176","1":"product","2":"type-product","3":"status-publish","4":"has-post-thumbnail","6":"product_cat-rfid-wash-care-clothing-label","7":"product_tag-heat-transfer-laundry-rfid-wash-care-label","8":"product_tag-rfid-wash-care-clothing-label","9":"product_tag-rfid-wash-care-label","11":"first","12":"instock","13":"shipping-taxable","14":"product-type-simple","15":"entry","16":"content-bg","17":"loop-entry"},"_links":{"self":[{"href":"https:\/\/rfid-laundry-tag.com\/bs\/wp-json\/wp\/v2\/product\/176","targetHints":{"allow":["GET"]}}],"collection":[{"href":"https:\/\/rfid-laundry-tag.com\/bs\/wp-json\/wp\/v2\/product"}],"about":[{"href":"https:\/\/rfid-laundry-tag.com\/bs\/wp-json\/wp\/v2\/types\/product"}],"version-history":[{"count":0,"href":"https:\/\/rfid-laundry-tag.com\/bs\/wp-json\/wp\/v2\/product\/176\/revisions"}],"wp:featuredmedia":[{"embeddable":true,"href":"https:\/\/rfid-laundry-tag.com\/bs\/wp-json\/wp\/v2\/media\/177"}],"wp:attachment":[{"href":"https:\/\/rfid-laundry-tag.com\/bs\/wp-json\/wp\/v2\/media?parent=176"}],"wp:term":[{"taxonomy":"product_brand","embeddable":true,"href":"https:\/\/rfid-laundry-tag.com\/bs\/wp-json\/wp\/v2\/product_brand?post=176"},{"taxonomy":"product_cat","embeddable":true,"href":"https:\/\/rfid-laundry-tag.com\/bs\/wp-json\/wp\/v2\/product_cat?post=176"},{"taxonomy":"product_tag","embeddable":true,"href":"https:\/\/rfid-laundry-tag.com\/bs\/wp-json\/wp\/v2\/product_tag?post=176"}],"curies":[{"name":"radni list","href":"https:\/\/api.w.org\/{rel}","templated":true}]}}