{"id":1755,"date":"2024-09-01T16:47:06","date_gmt":"2024-09-01T16:47:06","guid":{"rendered":"https:\/\/rfid-laundry-tag.com\/?post_type=product&#038;p=1755"},"modified":"2024-09-01T16:55:05","modified_gmt":"2024-09-01T16:55:05","slug":"iso18000-6c-uhf-rfid-tag-labels","status":"publish","type":"product","link":"https:\/\/rfid-laundry-tag.com\/bs\/iso18000-6c-uhf-rfid-tag-labels\/","title":{"rendered":"ISO18000-6C UHF RFID naljepnice"},"content":{"rendered":"<div data-elementor-type=\"product-post\" data-elementor-id=\"1755\" class=\"elementor elementor-1755\" data-elementor-settings=\"{&quot;ha_cmc_init_switcher&quot;:&quot;no&quot;}\" data-elementor-post-type=\"product\">\n\t\t\t\t<div class=\"elementor-element elementor-element-1c13a178 e-flex e-con-boxed e-con e-parent\" data-id=\"1c13a178\" data-element_type=\"container\" data-e-type=\"container\" data-settings=\"{&quot;_ha_eqh_enable&quot;:false}\">\n\t\t\t\t\t<div class=\"e-con-inner\">\n\t\t\t\t<div class=\"elementor-element elementor-element-7e836d6a elementor-widget elementor-widget-text-editor\" data-id=\"7e836d6a\" data-element_type=\"widget\" data-e-type=\"widget\" data-widget_type=\"text-editor.default\">\n\t\t\t\t<div class=\"elementor-widget-container\">\n\t\t\t\t\t\t\t\t\t<div class=\"J_module\"><div class=\"detail-decorate-json-renderer-container\"><div class=\"magic-5\"><div class=\"magic-6\"><div class=\"magic-7\"><div class=\"magic-8\"><span style=\"color: #000000;\" data-spm-anchor-id=\"a2700.details.0.i44.1b65605fl6GjYL\">Long Range Pasivna 860-960 mhz ISO18000 6C UHF RFID oznaka<\/span><\/div><div>\u00a0<\/div><\/div><\/div><\/div><\/div><\/div><div class=\"J_module\"><div class=\"detail-decorate-json-renderer-container\"><div class=\"magic-5\"><div class=\"magic-6\"><div class=\"magic-7\"><div class=\"magic-8\" data-spm-anchor-id=\"a2700.details.0.i40.1b65605fl6GjYL\"><span style=\"color: #000000;\"><b>RFID Label<\/b> mo\u017ee se \u0161iroko primijeniti u identifikaciji, javnom prijevozu, elektronskoj naplati ulaznica za doga\u0111aje, imovini<\/span><br \/><span style=\"color: #000000;\">upravljanje, biblioteka i iznajmljivanje, sistem lojalnosti i upravljanje kontrolom pristupa itd. Pru\u017eamo usluge programiranja i kodiranja koje ta\u010dno odgovaraju zahtjevima klijenta za programiranje ili kodiranje.<\/span><\/div><div data-spm-anchor-id=\"a2700.details.0.i40.1b65605fl6GjYL\">\u00a0<\/div><\/div><div data-spm-anchor-id=\"a2700.details.0.i40.1b65605fl6GjYL\"><table class=\"all magic-12\"><tbody><tr><td colspan=\"1\" rowspan=\"1\"><div class=\"magic-16\" data-spm-anchor-id=\"a2700.details.0.i41.1b65605fl6GjYL\"><span style=\"color: #000000;\">Vrsta proizvoda<\/span><\/div><\/td><td colspan=\"1\" rowspan=\"1\"><div class=\"magic-17\"><span style=\"color: #000000;\">Long Range Pasivna 860-960 mhz ISO18000 6C UHF RFID oznaka<\/span><\/div><\/td><\/tr><tr><td colspan=\"1\" rowspan=\"1\"><div class=\"magic-16\"><span style=\"color: #000000;\">Air Interface Protocol<\/span><\/div><\/td><td colspan=\"1\" rowspan=\"1\"><div class=\"magic-17\"><span style=\"color: #000000;\">EPCglobal UHF Class 1 Gen 2 (ISO 18000-6C)<\/span><\/div><\/td><\/tr><tr><td colspan=\"1\" rowspan=\"1\"><div class=\"magic-16\"><span style=\"color: #000000;\">Operativna frekvencija<\/span><\/div><\/td><td colspan=\"1\" rowspan=\"1\"><div class=\"magic-17\"><span style=\"color: #000000;\">860~960MHz<\/span><\/div><\/td><\/tr><tr><td colspan=\"1\" rowspan=\"1\"><div class=\"magic-16\"><span style=\"color: #000000;\">IC Type<\/span><\/div><\/td><td colspan=\"1\" rowspan=\"1\"><div class=\"magic-17\"><span style=\"color: #000000;\">Alien Higgs-3\/Higgs-4<\/span><\/div><\/td><\/tr><tr><td colspan=\"1\" rowspan=\"1\"><div class=\"magic-16\"><span style=\"color: #000000;\">Memorija<\/span><\/div><\/td><td colspan=\"1\" rowspan=\"1\"><div class=\"magic-17\"><span style=\"color: #000000;\">EPC 96-480 bit, korisnik 512 bit, TID 32 bit<\/span><\/div><\/td><\/tr><tr><td colspan=\"1\" rowspan=\"1\"><div class=\"magic-16\"><span style=\"color: #000000;\">EPC memorijski sadr\u017eaj<\/span><\/div><\/td><td colspan=\"1\" rowspan=\"1\"><div class=\"magic-17\"><span style=\"color: #000000;\">Jedinstveni, nasumi\u010dni broj<\/span><\/div><\/td><\/tr><tr><td colspan=\"1\" rowspan=\"1\"><div class=\"magic-16\"><span style=\"color: #000000;\">Maksimalna udaljenost \u010ditanja<\/span><\/div><\/td><td colspan=\"1\" rowspan=\"1\"><div class=\"magic-17\"><span style=\"color: #000000;\">&gt;3 m (10 stopa)<\/span><\/div><\/td><\/tr><tr><td colspan=\"1\" rowspan=\"1\"><div class=\"magic-16\"><span style=\"color: #000000;\">Povr\u0161inski materijali za primjenu<\/span><\/div><\/td><td colspan=\"1\" rowspan=\"1\"><div class=\"magic-17\"><span style=\"color: #000000;\">Staklo, plastika, drvo, karton<\/span><\/div><\/td><\/tr><tr><td colspan=\"1\" rowspan=\"1\"><div class=\"magic-16\"><span style=\"color: #000000;\">Faktor oblika oznake<\/span><\/div><\/td><td colspan=\"1\" rowspan=\"1\"><div class=\"magic-17\"><span style=\"color: #000000;\">Suvi ulo\u017eak\/mokri ulo\u017eak\/bijeli mokri umetak (naljepnica)<\/span><\/div><\/td><\/tr><tr><td colspan=\"1\" rowspan=\"1\"><div class=\"magic-16\"><span style=\"color: #000000;\">Tag Materials<\/span><\/div><\/td><td colspan=\"1\" rowspan=\"1\"><div class=\"magic-17\"><span style=\"color: #000000;\">TT bijeli film za \u0161tampanje<\/span><\/div><\/td><\/tr><tr><td colspan=\"1\" rowspan=\"1\"><div class=\"magic-16\"><span style=\"color: #000000;\">Attachment Method<\/span><\/div><\/td><td colspan=\"1\" rowspan=\"1\"><div class=\"magic-17\"><span style=\"color: #000000;\">Ljepilo op\u0107e namjene ili oblo\u017eeni papir<\/span><\/div><\/td><\/tr><tr><td colspan=\"1\" rowspan=\"1\"><div class=\"magic-16\"><span style=\"color: #000000;\">Veli\u010dina antene<\/span><\/div><\/td><td colspan=\"1\" rowspan=\"1\"><div class=\"magic-17\"><span style=\"color: #000000;\">70*17mm ili prilago\u0111eno<\/span><\/div><\/td><\/tr><tr><td colspan=\"1\" rowspan=\"1\"><div class=\"magic-16\"><span style=\"color: #000000;\">Veli\u010dina inlaya<\/span><\/div><\/td><td colspan=\"1\" rowspan=\"1\"><div class=\"magic-17\"><span style=\"color: #000000;\">83*25,4 mm ili prilago\u0111eno<\/span><\/div><\/td><\/tr><tr><td colspan=\"1\" rowspan=\"1\"><div class=\"magic-16\"><span style=\"color: #000000;\">Te\u017eina<\/span><\/div><\/td><td colspan=\"1\" rowspan=\"1\"><div class=\"magic-17\"><span style=\"color: #000000;\">&lt; 1 gram<\/span><\/div><\/td><\/tr><tr><td colspan=\"1\" rowspan=\"1\"><div class=\"magic-16\"><span style=\"color: #000000;\">Radna temp<\/span><\/div><\/td><td colspan=\"1\" rowspan=\"1\"><div class=\"magic-17\"><span style=\"color: #000000;\">-40\u00b0 do +70\u00b0C<\/span><\/div><\/td><\/tr><tr><td colspan=\"1\" rowspan=\"1\"><div class=\"magic-16\"><span style=\"color: #000000;\">Stanje skladi\u0161tenja<\/span><\/div><\/td><td colspan=\"1\" rowspan=\"1\"><div class=\"magic-17\"><span style=\"color: #000000;\">20% do 90% RH<\/span><\/div><\/td><\/tr><tr><td colspan=\"1\" rowspan=\"4\"><div class=\"magic-16\"><span style=\"color: #000000;\">Prijave<\/span><\/div><\/td><td colspan=\"1\" rowspan=\"1\"><div class=\"magic-17\" data-spm-anchor-id=\"a2700.details.0.i42.1b65605fl6GjYL\"><span style=\"color: #000000;\">RFID oznaka za odje\u0107u<\/span><\/div><\/td><\/tr><tr><td colspan=\"1\" rowspan=\"1\" data-spm-anchor-id=\"a2700.details.0.i45.1b65605fl6GjYL\"><div class=\"magic-17\"><span style=\"color: #000000;\">Kutija za pakovanje<\/span><\/div><\/td><\/tr><tr><td colspan=\"1\" rowspan=\"1\"><div class=\"magic-17\"><span style=\"color: #000000;\">Oznake na tacni<\/span><\/div><\/td><\/tr><tr><td colspan=\"1\" rowspan=\"1\"><div class=\"magic-17\"><span style=\"color: #000000;\">ISO kartica<\/span><\/div><\/td><\/tr><\/tbody><\/table><\/div><div class=\"magic-7\"><div data-spm-anchor-id=\"a2700.details.0.i40.1b65605fl6GjYL\">\u00a0<\/div><\/div><\/div><\/div><\/div><\/div><p><span style=\"color: #000000;\"><strong>Karakteristike te\u017eine<\/strong><\/span><br \/><span style=\"color: #000000;\">Sa te\u017einom manjom od 1 grama, ove oznake su lagane i nenametljive, \u0161to ih \u010dini idealnim za integraciju u \u0161irok spektar proizvoda.<\/span><\/p><p><span style=\"color: #000000;\"><strong>Opseg radne temperature<\/strong><\/span><br \/><span style=\"color: #000000;\">Ove RFID oznake su dizajnirane da rade optimalno u ekstremnim uslovima, sa opsegom radne temperature od -40\u00b0C do +70\u00b0C, obezbe\u0111uju\u0107i pouzdanost u razli\u010ditim okru\u017eenjima.<\/span><\/p><p><span style=\"color: #000000;\"><strong>Uslovi skladi\u0161tenja<\/strong><\/span><br \/><span style=\"color: #000000;\">Za optimalne performanse, ove oznake treba \u010duvati u okru\u017eenjima sa relativnim nivoima vla\u017enosti izme\u0111u 20% do 90%.<img fetchpriority=\"high\" decoding=\"async\" class=\"alignnone size-full wp-image-1763\" src=\"https:\/\/rfid-laundry-tag.com\/wp-content\/uploads\/2024\/09\/5_He7ba546c53fb4397bb6067c599476c9cN.jpg\" alt=\"\" width=\"720\" height=\"720\" srcset=\"https:\/\/rfid-laundry-tag.com\/wp-content\/uploads\/2024\/09\/5_He7ba546c53fb4397bb6067c599476c9cN.jpg 720w, https:\/\/rfid-laundry-tag.com\/wp-content\/uploads\/2024\/09\/5_He7ba546c53fb4397bb6067c599476c9cN-300x300.jpg 300w, https:\/\/rfid-laundry-tag.com\/wp-content\/uploads\/2024\/09\/5_He7ba546c53fb4397bb6067c599476c9cN-150x150.jpg 150w, https:\/\/rfid-laundry-tag.com\/wp-content\/uploads\/2024\/09\/5_He7ba546c53fb4397bb6067c599476c9cN-12x12.jpg 12w, https:\/\/rfid-laundry-tag.com\/wp-content\/uploads\/2024\/09\/5_He7ba546c53fb4397bb6067c599476c9cN-600x600.jpg 600w, https:\/\/rfid-laundry-tag.com\/wp-content\/uploads\/2024\/09\/5_He7ba546c53fb4397bb6067c599476c9cN-100x100.jpg 100w\" sizes=\"(max-width: 720px) 100vw, 720px\" \/><\/span><\/p><p><span style=\"color: #000000;\"><strong>Dodatne karakteristike<\/strong><\/span><\/p><ol><li><p><span style=\"color: #000000;\"><strong>Korisni\u010dka konfiguracija<\/strong>: Sa fleksibilnom strukturom memorije, korisnici mogu konfigurirati memoriju RFID oznake, omogu\u0107avaju\u0107i prilago\u0111ene aplikacije kao \u0161to je personalizirano prikupljanje podataka o kupcima ili pra\u0107enje inventara.<\/span><\/p><\/li><li><p><span style=\"color: #000000;\"><strong>Trajnost i otpornost<\/strong>: Ove oznake su dizajnirane da budu otporne na izazove okoline, osiguravaju\u0107i dugotrajne performanse uprkos izlaganju promjenama temperature i vlage.<\/span><\/p><\/li><li><p><span style=\"color: #000000;\"><strong>Napredne sigurnosne mjere<\/strong>: Oznake sadr\u017ee napredne sigurnosne protokole koji \u0161tite podatke sadr\u017eane u njima, \u0161to ih \u010dini idealnim za aplikacije koje zahtijevaju mjere visoke sigurnosti, kao \u0161to su finansijske transakcije ili sistemi kontrole pristupa.<\/span><\/p><\/li><\/ol>\t\t\t\t\t\t\t\t<\/div>\n\t\t\t\t<\/div>\n\t\t\t\t\t<\/div>\n\t\t\t\t<\/div>\n\t\t\t\t<\/div>","protected":false},"excerpt":{"rendered":"<p>Otkrijte svestranu ISO18000-6C UHF RFID oznaku za efikasnu identifikaciju i pra\u0107enje u transportu, upravljanju imovinom i aplikacijama za kontrolu pristupa.<\/p>","protected":false},"featured_media":1756,"template":"","meta":{"_kad_post_transparent":"default","_kad_post_title":"","_kad_post_layout":"default","_kad_post_sidebar_id":"","_kad_post_content_style":"default","_kad_post_vertical_padding":"default","_kad_post_feature":"","_kad_post_feature_position":"","_kad_post_header":false,"_kad_post_footer":false,"_kad_post_classname":""},"product_brand":[],"product_cat":[54],"product_tag":[265,264,98],"class_list":{"0":"post-1755","1":"product","2":"type-product","3":"status-publish","4":"has-post-thumbnail","6":"product_cat-hot-selling-rfid-tags","7":"product_tag-iso18000-6c-uhf-rfid-tags","8":"product_tag-iso18000-6c-uhf-rfid-tags-labels","9":"product_tag-uhf-rfid-label","11":"first","12":"instock","13":"shipping-taxable","14":"product-type-simple","15":"entry","16":"content-bg","17":"loop-entry"},"_links":{"self":[{"href":"https:\/\/rfid-laundry-tag.com\/bs\/wp-json\/wp\/v2\/product\/1755","targetHints":{"allow":["GET"]}}],"collection":[{"href":"https:\/\/rfid-laundry-tag.com\/bs\/wp-json\/wp\/v2\/product"}],"about":[{"href":"https:\/\/rfid-laundry-tag.com\/bs\/wp-json\/wp\/v2\/types\/product"}],"version-history":[{"count":5,"href":"https:\/\/rfid-laundry-tag.com\/bs\/wp-json\/wp\/v2\/product\/1755\/revisions"}],"predecessor-version":[{"id":1769,"href":"https:\/\/rfid-laundry-tag.com\/bs\/wp-json\/wp\/v2\/product\/1755\/revisions\/1769"}],"wp:featuredmedia":[{"embeddable":true,"href":"https:\/\/rfid-laundry-tag.com\/bs\/wp-json\/wp\/v2\/media\/1756"}],"wp:attachment":[{"href":"https:\/\/rfid-laundry-tag.com\/bs\/wp-json\/wp\/v2\/media?parent=1755"}],"wp:term":[{"taxonomy":"product_brand","embeddable":true,"href":"https:\/\/rfid-laundry-tag.com\/bs\/wp-json\/wp\/v2\/product_brand?post=1755"},{"taxonomy":"product_cat","embeddable":true,"href":"https:\/\/rfid-laundry-tag.com\/bs\/wp-json\/wp\/v2\/product_cat?post=1755"},{"taxonomy":"product_tag","embeddable":true,"href":"https:\/\/rfid-laundry-tag.com\/bs\/wp-json\/wp\/v2\/product_tag?post=1755"}],"curies":[{"name":"radni list","href":"https:\/\/api.w.org\/{rel}","templated":true}]}}