{"id":171,"date":"2024-06-15T13:49:12","date_gmt":"2024-06-15T13:49:12","guid":{"rendered":"https:\/\/rfid-laundry-tag.com\/?post_type=product&#038;p=171"},"modified":"2024-06-15T14:14:22","modified_gmt":"2024-06-15T14:14:22","slug":"uhf-rfid-silicone-washing-labels","status":"publish","type":"product","link":"https:\/\/rfid-laundry-tag.com\/bs\/uhf-rfid-silicone-washing-labels\/","title":{"rendered":"UHF RFID silikonske naljepnice za pranje"},"content":{"rendered":"<table style=\"border-collapse: collapse; width: 711px; height: 751px;\" border=\"0\" width=\"537\" cellspacing=\"0\" cellpadding=\"0\">\n<tbody>\n<tr style=\"height: 14.40pt;\">\n<td class=\"et2\" style=\"height: 14.40pt; width: 136.80pt;\" width=\"228\" height=\"24\">Materijal<\/td>\n<td class=\"et2\" style=\"width: 185.40pt;\" width=\"309\">Silikon<\/td>\n<\/tr>\n<tr style=\"height: 14.40pt;\">\n<td class=\"et3\" style=\"height: 14.40pt; width: 136.80pt;\" width=\"228\" height=\"24\">Veli\u010dina<\/td>\n<td class=\"et3\" style=\"width: 185.40pt;\" width=\"309\">55x12mm, 56x20mm, 85x27mm<\/td>\n<\/tr>\n<tr style=\"height: 14.40pt;\">\n<td class=\"et3\" style=\"height: 14.40pt; width: 136.80pt;\" width=\"228\" height=\"24\">Frekvencija<\/td>\n<td class=\"et3\" style=\"width: 185.40pt;\" width=\"309\">860-960 MHz<\/td>\n<\/tr>\n<tr style=\"height: 27.60pt;\">\n<td class=\"et3\" style=\"height: 27.60pt; width: 136.80pt;\" width=\"228\" height=\"46\">Tip IC (\u010dip)<\/td>\n<td class=\"et3\" style=\"width: 185.40pt;\" width=\"309\">U7\/U8 (Alien H3 i Impinj Monza R6 su dostupni)<\/td>\n<\/tr>\n<tr style=\"height: 27.60pt;\">\n<td class=\"et3\" style=\"height: 27.60pt; width: 136.80pt;\" width=\"228\" height=\"46\">Protokol<\/td>\n<td class=\"et3\" style=\"width: 185.40pt;\" width=\"309\">EPC Global Class 1 Gen2 &amp; ISO18000-6C<\/td>\n<\/tr>\n<tr style=\"height: 14.40pt;\">\n<td class=\"et3\" style=\"height: 14.40pt; width: 136.80pt;\" width=\"228\" height=\"24\">Memorija<\/td>\n<td class=\"et3\" style=\"width: 185.40pt;\" width=\"309\">128 bita<\/td>\n<\/tr>\n<tr style=\"height: 14.40pt;\">\n<td class=\"et3\" style=\"height: 14.40pt; width: 136.80pt;\" width=\"228\" height=\"24\">Faktor oblika oznake<\/td>\n<td class=\"et3\" style=\"width: 185.40pt;\" width=\"309\">Fleksibilno<\/td>\n<\/tr>\n<tr style=\"height: 14.40pt;\">\n<td class=\"et3\" style=\"height: 14.40pt; width: 136.80pt;\" width=\"228\" height=\"24\">Anti-Collision<\/td>\n<td class=\"et3\" style=\"width: 185.40pt;\" width=\"309\">Da<\/td>\n<\/tr>\n<tr style=\"height: 14.40pt;\">\n<td class=\"et3\" style=\"height: 14.40pt; width: 136.80pt;\" width=\"228\" height=\"24\">Radna temperatura<\/td>\n<td class=\"et3\" style=\"width: 185.40pt;\" width=\"309\">-25 \u00b0C \/ +200 \u00b0C<\/td>\n<\/tr>\n<tr style=\"height: 14.40pt;\">\n<td class=\"et3\" style=\"height: 14.40pt; width: 136.80pt;\" width=\"228\" height=\"24\">Pro\u010ditajte udaljenost<\/td>\n<td class=\"et3\" style=\"width: 185.40pt;\" width=\"309\">1-7m<\/td>\n<\/tr>\n<tr style=\"height: 14.40pt;\">\n<td class=\"et3\" style=\"height: 14.40pt; width: 136.80pt;\" width=\"228\" height=\"24\">Afiksi To<\/td>\n<td class=\"et3\" style=\"width: 185.40pt;\" width=\"309\">Posteljina i odjevni predmeti<\/td>\n<\/tr>\n<tr style=\"height: 14.40pt;\">\n<td class=\"et3\" style=\"height: 14.40pt; width: 136.80pt;\" width=\"228\" height=\"24\">IP Rating<\/td>\n<td class=\"et3\" style=\"width: 185.40pt;\" width=\"309\">IP68<\/td>\n<\/tr>\n<tr style=\"height: 14.40pt;\">\n<td class=\"et3\" style=\"height: 14.40pt; width: 136.80pt;\" width=\"228\" height=\"24\">Boja<\/td>\n<td class=\"et3\" style=\"width: 185.40pt;\" width=\"309\">Bijelo\/plavo ili prilago\u0111eno<\/td>\n<\/tr>\n<tr style=\"height: 17.40pt;\">\n<td class=\"et4\" style=\"height: 17.40pt; width: 322.20pt;\" colspan=\"2\" width=\"537\" height=\"29\">Pranje<\/td>\n<\/tr>\n<tr style=\"height: 27.60pt;\">\n<td class=\"et3\" style=\"height: 27.60pt; width: 136.80pt;\" width=\"228\" height=\"46\">Izdr\u017eava izlo\u017eenost<\/td>\n<td class=\"et3\" style=\"width: 185.40pt;\" width=\"309\">vodu i sve hemikalije uobi\u010dajene za komercijalno pranje i hemijsko \u010di\u0161\u0107enje<\/td>\n<\/tr>\n<tr style=\"height: 14.40pt;\">\n<td class=\"et3\" style=\"height: 14.40pt; width: 136.80pt;\" width=\"228\" height=\"24\">Ciklusi pranja<\/td>\n<td class=\"et3\" style=\"width: 185.40pt;\" width=\"309\">Do 200 komercijalnih ciklusa pranja<\/td>\n<\/tr>\n<tr style=\"height: 27.60pt;\">\n<td class=\"et3\" style=\"height: 27.60pt; width: 136.80pt;\" width=\"228\" height=\"46\">Pranje<\/td>\n<td class=\"et3\" style=\"width: 185.40pt;\" width=\"309\">150 \u00baC 15-20 minuta \u2013 150 ciklusa<\/td>\n<\/tr>\n<tr style=\"height: 27.60pt;\">\n<td class=\"et3\" style=\"height: 27.60pt; width: 136.80pt;\" width=\"228\" height=\"46\">Su\u0161enje<\/td>\n<td class=\"et3\" style=\"width: 185.40pt;\" width=\"309\">95\u00b0C (do 60 min.), 130\u00b0C (do 30 min.)<\/td>\n<\/tr>\n<tr style=\"height: 14.40pt;\">\n<td class=\"et3\" style=\"height: 14.40pt; width: 136.80pt;\" width=\"228\" height=\"24\">Tunnel Finisher<\/td>\n<td class=\"et3\" style=\"width: 185.40pt;\" width=\"309\">200\u00b0C 30 min<\/td>\n<\/tr>\n<tr style=\"height: 14.40pt;\">\n<td class=\"et3\" style=\"height: 14.40pt; width: 136.80pt;\" width=\"228\" height=\"24\">Peglanje<\/td>\n<td class=\"et3\" style=\"width: 185.40pt;\" width=\"309\">250\u00b0C (do 60 sekundi)<\/td>\n<\/tr>\n<\/tbody>\n<\/table>\n<div><\/div>\n<div><\/div>\n<div class=\"auto-hide-last-sibling-br paragraph_1252f paragraph-element\"><strong>UHF RFID silikonske naljepnice za pranje nude sljede\u0107e klju\u010dne karakteristike:<\/strong><\/div>\n<ol class=\"auto-hide-last-sibling-br\">\n<li>\n<div class=\"auto-hide-last-sibling-br paragraph_1252f paragraph-element\">Tanak, mekan i fleksibilan: njegov lagani i savitljivi dizajn osigurava udobno pristajanje na bilo koji tekstilni materijal.<\/div>\n<\/li>\n<li>\n<div class=\"auto-hide-last-sibling-br paragraph_1252f paragraph-element\">Otporne: oznake su vodootporne i otporne na hemijska rje\u0161enja, osiguravaju\u0107i da odr\u017eavaju svoju funkcionalnost bez obzira na okru\u017eenje kojem su izlo\u017eene.<\/div>\n<\/li>\n<li>\n<div class=\"auto-hide-last-sibling-br paragraph_1252f paragraph-element\">Dugotrajan: Nudi izdr\u017eljivost do 200 ciklusa pranja, su\u0161enja, \u010di\u0161\u0107enja i peglanja, pru\u017eaju\u0107i dosljedne performanse.<\/div>\n<\/li>\n<li>\n<div class=\"auto-hide-last-sibling-br paragraph_1252f paragraph-element\">Izuzetna otpornost: podnosi visoke temperature i o\u0161tra okru\u017eenja. RFID oznaka za ve\u0161, koja radi u frekventnom opsegu 860~960MHz, posebno je dizajnirana da izdr\u017ei procese \u010di\u0161\u0107enja pod visokim pritiskom i temperaturom.<\/div>\n<\/li>\n<li>\n<div class=\"auto-hide-last-sibling-br paragraph_1252f paragraph-element\">\u0160iroka primjena: Idealno za upotrebu u zahtjevnim uvjetima koji zahtijevaju visoku otpornost na toplinu, koroziju i habanje, kao \u0161to su praonice rublja i industrijsko pranje.<\/div>\n<\/li>\n<li>\n<div class=\"auto-hide-last-sibling-br paragraph_1252f paragraph-element\">Jednostavna integracija: Lako se ugra\u0111uje u razli\u010dite tekstilne proizvode, uklju\u010duju\u0107i ko\u0161ulje, radnu odje\u0107u, posteljinu i druge tekstilne proizvode.<\/div>\n<\/li>\n<li>\n<div class=\"auto-hide-last-sibling-br paragraph_1252f paragraph-element\">Raznolikost izbora: Nudi niz RFID oznaka za ve\u0161, uklju\u010duju\u0107i RFID PPS oznake za ve\u0161, RFID silikonske oznake za ve\u0161 i RFID oznake za ve\u0161 od tkanine.<\/div>\n<\/li>\n<li>\n<div class=\"auto-hide-last-sibling-br paragraph_1252f paragraph-element\">\u0160iroka upotreba: \u0160iroko se koristi u maloprodaji odje\u0107e, hotelskim posteljinama, kemijskom \u010di\u0161\u0107enju medicinskih uniformi i industrijskim praonicama rublja.<\/div>\n<\/li>\n<li>\n<div class=\"auto-hide-last-sibling-br paragraph_1252f paragraph-element\">Efikasno upravljanje: RFID tehnologija pokazuje superiorne performanse u efikasnom upravljanju, optimizaciji zaliha i smanjenju ljudskih gre\u0161aka tokom procesa pranja i naplate.<\/div>\n<\/li>\n<\/ol>\n<div class=\"auto-hide-last-sibling-br paragraph_1252f paragraph-element\">Ukratko, ove oznake su skrojene za izazovne uslove pranja, nude\u0107i izdr\u017eljivost, efikasnost i \u0161irok spektar primena. Oni pru\u017eaju pametno rje\u0161enje za efikasno upravljanje i pra\u0107enje rublja u razli\u010ditim sektorima.<\/div>\n<div><\/div>\n<p data-spm-anchor-id=\"a2700.details.0.i116.60201a70jOXdOd\"><strong>primjena:<\/strong><\/p>\n<ul>\n<li>Upravljanje pra\u0107enjem hotelske posteljine<\/li>\n<li>Fabrika\/skladi\u0161te\/hotel\/bolnica\/zabavni park<\/li>\n<li data-spm-anchor-id=\"a2700.details.0.i115.60201a70jOXdOd\"><span data-spm-anchor-id=\"a2700.details.0.i120.60201a70jOXdOd\">Bolni\u010dke uniforme<\/span><\/li>\n<li data-spm-anchor-id=\"a2700.details.0.i118.60201a70jOXdOd\">Posteljina\/ palete\/ platnene vre\u0107e<\/li>\n<li>Hemijsko \u010di\u0161\u0107enje<\/li>\n<li>Koristi se u hotelskom \u010dar\u0161afu\/ pri\u010dvr\u0161\u0107uje se na tekstil\/ radnu odje\u0107u.<\/li>\n<li>Fabrika konfekcije, Fabrika tkanina.<\/li>\n<\/ul>\n<p>&nbsp;<\/p>","protected":false},"excerpt":{"rendered":"<p>UHF RFID silikonske naljepnice za pranje su ekskluzivni dizajn etiketa koji mo\u017ee izdr\u017eati rigorozne metode pranja. Posebno su pogodni za odje\u0107u i predmete od tkanine koji se redovno \u010diste. Ove naljepnice su izra\u0111ene od \u010dvrstog silikona, \u0161to osigurava njihovu izdr\u017eljivost. \u0160tavi\u0161e, oni uklju\u010duju UHF (Ultra High Frequency) RFID \u010dip, koji se mo\u017ee programirati sa relevantnim podacima o odjevnom predmetu ili tekstilu. Ovo \u010dini ove etikete prakti\u010dnom i efikasnom opcijom za upravljanje i pra\u0107enje predmeta za pranje ve\u0161a.<\/p>","protected":false},"featured_media":173,"template":"","meta":{"_kad_post_transparent":"default","_kad_post_title":"","_kad_post_layout":"default","_kad_post_sidebar_id":"","_kad_post_content_style":"default","_kad_post_vertical_padding":"default","_kad_post_feature":"","_kad_post_feature_position":"","_kad_post_header":false,"_kad_post_footer":false,"_kad_post_classname":""},"product_brand":[],"product_cat":[20,16],"product_tag":[63,62,61,79],"class_list":{"0":"post-171","1":"product","2":"type-product","3":"status-publish","4":"has-post-thumbnail","6":"product_cat-silicone-rfid-laundry-tag","7":"product_cat-uhf-rfid-laundry-tags","8":"product_tag-rfid-washing-tag","9":"product_tag-silicone-rfid-laundry-tag","10":"product_tag-silicone-washable-rfid-laundry-tag","11":"product_tag-uhf-rfid-silicone-washing-labels","13":"first","14":"instock","15":"shipping-taxable","16":"product-type-simple","17":"entry","18":"content-bg","19":"loop-entry"},"_links":{"self":[{"href":"https:\/\/rfid-laundry-tag.com\/bs\/wp-json\/wp\/v2\/product\/171","targetHints":{"allow":["GET"]}}],"collection":[{"href":"https:\/\/rfid-laundry-tag.com\/bs\/wp-json\/wp\/v2\/product"}],"about":[{"href":"https:\/\/rfid-laundry-tag.com\/bs\/wp-json\/wp\/v2\/types\/product"}],"version-history":[{"count":0,"href":"https:\/\/rfid-laundry-tag.com\/bs\/wp-json\/wp\/v2\/product\/171\/revisions"}],"wp:featuredmedia":[{"embeddable":true,"href":"https:\/\/rfid-laundry-tag.com\/bs\/wp-json\/wp\/v2\/media\/173"}],"wp:attachment":[{"href":"https:\/\/rfid-laundry-tag.com\/bs\/wp-json\/wp\/v2\/media?parent=171"}],"wp:term":[{"taxonomy":"product_brand","embeddable":true,"href":"https:\/\/rfid-laundry-tag.com\/bs\/wp-json\/wp\/v2\/product_brand?post=171"},{"taxonomy":"product_cat","embeddable":true,"href":"https:\/\/rfid-laundry-tag.com\/bs\/wp-json\/wp\/v2\/product_cat?post=171"},{"taxonomy":"product_tag","embeddable":true,"href":"https:\/\/rfid-laundry-tag.com\/bs\/wp-json\/wp\/v2\/product_tag?post=171"}],"curies":[{"name":"radni list","href":"https:\/\/api.w.org\/{rel}","templated":true}]}}