{"id":167,"date":"2024-06-15T13:14:42","date_gmt":"2024-06-15T13:14:42","guid":{"rendered":"https:\/\/rfid-laundry-tag.com\/?post_type=product&#038;p=167"},"modified":"2024-09-26T03:38:23","modified_gmt":"2024-09-26T03:38:23","slug":"textile-uhf-rfid-linen-tags","status":"publish","type":"product","link":"https:\/\/rfid-laundry-tag.com\/bs\/textile-uhf-rfid-linen-tags\/","title":{"rendered":"Tekstilne UHF RFID platnene oznake"},"content":{"rendered":"<div>\n<div class=\"auto-hide-last-sibling-br paragraph_1252f paragraph-element\">\n<table width=\"637\">\n<tbody>\n<tr>\n<td width=\"328\">Naziv artikla:<\/td>\n<td width=\"309\"><strong>Tekstilne UHF RFID platnene oznake<\/strong><\/td>\n<\/tr>\n<tr>\n<td width=\"328\">RFID standard:<\/td>\n<td width=\"309\">ISO\/IEC 18000-6 TypeC (EPC Gen2)<\/td>\n<\/tr>\n<tr>\n<td width=\"328\">Veli\u010dina i te\u017eina:<\/td>\n<td width=\"309\">70\u00d715 mm, 0,6 g<\/td>\n<\/tr>\n<tr>\n<td width=\"328\">Vrsta \u010dipa:<\/td>\n<td width=\"309\">Impinj Monza 4QT,NXP U KOD 9<\/td>\n<\/tr>\n<tr>\n<td width=\"328\">EPC memorija:<\/td>\n<td width=\"309\">128bita<\/td>\n<\/tr>\n<tr>\n<td width=\"328\">Korisni\u010dka memorija:<\/td>\n<td width=\"309\">512bita<\/td>\n<\/tr>\n<tr>\n<td width=\"328\">Opseg o\u010ditavanja (2W ERP FCC):<\/td>\n<td width=\"309\">8m<\/td>\n<\/tr>\n<tr>\n<td width=\"328\">Opseg o\u010ditavanja (2W ERP ETSI):<\/td>\n<td width=\"309\">8m<\/td>\n<\/tr>\n<tr>\n<td width=\"328\">Ozna\u010davanje:<\/td>\n<td width=\"309\">\u0160ivanje, Ljepilo za vru\u0107e \u0161tancanje<\/td>\n<\/tr>\n<tr>\n<td width=\"328\">Procijenjeni vijek trajanja:<\/td>\n<td width=\"309\">200 ciklusa pranja ili 3 godine, \u0161to god nastupi prije<\/td>\n<\/tr>\n<tr>\n<td width=\"328\">Na\u010din pranja:<\/td>\n<td width=\"309\">Praonica rublja, Kemijsko \u010di\u0161\u0107enje<\/td>\n<\/tr>\n<tr>\n<td width=\"328\">Pritisak ekstrakcije vode:<\/td>\n<td width=\"309\">60 bara<\/td>\n<\/tr>\n<tr>\n<td width=\"328\">Otpornost na vodu:<\/td>\n<td width=\"309\">Otporan na vodu<\/td>\n<\/tr>\n<tr>\n<td width=\"328\">Hemijska otpornost:<\/td>\n<td width=\"309\">Deterd\u017eent, omek\u0161iva\u010d, izbjeljiva\u010d (kiseonik\/hlor), lu\u017eina<\/td>\n<\/tr>\n<tr>\n<td width=\"328\">Prethodno su\u0161enje u su\u0161ilici:<\/td>\n<td width=\"309\">125 \u00baC 15-20 minuta<\/td>\n<\/tr>\n<tr>\n<td width=\"328\">Temperatura sterilizacije:<\/td>\n<td width=\"309\">135\u00b0C 15-20 minuta<\/td>\n<\/tr>\n<tr>\n<td width=\"328\">Temperatura pranja:<\/td>\n<td width=\"309\">90\u00b0C, do 15 min.<\/td>\n<\/tr>\n<tr>\n<td width=\"328\">Vla\u017enost\/temperatura - rad:<\/td>\n<td width=\"309\">-20 do 110\u00b0C, 8 do 95%RH<\/td>\n<\/tr>\n<tr>\n<td width=\"328\">Vla\u017enost\/temperatura-skladi\u0161tenje:<\/td>\n<td width=\"309\">-40 do 110\u00b0C, 8 do 95%RH<\/td>\n<\/tr>\n<\/tbody>\n<\/table>\n<\/div>\n<\/div>\n<div class=\"auto-hide-last-sibling-br paragraph_1252f paragraph-element\"><\/div>\n<div>\n<div class=\"auto-hide-last-sibling-br paragraph_1252f paragraph-element\">\n<h3>Glavne karakteristike UHF RFID platnenih oznaka<\/h3>\n<ul>\n<li><strong>Trajnost<\/strong>: Oznake su izra\u0111ene da izdr\u017ee industrijske procese pranja rublja. Sa kapacitetom da izdr\u017ee ekstremne temperature, deterd\u017eente i uslove su\u0161enja, dizajnirani su za upotrebu u te\u0161kim uslovima.<\/li>\n<li><strong>Washable Nature<\/strong>: Ove\u00a0<strong>RFID oznake koje se mogu prati<\/strong>\u00a0odr\u017eavaju svoj integritet \u010dak i nakon ponovljenih pranja, \u0161to ih \u010dini idealnim za svaki sistem upravljanja tekstilom. Mogu podnijeti do\u00a0<strong>200 ciklusa pranja<\/strong>\u00a0bez gubitka funkcionalnosti.<\/li>\n<li><strong>RFID visokih performansi<\/strong>: Koriste\u0107i najsavremenije\u00a0<strong>UHF tehnologija<\/strong>, ove oznake pru\u017eaju robusnu udaljenost \u010ditanja, olak\u0161avaju\u0107i efikasno pra\u0107enje i upravljanje tekstilom.<\/li>\n<\/ul>\n<\/div>\n<h3>Klju\u010dne prednosti RFID lanenih oznaka<\/h3>\n<p>Jedna od istaknutih prednosti tekstila\u00a0<strong>RFID platnene oznake<\/strong>\u00a0je njihova sposobnost da pobolj\u0161aju ta\u010dnost upravljanja zalihama. Automatizacijom procesa pra\u0107enja, preduze\u0107a mogu zna\u010dajno smanjiti rizik od nestalih ili zagubljenih stavki. \u0160tavi\u0161e, ove oznake pobolj\u0161avaju vidljivost imovine, omogu\u0107avaju\u0107i praonicama da odr\u017ee transparentnost u svom radu.<\/p>\n<p>Jo\u0161 jedna kriti\u010dna prednost je potencijal za u\u0161tedu. Uz automatsko pra\u0107enje, tro\u0161kovi rada povezani s ru\u010dnim provjerama inventara zna\u010dajno se smanjuju. Dugoro\u010dna pouzdanost ovih oznaka tako\u0111e daje dodatnu vrijednost, jer se mogu ponovo koristiti u vi\u0161e ciklusa pranja rublja, osiguravaju\u0107i da preduze\u0107a maksimiziraju svoja ulaganja.<\/p>\n<\/div>\n<div class=\"auto-hide-last-sibling-br paragraph_1252f paragraph-element\">\n<div data-spm-anchor-id=\"a2700.details.0.i57.23b419c7xXORP0\">Ova impresivna izdr\u017eljivost dolazi sa garancijom odr\u017eavanja izvanrednih karakteristika pra\u0107enja i inventara tokom \u017eivotnog veka posteljine, ode\u0107e i drugih tekstilnih predmeta. Stoga, oni slu\u017ee kao efikasan i pouzdan alat za osiguravanje neometanog pra\u0107enja, pravovremenog odr\u017eavanja i efikasnog upravljanja zalihama razli\u010ditih tkanina u razli\u010ditim okru\u017eenjima, maksimiziraju\u0107i njihov \u017eivotni ciklus i olak\u0161avaju\u0107i nesmetano poslovanje.<\/div>\n<\/div>\n<div data-spm-anchor-id=\"a2700.details.0.i57.23b419c7xXORP0\">\n<h3>Trajnost i mogu\u0107nost pranja RFID oznaka<\/h3>\n<p>Kada je u pitanju\u00a0<strong>trajnost<\/strong>, RFID oznake imaju robustan dizajn koji mo\u017ee izdr\u017eati izazove koje predstavlja komercijalno pranje. Sa sposobno\u0161\u0107u da izdr\u017ee visoke temperature i agresivno izlaganje kemikalijama, kao \u0161to su izbjeljiva\u010di i omek\u0161iva\u010di, optimizirani su za procese pranja i su\u0161enja.<\/p>\n<p>The\u00a0<strong>periva priroda<\/strong>\u00a0ovih oznaka zna\u010di da se mogu neprimjetno integrirati u va\u0161e postoje\u0107e rublje. Ova prilagodljivost omogu\u0107ava jednostavno pri\u010dvr\u0161\u0107ivanje na odje\u0107u i posteljinu putem \u0161ivanja ili primjene ljepila, \u010dime se izbjegavaju bilo kakve smetnje u funkcionalnosti ili izgledu va\u0161ih tekstilnih predmeta.<\/p>\n<\/div>\n<div data-spm-anchor-id=\"a2700.details.0.i57.23b419c7xXORP0\"><\/div>\n<h3 class=\"wp-block-heading\">Instalacija<\/h3>\n<p><strong>Stitch Tagging<\/strong>: Za u\u0161ivanje u rub tekstila. Za\u0161ijte etiketu za rublje dalje od preklopnih linija.<br \/>\n<strong>Heat Sealing<\/strong>: Za toplotno zavarivanje direktno na tekstil na +200\u00b0C (392\u00b0F), 12~14s.<br \/>\n<strong>U torbici<\/strong>: Za \u0161ivanje kao standardna etiketa za njegu. Za\u0161ijte etiketu za rublje dalje od preklopnih linija.<\/p>\n<div class=\"auto-hide-last-sibling-br paragraph_1252f paragraph-element\">\n<h2 class=\"auto-hide-last-sibling-br paragraph_1252f paragraph-element\"><strong>Upotreba UHF RFID oznake za pranje ve\u0161a od tkanine i tekstila<\/strong><\/h2>\n<ol class=\"auto-hide-last-sibling-br\">\n<li>Industrijska praonica: pojednostavljuje procese \u010di\u0161\u0107enja i logistiku distribucije uniformnog rublja.<\/li>\n<li>Sektor ugostiteljstva: Pobolj\u0161ava upravljanje sistemima za pranje hotelskog namje\u0161taja i pe\u0161kira.<\/li>\n<li>Zdravstvena industrija: Poma\u017ee u organizaciji i odr\u017eavanju bolni\u010dke i zdravstvene ode\u0107e.<\/li>\n<\/ol>\n<h3>Environmental Considerations<\/h3>\n<p>Koriste\u0107i\u00a0<strong>RFID platnene oznake<\/strong>\u00a0tako\u0111e doprinosi odr\u017eivosti \u017eivotne sredine. Mogu\u0107nost ponovne upotrebe i pra\u0107enja posteljine poma\u017ee u smanjenju otpada, osiguravaju\u0107i da se predmeti efikasno koriste tokom njihovog \u017eivotnog ciklusa. \u0160tovi\u0161e, izdr\u017eljivost ovih oznaka zna\u010di manje zamjene, minimiziraju\u0107i okoli\u0161ni otisak povezan s stalnom proizvodnjom i odlaganjem.<\/p>\n<h3>\u010cesto postavljana pitanja o RFID lanenim oznakama<\/h3>\n<p><strong>P: Koliko ciklusa pranja etikete mogu izdr\u017eati?<\/strong><br \/>\nO: Na\u0161e\u00a0<strong>RFID platnene oznake<\/strong>\u00a0dizajnirani su da zadr\u017ee funkcionalnost i nakon\u00a0<strong>200 ciklusa pranja<\/strong>, \u0161to ih \u010dini izuzetno izdr\u017eljivim za dugotrajnu upotrebu.<\/p>\n<p><strong>P: Da li se oznake mogu u\u0161iti u bilo koju tkaninu?<\/strong><br \/>\nO: Da, oznake se mogu neprimjetno integrirati s razli\u010ditim tekstilnim materijalima, osiguravaju\u0107i da ostanu pri\u010dvr\u0161\u0107ene kroz vi\u0161e procesa pranja rublja.<\/p>\n<p><strong>P: Da li je RFID tehnologija pouzdana za pra\u0107enje posteljine?<\/strong><br \/>\nO: Apsolutno! RFID oznake nude neusporedivu preciznost pra\u0107enja, minimiziraju\u0107i gubitke i poma\u017eu u efikasnom upravljanju zalihama.<\/p>\n<h3>Zaklju\u010dak<\/h3>\n<p>u zaklju\u010dku,\u00a0<strong>Tekstilne UHF RFID platnene oznake<\/strong>\u00a0predstavljaju budu\u0107nost upravljanja praonicama. Pobolj\u0161avaju\u0107i efikasnost pra\u0107enja, izdr\u017eljivost i isplativost, oni slu\u017ee kao vitalni alati za svako poslovanje koje se oslanja na posteljinu i odje\u0107u. Uz naprednu tehnologiju i robusne performanse, ove RFID oznake su dizajnirane da zadovolje zahtjeve modernih operacija pranja rublja.<\/p>\n<\/div>","protected":false},"excerpt":{"rendered":"<p>Tekstilne UHF RFID platnene oznake mogu se nazvati i RAIN RFID tekstilne etikete za pranje rublja, koje su pomno dizajnirane da dosljedno rade u te\u0161kim uvjetima obrade rublja, kao \u0161to su sterilizacija, izlaganje toplini, \u010di\u0161\u0107enje, su\u0161enje i peglanje. Ove oznake ne samo da mogu izdr\u017eati stotine ciklusa pranja, ve\u0107 i odr\u017eavaju odli\u010dne i dosljedne RFID performanse \u010dak i nakon bezbroj ciklusa pranja.<\/p>","protected":false},"featured_media":168,"template":"","meta":{"_kad_post_transparent":"default","_kad_post_title":"","_kad_post_layout":"default","_kad_post_sidebar_id":"","_kad_post_content_style":"default","_kad_post_vertical_padding":"default","_kad_post_feature":"","_kad_post_feature_position":"","_kad_post_header":false,"_kad_post_footer":false,"_kad_post_classname":""},"product_brand":[],"product_cat":[19],"product_tag":[31,312,65,30],"class_list":{"0":"post-167","1":"product","2":"type-product","3":"status-publish","4":"has-post-thumbnail","6":"product_cat-textile-rfid-laundry-tag","7":"product_tag-rfid-tag-for-linen-laundry","8":"product_tag-rfid-tags","9":"product_tag-textile-rfid-laundry-tags","10":"product_tag-uhf-rfid-laundry-tag","12":"first","13":"instock","14":"featured","15":"shipping-taxable","16":"product-type-simple","17":"entry","18":"content-bg","19":"loop-entry"},"_links":{"self":[{"href":"https:\/\/rfid-laundry-tag.com\/bs\/wp-json\/wp\/v2\/product\/167","targetHints":{"allow":["GET"]}}],"collection":[{"href":"https:\/\/rfid-laundry-tag.com\/bs\/wp-json\/wp\/v2\/product"}],"about":[{"href":"https:\/\/rfid-laundry-tag.com\/bs\/wp-json\/wp\/v2\/types\/product"}],"version-history":[{"count":3,"href":"https:\/\/rfid-laundry-tag.com\/bs\/wp-json\/wp\/v2\/product\/167\/revisions"}],"predecessor-version":[{"id":2680,"href":"https:\/\/rfid-laundry-tag.com\/bs\/wp-json\/wp\/v2\/product\/167\/revisions\/2680"}],"wp:featuredmedia":[{"embeddable":true,"href":"https:\/\/rfid-laundry-tag.com\/bs\/wp-json\/wp\/v2\/media\/168"}],"wp:attachment":[{"href":"https:\/\/rfid-laundry-tag.com\/bs\/wp-json\/wp\/v2\/media?parent=167"}],"wp:term":[{"taxonomy":"product_brand","embeddable":true,"href":"https:\/\/rfid-laundry-tag.com\/bs\/wp-json\/wp\/v2\/product_brand?post=167"},{"taxonomy":"product_cat","embeddable":true,"href":"https:\/\/rfid-laundry-tag.com\/bs\/wp-json\/wp\/v2\/product_cat?post=167"},{"taxonomy":"product_tag","embeddable":true,"href":"https:\/\/rfid-laundry-tag.com\/bs\/wp-json\/wp\/v2\/product_tag?post=167"}],"curies":[{"name":"radni list","href":"https:\/\/api.w.org\/{rel}","templated":true}]}}