{"id":1669,"date":"2024-08-31T09:24:58","date_gmt":"2024-08-31T09:24:58","guid":{"rendered":"https:\/\/rfid-laundry-tag.com\/?post_type=product&#038;p=1669"},"modified":"2024-09-16T05:07:30","modified_gmt":"2024-09-16T05:07:30","slug":"uhf-rfid-laundry-button-heat-resistant-pps-tag","status":"publish","type":"product","link":"https:\/\/rfid-laundry-tag.com\/bs\/uhf-rfid-laundry-button-heat-resistant-pps-tag\/","title":{"rendered":"UHF RFID Dugme za pranje rublja otporno na toplinu PPS oznaka"},"content":{"rendered":"<div class=\"J_module\">\n<div class=\"ife-detail-decorate-table\">\n<table class=\"has-title all magic-6\">\n<tbody>\n<tr>\n<td colspan=\"1\" rowspan=\"1\">\n<div class=\"magic-7\" data-spm-anchor-id=\"a2700.details.0.i45.77607d98vZbcDU\"><span class=\"magic-8\" style=\"color: #363535;\">Naziv stavke<\/span><\/div>\n<\/td>\n<td colspan=\"1\" rowspan=\"1\">\n<div class=\"magic-9\"><span class=\"magic-8\">UHF RFID Dugme za pranje rublja otporno na toplinu PPS oznaka<\/span><\/div>\n<\/td>\n<\/tr>\n<tr>\n<td colspan=\"1\" rowspan=\"1\">\n<div class=\"magic-7\"><span class=\"magic-10\" data-spm-anchor-id=\"a2700.pc-decorate.0.i10.28d333330XLbTD\"><span class=\"magic-8\">Materijal<\/span><\/span><\/div>\n<\/td>\n<td colspan=\"1\" rowspan=\"1\">\n<div class=\"magic-9\"><span class=\"magic-8\">PPS<\/span><\/div>\n<\/td>\n<\/tr>\n<tr>\n<td colspan=\"1\" rowspan=\"1\">\n<div class=\"magic-7\"><span class=\"magic-8\">Boja<\/span><\/div>\n<\/td>\n<td colspan=\"1\" rowspan=\"1\">\n<div class=\"magic-9\"><span class=\"magic-8\">Crno<\/span><\/div>\n<\/td>\n<\/tr>\n<tr>\n<td colspan=\"1\" rowspan=\"1\">MOQ<\/td>\n<td colspan=\"1\" rowspan=\"1\">500kom<\/td>\n<\/tr>\n<tr>\n<td colspan=\"1\" rowspan=\"1\">\n<div class=\"magic-7\"><span class=\"magic-8\">Proizvo\u0111a\u010d\/\u010dip<\/span><\/div>\n<\/td>\n<td colspan=\"1\" rowspan=\"1\">\n<div class=\"magic-9\"><span class=\"magic-8\">NXP UCODE 8,UCODE 9,Alien H3,Higgs 9 itd<\/span><\/div>\n<\/td>\n<\/tr>\n<tr>\n<td colspan=\"1\" rowspan=\"1\">\n<div class=\"magic-7\"><span class=\"magic-8\">Frekvencija<\/span><\/div>\n<\/td>\n<td colspan=\"1\" rowspan=\"1\">\n<div class=\"magic-9\"><span class=\"magic-8\">860-960MHz\/<\/span><\/div>\n<\/td>\n<\/tr>\n<tr>\n<td colspan=\"1\" rowspan=\"1\">\n<div class=\"magic-7\"><span class=\"magic-8\">Memorija<\/span><\/div>\n<\/td>\n<td colspan=\"1\" rowspan=\"1\">\n<div class=\"magic-9\"><span class=\"magic-8\">96 bita\/128 bita<\/span><\/div>\n<\/td>\n<\/tr>\n<tr>\n<td colspan=\"1\" rowspan=\"1\">\n<div class=\"magic-7\"><span class=\"magic-8\">Pro\u010ditajte udaljenost<\/span><\/div>\n<\/td>\n<td colspan=\"1\" rowspan=\"1\">\n<div class=\"magic-9\"><span class=\"magic-8\">1-6m<\/span><\/div>\n<\/td>\n<\/tr>\n<tr>\n<td colspan=\"1\" rowspan=\"1\">\n<div class=\"magic-7\"><span class=\"magic-8\">Radni na\u010din<\/span><\/div>\n<\/td>\n<td colspan=\"1\" rowspan=\"1\">\n<div class=\"magic-9\"><span class=\"magic-8\">pasivno<\/span><\/div>\n<\/td>\n<\/tr>\n<tr>\n<td colspan=\"1\" rowspan=\"1\">\n<div class=\"magic-7\"><span class=\"magic-8\">Radna temperatura<\/span><\/div>\n<\/td>\n<td colspan=\"1\" rowspan=\"1\">\n<div class=\"magic-9\"><span class=\"magic-8\">-25\u2103~+110\u2103<\/span><\/div>\n<\/td>\n<\/tr>\n<tr>\n<td colspan=\"1\" rowspan=\"1\">\n<div class=\"magic-7\"><span class=\"magic-8\">Temperatura skladi\u0161tenja<\/span><\/div>\n<\/td>\n<td colspan=\"1\" rowspan=\"1\">\n<div class=\"magic-9\"><span class=\"magic-8\">-40\u2103~+85\u2103<\/span><\/div>\n<\/td>\n<\/tr>\n<tr>\n<td colspan=\"1\" rowspan=\"1\">\n<div class=\"magic-7\">\n<div><span class=\"magic-8\">\u00a0<\/span><\/div>\n<p><span class=\"magic-8\">Kratkotrajna temperaturna otpornost<\/span><\/p>\n<\/div>\n<\/td>\n<td colspan=\"1\" rowspan=\"1\">\n<div class=\"magic-9\"><span class=\"magic-8\">pranje: 90\u2103, 15 minuta; konvertersko prethodno su\u0161enje: 180\u2103, 30 minuta, 200 puta; peglanje: 180\u2103, 10 sekundi, 200 puta; visoko<br \/>\ntemperatura sterilizacije: 135\u2103, 20 minuta<\/span><\/div>\n<\/td>\n<\/tr>\n<tr>\n<td colspan=\"1\" rowspan=\"1\">\n<div class=\"magic-7\"><span class=\"magic-8\">Karakteristike<\/span><\/div>\n<\/td>\n<td colspan=\"1\" rowspan=\"1\">\n<div class=\"magic-9\"><span class=\"magic-8\">vodootporan, periv, otporan na visoke temperature<\/span><\/div>\n<\/td>\n<\/tr>\n<tr>\n<td colspan=\"1\" rowspan=\"1\">\n<div class=\"magic-7\"><span class=\"magic-8\">\u017divot<\/span><\/div>\n<\/td>\n<td colspan=\"1\" rowspan=\"1\">\n<div class=\"magic-9\"><span class=\"magic-8\">pranje 200 puta ili 3 godine<\/span><\/div>\n<\/td>\n<\/tr>\n<tr>\n<td colspan=\"1\" rowspan=\"1\">\n<div class=\"magic-7\"><span class=\"magic-8\">Prijave<\/span><\/div>\n<\/td>\n<td colspan=\"1\" rowspan=\"1\">\n<div class=\"magic-9\"><span class=\"magic-8\">upravljanje i pra\u0107enje pranja rublja<\/span><\/div>\n<\/td>\n<\/tr>\n<\/tbody>\n<\/table>\n<\/div>\n<\/div>\n<div class=\"J_module\">\n<div class=\"detail-decorate-json-renderer-container\">\n<div class=\"magic-1\">\n<div class=\"magic-2\">\n<div class=\"magic-3\">\n<div><\/div>\n<div class=\"magic-4\">\n<div><strong>RFID oznaka dugmeta<\/strong><\/div>\n<div><\/div>\n<\/div>\n<\/div>\n<div>\n<div class=\"auto-hide-last-sibling-br paragraph_1252f paragraph-element\">PPS oznake za pranje rublja otporne na visoke temperature slu\u017ee kao odli\u010dno rje\u0161enje za pra\u0107enje za komercijalna okru\u017eenja kao \u0161to su menze i restorani u kojima se stalno rukuje velikim koli\u010dinama posu\u0111a.<\/div>\n<\/div>\n<\/div>\n<div id=\"featuresXsp\" class=\"features-list toggle-opacity in\">\n<div class=\"features-xsp\">\n<div class=\"collapse-mobile ste-list\">\n<div class=\"collapse-mobile ste-list\"><\/div>\n<\/div>\n<\/div>\n<\/div>\n<div class=\"magic-2\">\n<div>\n<div class=\"auto-hide-last-sibling-br paragraph_1252f paragraph-element\">\n<h4>Detalji stavke<\/h4>\n<ul>\n<li><strong>ime:<\/strong>\u00a0UHF RFID Dugme za pranje rublja otporno na toplinu PPS oznaka<\/li>\n<li><strong>Materijal:<\/strong>\u00a0PPS (polifenilen sulfid)<\/li>\n<li><strong>Boja:<\/strong>\u00a0Crno<\/li>\n<li><strong>Minimalna koli\u010dina narud\u017ebe (MOQ):<\/strong>\u00a0500 kom<\/li>\n<\/ul>\n<h4>Specifikacije<\/h4>\n<ul>\n<li><strong>Mogu\u0107nosti proizvo\u0111a\u010da\/\u010dipa:<\/strong>\n<ul>\n<li>NXP UCODE 8, UCODE 8m<\/li>\n<li>NXP UCODE 9<\/li>\n<li>Alien Higgs\u2122 9<\/li>\n<\/ul>\n<\/li>\n<li><strong>U\u010destalost:<\/strong>\u00a0860-960 MHz<\/li>\n<li><strong>Opcije memorije:<\/strong>\n<ul>\n<li>96 bita<\/li>\n<li>128 bita<\/li>\n<\/ul>\n<\/li>\n<li><strong>Udaljenost \u010ditanja:<\/strong>\u00a01-6 metara<\/li>\n<li><strong>Na\u010din rada:<\/strong>\u00a0Pasivno<\/li>\n<li><strong>Radna temperatura:<\/strong>\u00a0-25\u00b0C do +110\u00b0C<\/li>\n<li><strong>Temperatura skladi\u0161tenja:<\/strong>\u00a0-40\u00b0C do +85\u00b0C<\/li>\n<\/ul>\n<h4>Kratkotrajna temperaturna otpornost<\/h4>\n<ul>\n<li><strong>pranje:<\/strong>\u00a090\u00b0C 15 minuta<\/li>\n<li><strong>Prethodno su\u0161enje konvertera:<\/strong>\u00a0180\u00b0C 30 minuta (200 ciklusa)<\/li>\n<li><strong>peglanje:<\/strong>\u00a0180\u00b0C 10 sekundi (200 ciklusa)<\/li>\n<li><strong>Visokotemperaturna sterilizacija:<\/strong>\u00a0135\u00b0C 20 minuta<\/li>\n<\/ul>\n<h4>Klju\u010dne karakteristike<\/h4>\n<ul>\n<li>Vodootporan i periv<\/li>\n<li>Otpornost na visoke temperature<\/li>\n<li>Pogodno za industrijske uslove pranja ve\u0161a<\/li>\n<li>Dizajniran za dugove\u010dnost: 200 ciklusa pranja ili 3 godine<\/li>\n<\/ul>\n<h4>Prijave<\/h4>\n<ul>\n<li><strong>Primarne upotrebe:<\/strong>\u00a0Upravljanje i pra\u0107enje pranja rublja u komercijalnim okru\u017eenjima (npr. menze, restorani)<\/li>\n<li><strong>Svestrano ozna\u010davanje:<\/strong>\u00a0Mo\u017ee se zalijepiti na razne tekstilne predmete kao \u0161to su \u010darape, ko\u0161ulje i ru\u010dnici kako bi se smanjio gubitak.<\/li>\n<\/ul>\n<h4>Karakteristike \u010dipa<\/h4>\n<ul>\n<li><strong>NXP UCODE 8\/8m:<\/strong>\n<ul>\n<li>Osetljivost \u010ditanja: -23 dBm<\/li>\n<li>Osetljivost pisanja: -18 dBm<\/li>\n<li>Inovativne funkcionalnosti za upravljanje zalihama<\/li>\n<\/ul>\n<\/li>\n<li><strong>NXP UCODE 9:<\/strong>\n<ul>\n<li>Osetljivost \u010ditanja: -24 dBm<\/li>\n<li>Osetljivost pisanja: -22 dBm<\/li>\n<li>Izdr\u017eljivost ciklusa pisanja od 100k<\/li>\n<\/ul>\n<\/li>\n<li><strong>Alien Higgs\u2122 9:<\/strong>\n<ul>\n<li>1024 bita NVM\/RAM memorije<\/li>\n<li>U skladu sa GS1 Klasa 1 Gen 2 i ISO\/IEC 18000-6C<\/li>\n<\/ul>\n<\/li>\n<\/ul>\n<p>Ove oznake nude robusno rje\u0161enje za pra\u0107enje rublja u aplikacijama za pranje rublja, osiguravaju\u0107i visoke performanse i izdr\u017eljivost u zahtjevnim okru\u017eenjima.<\/p>\n<\/div>\n<div class=\"auto-hide-last-sibling-br paragraph_1252f paragraph-element\"><\/div>\n<\/div>\n<\/div>\n<\/div>\n<\/div>\n<\/div>","protected":false},"excerpt":{"rendered":"<p>UHF RFID dugme za pranje ve\u0161a otporno na toplotu PPS oznaka za efikasno pra\u0107enje, izdr\u017eava visoke temperature, vodootporna i idealna za komercijalno upravljanje ve\u0161om<\/p>","protected":false},"featured_media":1670,"template":"","meta":{"_kad_post_transparent":"default","_kad_post_title":"","_kad_post_layout":"default","_kad_post_sidebar_id":"","_kad_post_content_style":"default","_kad_post_vertical_padding":"default","_kad_post_feature":"","_kad_post_feature_position":"","_kad_post_header":false,"_kad_post_footer":false,"_kad_post_classname":""},"product_brand":[],"product_cat":[21,16],"product_tag":[226,35,225,30],"class_list":{"0":"post-1669","1":"product","2":"type-product","3":"status-publish","4":"has-post-thumbnail","6":"product_cat-pps-rfid-laundry-tag","7":"product_cat-uhf-rfid-laundry-tags","8":"product_tag-heat-resistant-pps-rfid-tag","9":"product_tag-rfid-button","10":"product_tag-uhf-rfid-laundry-button","11":"product_tag-uhf-rfid-laundry-tag","13":"first","14":"instock","15":"shipping-taxable","16":"product-type-simple","17":"entry","18":"content-bg","19":"loop-entry"},"_links":{"self":[{"href":"https:\/\/rfid-laundry-tag.com\/bs\/wp-json\/wp\/v2\/product\/1669","targetHints":{"allow":["GET"]}}],"collection":[{"href":"https:\/\/rfid-laundry-tag.com\/bs\/wp-json\/wp\/v2\/product"}],"about":[{"href":"https:\/\/rfid-laundry-tag.com\/bs\/wp-json\/wp\/v2\/types\/product"}],"version-history":[{"count":2,"href":"https:\/\/rfid-laundry-tag.com\/bs\/wp-json\/wp\/v2\/product\/1669\/revisions"}],"predecessor-version":[{"id":1672,"href":"https:\/\/rfid-laundry-tag.com\/bs\/wp-json\/wp\/v2\/product\/1669\/revisions\/1672"}],"wp:featuredmedia":[{"embeddable":true,"href":"https:\/\/rfid-laundry-tag.com\/bs\/wp-json\/wp\/v2\/media\/1670"}],"wp:attachment":[{"href":"https:\/\/rfid-laundry-tag.com\/bs\/wp-json\/wp\/v2\/media?parent=1669"}],"wp:term":[{"taxonomy":"product_brand","embeddable":true,"href":"https:\/\/rfid-laundry-tag.com\/bs\/wp-json\/wp\/v2\/product_brand?post=1669"},{"taxonomy":"product_cat","embeddable":true,"href":"https:\/\/rfid-laundry-tag.com\/bs\/wp-json\/wp\/v2\/product_cat?post=1669"},{"taxonomy":"product_tag","embeddable":true,"href":"https:\/\/rfid-laundry-tag.com\/bs\/wp-json\/wp\/v2\/product_tag?post=1669"}],"curies":[{"name":"radni list","href":"https:\/\/api.w.org\/{rel}","templated":true}]}}