{"id":161,"date":"2024-06-15T10:09:40","date_gmt":"2024-06-15T10:09:40","guid":{"rendered":"https:\/\/rfid-laundry-tag.com\/?post_type=product&#038;p=161"},"modified":"2024-08-14T15:50:57","modified_gmt":"2024-08-14T15:50:57","slug":"iso15693-rfid-reusable-laundry-tag","status":"publish","type":"product","link":"https:\/\/rfid-laundry-tag.com\/bs\/iso15693-rfid-reusable-laundry-tag\/","title":{"rendered":"ISO15693 RFID oznaka za vi\u0161ekratnu upotrebu"},"content":{"rendered":"<div class=\"J_module\">\n<div class=\"ife-detail-decorate-table\">\n<table class=\"has-title all magic-6\">\n<tbody>\n<tr>\n<td colspan=\"1\" rowspan=\"1\">\n<div class=\"magic-7\" data-spm-anchor-id=\"a2700.details.0.i45.77607d98vZbcDU\"><span class=\"magic-8\" style=\"color: #363535;\">Naziv stavke<\/span><\/div>\n<\/td>\n<td colspan=\"1\" rowspan=\"1\">\n<div class=\"magic-9\">ISO15693 RFID oznaka za vi\u0161ekratnu upotrebu<\/div>\n<\/td>\n<\/tr>\n<tr>\n<td colspan=\"1\" rowspan=\"1\">\n<div class=\"magic-7\"><span class=\"magic-10\" data-spm-anchor-id=\"a2700.pc-decorate.0.i10.28d333330XLbTD\"><span class=\"magic-8\">Materijal<\/span><\/span><\/div>\n<\/td>\n<td colspan=\"1\" rowspan=\"1\">\n<div class=\"magic-9\"><span class=\"magic-8\">PPS<\/span><\/div>\n<\/td>\n<\/tr>\n<tr>\n<td colspan=\"1\" rowspan=\"1\">\n<div class=\"magic-7\"><span class=\"magic-8\">Boja<\/span><\/div>\n<\/td>\n<td colspan=\"1\" rowspan=\"1\">\n<div class=\"magic-9\"><span class=\"magic-8\">Crna itd<\/span><\/div>\n<\/td>\n<\/tr>\n<tr>\n<td colspan=\"1\" rowspan=\"1\">MOQ<\/td>\n<td colspan=\"1\" rowspan=\"1\">500kom<\/td>\n<\/tr>\n<tr>\n<td colspan=\"1\" rowspan=\"1\">\n<div class=\"magic-7\"><span class=\"magic-8\">Proizvo\u0111a\u010d\/\u010dip<\/span><\/div>\n<\/td>\n<td colspan=\"1\" rowspan=\"1\">\n<div class=\"magic-9\"><span class=\"magic-8\">NXP I Code Slix ; ostale opcije :Ntag213,Ntag215,Ntag216,Mifare Ultralight ev1 itd<\/span><\/div>\n<\/td>\n<\/tr>\n<tr>\n<td colspan=\"1\" rowspan=\"1\">\n<div class=\"magic-7\"><span class=\"magic-8\">Frekvencija<\/span><\/div>\n<\/td>\n<td colspan=\"1\" rowspan=\"1\">\n<div class=\"magic-9\"><span class=\"magic-8\">13.56MHz<\/span><\/div>\n<\/td>\n<\/tr>\n<tr>\n<td colspan=\"1\" rowspan=\"1\">\n<div class=\"magic-7\"><span class=\"magic-8\">Memorija<\/span><\/div>\n<\/td>\n<td colspan=\"1\" rowspan=\"1\">\n<div class=\"magic-9\"><span class=\"magic-8\">1k Byte ; Memorija drugog \u010dipa: 144 bajta, 504 bajta, 888 bajtova, 64 bajta itd<\/span><\/div>\n<\/td>\n<\/tr>\n<tr>\n<td colspan=\"1\" rowspan=\"1\">\n<div class=\"magic-7\"><span class=\"magic-8\">Pro\u010ditajte udaljenost<\/span><\/div>\n<\/td>\n<td colspan=\"1\" rowspan=\"1\">\n<div class=\"magic-9\"><span class=\"magic-8\">1~5cm<\/span><\/div>\n<\/td>\n<\/tr>\n<tr>\n<td colspan=\"1\" rowspan=\"1\">\n<div class=\"magic-7\"><span class=\"magic-8\">Radni na\u010din<\/span><\/div>\n<\/td>\n<td colspan=\"1\" rowspan=\"1\">\n<div class=\"magic-9\"><span class=\"magic-8\">pasivno<\/span><\/div>\n<\/td>\n<\/tr>\n<tr>\n<td colspan=\"1\" rowspan=\"1\">\n<div class=\"magic-7\"><span class=\"magic-8\">Radna temperatura<\/span><\/div>\n<\/td>\n<td colspan=\"1\" rowspan=\"1\">\n<div class=\"magic-9\"><span class=\"magic-8\">-25\u2103~+110\u2103<\/span><\/div>\n<\/td>\n<\/tr>\n<tr>\n<td colspan=\"1\" rowspan=\"1\">\n<div class=\"magic-7\"><span class=\"magic-8\">Temperatura skladi\u0161tenja<\/span><\/div>\n<\/td>\n<td colspan=\"1\" rowspan=\"1\">\n<div class=\"magic-9\"><span class=\"magic-8\">-40\u2103~+85\u2103<\/span><\/div>\n<\/td>\n<\/tr>\n<tr>\n<td colspan=\"1\" rowspan=\"1\">\n<div class=\"magic-7\">\n<div><span class=\"magic-8\">\u00a0<\/span><\/div>\n<p><span class=\"magic-8\">Kratkotrajna temperaturna otpornost<\/span><\/p>\n<\/div>\n<\/td>\n<td colspan=\"1\" rowspan=\"1\">\n<div class=\"magic-9\"><span class=\"magic-8\">pranje: 90\u2103, 15 minuta; konvertersko prethodno su\u0161enje: 180\u2103, 30 minuta, 200 puta; peglanje: 180\u2103, 10 sekundi, 200 puta; visoko<br \/>\ntemperatura sterilizacije: 135\u2103, 20 minuta<\/span><\/div>\n<\/td>\n<\/tr>\n<tr>\n<td colspan=\"1\" rowspan=\"1\">\n<div class=\"magic-7\"><span class=\"magic-8\">Karakteristike<\/span><\/div>\n<\/td>\n<td colspan=\"1\" rowspan=\"1\">\n<div class=\"magic-9\"><span class=\"magic-8\">vodootporan, periv, otporan na visoke temperature<\/span><\/div>\n<\/td>\n<\/tr>\n<tr>\n<td colspan=\"1\" rowspan=\"1\">\n<div class=\"magic-7\"><span class=\"magic-8\">\u017divot<\/span><\/div>\n<\/td>\n<td colspan=\"1\" rowspan=\"1\">\n<div class=\"magic-9\"><span class=\"magic-8\">pranje 200 puta ili 3 godine<\/span><\/div>\n<\/td>\n<\/tr>\n<tr>\n<td colspan=\"1\" rowspan=\"1\">\n<div class=\"magic-7\"><span class=\"magic-8\">Prijave<\/span><\/div>\n<\/td>\n<td colspan=\"1\" rowspan=\"1\">\n<div class=\"magic-9\"><span class=\"magic-8\">upravljanje i pra\u0107enje pranja rublja<\/span><\/div>\n<\/td>\n<\/tr>\n<\/tbody>\n<\/table>\n<\/div>\n<\/div>\n<div class=\"J_module\">\n<div class=\"detail-decorate-json-renderer-container\">\n<div class=\"magic-1\">\n<div>\n<div><\/div>\n<\/div>\n<div class=\"magic-2\">\n<div class=\"auto-hide-last-sibling-br paragraph_1252f paragraph-element\">\n<div class=\"auto-hide-last-sibling-br paragraph_1252f paragraph-element\">\n<div class=\"auto-hide-last-sibling-br paragraph_1252f paragraph-element\">Jednom kada firma zaklju\u010di da NFC sistem za pra\u0107enje ve\u0161a mo\u017ee ponuditi zna\u010dajne prednosti, slede\u0107a akcija je odabir odgovaraju\u0107e ISO15693 RFID oznake za vi\u0161ekratnu upotrebu. NFC oznaka za pranje rublja, posebno PPS-I Code Slix, mo\u017ee se u\u0161iti u bilo koji odjevni predmet, \u010dine\u0107i NFC ili UHF funkcije dostupnim bez obzira na lokaciju.<\/div>\n<p>&nbsp;<\/p>\n<div class=\"auto-hide-last-sibling-br paragraph_1252f paragraph-element\">ISO15693 RFID oznaka za vi\u0161ekratnu upotrebu nalazi se u upotrebi u brojnim aplikacijama kao \u0161to su:<\/div>\n<ul class=\"auto-hide-last-sibling-br\">\n<li>Procesi industrijskog pranja<\/li>\n<li>Jedinstvena administracija<\/li>\n<li>Nadzor nad medicinskom odje\u0107om<\/li>\n<li>Upravljanje odje\u0107om li\u010dne za\u0161titne opreme (LZO).<\/li>\n<li>Operacije nadzora osoblja<\/li>\n<li>Upravljanje vatrogasnom opremom<\/li>\n<li>Nadzor skija\u0161ke opreme.<\/li>\n<\/ul>\n<div class=\"auto-hide-last-sibling-br paragraph_1252f paragraph-element\">The<strong> ICODE SLI Pasivna visokofrekventna RFID oznaka<\/strong> savr\u0161en je za zadatke kao \u0161to su procesi pranja rublja, olak\u0161avanje lanca opskrbe, regulacija zaliha, pra\u0107enje imovine i nadzor procesa. Napravljen da izdr\u017ei strogost rotacionog peglanja, ova RFID oznaka za ve\u0161 tako\u0111e je otporna na visoki pritisak, toplotu i hemikalije \u0161to je potrebno za beskontaktno pra\u0107enje ode\u0107e u tekstilnoj industriji i industriji ve\u0161a.<\/div>\n<p>&nbsp;<\/p>\n<div class=\"auto-hide-last-sibling-br paragraph_1252f paragraph-element\">Monta\u017ea bez napora na bilo koju tkaninu je mogu\u0107a sa standardnom ma\u0161inom za toplotno zavarivanje. Unutar fleksibilnog tekstilnog ku\u0107i\u0161ta nalazi se kompaktni beskontaktni \u010dip koji pru\u017ea pobolj\u0161anu otpornost na povi\u0161ene temperature i razli\u010dite metode intenzivnog \u010di\u0161\u0107enja, uklju\u010duju\u0107i procese kemijskog \u010di\u0161\u0107enja.<\/div>\n<p>&nbsp;<\/p>\n<div class=\"auto-hide-last-sibling-br paragraph_1252f paragraph-element\">Svjedo\u010danstvo njegove svestranosti, ova robusna RFID oznaka za rublje je kompatibilna sa niskofrekventnim (LF) i ultra visokofrekventnim (UHF) RFID frekvencijama. Njegove prilagodljive verzije uklju\u010duju 125 KHz Passive RFID Laundry Tag za niskofrekventne operacije i 860 do 960 MHz Gen 2 Laundry Tag za interakcije na ultra visokim frekvencijama.<\/div>\n<\/div>\n<div><\/div>\n<\/div>\n<\/div>\n<div>\n<p>The <strong>ICODE SLIX IC<\/strong> je namjenski \u010dip za inteligentne aplikacije naljepnica kao \u0161to su biblioteke, autentikacija proizvoda u razli\u010ditim industrijama kao \u0161to su farmaceutska, medicinski ure\u0111aji i alkohol, kao i upravljanje proizvodnjom u razli\u010ditim podru\u010djima industrije. Ovaj IC je tre\u0107a generacija familije proizvoda IC-a za pametne etikete zasnovane na ISO standardima ISO\/IEC 15693 i ISO\/IEC 18000-3, produ\u017eavaju\u0107i uspje\u0161nu pri\u010du o NXP-u<sup>\u00ae<\/sup>\u00a0u oblasti sistema identifikacije blizine.<\/p>\n<h3>Beskontaktni prijenos energije i podataka<\/h3>\n<p>Kad god je povezan na vrlo jednostavan i lak za proizvodnju tip antene (kao rezultat nose\u0107e frekvencije od 13,56 MHz) napravljen od nekoliko namotaja od\u0161tampanih, namotanih, ugraviranih ili bu\u0161enih zavojnica, ICODE SLIX IC mo\u017ee raditi bez linija vidljivosti do udaljenosti od 1,5 m (\u0161irina kapije). Baterija nije potrebna. Kada je pametna etiketa postavljena u polju antene ispitiva\u010da, RF komunikacioni interfejs velike brzine omogu\u0107ava prenos podataka do 53 kbit\/s.<\/p>\n<h3>Anti-sudar<\/h3>\n<p>Inteligentna funkcija protiv sudara omogu\u0107ava da nekoliko oznaka istovremeno radi na terenu. Algoritam protiv kolizije odabire svaku oznaku pojedina\u010dno i osigurava da se izvr\u0161enje transakcije sa odabranom oznakom izvr\u0161i ispravno bez o\u0161te\u0107enja podataka koja je rezultat drugih oznaka u polju.<\/p>\n<h3>Karakteristike<\/h3>\n<div id=\"featuresXsp\" class=\"features-list\">\n<div class=\"features-xsp\">\n<div class=\"collapse-mobile ste-list\">\n<h3>ICODE SLIX RF interfejs (ISO\/IEC 15693)<\/h3>\n<ul class=\"boxes\">\n<li>Beskontaktni prijenos podataka i napajanje energijom (nije potrebna baterija)<\/li>\n<li>Radna udaljenost: do 1,5 m (u zavisnosti od geometrije antene)<\/li>\n<li>Radna frekvencija: 13,56 MHz (ISM, licenca \u0161irom svijeta slobodno dostupna)<\/li>\n<li>Brz prenos podataka: do 53 kbit\/s<\/li>\n<li>Visok integritet podataka: 16-bitni CRC, kadriranje<\/li>\n<li>Prava za\u0161tita od sudara<\/li>\n<li>Elektronski nadzor artikala za\u0161ti\u0107en lozinkom (EAS)<\/li>\n<li>Porodi\u010dni identifikator aplikacije za\u0161ti\u0107en lozinkom (AFI)<\/li>\n<li>Identifikator formata pohrane podataka (DSFID)<\/li>\n<li>Dodatno brzo \u010ditanje protiv sudara<\/li>\n<li>Udaljenost pisanja jednaka udaljenosti \u010ditanja<\/li>\n<\/ul>\n<\/div>\n<div class=\"collapse-mobile ste-list\">\n<h3>EEPROM<\/h3>\n<ul class=\"boxes\">\n<li>1024 bita, organizovana u 32 bloka od po 4 bajta<\/li>\n<li>50 godina \u010duvanja podataka<\/li>\n<li>Izdr\u017eljivost pisanja od 100000 ciklusa<\/li>\n<\/ul>\n<\/div>\n<div class=\"collapse-mobile ste-list\">\n<h3>Sigurnost<\/h3>\n<ul class=\"boxes\">\n<li>Jedinstveni identifikator za svaki ure\u0111aj<\/li>\n<li>Mehanizam zaklju\u010davanja za svaki korisni\u010dki memorijski blok (za\u0161tita od pisanja)<\/li>\n<li>Mehanizam zaklju\u010davanja za DSFID, AFI, EAS<\/li>\n<li>Funkcionalnost EAS i AFI za\u0161ti\u0107ena lozinkom (32-bit).<\/li>\n<\/ul>\n<\/div>\n<\/div>\n<\/div>\n<\/div>\n<div class=\"magic-2\">\n<div class=\"auto-hide-last-sibling-br paragraph_1252f paragraph-element\">\n<p>&nbsp;<\/p>\n<div class=\"auto-hide-last-sibling-br paragraph_1252f paragraph-element\"><\/div>\n<div class=\"auto-hide-last-sibling-br paragraph_1252f paragraph-element\"><\/div>\n<\/div>\n<\/div>\n<\/div>\n<\/div>\n<\/div>","protected":false},"excerpt":{"rendered":"<p>Otpornost na visoke temperature ISO15693 RFID vi\u0161ekratna oznaka za ve\u0161 napravljena je od PPS materijala visokih performansi koji udobno podnosi povi\u0161ene temperature.<\/p>","protected":false},"featured_media":162,"template":"","meta":{"_kad_post_transparent":"default","_kad_post_title":"","_kad_post_layout":"default","_kad_post_sidebar_id":"","_kad_post_content_style":"default","_kad_post_vertical_padding":"default","_kad_post_feature":"","_kad_post_feature_position":"","_kad_post_header":false,"_kad_post_footer":false,"_kad_post_classname":""},"product_brand":[],"product_cat":[21,17],"product_tag":[75,37,39,45],"class_list":{"0":"post-161","1":"product","2":"type-product","3":"status-publish","4":"has-post-thumbnail","6":"product_cat-pps-rfid-laundry-tag","7":"product_cat-nfc-rfid-laundry-tag","8":"product_tag-iso15693-rfid-reusable-laundry-tag","9":"product_tag-nfc-button","10":"product_tag-nfc-laundry-tag","11":"product_tag-pps-washable-nfc-tags","13":"first","14":"instock","15":"shipping-taxable","16":"product-type-simple","17":"entry","18":"content-bg","19":"loop-entry"},"_links":{"self":[{"href":"https:\/\/rfid-laundry-tag.com\/bs\/wp-json\/wp\/v2\/product\/161","targetHints":{"allow":["GET"]}}],"collection":[{"href":"https:\/\/rfid-laundry-tag.com\/bs\/wp-json\/wp\/v2\/product"}],"about":[{"href":"https:\/\/rfid-laundry-tag.com\/bs\/wp-json\/wp\/v2\/types\/product"}],"version-history":[{"count":1,"href":"https:\/\/rfid-laundry-tag.com\/bs\/wp-json\/wp\/v2\/product\/161\/revisions"}],"predecessor-version":[{"id":1301,"href":"https:\/\/rfid-laundry-tag.com\/bs\/wp-json\/wp\/v2\/product\/161\/revisions\/1301"}],"wp:featuredmedia":[{"embeddable":true,"href":"https:\/\/rfid-laundry-tag.com\/bs\/wp-json\/wp\/v2\/media\/162"}],"wp:attachment":[{"href":"https:\/\/rfid-laundry-tag.com\/bs\/wp-json\/wp\/v2\/media?parent=161"}],"wp:term":[{"taxonomy":"product_brand","embeddable":true,"href":"https:\/\/rfid-laundry-tag.com\/bs\/wp-json\/wp\/v2\/product_brand?post=161"},{"taxonomy":"product_cat","embeddable":true,"href":"https:\/\/rfid-laundry-tag.com\/bs\/wp-json\/wp\/v2\/product_cat?post=161"},{"taxonomy":"product_tag","embeddable":true,"href":"https:\/\/rfid-laundry-tag.com\/bs\/wp-json\/wp\/v2\/product_tag?post=161"}],"curies":[{"name":"radni list","href":"https:\/\/api.w.org\/{rel}","templated":true}]}}