{"id":157,"date":"2024-06-14T16:27:10","date_gmt":"2024-06-14T16:27:10","guid":{"rendered":"https:\/\/rfid-laundry-tag.com\/?post_type=product&#038;p=157"},"modified":"2024-09-08T04:19:43","modified_gmt":"2024-09-08T04:19:43","slug":"uhf-washable-rfid-fabric-laundry-tags","status":"publish","type":"product","link":"https:\/\/rfid-laundry-tag.com\/bs\/uhf-washable-rfid-fabric-laundry-tags\/","title":{"rendered":"UHF perive RFID oznake za pranje rublja"},"content":{"rendered":"<div>\n<div class=\"auto-hide-last-sibling-br paragraph_1252f paragraph-element\">\n<table width=\"637\">\n<tbody>\n<tr>\n<td width=\"328\">Naziv artikla:<\/td>\n<td width=\"309\">UHF perive RFID oznake za pranje rublja<\/td>\n<\/tr>\n<tr>\n<td width=\"328\">RFID standard:<\/td>\n<td width=\"309\">ISO\/IEC 18000-6 TypeC (EPC Gen2)<\/td>\n<\/tr>\n<tr>\n<td width=\"328\">Veli\u010dina i te\u017eina:<\/td>\n<td width=\"309\">70\u00d715 mm, 0,6 g<\/td>\n<\/tr>\n<tr>\n<td width=\"328\">Vrsta \u010dipa:<\/td>\n<td width=\"309\">Impinj Monza 4QT,NXP U KOD 8,NXP U KOD 9<\/td>\n<\/tr>\n<tr>\n<td width=\"328\">EPC memorija:<\/td>\n<td width=\"309\">128bita<\/td>\n<\/tr>\n<tr>\n<td width=\"328\">Korisni\u010dka memorija:<\/td>\n<td width=\"309\">512bita<\/td>\n<\/tr>\n<tr>\n<td width=\"328\">Opseg o\u010ditavanja (2W ERP FCC):<\/td>\n<td width=\"309\">8m<\/td>\n<\/tr>\n<tr>\n<td width=\"328\">Opseg o\u010ditavanja (2W ERP ETSI):<\/td>\n<td width=\"309\">8m<\/td>\n<\/tr>\n<tr>\n<td width=\"328\">Ozna\u010davanje:<\/td>\n<td width=\"309\">\u0160ivanje, Ljepilo za vru\u0107e \u0161tancanje<\/td>\n<\/tr>\n<tr>\n<td width=\"328\">Procijenjeni vijek trajanja:<\/td>\n<td width=\"309\">200 ciklusa pranja ili 3 godine, \u0161to god nastupi prije<\/td>\n<\/tr>\n<tr>\n<td width=\"328\">Na\u010din pranja:<\/td>\n<td width=\"309\">Praonica rublja, Kemijsko \u010di\u0161\u0107enje<\/td>\n<\/tr>\n<tr>\n<td width=\"328\">Pritisak ekstrakcije vode:<\/td>\n<td width=\"309\">60 bara<\/td>\n<\/tr>\n<tr>\n<td width=\"328\">Otpornost na vodu:<\/td>\n<td width=\"309\">Otporan na vodu<\/td>\n<\/tr>\n<tr>\n<td width=\"328\">Hemijska otpornost:<\/td>\n<td width=\"309\">Deterd\u017eent, omek\u0161iva\u010d, izbjeljiva\u010d (kiseonik\/hlor), lu\u017eina<\/td>\n<\/tr>\n<tr>\n<td width=\"328\">Prethodno su\u0161enje u su\u0161ilici:<\/td>\n<td width=\"309\">125 \u00baC 15-20 minuta<\/td>\n<\/tr>\n<tr>\n<td width=\"328\">Temperatura sterilizacije:<\/td>\n<td width=\"309\">135\u00b0C 15-20 minuta<\/td>\n<\/tr>\n<tr>\n<td width=\"328\">Temperatura pranja:<\/td>\n<td width=\"309\">90\u00b0C, do 15 min.<\/td>\n<\/tr>\n<tr>\n<td width=\"328\">Vla\u017enost\/temperatura - rad:<\/td>\n<td width=\"309\">-20 do 110\u00b0C, 8 do 95%RH<\/td>\n<\/tr>\n<tr>\n<td width=\"328\">Vla\u017enost\/temperatura-skladi\u0161tenje:<\/td>\n<td width=\"309\">-40 do 110\u00b0C, 8 do 95%RH<\/td>\n<\/tr>\n<\/tbody>\n<\/table>\n<\/div>\n<div class=\"auto-hide-last-sibling-br paragraph_1252f paragraph-element\"><\/div>\n<\/div>\n<div class=\"auto-hide-last-sibling-br paragraph_1252f paragraph-element\">\n<div data-spm-anchor-id=\"a2700.details.0.i57.23b419c7xXORP0\"><span data-spm-anchor-id=\"a2700.details.0.i75.23b419c7xXORP0\"><b>Zna\u010dajka:<\/b><br \/>\n1) UHF tehnologija za \u010ditanje stotina oznaka istovremeno.<br \/>\n2) Vi\u0161e od 8 stopa za \u010ditanje udaljenosti.<br \/>\n3) Novi mehani\u010dki dizajn za pobolj\u0161ane performanse za ravnu posteljinu.<br \/>\n4) Pogodno za ekstraktore visokog pritiska do 60 bara.<br \/>\n5) Pogodno za sterilizaciju u autoklavu.<br \/>\n6) Mali, mekani, fleksibilni materijali idealni za tekstil, posteljinu, odje\u0107u i dodatke.<\/span><\/div>\n<\/div>\n<div data-spm-anchor-id=\"a2700.details.0.i57.23b419c7xXORP0\"><\/div>\n<div data-spm-anchor-id=\"a2700.details.0.i57.23b419c7xXORP0\">\n<div class=\"auto-hide-last-sibling-br paragraph_1252f paragraph-element\"><strong>UHF perive RFID oznake za pranje rublja<\/strong> su RFID oznake posebne namjene kreirane posebno za tekstil koji prolazi kroz rigorozne industrijske postupke pranja, uklju\u010duju\u0107i sterilizaciju i peglanje.<\/div>\n<p>&nbsp;<\/p>\n<div class=\"auto-hide-last-sibling-br paragraph_1252f paragraph-element\">Ove UHF RFID oznake za pranje ve\u0161a od tkanine i tekstila igraju klju\u010dnu ulogu u efikasnoj identifikaciji, pra\u0107enju i upravljanju posteljinom i tekstilom. Za preduze\u0107a kojima je potrebna kontinuirana cirkulacija \u010diste posteljine, uniformi, radne ode\u0107e, medicinske ode\u0107e ili potrep\u0161tina za \u010di\u0161\u0107enje, ove oznake za ve\u0161 mogu uveliko pobolj\u0161ati efikasnost automatizovanih sistema. Omogu\u0107avaju br\u017ee i preciznije pra\u0107enje zna\u010dajnog broja pojedina\u010dnih artikala, pobolj\u0161avaju\u0107i kontrolu zaliha i minimiziraju\u0107i gubitak. Ovo rezultira zna\u010dajnim u\u0161tedama vremena i tro\u0161kova, kao i pove\u0107anom produktivno\u0161\u0107u takvih objekata.<\/div>\n<\/div>\n<div data-spm-anchor-id=\"a2700.details.0.i57.23b419c7xXORP0\"><\/div>\n<div data-spm-anchor-id=\"a2700.details.0.i57.23b419c7xXORP0\">\n<p><img fetchpriority=\"high\" decoding=\"async\" class=\"wp-image-55\" src=\"https:\/\/rfid-laundry-tag.com\/wp-content\/uploads\/2024\/06\/4-300x275.png\" alt=\"RFID Tag for linen laundry\" width=\"605\" height=\"555\" srcset=\"https:\/\/rfid-laundry-tag.com\/wp-content\/uploads\/2024\/06\/4-300x275.png 300w, https:\/\/rfid-laundry-tag.com\/wp-content\/uploads\/2024\/06\/4-600x550.png 600w, https:\/\/rfid-laundry-tag.com\/wp-content\/uploads\/2024\/06\/4-13x12.png 13w, https:\/\/rfid-laundry-tag.com\/wp-content\/uploads\/2024\/06\/4.png 750w\" sizes=\"(max-width: 605px) 100vw, 605px\" \/><\/p>\n<\/div>\n<h3 class=\"wp-block-heading\">Instalacija<\/h3>\n<p><strong>Stitch Tagging<\/strong>: Za u\u0161ivanje u rub tekstila. Za\u0161ijte etiketu za rublje dalje od preklopnih linija.<br \/>\n<strong>Heat Sealing<\/strong>: Za toplotno zavarivanje direktno na tekstil na +200\u00b0C (392\u00b0F), 12~14s.<br \/>\n<strong>U torbici<\/strong>: Za \u0161ivanje kao standardna etiketa za njegu. Za\u0161ijte etiketu za rublje dalje od preklopnih linija.<\/p>\n<div class=\"auto-hide-last-sibling-br paragraph_1252f paragraph-element\">\n<div class=\"auto-hide-last-sibling-br paragraph_1252f paragraph-element\">RFID tekstilne oznake za uniforme za pranje rublja su nezamjenjive u bezbroj industrija, \u0161to je klju\u010dno za efikasno pra\u0107enje imovine, upravljanje zalihama i pove\u0107anje ukupne operativne efikasnosti. Evo kratkog uvida u njihovu primjenu u razli\u010ditim sektorima:<\/div>\n<div><\/div>\n<p style=\"font-weight: 400;\"><span style=\"font-style: inherit; font-weight: inherit;\" data-spm-anchor-id=\"a2700.details.0.i52.7e74253fSAfL7T\">Kako <\/span><b><strong style=\"font-style: inherit;\">JAKO<\/strong><\/b><span style=\"font-style: inherit; font-weight: inherit;\"> oni su ?<\/span><\/p>\n<p><b><strong>\u2460<\/strong><\/b>.Da li se RFID \u010dipovi o\u0161te\u0107uju pod visokim temperaturama?<span style=\"font-style: inherit; font-weight: inherit;\"> \u2013<\/span><b><strong>\u2714 Na\u0161a RFID etiketa za pranje ve\u0161a dizajnirana je za upotrebu na 200 \u00b0C<\/strong><\/b><span style=\"font-style: inherit; font-weight: inherit;\">.<\/span><\/p>\n<p style=\"font-weight: 400;\"><b><strong>\u2461<\/strong><\/b>Koliko puta mo\u017eemo oprati etikete koje su pri\u010dvr\u0161\u0107ene za uniformne tekstilne proizvode? <b><strong>\u2013\u2714Na\u0161a RFID etiketa za tekstil mo\u017ee se prati vi\u0161e od 200 puta sa garancijom 2 godine nakon isporuke.<\/strong><\/b><\/p>\n<p style=\"font-weight: 400;\"><b><strong>\u2462<\/strong><\/b>Ho\u0107emo li potro\u0161iti presti\u017ene uniforme tekstilnih proizvoda, nastaviti raditi u slu\u010daju zgnje\u010denja? <b><strong>\u2013\u2714 Dizajnirali smo na\u0161u etiketu za ve\u0161 za tekstil da izdr\u017ei pritisak od 60 bara u procesu presovanja va\u0161ih tekstilnih proizvoda.<\/strong><\/b><\/p>\n<p style=\"font-weight: 400;\"><b><strong>\u2463<\/strong><\/b>Gdje postavljate RFID etikete za pranje rublja na tekstil za uniforme? <b><strong>\u2013 \u2714RFID etikete za pranje ve\u0161a se postavljaju prema dostupnosti uniformi.<\/strong><\/b><\/p>\n<p>&nbsp;<\/p>\n<\/div>\n<div class=\"auto-hide-last-sibling-br paragraph_1252f paragraph-element\"><\/div>","protected":false},"excerpt":{"rendered":"<p>UHF perive RFID etikete za ve\u0161, proizvedene sa visokotehnolo\u0161kom UHF tehnologijom (860-960 MHz), u skladu su sa me\u0111unarodnim standardima kao \u0161to su EPC Class1 Gen2 i ISO 18000. Ove UHF tekstilne etikete za pranje ve\u0161a pru\u017eaju fleksibilnost i robusnost sposobnu da izdr\u017ee vi\u0161e od 200 sati. ciklusi i pritisak do 60 bara. Izvanredna karakteristika UHF RFID etikete za pranje ve\u0161a je njena sposobnost da olak\u0161a masovno o\u010ditavanje sa nekoliko metara udaljenosti, predstavljaju\u0107i visoko efikasan alat za upravljanje ve\u0161om.<\/p>","protected":false},"featured_media":158,"template":"","meta":{"_kad_post_transparent":"default","_kad_post_title":"","_kad_post_layout":"default","_kad_post_sidebar_id":"","_kad_post_content_style":"default","_kad_post_vertical_padding":"default","_kad_post_feature":"","_kad_post_feature_position":"","_kad_post_header":false,"_kad_post_footer":false,"_kad_post_classname":""},"product_brand":[],"product_cat":[19,16],"product_tag":[31,65,30,73],"class_list":{"0":"post-157","1":"product","2":"type-product","3":"status-publish","4":"has-post-thumbnail","6":"product_cat-textile-rfid-laundry-tag","7":"product_cat-uhf-rfid-laundry-tags","8":"product_tag-rfid-tag-for-linen-laundry","9":"product_tag-textile-rfid-laundry-tags","10":"product_tag-uhf-rfid-laundry-tag","11":"product_tag-uhf-washable-rfid-fabric-laundry-tags","13":"first","14":"instock","15":"featured","16":"shipping-taxable","17":"product-type-simple","18":"entry","19":"content-bg","20":"loop-entry"},"_links":{"self":[{"href":"https:\/\/rfid-laundry-tag.com\/bs\/wp-json\/wp\/v2\/product\/157","targetHints":{"allow":["GET"]}}],"collection":[{"href":"https:\/\/rfid-laundry-tag.com\/bs\/wp-json\/wp\/v2\/product"}],"about":[{"href":"https:\/\/rfid-laundry-tag.com\/bs\/wp-json\/wp\/v2\/types\/product"}],"version-history":[{"count":1,"href":"https:\/\/rfid-laundry-tag.com\/bs\/wp-json\/wp\/v2\/product\/157\/revisions"}],"predecessor-version":[{"id":1920,"href":"https:\/\/rfid-laundry-tag.com\/bs\/wp-json\/wp\/v2\/product\/157\/revisions\/1920"}],"wp:featuredmedia":[{"embeddable":true,"href":"https:\/\/rfid-laundry-tag.com\/bs\/wp-json\/wp\/v2\/media\/158"}],"wp:attachment":[{"href":"https:\/\/rfid-laundry-tag.com\/bs\/wp-json\/wp\/v2\/media?parent=157"}],"wp:term":[{"taxonomy":"product_brand","embeddable":true,"href":"https:\/\/rfid-laundry-tag.com\/bs\/wp-json\/wp\/v2\/product_brand?post=157"},{"taxonomy":"product_cat","embeddable":true,"href":"https:\/\/rfid-laundry-tag.com\/bs\/wp-json\/wp\/v2\/product_cat?post=157"},{"taxonomy":"product_tag","embeddable":true,"href":"https:\/\/rfid-laundry-tag.com\/bs\/wp-json\/wp\/v2\/product_tag?post=157"}],"curies":[{"name":"radni list","href":"https:\/\/api.w.org\/{rel}","templated":true}]}}