{"id":143,"date":"2024-06-14T09:55:34","date_gmt":"2024-06-14T09:55:34","guid":{"rendered":"https:\/\/rfid-laundry-tag.com\/?post_type=product&#038;p=143"},"modified":"2024-09-26T04:10:00","modified_gmt":"2024-09-26T04:10:00","slug":"textile-rfid-tags-for-laundry","status":"publish","type":"product","link":"https:\/\/rfid-laundry-tag.com\/bs\/textile-rfid-tags-for-laundry\/","title":{"rendered":"Tekstilne RFID oznake za pranje rublja"},"content":{"rendered":"<div>\n<div class=\"auto-hide-last-sibling-br paragraph_1252f paragraph-element\">\n<h1>Tekstilne RFID oznake za pranje rublja<\/h1>\n<table width=\"593\">\n<tbody>\n<tr>\n<td width=\"233\">RF Air Protocol<\/td>\n<td colspan=\"4\" width=\"360\">EPC Global Class 1 Gen2 ISO18000-6C<\/td>\n<\/tr>\n<tr>\n<td width=\"233\">Radna frekvencija<\/td>\n<td colspan=\"4\" width=\"360\">UHF 866-868 MHz (ETSI) \/UHF 902-928 MHz (FCC)<\/td>\n<\/tr>\n<tr>\n<td width=\"233\">Kompatibilnost sa okru\u017eenjem<\/td>\n<td colspan=\"4\" width=\"360\">Optimizirano u zraku<\/td>\n<\/tr>\n<tr>\n<td width=\"233\">Period zadr\u017eavanja podataka<\/td>\n<td colspan=\"4\" width=\"360\">50 godina<\/td>\n<\/tr>\n<tr>\n<td width=\"233\">Read Range<\/td>\n<td colspan=\"4\" width=\"360\">Do 5,5 m (bez metala)<\/td>\n<\/tr>\n<tr>\n<td width=\"233\">Polarizacija<\/td>\n<td colspan=\"4\" width=\"360\">Linearno<\/td>\n<\/tr>\n<tr>\n<td width=\"233\">IC Type<\/td>\n<td colspan=\"4\" width=\"360\">NXP U KOD 8,U KOD 9 itd<\/td>\n<\/tr>\n<tr>\n<td width=\"233\">Konfiguracija memorije<\/td>\n<td colspan=\"4\" width=\"360\">EPC 128bit TID 96bit User 32bit<\/td>\n<\/tr>\n<tr>\n<td colspan=\"5\" width=\"593\">Mehani\u010dke secifikacije<\/td>\n<\/tr>\n<tr>\n<td width=\"233\">Povr\u0161inski materijali<\/td>\n<td colspan=\"4\" width=\"360\">Tekstil<\/td>\n<\/tr>\n<tr>\n<td width=\"233\">Dimenzije (mm)<\/td>\n<td colspan=\"4\" width=\"360\">15*70*1,5 mm<\/td>\n<\/tr>\n<tr>\n<td width=\"233\">Te\u017eina (g)<\/td>\n<td colspan=\"4\" width=\"360\">0,7g<\/td>\n<\/tr>\n<tr>\n<td rowspan=\"2\" width=\"233\">Prilog<\/td>\n<td colspan=\"4\" width=\"360\">U\u0161ijte rub ili tkanu etiketu<\/td>\n<\/tr>\n<tr>\n<td colspan=\"4\" width=\"360\">Toplotno zaptivanje na 215\u2103@15 sekundi i 4 bara<\/td>\n<\/tr>\n<tr>\n<td width=\"233\">Boja<\/td>\n<td colspan=\"4\" width=\"360\">Bijelo<\/td>\n<\/tr>\n<tr>\n<td colspan=\"5\" width=\"593\">Environmetal Sepcifications<\/td>\n<\/tr>\n<tr>\n<td width=\"233\">Radna temperatura<\/td>\n<td colspan=\"4\" width=\"360\">-30\u00b0C do +85\u00b0C<\/td>\n<\/tr>\n<tr>\n<td width=\"233\">Temperatura okoline<\/td>\n<td colspan=\"4\" width=\"360\">-30\u00b0C do +100\u00b0C<\/td>\n<\/tr>\n<tr>\n<td width=\"233\">Mehani\u010dka otpornost<\/td>\n<td colspan=\"4\" width=\"360\">60 bara<\/td>\n<\/tr>\n<tr>\n<td width=\"233\">Otpornost na hemikalije<\/td>\n<td colspan=\"4\" width=\"360\">Normalne uobi\u010dajene hemikalije u procesima pranja<\/td>\n<\/tr>\n<tr>\n<td rowspan=\"4\" width=\"233\">Otpornost na toplotu<\/td>\n<td colspan=\"4\" width=\"360\">Pranje: 90\u2103, 15 minuta, 200 ciklusa<\/td>\n<\/tr>\n<tr>\n<td colspan=\"4\" width=\"360\">Prethodno su\u0161enje: 180\u2103, 30 min<\/td>\n<\/tr>\n<tr>\n<td colspan=\"4\" width=\"360\">Peglanje: 180\u2103, 10 sekundi, 200 ciklusa<\/td>\n<\/tr>\n<tr>\n<td colspan=\"4\" width=\"360\">Sterilizacija: 135\u2103, 20 min<\/td>\n<\/tr>\n<tr>\n<td width=\"233\">IP Classification<\/td>\n<td colspan=\"4\" width=\"360\">IP68<\/td>\n<\/tr>\n<tr>\n<td width=\"233\">Garancija<\/td>\n<td colspan=\"4\" width=\"360\">2 godine ili 200 puta pranja<\/td>\n<\/tr>\n<\/tbody>\n<\/table>\n<\/div>\n<\/div>\n<div>\n<div>\n<h2>Prednosti UHF RFID oznaka za pranje rublja<\/h2>\n<p>Ulaganje u\u00a0<strong>UHF RFID oznake za ve\u0161<\/strong>\u00a0je pametna odluka za svaku operaciju pranja rublja koja \u017eeli pove\u0107ati produktivnost i preciznost. Evo nekih uvjerljivih prednosti:<\/p>\n<ul>\n<li><strong>Pobolj\u0161ano pra\u0107enje<\/strong>: Uz RFID tehnologiju, mo\u017eete pratiti svaki komad ve\u0161a tokom njegovog putovanja, od pranja do isporuke. Ovo osigurava da se nijedan predmet ne izgubi u procesu.<\/li>\n<li><strong>Trajnost<\/strong>: Na\u0161e oznake su dizajnirane da izdr\u017ee visoke temperature, vi\u0161estruka pranja, pa \u010dak i te\u0161ke industrijske praonice, \u0161to ih \u010dini idealnim za dugotrajnu upotrebu.<\/li>\n<li><strong>Isplativo<\/strong>: Smanjenjem gubitaka i pobolj\u0161anjem upravljanja zalihama, RFID oznake za ve\u0161 na kraju omogu\u0107avaju zna\u010dajne u\u0161tede.<\/li>\n<\/ul>\n<h2>Klju\u010dne karakteristike UHF RFID oznaka za pranje rublja<\/h2>\n<h3>1.\u00a0<strong>Perivi dizajn za dugovje\u010dnost<\/strong><\/h3>\n<p>Na\u0161\u00a0<strong>RFID platnene etikete za ve\u0161<\/strong>\u00a0dizajnirani su da izdr\u017ee vi\u0161e od 200 ciklusa pranja, osiguravaju\u0107i pouzdanost i izdr\u017eljivost. Ove oznake su posebno dizajnirane da izdr\u017ee ekstremne uslove pranja bez pogor\u0161anja performansi. Mogu izdr\u017eati \u010dak i visoke temperature bez gubitka sposobnosti pra\u0107enja, \u0161to ih \u010dini savr\u0161enim za bilo koje komercijalno pranje rublja.<\/p>\n<h3>2.\u00a0<strong>Svestranost u primjeni<\/strong><\/h3>\n<p>Ove\u00a0<strong>tekstilne RFID oznake<\/strong>\u00a0su raznovrsni i mogu se koristiti za razli\u010dite primjene \u2014 od pra\u0107enja odje\u0107e u hotelima do upravljanja posteljinom u zdravstvenim ustanovama. Njihov robustan dizajn omogu\u0107ava im rukovanje razli\u010ditim okru\u017eenjima za pranje rublja, istovremeno osiguravaju\u0107i dosljedne performanse.<\/p>\n<h3>3.\u00a0<strong>Jednostavnost integracije<\/strong><\/h3>\n<p>Integracija\u00a0<strong>UHF RFID oznake za ve\u0161<\/strong>\u00a0u va\u0161e postoje\u0107e sisteme pra\u0107enja je jednostavno. Oznake mogu neprimjetno raditi s RFID \u010dita\u010dima, nude\u0107i uvid u va\u0161 inventar rublja u realnom vremenu. To zna\u010di pojednostavljene procese, pobolj\u0161anu preciznost i bolje upravljanje imovinom, idealno za upravljanje velikim koli\u010dinama tekstilnih predmeta.<\/p>\n<h3>4.\u00a0<strong>Otporan na vodu i temperaturu<\/strong><\/h3>\n<p>Dizajnirane da izdr\u017ee stroge zahtjeve industrijskog pranja rublja, ove oznake su vodootporne i otporne na visoke temperature. Ova izdr\u017eljivost osigurava dugovje\u010dnost, omogu\u0107avaju\u0107i im da odr\u017ee funkcionalnost tijekom brojnih agresivnih ciklusa pranja i su\u0161enja uobi\u010dajenih u komercijalnim praonicama.<\/p>\n<h3>5.\u00a0<strong>Precizno upravljanje zalihama<\/strong><\/h3>\n<p>With\u00a0<strong>RFID pra\u0107enje ve\u0161a<\/strong>, upravljanje va\u0161im inventarom postaje jednostavno. Svaka oznaka sadr\u017ei jedinstveni identifikator koji omogu\u0107ava automatsko pra\u0107enje svakog komada ve\u0161a, elimini\u0161u\u0107i ru\u010dni proces prijave\/odjave. Ova funkcija pobolj\u0161ava efikasnost, osiguravaju\u0107i da uvijek znate gdje se va\u0161a sredstva nalaze.<\/p>\n<h3>6.\u00a0<strong>Uticaj na \u017eivotnu sredinu<\/strong><\/h3>\n<p>Promoviranje odr\u017eivog pristupa, na\u0161\u00a0<strong>RFID oznake koje se mogu prati<\/strong>\u00a0dizajnirani su s namjerom ekolo\u0161ke prihvatljivosti. Mogu se vi\u0161ekratno koristiti i napravljene su od materijala koji smanjuju otpad u odnosu na etikete za jednokratnu upotrebu. Ovaj aspekt odr\u017eivosti je klju\u010dan jer organizacije sve vi\u0161e daju prioritet ekolo\u0161koj odgovornosti.<\/p>\n<\/div>\n<div><\/div>\n<div>\n<h2>Uputstva za upotrebu<\/h2>\n<ol>\n<li><strong>Priprema<\/strong>: Prije nano\u0161enja etiketa na va\u0161 tekstil, provjerite je li povr\u0161ina \u010dista i suha.<\/li>\n<li><strong>Aplikacija<\/strong>: Etikete se mogu u\u0161iti u odjevni predmet ili zalijepiti za posteljinu prema va\u0161im zahtjevima.<\/li>\n<li><strong>Inicijalizacija<\/strong>: Programirajte svaku oznaku koriste\u0107i RFID \u010dita\u010d da dodeli jedinstveni identifikator svakom komadu ve\u0161a.<\/li>\n<li><strong>Pra\u0107enje<\/strong>: Koristite RFID \u010dita\u010d za neprimetno pra\u0107enje i pra\u0107enje predmeta za pranje kroz cikluse pranja i isporuke.<\/li>\n<\/ol>\n<\/div>\n<div><\/div>\n<div class=\"auto-hide-last-sibling-br paragraph_1252f paragraph-element\"><strong>Tekstilne RFID oznake za ve\u0161<\/strong> slu\u017ee kao koristan alat za ustanove kojima su potrebne stalne zalihe \u010diste posteljine, radne uniforme, medicinske opreme ili materijala za \u010di\u0161\u0107enje, omogu\u0107avaju\u0107i automatizovanim sistemima da rukuju velikim koli\u010dinama pojedina\u010dnih predmeta na brz i precizan na\u010din.<\/div>\n<p>&nbsp;<\/p>\n<\/div>\n<div>\n<div class=\"auto-hide-last-sibling-br paragraph_1252f paragraph-element\"><strong>RFID tekstilne etikete<\/strong> funkcioni\u0161u pomo\u0107u specijalizovanog procesa. Svaka etiketa je opremljena RFID \u010dipom koji sadr\u017ei va\u017ene detalje o proizvodu, kao \u0161to su njegove proizvodne specifi\u010dnosti, jedinstveni identifikator, izvor, sastav materijala i tako dalje.<\/div>\n<div class=\"auto-hide-last-sibling-br paragraph_1252f paragraph-element\">Mehanizam izdvajanja ovih ugra\u0111enih informacija uklju\u010duje alat poznat kao RFID predajnik ili jo\u0161 \u010de\u0161\u0107e \u010dita\u010d. Ovaj ure\u0111aj emituje radiofrekventne talase koji uspostavljaju vezu sa RFID \u010dipom koji se nalazi unutar etikete. Ova interakcija olak\u0161ava \u010ditaocu pristup podacima koji su osigurani na \u010dipu.<\/div>\n<\/div>\n<div><\/div>\n<div><\/div>\n<div>\n<div class=\"auto-hide-last-sibling-br paragraph_1252f paragraph-element\"><span style=\"font-family: inherit; font-size: 24px; font-weight: bold;\">Instalacija<\/span><\/div>\n<\/div>\n<p><strong>Stitch Tagging<\/strong>: Za u\u0161ivanje u rub tekstila. Za\u0161ijte etiketu za rublje dalje od preklopnih linija.<br \/>\n<strong>Heat Sealing<\/strong>: Za toplotno zavarivanje direktno na tekstil na +200\u00b0C (392\u00b0F), 12~14s.<br \/>\n<strong>U torbici<\/strong>: Za \u0161ivanje kao standardna etiketa za njegu. Za\u0161ijte etiketu za rublje dalje od preklopnih linija.<\/p>\n<div class=\"auto-hide-last-sibling-br paragraph_1252f paragraph-element\">\n<div class=\"auto-hide-last-sibling-br paragraph_1252f paragraph-element\"><\/div>\n<p style=\"font-weight: 400;\"><span style=\"font-style: inherit; font-weight: inherit;\" data-spm-anchor-id=\"a2700.details.0.i52.7e74253fSAfL7T\">Kako <\/span><b><strong style=\"font-style: inherit;\">JAKO<\/strong><\/b><span style=\"font-style: inherit; font-weight: inherit;\"> oni su ?<\/span><\/p>\n<p><b><strong>\u2460<\/strong><\/b>.Da li se RFID \u010dipovi o\u0161te\u0107uju pod visokim temperaturama?<span style=\"font-style: inherit; font-weight: inherit;\"> \u2013<\/span><b><strong>\u2714 Na\u0161a RFID etiketa za pranje ve\u0161a dizajnirana je za upotrebu na 200 \u00b0C<\/strong><\/b><span style=\"font-style: inherit; font-weight: inherit;\">.<\/span><\/p>\n<p style=\"font-weight: 400;\"><b><strong>\u2461<\/strong><\/b>Koliko puta mo\u017eemo oprati etikete koje su pri\u010dvr\u0161\u0107ene za uniformne tekstilne proizvode? <b><strong>\u2013\u2714Na\u0161a RFID etiketa za tekstil mo\u017ee se prati vi\u0161e od 200 puta sa garancijom 2 godine nakon isporuke.<\/strong><\/b><\/p>\n<p style=\"font-weight: 400;\"><b><strong>\u2462<\/strong><\/b>Ho\u0107emo li potro\u0161iti presti\u017ene uniforme tekstilnih proizvoda, nastaviti raditi u slu\u010daju zgnje\u010denja? <b><strong>\u2013\u2714 Dizajnirali smo na\u0161u etiketu za ve\u0161 za tekstil da izdr\u017ei pritisak od 60 bara u procesu presovanja va\u0161ih tekstilnih proizvoda.<\/strong><\/b><\/p>\n<p style=\"font-weight: 400;\"><b><strong>\u2463<\/strong><\/b>Gdje postavljate RFID etikete za pranje rublja na tekstil za uniforme? <b><strong>\u2013 \u2714RFID etikete za pranje ve\u0161a se postavljaju prema dostupnosti uniformi.<\/strong><\/b><\/p>\n<h2>\u010cesto postavljana pitanja (FAQ)<\/h2>\n<h3>1.\u00a0<strong>Da li se RFID oznake za ve\u0161 zaista mogu prati?<\/strong><\/h3>\n<p>Da, na\u0161e RFID oznake za ve\u0161 su dizajnirane da izdr\u017ee vi\u0161e od 200 ciklusa pranja, a da zadr\u017ee svoje performanse.<\/p>\n<h3>2.\u00a0<strong>Mogu li se ove oznake koristiti u okru\u017eenjima s visokim temperaturama?<\/strong><\/h3>\n<p>Apsolutno! Na\u0161e oznake su otporne na toplinu i mogu izdr\u017eati temperature do 85\u00b0C bez gubitka funkcionalnosti.<\/p>\n<h3>3.\u00a0<strong>Koliko je lako integrisati ove oznake u postoje\u0107e sisteme?<\/strong><\/h3>\n<p>Integracija je jednostavna jer su ove oznake kompatibilne sa ve\u0107inom RFID \u010dita\u010da dostupnih na tr\u017ei\u0161tu, osiguravaju\u0107i besprijekornu implementaciju.<\/p>\n<h3>4.\u00a0<strong>Koji se materijali koriste u ovim oznakama?<\/strong><\/h3>\n<p>Oznake su napravljene od izdr\u017eljive tekstilne tkanine, koja pru\u017ea snagu i fleksibilnost.<\/p>\n<h2>Zaklju\u010dak<\/h2>\n<p>Ulaganje u\u00a0<strong>UHF RFID oznake za ve\u0161<\/strong>\u00a0ne radi se samo o pobolj\u0161anju operativne efikasnosti; radi se o tome da svoje procese pranja rublja za\u0161titite u budu\u0107nosti od izazova u pra\u0107enju, upravljanju zalihama i odr\u017eivosti. Uz inovativne dizajne koji izdr\u017eavaju industrijsko pranje i jednostavnost kori\u0161tenja koja se jednostavno ne mo\u017ee usporediti, ove oznake su neophodne za svaku organizaciju koja se bavi uslugama pranja rublja. Ako ste spremni da revolucionirate svoje sisteme upravljanja tekstilom,\u00a0<strong>Kupujte RFID oznake za rublje danas i ispunite na\u0161 upitnik za vi\u0161e informacija o cijenama i uzorcima!<\/strong><\/p>\n<\/div>","protected":false},"excerpt":{"rendered":"<p>Prati rublje bez napora pomo\u0107u izdr\u017eljivih tekstilnih RFID oznaka! Perivi i dizajnirani za industrijsku upotrebu, optimizirajte svoje upravljanje pranjem ve\u0107 danas!<\/p>","protected":false},"featured_media":144,"template":"","meta":{"_kad_post_transparent":"default","_kad_post_title":"","_kad_post_layout":"default","_kad_post_sidebar_id":"","_kad_post_content_style":"default","_kad_post_vertical_padding":"default","_kad_post_feature":"","_kad_post_feature_position":"","_kad_post_header":false,"_kad_post_footer":false,"_kad_post_classname":""},"product_brand":[],"product_cat":[19],"product_tag":[67,31,312,65],"class_list":{"0":"post-143","1":"product","2":"type-product","3":"status-publish","4":"has-post-thumbnail","6":"product_cat-textile-rfid-laundry-tag","7":"product_tag-heating-seal-uhf-rfid-laundry-tags","8":"product_tag-rfid-tag-for-linen-laundry","9":"product_tag-rfid-tags","10":"product_tag-textile-rfid-laundry-tags","12":"first","13":"instock","14":"shipping-taxable","15":"product-type-simple","16":"entry","17":"content-bg","18":"loop-entry"},"_links":{"self":[{"href":"https:\/\/rfid-laundry-tag.com\/bs\/wp-json\/wp\/v2\/product\/143","targetHints":{"allow":["GET"]}}],"collection":[{"href":"https:\/\/rfid-laundry-tag.com\/bs\/wp-json\/wp\/v2\/product"}],"about":[{"href":"https:\/\/rfid-laundry-tag.com\/bs\/wp-json\/wp\/v2\/types\/product"}],"version-history":[{"count":3,"href":"https:\/\/rfid-laundry-tag.com\/bs\/wp-json\/wp\/v2\/product\/143\/revisions"}],"predecessor-version":[{"id":2682,"href":"https:\/\/rfid-laundry-tag.com\/bs\/wp-json\/wp\/v2\/product\/143\/revisions\/2682"}],"wp:featuredmedia":[{"embeddable":true,"href":"https:\/\/rfid-laundry-tag.com\/bs\/wp-json\/wp\/v2\/media\/144"}],"wp:attachment":[{"href":"https:\/\/rfid-laundry-tag.com\/bs\/wp-json\/wp\/v2\/media?parent=143"}],"wp:term":[{"taxonomy":"product_brand","embeddable":true,"href":"https:\/\/rfid-laundry-tag.com\/bs\/wp-json\/wp\/v2\/product_brand?post=143"},{"taxonomy":"product_cat","embeddable":true,"href":"https:\/\/rfid-laundry-tag.com\/bs\/wp-json\/wp\/v2\/product_cat?post=143"},{"taxonomy":"product_tag","embeddable":true,"href":"https:\/\/rfid-laundry-tag.com\/bs\/wp-json\/wp\/v2\/product_tag?post=143"}],"curies":[{"name":"radni list","href":"https:\/\/api.w.org\/{rel}","templated":true}]}}