{"id":136,"date":"2024-06-14T07:33:05","date_gmt":"2024-06-14T07:33:05","guid":{"rendered":"https:\/\/rfid-laundry-tag.com\/?post_type=product&#038;p=136"},"modified":"2024-09-08T04:31:40","modified_gmt":"2024-09-08T04:31:40","slug":"heating-seal-uhf-rfid-laundry-tags","status":"publish","type":"product","link":"https:\/\/rfid-laundry-tag.com\/bs\/heating-seal-uhf-rfid-laundry-tags\/","title":{"rendered":"Heating Seal UHF RFID oznake za ve\u0161"},"content":{"rendered":"<div>\n<div class=\"auto-hide-last-sibling-br paragraph_1252f paragraph-element\">\n<h1>Heating Seal UHF RFID oznake za ve\u0161<\/h1>\n<table width=\"593\">\n<tbody>\n<tr>\n<td width=\"233\">RF Air Protocol<\/td>\n<td colspan=\"4\" width=\"360\">EPC Global Class 1 Gen2 ISO18000-6C<\/td>\n<\/tr>\n<tr>\n<td width=\"233\">Radna frekvencija<\/td>\n<td colspan=\"4\" width=\"360\">UHF 866-868 MHz (ETSI) \/UHF 902-928 MHz (FCC)<\/td>\n<\/tr>\n<tr>\n<td width=\"233\">Kompatibilnost sa okru\u017eenjem<\/td>\n<td colspan=\"4\" width=\"360\">Optimizirano u zraku<\/td>\n<\/tr>\n<tr>\n<td width=\"233\">Period zadr\u017eavanja podataka<\/td>\n<td colspan=\"4\" width=\"360\">50 godina<\/td>\n<\/tr>\n<tr>\n<td width=\"233\">Read Range<\/td>\n<td colspan=\"4\" width=\"360\">Do 5,5 m (bez metala)<\/td>\n<\/tr>\n<tr>\n<td width=\"233\">Polarizacija<\/td>\n<td colspan=\"4\" width=\"360\">Linearno<\/td>\n<\/tr>\n<tr>\n<td width=\"233\">IC Type<\/td>\n<td colspan=\"4\" width=\"360\">NXP U KOD 8,U KOD 9 itd<\/td>\n<\/tr>\n<tr>\n<td width=\"233\">Konfiguracija memorije<\/td>\n<td colspan=\"4\" width=\"360\">EPC 128bit TID 96bit User 32bit<\/td>\n<\/tr>\n<tr>\n<td colspan=\"5\" width=\"593\">Mehani\u010dke secifikacije<\/td>\n<\/tr>\n<tr>\n<td width=\"233\">Povr\u0161inski materijali<\/td>\n<td colspan=\"4\" width=\"360\">Tekstil<\/td>\n<\/tr>\n<tr>\n<td width=\"233\">Dimenzije (mm)<\/td>\n<td colspan=\"4\" width=\"360\">15*70*1,5 mm<\/td>\n<\/tr>\n<tr>\n<td width=\"233\">Te\u017eina (g)<\/td>\n<td colspan=\"4\" width=\"360\">0,7g<\/td>\n<\/tr>\n<tr>\n<td rowspan=\"2\" width=\"233\">Prilog<\/td>\n<td colspan=\"4\" width=\"360\">U\u0161ijte rub ili tkanu etiketu<\/td>\n<\/tr>\n<tr>\n<td colspan=\"4\" width=\"360\">Toplotno zaptivanje na 215\u2103@15 sekundi i 4 bara<\/td>\n<\/tr>\n<tr>\n<td width=\"233\">Boja<\/td>\n<td colspan=\"4\" width=\"360\">Bijelo<\/td>\n<\/tr>\n<tr>\n<td colspan=\"5\" width=\"593\">Environmetal Sepcifications<\/td>\n<\/tr>\n<tr>\n<td width=\"233\">Radna temperatura<\/td>\n<td colspan=\"4\" width=\"360\">-30\u00b0C do +85\u00b0C<\/td>\n<\/tr>\n<tr>\n<td width=\"233\">Temperatura okoline<\/td>\n<td colspan=\"4\" width=\"360\">-30\u00b0C do +100\u00b0C<\/td>\n<\/tr>\n<tr>\n<td width=\"233\">Mehani\u010dka otpornost<\/td>\n<td colspan=\"4\" width=\"360\">60 bara<\/td>\n<\/tr>\n<tr>\n<td width=\"233\">Otpornost na hemikalije<\/td>\n<td colspan=\"4\" width=\"360\">Normalne uobi\u010dajene hemikalije u procesima pranja<\/td>\n<\/tr>\n<tr>\n<td rowspan=\"4\" width=\"233\">Otpornost na toplotu<\/td>\n<td colspan=\"4\" width=\"360\">Pranje: 90\u2103, 15 minuta, 200 ciklusa<\/td>\n<\/tr>\n<tr>\n<td colspan=\"4\" width=\"360\">Prethodno su\u0161enje: 180\u2103, 30 min<\/td>\n<\/tr>\n<tr>\n<td colspan=\"4\" width=\"360\">Peglanje: 180\u2103, 10 sekundi, 200 ciklusa<\/td>\n<\/tr>\n<tr>\n<td colspan=\"4\" width=\"360\">Sterilizacija: 135\u2103, 20 min<\/td>\n<\/tr>\n<tr>\n<td width=\"233\">IP Classification<\/td>\n<td colspan=\"4\" width=\"360\">IP68<\/td>\n<\/tr>\n<tr>\n<td width=\"233\">Garancija<\/td>\n<td colspan=\"4\" width=\"360\">2 godine ili 200 puta pranja<\/td>\n<\/tr>\n<\/tbody>\n<\/table>\n<\/div>\n<\/div>\n<div><\/div>\n<div>\n<div class=\"auto-hide-last-sibling-br paragraph_1252f paragraph-element\">RFID oznake za pranje rublja slu\u017ee kao koristan alat za ustanove kojima su potrebne stalne zalihe \u010distog rublja, radne uniforme, medicinske opreme ili materijala za \u010di\u0161\u0107enje, omogu\u0107avaju\u0107i automatiziranim sistemima da rukuju velikim koli\u010dinama pojedina\u010dnih predmeta na brz i precizan na\u010din.<\/div>\n<p>&nbsp;<\/p>\n<div class=\"auto-hide-last-sibling-br paragraph_1252f paragraph-element\">U velikoj mjeri usvojene od strane dobavlja\u010da uniformi, ugostiteljskih objekata, komercijalnih usluga \u010di\u0161\u0107enja i zdravstvenih ustanova, ove platnene UHF RFID oznake za pranje rublja pojednostavljuju proceduru pra\u0107enja razli\u010ditih sredstava poput odje\u0107e, posteljine ili krpa. Ovo doprinosi praksi efikasnog nadzora zaliha i preciznog upravljanja ra\u010dunima, pove\u0107avaju\u0107i ukupnu operativnu efikasnost. Pru\u017eaju\u0107i podatke bez gre\u0161aka i automatizuju\u0107i proces pra\u0107enja, ovaj sistem kontroli\u0161e zamenu i kra\u0111u predmeta, \u010dime se smanjuju gubici. Izdr\u017eljiva priroda ovih oznaka osigurava da izdr\u017ee industrijske procese pranja. To je optimalno rje\u0161enje za upravljanje zalihama na sistemati\u010dan i organiziran na\u010din.<\/div>\n<\/div>\n<div><\/div>\n<div><\/div>\n<div><\/div>\n<div>\n<div class=\"auto-hide-last-sibling-br paragraph_1252f paragraph-element\"><span style=\"font-family: inherit; font-size: 24px; font-weight: bold;\">Instalacija<\/span><\/div>\n<\/div>\n<p><strong>Stitch Tagging<\/strong>: Za u\u0161ivanje u rub tekstila. Za\u0161ijte etiketu za rublje dalje od preklopnih linija.<br \/>\n<strong>Heat Sealing<\/strong>: Za toplotno zavarivanje direktno na tekstil na +200\u00b0C (392\u00b0F), 12~14s.<br \/>\n<strong>U torbici<\/strong>: Za \u0161ivanje kao standardna etiketa za njegu. Za\u0161ijte etiketu za rublje dalje od preklopnih linija.<\/p>\n<p>&nbsp;<\/p>\n<div class=\"auto-hide-last-sibling-br paragraph_1252f paragraph-element\">\n<div class=\"auto-hide-last-sibling-br paragraph_1252f paragraph-element\">Ljepljive UHF RFID oznake za rublje za rublje su nezamjenjive u bezbroj industrija, \u0161to je klju\u010dno za efikasno pra\u0107enje imovine, upravljanje zalihama i pove\u0107anje ukupne operativne efikasnosti. Evo kratkog uvida u njihovu primjenu u razli\u010ditim sektorima:<\/div>\n<div class=\"auto-hide-last-sibling-br paragraph_1252f paragraph-element\"><\/div>\n<p style=\"font-weight: 400;\"><span style=\"font-style: inherit; font-weight: inherit;\" data-spm-anchor-id=\"a2700.details.0.i52.7e74253fSAfL7T\">Kako <\/span><b><strong style=\"font-style: inherit;\">JAKO<\/strong><\/b><span style=\"font-style: inherit; font-weight: inherit;\"> oni su ?<\/span><\/p>\n<p><b><strong>\u2460<\/strong><\/b>.Da li se RFID \u010dipovi o\u0161te\u0107uju pod visokim temperaturama?<span style=\"font-style: inherit; font-weight: inherit;\"> \u2013<\/span><b><strong>\u2714 Na\u0161a RFID etiketa za pranje ve\u0161a dizajnirana je za upotrebu na 200 \u00b0C<\/strong><\/b><span style=\"font-style: inherit; font-weight: inherit;\">.<\/span><\/p>\n<p style=\"font-weight: 400;\"><b><strong>\u2461<\/strong><\/b>Koliko puta mo\u017eemo oprati etikete koje su pri\u010dvr\u0161\u0107ene za uniformne tekstilne proizvode? <b><strong>\u2013\u2714Na\u0161a RFID etiketa za tekstil mo\u017ee se prati vi\u0161e od 200 puta sa garancijom 2 godine nakon isporuke.<\/strong><\/b><\/p>\n<p style=\"font-weight: 400;\"><b><strong>\u2462<\/strong><\/b>Ho\u0107emo li potro\u0161iti presti\u017ene uniforme tekstilnih proizvoda, nastaviti raditi u slu\u010daju zgnje\u010denja? <b><strong>\u2013\u2714 Dizajnirali smo na\u0161u etiketu za ve\u0161 za tekstil da izdr\u017ei pritisak od 60 bara u procesu presovanja va\u0161ih tekstilnih proizvoda.<\/strong><\/b><\/p>\n<p style=\"font-weight: 400;\"><b><strong>\u2463<\/strong><\/b>Gdje postavljate RFID etikete za pranje rublja na tekstil za uniforme? <b><strong>\u2013 \u2714RFID etikete za pranje ve\u0161a se postavljaju prema dostupnosti uniformi.<\/strong><\/b><\/p>\n<\/div>","protected":false},"excerpt":{"rendered":"<p>Heating Seal UHF RFID oznake za ve\u0161 su dizajnirane za komercijalne i industrijske tekstilne aplikacije. Ova oznaka je izuzetno fleksibilna, mo\u017ee se \u010ditati iz pro\u0161irenog raspona i jo\u0161 uvijek pru\u017ea najta\u010dnije podatke unutar. Kupci ga mogu koristiti za pra\u0107enje velike koli\u010dine tekstilne imovine uz istovremeno odr\u017eavanje niskih tro\u0161kova, pobolj\u0161avaju\u0107i efikasnost upravljanja.<\/p>","protected":false},"featured_media":137,"template":"","meta":{"_kad_post_transparent":"default","_kad_post_title":"","_kad_post_layout":"default","_kad_post_sidebar_id":"","_kad_post_content_style":"default","_kad_post_vertical_padding":"default","_kad_post_feature":"","_kad_post_feature_position":"","_kad_post_header":false,"_kad_post_footer":false,"_kad_post_classname":""},"product_brand":[],"product_cat":[19,16],"product_tag":[67,31,65],"class_list":{"0":"post-136","1":"product","2":"type-product","3":"status-publish","4":"has-post-thumbnail","6":"product_cat-textile-rfid-laundry-tag","7":"product_cat-uhf-rfid-laundry-tags","8":"product_tag-heating-seal-uhf-rfid-laundry-tags","9":"product_tag-rfid-tag-for-linen-laundry","10":"product_tag-textile-rfid-laundry-tags","12":"first","13":"instock","14":"shipping-taxable","15":"product-type-simple","16":"entry","17":"content-bg","18":"loop-entry"},"_links":{"self":[{"href":"https:\/\/rfid-laundry-tag.com\/bs\/wp-json\/wp\/v2\/product\/136","targetHints":{"allow":["GET"]}}],"collection":[{"href":"https:\/\/rfid-laundry-tag.com\/bs\/wp-json\/wp\/v2\/product"}],"about":[{"href":"https:\/\/rfid-laundry-tag.com\/bs\/wp-json\/wp\/v2\/types\/product"}],"version-history":[{"count":1,"href":"https:\/\/rfid-laundry-tag.com\/bs\/wp-json\/wp\/v2\/product\/136\/revisions"}],"predecessor-version":[{"id":1938,"href":"https:\/\/rfid-laundry-tag.com\/bs\/wp-json\/wp\/v2\/product\/136\/revisions\/1938"}],"wp:featuredmedia":[{"embeddable":true,"href":"https:\/\/rfid-laundry-tag.com\/bs\/wp-json\/wp\/v2\/media\/137"}],"wp:attachment":[{"href":"https:\/\/rfid-laundry-tag.com\/bs\/wp-json\/wp\/v2\/media?parent=136"}],"wp:term":[{"taxonomy":"product_brand","embeddable":true,"href":"https:\/\/rfid-laundry-tag.com\/bs\/wp-json\/wp\/v2\/product_brand?post=136"},{"taxonomy":"product_cat","embeddable":true,"href":"https:\/\/rfid-laundry-tag.com\/bs\/wp-json\/wp\/v2\/product_cat?post=136"},{"taxonomy":"product_tag","embeddable":true,"href":"https:\/\/rfid-laundry-tag.com\/bs\/wp-json\/wp\/v2\/product_tag?post=136"}],"curies":[{"name":"radni list","href":"https:\/\/api.w.org\/{rel}","templated":true}]}}