{"id":120,"date":"2024-06-12T05:14:47","date_gmt":"2024-06-12T05:14:47","guid":{"rendered":"https:\/\/rfid-laundry-tag.com\/?post_type=product&#038;p=120"},"modified":"2024-06-12T06:14:46","modified_gmt":"2024-06-12T06:14:46","slug":"pps-13-56mhz-rfid-laundry-clothes-tag","status":"publish","type":"product","link":"https:\/\/rfid-laundry-tag.com\/bs\/pps-13-56mhz-rfid-laundry-clothes-tag\/","title":{"rendered":"PPS 13.56MHZ RFID PRAONICA Odje\u0107a"},"content":{"rendered":"<div class=\"J_module\">\n<div class=\"ife-detail-decorate-table\">\n<table class=\"has-title all magic-6\">\n<tbody>\n<tr>\n<td colspan=\"1\" rowspan=\"1\">\n<div class=\"magic-7\" data-spm-anchor-id=\"a2700.details.0.i45.77607d98vZbcDU\"><span class=\"magic-8\" style=\"color: #363535;\">Naziv stavke<\/span><\/div>\n<\/td>\n<td colspan=\"1\" rowspan=\"1\">\n<div class=\"magic-9\">PPS 13.56MHZ RFID PRAONICA Odje\u0107a<\/div>\n<\/td>\n<\/tr>\n<tr>\n<td colspan=\"1\" rowspan=\"1\">\n<div class=\"magic-7\"><span class=\"magic-10\" data-spm-anchor-id=\"a2700.pc-decorate.0.i10.28d333330XLbTD\"><span class=\"magic-8\">Materijal<\/span><\/span><\/div>\n<\/td>\n<td colspan=\"1\" rowspan=\"1\">\n<div class=\"magic-9\"><span class=\"magic-8\">PPS<\/span><\/div>\n<\/td>\n<\/tr>\n<tr>\n<td colspan=\"1\" rowspan=\"1\">\n<div class=\"magic-7\"><span class=\"magic-8\">Boja<\/span><\/div>\n<\/td>\n<td colspan=\"1\" rowspan=\"1\">\n<div class=\"magic-9\"><span class=\"magic-8\">Crna itd<\/span><\/div>\n<\/td>\n<\/tr>\n<tr>\n<td colspan=\"1\" rowspan=\"1\">MOQ<\/td>\n<td colspan=\"1\" rowspan=\"1\">500kom<\/td>\n<\/tr>\n<tr>\n<td colspan=\"1\" rowspan=\"1\">\n<div class=\"magic-7\"><span class=\"magic-8\">Proizvo\u0111a\u010d\/\u010dip<\/span><\/div>\n<\/td>\n<td colspan=\"1\" rowspan=\"1\">\n<div class=\"magic-9\"><span class=\"magic-8\">ISO15693 :NXP I Code Slix ; ISO14443A:Ntag213,Ntag215,Ntag216,Mifare Ultralight ev1 itd<\/span><\/div>\n<\/td>\n<\/tr>\n<tr>\n<td colspan=\"1\" rowspan=\"1\">\n<div class=\"magic-7\"><span class=\"magic-8\">Frekvencija<\/span><\/div>\n<\/td>\n<td colspan=\"1\" rowspan=\"1\">\n<div class=\"magic-9\"><span class=\"magic-8\">13.56MHz<\/span><\/div>\n<\/td>\n<\/tr>\n<tr>\n<td colspan=\"1\" rowspan=\"1\">\n<div class=\"magic-7\"><span class=\"magic-8\">Memorija<\/span><\/div>\n<\/td>\n<td colspan=\"1\" rowspan=\"1\">\n<div class=\"magic-9\"><span class=\"magic-8\">NXP I Code Slix je 1k Byte; ostala memorija \u010dipa: 144 bajta, 504 bajta, 888 bajtova, 64 bajta itd<\/span><\/div>\n<\/td>\n<\/tr>\n<tr>\n<td colspan=\"1\" rowspan=\"1\">\n<div class=\"magic-7\"><span class=\"magic-8\">Pro\u010ditajte udaljenost<\/span><\/div>\n<\/td>\n<td colspan=\"1\" rowspan=\"1\">\n<div class=\"magic-9\"><span class=\"magic-8\">1~5cm<\/span><\/div>\n<\/td>\n<\/tr>\n<tr>\n<td colspan=\"1\" rowspan=\"1\">\n<div class=\"magic-7\"><span class=\"magic-8\">Radni na\u010din<\/span><\/div>\n<\/td>\n<td colspan=\"1\" rowspan=\"1\">\n<div class=\"magic-9\"><span class=\"magic-8\">pasivno<\/span><\/div>\n<\/td>\n<\/tr>\n<tr>\n<td colspan=\"1\" rowspan=\"1\">\n<div class=\"magic-7\"><span class=\"magic-8\">Radna temperatura<\/span><\/div>\n<\/td>\n<td colspan=\"1\" rowspan=\"1\">\n<div class=\"magic-9\"><span class=\"magic-8\">-25\u2103~+110\u2103<\/span><\/div>\n<\/td>\n<\/tr>\n<tr>\n<td colspan=\"1\" rowspan=\"1\">\n<div class=\"magic-7\"><span class=\"magic-8\">Temperatura skladi\u0161tenja<\/span><\/div>\n<\/td>\n<td colspan=\"1\" rowspan=\"1\">\n<div class=\"magic-9\"><span class=\"magic-8\">-40\u2103~+85\u2103<\/span><\/div>\n<\/td>\n<\/tr>\n<tr>\n<td colspan=\"1\" rowspan=\"1\">\n<div class=\"magic-7\">\n<div><span class=\"magic-8\">\u00a0<\/span><\/div>\n<p><span class=\"magic-8\">Kratkotrajna temperaturna otpornost<\/span><\/p>\n<\/div>\n<\/td>\n<td colspan=\"1\" rowspan=\"1\">\n<div class=\"magic-9\"><span class=\"magic-8\">pranje: 90\u2103, 15 minuta; konvertersko prethodno su\u0161enje: 180\u2103, 30 minuta, 200 puta; peglanje: 180\u2103, 10 sekundi, 200 puta; visoko<br \/>\ntemperatura sterilizacije: 135\u2103, 20 minuta<\/span><\/div>\n<\/td>\n<\/tr>\n<tr>\n<td colspan=\"1\" rowspan=\"1\">\n<div class=\"magic-7\"><span class=\"magic-8\">Karakteristike<\/span><\/div>\n<\/td>\n<td colspan=\"1\" rowspan=\"1\">\n<div class=\"magic-9\"><span class=\"magic-8\">vodootporan, periv, otporan na visoke temperature<\/span><\/div>\n<\/td>\n<\/tr>\n<tr>\n<td colspan=\"1\" rowspan=\"1\">\n<div class=\"magic-7\">Protokol<\/div>\n<\/td>\n<td colspan=\"1\" rowspan=\"1\">\n<div class=\"magic-9\"><span class=\"magic-8\">ISO14443A\/15693<\/span><\/div>\n<\/td>\n<\/tr>\n<tr>\n<td colspan=\"1\" rowspan=\"1\">\n<div class=\"magic-7\"><span class=\"magic-8\">Prijave<\/span><\/div>\n<\/td>\n<td colspan=\"1\" rowspan=\"1\">\n<div class=\"magic-9\"><span class=\"magic-8\">upravljanje i pra\u0107enje pranja rublja<\/span><\/div>\n<\/td>\n<\/tr>\n<\/tbody>\n<\/table>\n<\/div>\n<\/div>\n<div class=\"J_module\">\n<div class=\"detail-decorate-json-renderer-container\">\n<div class=\"magic-1\">\n<div class=\"magic-2\">\n<div class=\"auto-hide-last-sibling-br paragraph_1252f paragraph-element\">\n<div class=\"auto-hide-last-sibling-br paragraph_1252f paragraph-element\"><\/div>\n<div class=\"auto-hide-last-sibling-br paragraph_1252f paragraph-element\">\n<p><b>Aplikacija\u00a0<\/b><br \/>\n\u2013 Industrijsko pranje.<br \/>\n\u2013 Upravljanje uniformama.<br \/>\n\u2013 Upravljanje medicinskom odje\u0107om.<br \/>\n\u2013 upravljanje odje\u0107om LZO.<br \/>\n\u2013 Upravljanje personalnim patrolama.<br \/>\n\u2013 Upravljanje vatrogasnom opremom.<br \/>\n\u2013 Upravljanje skija\u0161kom opremom.<\/p>\n<\/div>\n<div><\/div>\n<\/div>\n<\/div>\n<div>\n<p>The <strong>ICODE SLIX IC<\/strong> je namjenski \u010dip za inteligentne aplikacije naljepnica kao \u0161to su biblioteke, autentikacija proizvoda u razli\u010ditim industrijama kao \u0161to su farmaceutska, medicinski ure\u0111aji i alkohol, kao i upravljanje proizvodnjom u razli\u010ditim podru\u010djima industrije. Ovaj IC je tre\u0107a generacija familije proizvoda IC-a za pametne etikete zasnovane na ISO standardima ISO\/IEC 15693 i ISO\/IEC 18000-3, produ\u017eavaju\u0107i uspje\u0161nu pri\u010du o NXP-u<sup>\u00ae<\/sup>\u00a0u oblasti sistema identifikacije blizine.<\/p>\n<h3>Beskontaktni prijenos energije i podataka<\/h3>\n<p>Kad god je povezan na vrlo jednostavan i lak za proizvodnju tip antene (kao rezultat nose\u0107e frekvencije od 13,56 MHz) napravljen od nekoliko namotaja od\u0161tampanih, namotanih, ugraviranih ili bu\u0161enih zavojnica, ICODE SLIX IC mo\u017ee raditi bez linija vidljivosti do udaljenosti od 1,5 m (\u0161irina kapije). Baterija nije potrebna. Kada je pametna etiketa postavljena u polju antene ispitiva\u010da, RF komunikacioni interfejs velike brzine omogu\u0107ava prenos podataka do 53 kbit\/s.<\/p>\n<h3>Anti-sudar<\/h3>\n<p>Inteligentna funkcija protiv sudara omogu\u0107ava da nekoliko oznaka istovremeno radi na terenu. Algoritam protiv kolizije odabire svaku oznaku pojedina\u010dno i osigurava da se izvr\u0161enje transakcije sa odabranom oznakom izvr\u0161i ispravno bez o\u0161te\u0107enja podataka koja je rezultat drugih oznaka u polju.<\/p>\n<h3>Karakteristike<\/h3>\n<div id=\"featuresXsp\" class=\"features-list\">\n<div class=\"features-xsp\">\n<div class=\"collapse-mobile ste-list\">\n<h3>ICODE SLIX RF interfejs (ISO\/IEC 15693)<\/h3>\n<ul class=\"boxes\">\n<li>Beskontaktni prijenos podataka i napajanje energijom (nije potrebna baterija)<\/li>\n<li>Radna udaljenost: do 1,5 m (u zavisnosti od geometrije antene)<\/li>\n<li>Radna frekvencija: 13,56 MHz (ISM, licenca \u0161irom svijeta slobodno dostupna)<\/li>\n<li>Brz prenos podataka: do 53 kbit\/s<\/li>\n<li>Visok integritet podataka: 16-bitni CRC, kadriranje<\/li>\n<li>Prava za\u0161tita od sudara<\/li>\n<li>Elektronski nadzor artikala za\u0161ti\u0107en lozinkom (EAS)<\/li>\n<li>Porodi\u010dni identifikator aplikacije za\u0161ti\u0107en lozinkom (AFI)<\/li>\n<li>Identifikator formata pohrane podataka (DSFID)<\/li>\n<li>Dodatno brzo \u010ditanje protiv sudara<\/li>\n<li>Udaljenost pisanja jednaka udaljenosti \u010ditanja<\/li>\n<\/ul>\n<\/div>\n<div class=\"collapse-mobile ste-list\">\n<h3>EEPROM<\/h3>\n<ul class=\"boxes\">\n<li>1024 bita, organizovana u 32 bloka od po 4 bajta<\/li>\n<li>50 godina \u010duvanja podataka<\/li>\n<li>Izdr\u017eljivost pisanja od 100000 ciklusa<\/li>\n<\/ul>\n<\/div>\n<div class=\"collapse-mobile ste-list\">\n<h3>Sigurnost<\/h3>\n<ul class=\"boxes\">\n<li>Jedinstveni identifikator za svaki ure\u0111aj<\/li>\n<li>Mehanizam zaklju\u010davanja za svaki korisni\u010dki memorijski blok (za\u0161tita od pisanja)<\/li>\n<li>Mehanizam zaklju\u010davanja za DSFID, AFI, EAS<\/li>\n<li>Funkcionalnost EAS i AFI za\u0161ti\u0107ena lozinkom (32-bit).<\/li>\n<\/ul>\n<h1 id=\"hero-title\" class=\"sp-hero-title\">NTAG<sup>\u00ae<\/sup>\u00a0213\/215\/216: NFC Forum Tip 2 Tag uskla\u0111en IC sa 144\/504\/888 bajtova korisni\u010dke memorije<\/h1>\n<\/div>\n<\/div>\n<\/div>\n<\/div>\n<div class=\"magic-2\">\n<div class=\"auto-hide-last-sibling-br paragraph_1252f paragraph-element\">\n<p>NTAG 213, NTAG 215 i NTAG 216 razvio je NXP<sup>\u00ae<\/sup>\u00a0Poluprovodnici kao standardne NFC oznake IC-a koje se koriste u aplikacijama masovnog tr\u017ei\u0161ta kao \u0161to su maloprodaja, igranje i potro\u0161a\u010dka elektronika, u kombinaciji sa NFC ure\u0111ajima ili NFC kompatibilnim ure\u0111ajima za blizinu. NTAG 213, NTAG 215 i NTAG 216 (od sada se generalno nazivaju NTAG 21x) su dizajnirani da u potpunosti budu u skladu sa NFC Forum tipom 2 oznakom i ISO\/IEC14443 tipom A specifikacijama.<\/p>\n<p>Ciljane aplikacije uklju\u010duju pametne reklame izvan ku\u0107e i \u0161tampane medije, SoLoMo aplikacije, autentifikaciju proizvoda, NFC naljepnice na policama i oznake za mobilne ure\u0111aje.<\/p>\n<p>Ciljani slu\u010dajevi upotrebe uklju\u010duju pametno ogla\u0161avanje izvan ku\u0107e, autentifikaciju proizvoda, oznake mobilnih pratilaca, Bluetooth<sup>\u00ae<\/sup>\u00a0ili Wi-Fi uparivanje, elektronske naljepnice na policama i vizit karte. NTAG 21x memorija se tako\u0111er mo\u017ee segmentirati za implementaciju vi\u0161e aplikacija u isto vrijeme.<\/p>\n<p>Zahvaljuju\u0107i visokoj ulaznoj kapacitivnosti, NTAG 21x tag IC-ovi su posebno prilago\u0111eni za aplikacije koje zahtevaju male povr\u0161ine, bez kompromisa u pogledu performansi. Male NFC oznake mogu se lak\u0161e ugraditi u, npr. etikete proizvoda ili elektronske ure\u0111aje.<\/p>\n<p>Mehani\u010dke i elektri\u010dne specifikacije NTAG 21x prilago\u0111ene su zahtjevima proizvo\u0111a\u010da umetaka i oznaka.<\/p>\n<h3>Beskontaktni prijenos energije i podataka<\/h3>\n<p>Komunikacija sa NTAG 21x mo\u017ee se uspostaviti samo kada je IC spojen na antenu.<\/p>\n<p>Kada je NTAG 21x pozicioniran u RF polju, RF komunikacioni interfejs velike brzine omogu\u0107ava prenos podataka brzinom od 106 kbit\/s.<\/p>\n<h3>Jednostavna implementacija i prakti\u010dnost korisnika<\/h3>\n<p>NTAG 21x nudi specifi\u010dne karakteristike dizajnirane da pobolj\u0161aju integraciju i udobnost korisnika:<\/p>\n<ul>\n<li>Mogu\u0107nost brzog \u010ditanja omogu\u0107ava skeniranje kompletne NDEF poruke sa samo jednom naredbom FAST_READ, \u010dime se smanjuju tro\u0161kovi u visokopropusnim proizvodnim okru\u017eenjima<\/li>\n<li>Pobolj\u0161ane RF performanse omogu\u0107avaju ve\u0107u fleksibilnost u izboru oblika, dimenzija i materijala<\/li>\n<li>Opcija za debljinu IC-a od 75 \u03bcm omogu\u0107ava proizvodnju ultratankih oznaka, za prakti\u010dniju integraciju u, npr. \u010dasopise ili kartice za igre<\/li>\n<\/ul>\n<h3>Sigurnost<\/h3>\n<ul>\n<li>Proizvo\u0111a\u010d je programirao 7-bajtni UID za svaki ure\u0111aj<\/li>\n<li>Unaprijed programirani spremnik kapaciteta s jednokratnim programiranim bitovima<\/li>\n<li>Funkcija zaklju\u010davanja koja se mo\u017ee programirati na terenu samo za \u010ditanje<\/li>\n<li>Potpis originalnosti zasnovan na ECC-u<\/li>\n<li>32-bitna za\u0161tita lozinkom za sprje\u010davanje neovla\u0161tenih memorijskih operacija<\/li>\n<\/ul>\n<h3>NFC Forum Tag 2 Uskla\u0111enost tipa<\/h3>\n<p>NTAG 21x IC pru\u017ea potpunu uskla\u0111enost sa tehni\u010dkom specifikacijom tipa NFC Forum Tag 2 i omogu\u0107ava konfiguracije NDEF strukture podataka.<\/p>\n<h3>Anti-sudar<\/h3>\n<p>Inteligentna funkcija protiv sudara omogu\u0107ava rad sa vi\u0161e od jedne oznake na terenu istovremeno. Algoritam protiv kolizije odabire svaku oznaku pojedina\u010dno i osigurava da se izvr\u0161enje transakcije sa odabranom oznakom izvr\u0161i ispravno bez smetnji druge oznake u polju.<\/p>\n<div class=\"auto-hide-last-sibling-br paragraph_1252f paragraph-element\"><\/div>\n<div class=\"auto-hide-last-sibling-br paragraph_1252f paragraph-element\"><\/div>\n<\/div>\n<\/div>\n<\/div>\n<\/div>\n<\/div>","protected":false},"excerpt":{"rendered":"<p>PPS 13,56MHz RFID oznake za ve\u0161 su genijalno napravljene za integraciju ili pri\u010dvr\u0161\u0107ivanje na posteljinu, pe\u0161kire i glavnu medicinsku opremu ili uniforme za koje je potrebna \u010dvrsta, ali RFID oznaka malog pre\u010dnika. Oznaka ima PPS + epoksidnu konstrukciju koja garantuje otpornost pod intenzivnim pritiskom i uslovima visoke temperature, \u0161to je \u010dini posebno izdr\u017eljivom za rigorozne industrije. Osim toga, nudimo oznake opremljene i sa ISO 15693 i 14443 NFC memorijskim \u010dipovima, \u0161to ih \u010dini prilagodljivim razli\u010ditim potrebama.<\/p>","protected":false},"featured_media":121,"template":"","meta":{"_kad_post_transparent":"default","_kad_post_title":"","_kad_post_layout":"default","_kad_post_sidebar_id":"","_kad_post_content_style":"default","_kad_post_vertical_padding":"default","_kad_post_feature":"","_kad_post_feature_position":"","_kad_post_header":false,"_kad_post_footer":false,"_kad_post_classname":""},"product_brand":[],"product_cat":[21,17,53],"product_tag":[39,60,57,45],"class_list":{"0":"post-120","1":"product","2":"type-product","3":"status-publish","4":"has-post-thumbnail","6":"product_cat-pps-rfid-laundry-tag","7":"product_cat-nfc-rfid-laundry-tag","8":"product_cat-rfid-clothes-tag","9":"product_tag-nfc-laundry-tag","10":"product_tag-pps-13-56mhz-rfid-laundry-clothes-tag","11":"product_tag-pps-rfid-laundry-tags","12":"product_tag-pps-washable-nfc-tags","14":"first","15":"instock","16":"shipping-taxable","17":"product-type-simple","18":"entry","19":"content-bg","20":"loop-entry"},"_links":{"self":[{"href":"https:\/\/rfid-laundry-tag.com\/bs\/wp-json\/wp\/v2\/product\/120","targetHints":{"allow":["GET"]}}],"collection":[{"href":"https:\/\/rfid-laundry-tag.com\/bs\/wp-json\/wp\/v2\/product"}],"about":[{"href":"https:\/\/rfid-laundry-tag.com\/bs\/wp-json\/wp\/v2\/types\/product"}],"version-history":[{"count":0,"href":"https:\/\/rfid-laundry-tag.com\/bs\/wp-json\/wp\/v2\/product\/120\/revisions"}],"wp:featuredmedia":[{"embeddable":true,"href":"https:\/\/rfid-laundry-tag.com\/bs\/wp-json\/wp\/v2\/media\/121"}],"wp:attachment":[{"href":"https:\/\/rfid-laundry-tag.com\/bs\/wp-json\/wp\/v2\/media?parent=120"}],"wp:term":[{"taxonomy":"product_brand","embeddable":true,"href":"https:\/\/rfid-laundry-tag.com\/bs\/wp-json\/wp\/v2\/product_brand?post=120"},{"taxonomy":"product_cat","embeddable":true,"href":"https:\/\/rfid-laundry-tag.com\/bs\/wp-json\/wp\/v2\/product_cat?post=120"},{"taxonomy":"product_tag","embeddable":true,"href":"https:\/\/rfid-laundry-tag.com\/bs\/wp-json\/wp\/v2\/product_tag?post=120"}],"curies":[{"name":"radni list","href":"https:\/\/api.w.org\/{rel}","templated":true}]}}