{"id":115,"date":"2024-06-12T04:52:26","date_gmt":"2024-06-12T04:52:26","guid":{"rendered":"https:\/\/rfid-laundry-tag.com\/?post_type=product&#038;p=115"},"modified":"2024-08-14T16:51:27","modified_gmt":"2024-08-14T16:51:27","slug":"rfid-laundry-tag-pps-t5577","status":"publish","type":"product","link":"https:\/\/rfid-laundry-tag.com\/bs\/rfid-laundry-tag-pps-t5577\/","title":{"rendered":"RFID oznaka za rublje-PPS -T5577"},"content":{"rendered":"<div class=\"J_module\">\n<div class=\"ife-detail-decorate-table\">\n<table style=\"border-collapse: collapse; width: 451.23pt;\" border=\"0\" width=\"752\" cellspacing=\"0\" cellpadding=\"0\">\n<tbody>\n<tr style=\"height: 28.00pt;\">\n<td class=\"et2\" style=\"height: 28.00pt; width: 138.60pt;\" width=\"231\" height=\"46\">Naziv stavke<\/td>\n<td class=\"et3\" style=\"width: 312.60pt;\" width=\"521\">RFID oznaka za rublje-PPS -T5577<\/td>\n<\/tr>\n<tr style=\"height: 14.40pt;\">\n<td class=\"et3\" style=\"height: 14.40pt; width: 138.60pt;\" width=\"231\" height=\"24\">Materijal<\/td>\n<td class=\"et3\" style=\"width: 312.60pt;\" width=\"521\">PPS<\/td>\n<\/tr>\n<tr style=\"height: 14.40pt;\">\n<td class=\"et3\" style=\"height: 14.40pt; width: 138.60pt;\" width=\"231\" height=\"24\">Boja<\/td>\n<td class=\"et3\" style=\"width: 312.60pt;\" width=\"521\">Crno<\/td>\n<\/tr>\n<tr style=\"height: 14.40pt;\">\n<td class=\"et3\" style=\"height: 14.40pt; width: 138.60pt;\" width=\"231\" height=\"24\">MOQ<\/td>\n<td class=\"et3\" style=\"width: 312.60pt;\" width=\"521\">500kom<\/td>\n<\/tr>\n<tr style=\"height: 42.00pt;\">\n<td class=\"et3\" style=\"height: 42.00pt; width: 138.60pt;\" width=\"231\" height=\"70\">Proizvo\u0111a\u010d\/\u010dip<\/td>\n<td class=\"et3\" style=\"width: 312.60pt;\" width=\"521\">EM4200, TK4100, EM4305, T5577 itd<\/td>\n<\/tr>\n<tr style=\"height: 14.40pt;\">\n<td class=\"et3\" style=\"height: 14.40pt; width: 138.60pt;\" width=\"231\" height=\"24\">Frekvencija<\/td>\n<td class=\"et3\" style=\"width: 312.60pt;\" width=\"521\">125Khz<\/td>\n<\/tr>\n<tr style=\"height: 70.00pt;\">\n<td class=\"et3\" style=\"height: 70.00pt; width: 138.60pt;\" width=\"231\" height=\"116\">Veli\u010dina<\/td>\n<td class=\"et3\" style=\"width: 312.60pt;\" width=\"521\">Dia14mm, Dia15mm, Dia18mm, Dia20mm,<\/p>\n<p>Dia22mm, Dia24mm, Dia30mm itd<\/td>\n<\/tr>\n<tr style=\"height: 14.40pt;\">\n<td class=\"et3\" style=\"height: 14.40pt; width: 138.60pt;\" width=\"231\" height=\"24\">Pro\u010ditajte udaljenost<\/td>\n<td class=\"et3\" style=\"width: 312.60pt;\" width=\"521\">1~5cm<\/td>\n<\/tr>\n<tr style=\"height: 14.40pt;\">\n<td class=\"et3\" style=\"height: 14.40pt; width: 138.60pt;\" width=\"231\" height=\"24\">Radni na\u010din<\/td>\n<td class=\"et3\" style=\"width: 312.60pt;\" width=\"521\">pasivno<\/td>\n<\/tr>\n<tr style=\"height: 14.40pt;\">\n<td class=\"et3\" style=\"height: 14.40pt; width: 138.60pt;\" width=\"231\" height=\"24\">Radna temperatura<\/td>\n<td class=\"et3\" style=\"width: 312.60pt;\" width=\"521\">-25<span class=\"font0\">\u2103<\/span><span class=\"font2\">~+110<\/span><span class=\"font0\">\u2103<\/span><\/td>\n<\/tr>\n<tr style=\"height: 14.40pt;\">\n<td class=\"et3\" style=\"height: 14.40pt; width: 138.60pt;\" width=\"231\" height=\"24\">Temperatura skladi\u0161tenja<\/td>\n<td class=\"et3\" style=\"width: 312.60pt;\" width=\"521\">-40<span class=\"font0\">\u2103<\/span><span class=\"font2\">~+85<\/span><span class=\"font0\">\u2103<\/span><\/td>\n<\/tr>\n<tr style=\"height: 73.00pt;\">\n<td class=\"et4\" style=\"height: 73.00pt;\" height=\"121\">Operativne specifikacije<\/td>\n<td class=\"et3\" style=\"width: 312.60pt;\" width=\"521\">vodootporan; otporan na uranjanje u slanu vodu, alkohol, ulje, 10%HCL; Amonijak; udar i vibracije<\/td>\n<\/tr>\n<tr style=\"height: 14.40pt;\">\n<td class=\"et3\" style=\"height: 14.40pt; width: 138.60pt;\" width=\"231\" height=\"24\">Karakteristike<\/td>\n<td class=\"et3\" style=\"width: 312.60pt;\" width=\"521\">vodootporan, periv, otporan na visoke temperature<\/td>\n<\/tr>\n<tr style=\"height: 14.40pt;\">\n<td class=\"et3\" style=\"height: 14.40pt; width: 138.60pt;\" width=\"231\" height=\"24\">Prijave<\/td>\n<td class=\"et3\" style=\"width: 312.60pt;\" width=\"521\">upravljanje i pra\u0107enje pranja rublja<\/td>\n<\/tr>\n<\/tbody>\n<\/table>\n<\/div>\n<p>&nbsp;<\/p>\n<p><strong>ATA5577 IC<\/strong> je beskontaktni integrirani identifikacijski \u010dip za \u010ditanje\/pisanje (IDIC\u00ae<br \/>\n) za aplikacije na 125 kHz ili 134<br \/>\nkHz frekvencijski opseg. Jedan kalem spojen na \u010dip slu\u017ei kao napajanje IC-a i dvosmjerno<br \/>\nkomunikacioni interfejs. Antena i \u010dip zajedno \u010dine transponder ili oznaku. 363-bitni EEPROM na \u010dipu<br \/>\n(11 blokova sa po 33 bita) se \u010dita i upisuje blokovno sa bazne stanice (\u010dita\u010da). Podaci se prenose iz<br \/>\nIDIC (uplink) koriste\u0107i modulaciju optere\u0107enja. Ovo se posti\u017ee prigu\u0161ivanjem RF polja otpornim optere\u0107enjem izme\u0111u njih<br \/>\nterminala, \u201cCoil 1 i Coil 2\u201d. IC prima i dekodira serijske komande bazne stanice (downlink), koje su<br \/>\nkodiran kao 100% amplitudno modulirani On-Off Keying (OOK) pulsno intervalno kodirani (PIE) tokovi bitova.<\/p>\n<p><strong>ATA5577 IC karakteristike<\/strong><br \/>\nOvo su sljede\u0107e karakteristike \u010ditanja\/pisanja LF RFID IDIC 100 kHz do 150 kHz:<br \/>\n\u2022 Beskontaktno napajanje<br \/>\n\u2022 Beskontaktni prijenos podataka za \u010ditanje\/pisanje<br \/>\n\u2022 Radio frekvencija fRF od 100 kHz do 150 kHz<br \/>\n\u2022 Osnovni ili Pro\u0161ireni na\u010din rada<br \/>\n\u2022 Kompatibilan sa T5557, ATA5567<br \/>\n\u2022 Zamjena za e5551\/T5551 u naj\u010de\u0161\u0107im na\u010dinima rada<br \/>\n\u2022 Mo\u017ee se konfigurisati za kompatibilnost sa ISO\/IEC 11784\/785<br \/>\n\u2022 Ukupno 363 bita EEPROM memorija: 11 blokova (32 bita + 1 bit zaklju\u010davanja):<br \/>\n\u2013 7 \u00d7 32 bita EEPROM korisni\u010dka memorija, uklju\u010duju\u0107i 32-bitnu memoriju lozinke<br \/>\n\u2013 2 \u00d7 32 bita za jedinstveni ID<br \/>\n\u2013 1 \u00d7 32-bitni registar opcija u EEPROM-u za postavljanje analognog prednjeg kraja:<br \/>\n\u2022 Nivo detekcije sata i jaza<br \/>\n\u2022 Pobolj\u0161ano vrijeme za downlink<br \/>\n\u2022 Stezaljka i modulacioni napon<br \/>\n\u2022 Meka modulacija prebacivanja<br \/>\n\u2022 Zapi\u0161ite prigu\u0161enje kao T5557\/ATA5567 ili sa otpornikom<br \/>\n\u2022 Downlink protokol<br \/>\n\u2013 1 \u00d7 32-bitni registar konfiguracije u EEPROM-u za postavljanje:<br \/>\n\u2022 Brzina prenosa podataka<br \/>\n\u2013 RF\/2 do RF\/128, binarni izbor ili<br \/>\n\u2013 Fiksne stope osnovnog re\u017eima<br \/>\n\u2022 Modulacija\/kodiranje<br \/>\n\u2013 Bi-phase, Manchester, frekvencijski Shift Keying (FSK), Phase-Shift Keying (PSK), Ne-povratak na nulu (NRZ)<br \/>\n\u2022 Ostale opcije:<br \/>\n\u2013 Na\u010din rada lozinke<br \/>\n\u2013 Funkcija maksimalnog bloka<br \/>\n\u2013 Na\u010din direktnog pristupa<br \/>\n\u2013 Terminator(i) sekvence<\/p>\n<\/div>\n<div class=\"J_module\">\n<div class=\"detail-decorate-json-renderer-container\">\n<div class=\"magic-1\">\n<div>\n<div><\/div>\n<\/div>\n<div class=\"magic-2\">\n<div>\n<div class=\"auto-hide-last-sibling-br paragraph_1252f paragraph-element\">\n<div class=\"auto-hide-last-sibling-br paragraph_1252f paragraph-element\"><strong>125kHz PPS RFID oznake za pranje rublja<\/strong> isporu\u010duju brojne prednosti kada su integrisane u RFID rje\u0161enja oznaka za pranje rublja.<\/div>\n<div class=\"auto-hide-last-sibling-br paragraph_1252f paragraph-element\">Me\u0111u ovim pogodnostima su:<\/div>\n<ol class=\"auto-hide-last-sibling-br\">\n<li>Direktno odre\u0111ivanje cijena u fabrici osigurava isplativa rje\u0161enja.<\/li>\n<li>Zajam\u010dena kvaliteta, uz 100% testiranje provedeno prije isporuke.<\/li>\n<li>Dugotrajna pouzdanost, certificirana da prelazi 200 ciklusa pranja ili se mo\u017ee pohvaliti 2-godi\u0161njom garancijom \u017eivotnog vijeka nakon isporuke.<\/li>\n<li>Izuzetna izdr\u017eljivost, otpornost na vodu, toplinu, pritisak i izlaganje kemikalijama.<\/li>\n<li>Tako\u0111er pru\u017eamo besplatan uzorak za osiguranje kvaliteta i testiranje.<\/li>\n<\/ol>\n<div class=\"auto-hide-last-sibling-br paragraph_1252f paragraph-element\"><strong>RFID oznaka za pranje rublja-PPS -T5577 Primjene:<\/strong><\/div>\n<ol class=\"auto-hide-last-sibling-br\">\n<li>\n<div class=\"auto-hide-last-sibling-br paragraph_1252f paragraph-element\">Industrijske praonice: U industrijskoj areni, kori\u0161tenje RFID dugmadi za etikete za rublje \u010dini pra\u0107enje ogromnih koli\u010dina rublja bez napora.<\/div>\n<\/li>\n<li>\n<div class=\"auto-hide-last-sibling-br paragraph_1252f paragraph-element\">Bolnice i hoteli: Ove institucije se \u010desto bave velikim zadacima pranja rublja gdje su se ove oznake pokazale bitnim za pove\u0107anje efikasnosti i pojednostavljenje upravljanja zalihama.<\/div>\n<\/li>\n<li>\n<div class=\"auto-hide-last-sibling-br paragraph_1252f paragraph-element\">Iznajmljivanje posteljine: Firme koje nude usluge iznajmljivanja posteljine usvajaju ove oznake kako bi pomogle u pojednostavljenju upravljanja zalihama i osiguranju kontrole kvaliteta.<\/div>\n<\/li>\n<\/ol>\n<\/div>\n<\/div>\n<\/div>\n<\/div>\n<\/div>\n<\/div>","protected":false},"excerpt":{"rendered":"<div class=\"auto-hide-last-sibling-br paragraph_1252f paragraph-element\">T5577 PPS RFID nalepnice za ve\u0161, napravljene od elasti\u010dnog PPS materijala, dizajnirane su da izdr\u017ee uranjanje u vodu, izlaganje toploti, pritisku i hemikalijama \u0161to ih \u010dini savr\u0161enim za izazovna okru\u017eenja.<\/div>","protected":false},"featured_media":116,"template":"","meta":{"_kad_post_transparent":"default","_kad_post_title":"","_kad_post_layout":"default","_kad_post_sidebar_id":"","_kad_post_content_style":"default","_kad_post_vertical_padding":"default","_kad_post_feature":"","_kad_post_feature_position":"","_kad_post_header":false,"_kad_post_footer":false,"_kad_post_classname":""},"product_brand":[],"product_cat":[21,18],"product_tag":[52,49,58],"class_list":{"0":"post-115","1":"product","2":"type-product","3":"status-publish","4":"has-post-thumbnail","6":"product_cat-pps-rfid-laundry-tag","7":"product_cat-125khz-rfid-laundry-tag","8":"product_tag-125khz-pps-rfid-laundry-tag","9":"product_tag-button-rfid-tag","10":"product_tag-rfid-laundry-tag-pps-t5577","12":"first","13":"instock","14":"shipping-taxable","15":"product-type-simple","16":"entry","17":"content-bg","18":"loop-entry"},"_links":{"self":[{"href":"https:\/\/rfid-laundry-tag.com\/bs\/wp-json\/wp\/v2\/product\/115","targetHints":{"allow":["GET"]}}],"collection":[{"href":"https:\/\/rfid-laundry-tag.com\/bs\/wp-json\/wp\/v2\/product"}],"about":[{"href":"https:\/\/rfid-laundry-tag.com\/bs\/wp-json\/wp\/v2\/types\/product"}],"version-history":[{"count":1,"href":"https:\/\/rfid-laundry-tag.com\/bs\/wp-json\/wp\/v2\/product\/115\/revisions"}],"predecessor-version":[{"id":1340,"href":"https:\/\/rfid-laundry-tag.com\/bs\/wp-json\/wp\/v2\/product\/115\/revisions\/1340"}],"wp:featuredmedia":[{"embeddable":true,"href":"https:\/\/rfid-laundry-tag.com\/bs\/wp-json\/wp\/v2\/media\/116"}],"wp:attachment":[{"href":"https:\/\/rfid-laundry-tag.com\/bs\/wp-json\/wp\/v2\/media?parent=115"}],"wp:term":[{"taxonomy":"product_brand","embeddable":true,"href":"https:\/\/rfid-laundry-tag.com\/bs\/wp-json\/wp\/v2\/product_brand?post=115"},{"taxonomy":"product_cat","embeddable":true,"href":"https:\/\/rfid-laundry-tag.com\/bs\/wp-json\/wp\/v2\/product_cat?post=115"},{"taxonomy":"product_tag","embeddable":true,"href":"https:\/\/rfid-laundry-tag.com\/bs\/wp-json\/wp\/v2\/product_tag?post=115"}],"curies":[{"name":"radni list","href":"https:\/\/api.w.org\/{rel}","templated":true}]}}